{"id":1770,"date":"2018-03-29T17:28:35","date_gmt":"2018-03-29T17:28:35","guid":{"rendered":"https:\/\/www.a-tributario.cl\/?page_id=1770"},"modified":"2021-07-03T23:13:50","modified_gmt":"2021-07-03T23:13:50","slug":"asesoria-tributaria","status":"publish","type":"page","link":"https:\/\/a-tributario.cl\/index.php\/asesoria-tributaria\/","title":{"rendered":"ASESORIA TRIBUTARIA"},"content":{"rendered":"<p>[vc_row][vc_column width=\u00bb1\/2&#8243;][vc_column_text]<\/p>\n<h2 style=\"text-align: center;\"><a href=\"https:\/\/www.a-tributario.cl\/index.php\/abogado\/\" target=\"_blank\" rel=\"noopener noreferrer\"><strong><span style=\"vertical-align: inherit;\">ABOGADO\u00a0<\/span><\/strong><\/a><\/h2>\n<h1 style=\"text-align: center;\"><strong><span style=\"vertical-align: inherit;\"><span style=\"vertical-align: inherit;\"><span style=\"vertical-align: inherit;\"><span style=\"vertical-align: inherit;\"><span style=\"vertical-align: inherit;\"><span style=\"vertical-align: inherit;\"><span style=\"vertical-align: inherit;\"><span style=\"vertical-align: inherit;\">ASESORIA TRIBUTARIA <\/span><\/span><\/span><\/span><\/span><\/span><\/span><\/span><\/strong><\/h1>\n<h3><strong><img loading=\"lazy\" decoding=\"async\" class=\"size-medium wp-image-2108 alignleft\" src=\"https:\/\/a-tributario.cl\/wp-content\/uploads\/2018\/06\/WhatsApp-Image-2018-06-22-at-12.26.49-e1529682448125-300x171.jpeg\" alt=\"\" width=\"300\" height=\"171\" srcset=\"https:\/\/a-tributario.cl\/wp-content\/uploads\/2018\/06\/WhatsApp-Image-2018-06-22-at-12.26.49-e1529682448125-300x171.jpeg 300w, https:\/\/a-tributario.cl\/wp-content\/uploads\/2018\/06\/WhatsApp-Image-2018-06-22-at-12.26.49-e1529682448125-768x437.jpeg 768w, https:\/\/a-tributario.cl\/wp-content\/uploads\/2018\/06\/WhatsApp-Image-2018-06-22-at-12.26.49-e1529682448125.jpeg 854w\" sizes=\"(max-width: 300px) 100vw, 300px\" \/>SERVICIOS DE ASESOR\u00cdA\u00a0 TRIBUTARIA A LAS PYMES<\/strong><\/h3>\n<p><strong>Planificaci\u00f3n y Constituci\u00f3n de la organizaci\u00f3n societaria, conducente a resguarde los derechos de los socios y a evitar errores de tributaci\u00f3n, que impliquen actos que puedan calificarse por la autoridad como elusivos de impuestos y en consecuencia generar costos no deseados, en los t\u00e9rminos y teniendo presente las circunstancias de las actividades que realizaran dichas empresas en relaci\u00f3n a sus socios el giro de estas y las circunstancias e inter\u00e9s personales de los socios implicados.-<\/strong><\/p>\n<h3><\/h3>\n<ul>\n<li>\n<h3><strong><a href=\"https:\/\/www.a-tributario.cl\/index.php\/vulneracion-de-derechos-del-contribuyente\/\" target=\"_blank\" rel=\"noopener noreferrer\">DEFENSA EN CASOS DE VULNERACI\u00d3N DE DERECHOS<\/a><\/strong><\/h3>\n<\/li>\n<li>\n<h3><strong><span style=\"vertical-align: inherit;\"><span style=\"vertical-align: inherit;\"><span style=\"vertical-align: inherit;\"><span style=\"vertical-align: inherit;\"><span style=\"vertical-align: inherit;\"><span style=\"vertical-align: inherit;\"><span style=\"vertical-align: inherit;\"><span style=\"vertical-align: inherit;\"><span style=\"vertical-align: inherit;\"><span style=\"vertical-align: inherit;\"><span style=\"vertical-align: inherit;\"><span style=\"vertical-align: inherit;\">ESTUDIO DE ESTRUCTURA Y CARGA TRIBUTARIA\u00a0<\/span><\/span><\/span><\/span><\/span><\/span><\/span><\/span><\/span><\/span><\/span><\/span><\/strong><\/h3>\n<\/li>\n<li>\n<h3><strong><a href=\"https:\/\/www.a-tributario.cl\/index.php\/planificacion-tributaria-no-elusiva\/\" target=\"_blank\" rel=\"noopener noreferrer\"><span style=\"vertical-align: inherit;\"><span style=\"vertical-align: inherit;\"><span style=\"vertical-align: inherit;\"><span style=\"vertical-align: inherit;\"><span style=\"vertical-align: inherit;\"><span style=\"vertical-align: inherit;\"><span style=\"vertical-align: inherit;\"><span style=\"vertical-align: inherit;\"><span style=\"vertical-align: inherit;\"><span style=\"vertical-align: inherit;\"><span style=\"vertical-align: inherit;\"><span style=\"vertical-align: inherit;\">PLANIFICACI\u00d3N TRIBUTARIA NO ELUSIVA<\/span><\/span><\/span><\/span><\/span><\/span><\/span><\/span><\/span><\/span><\/span><\/span><\/a><\/strong><\/h3>\n<\/li>\n<li>\n<h3><strong><span style=\"vertical-align: inherit;\"><span style=\"vertical-align: inherit;\"><span style=\"vertical-align: inherit;\"><span style=\"vertical-align: inherit;\"><span style=\"vertical-align: inherit;\"><span style=\"vertical-align: inherit;\"><span style=\"vertical-align: inherit;\"><span style=\"vertical-align: inherit;\"><span style=\"vertical-align: inherit;\"><span style=\"vertical-align: inherit;\"><span style=\"vertical-align: inherit;\"><span style=\"vertical-align: inherit;\">NUEVOS REG\u00cdMENES TRIBUTARIOS<\/span><\/span><\/span><\/span><\/span><\/span><\/span><\/span><\/span><\/span><\/span><\/span><\/strong><\/h3>\n<\/li>\n<li>\n<h3><strong><span style=\"vertical-align: inherit;\"><span style=\"vertical-align: inherit;\"><span style=\"vertical-align: inherit;\"><span style=\"vertical-align: inherit;\"><span style=\"vertical-align: inherit;\"><span style=\"vertical-align: inherit;\"><span style=\"vertical-align: inherit;\"><span style=\"vertical-align: inherit;\"><span style=\"vertical-align: inherit;\"><span style=\"vertical-align: inherit;\"><span style=\"vertical-align: inherit;\"><span style=\"vertical-align: inherit;\">IMPUESTOS A ENAJENACI\u00d3N DE BIENES RA\u00cdCES<\/span><\/span><\/span><\/span><\/span><\/span><\/span><\/span><\/span><\/span><\/span><\/span><\/strong><\/h3>\n<\/li>\n<li>\n<h3><strong><span style=\"vertical-align: inherit;\"><span style=\"vertical-align: inherit;\"><span style=\"vertical-align: inherit;\"><span style=\"vertical-align: inherit;\"><span style=\"vertical-align: inherit;\"><span style=\"vertical-align: inherit;\"><span style=\"vertical-align: inherit;\"><span style=\"vertical-align: inherit;\"><span style=\"vertical-align: inherit;\"><span style=\"vertical-align: inherit;\"><span style=\"vertical-align: inherit;\"><span style=\"vertical-align: inherit;\">BENEFICIOS TRIBUTARIOS A PYMES<\/span><\/span><\/span><\/span><\/span><\/span><\/span><\/span><\/span><\/span><\/span><\/span><\/strong><\/h3>\n<\/li>\n<li>\n<h3><strong><a href=\"https:\/\/www.a-tributario.cl\/index.php\/gasto-rechazado-aceptado-circular-53-2020-sii\/\" target=\"_blank\" rel=\"noopener noreferrer\"><span style=\"vertical-align: inherit;\"><span style=\"vertical-align: inherit;\"><span style=\"vertical-align: inherit;\"><span style=\"vertical-align: inherit;\"><span style=\"vertical-align: inherit;\"><span style=\"vertical-align: inherit;\"><span style=\"vertical-align: inherit;\"><span style=\"vertical-align: inherit;\"><span style=\"vertical-align: inherit;\"><span style=\"vertical-align: inherit;\"><span style=\"vertical-align: inherit;\"><span style=\"vertical-align: inherit;\">GASTO NECESARIO (ACEPTADO \/ RECHAZADO)<\/span><\/span><\/span><\/span><\/span><\/span><\/span><\/span><\/span><\/span><\/span><\/span><\/a><\/strong><\/h3>\n<\/li>\n<\/ul>\n<h4><\/h4>\n<ul>\n<li style=\"list-style-type: none;\">\n<ul>\n<li>\n<h4><strong><a href=\"https:\/\/www.a-tributario.cl\/index.php\/credito-incobrable\/\" target=\"_blank\" rel=\"noopener noreferrer\">CREDITO INCOBRABLE<\/a><\/strong><\/h4>\n<\/li>\n<li>\n<h4><strong><a href=\"https:\/\/www.a-tributario.cl\/index.php\/depreciacion-tributaria-de-bienes-fisicos-del-activo-inmovilizado\/\" target=\"_blank\" rel=\"noopener noreferrer\">DEPRECIACION TRIBUTARIA DE BIENES<\/a><\/strong><\/h4>\n<\/li>\n<li>\n<h4><a href=\"https:\/\/www.a-tributario.cl\/index.php\/gastos-de-organizacion-y-puesta-en-marcha-sin-modificaciones\/\" target=\"_blank\" rel=\"noopener noreferrer\"><strong>GASTOS DE ORGANIZACI\u00d3N Y PUESTA EN MARCHA (SIN MODIFICACIONES).<\/strong><\/a><\/h4>\n<ul>\n<li><strong>REORGANIZACIONES EMPRESARIALES, FUSIONES, DIVISIONES, ABSORCIONES<\/strong><\/li>\n<\/ul>\n<\/li>\n<\/ul>\n<\/li>\n<li>\n<h3><strong><a href=\"https:\/\/www.a-tributario.cl\/index.php\/defensa-giro-impuestos-iva-renta-sii\/\"><span style=\"vertical-align: inherit;\"><span style=\"vertical-align: inherit;\"><span style=\"vertical-align: inherit;\"><span style=\"vertical-align: inherit;\"><span style=\"vertical-align: inherit;\"><span style=\"vertical-align: inherit;\"><span style=\"vertical-align: inherit;\"><span style=\"vertical-align: inherit;\"><span style=\"vertical-align: inherit;\"><span style=\"vertical-align: inherit;\"><span style=\"vertical-align: inherit;\"><span style=\"vertical-align: inherit;\">JUSTIFICACI\u00d3N DE INVERSI\u00d3N<\/span><\/span><\/span><\/span><\/span><\/span><\/span><\/span><\/span><\/span><\/span><\/span><\/a><\/strong><\/h3>\n<\/li>\n<\/ul>\n<ul>\n<li>\n<h3><strong><span style=\"vertical-align: inherit;\"><span style=\"vertical-align: inherit;\"><span style=\"vertical-align: inherit;\"><span style=\"vertical-align: inherit;\"><a href=\"https:\/\/www.a-tributario.cl\/wp-admin\/post.php?post=2689&amp;action=edit\" target=\"_blank\" rel=\"noopener noreferrer\">PERDIDA DE ARRASTRE<\/a> <\/span><\/span><\/span><\/span><\/strong><\/h3>\n<\/li>\n<\/ul>\n<ul>\n<li>\n<h3><strong><a href=\"https:\/\/www.a-tributario.cl\/index.php\/giro-o-liquidacion-sii-defensa-ante-el-tta\/\"><span style=\"vertical-align: inherit;\"><span style=\"vertical-align: inherit;\"><span style=\"vertical-align: inherit;\"><span style=\"vertical-align: inherit;\">DEFENSA EN FISCALIZACI\u00d3N, CITACI\u00d3N, LIQUIDACI\u00d3N y GIRO SII<\/span><\/span><\/span><\/span><\/a><\/strong><\/h3>\n<\/li>\n<\/ul>\n<ul>\n<li>\n<h3><strong><a href=\"https:\/\/www.a-tributario.cl\/index.php\/delito-tributario-2\/\"><span style=\"vertical-align: inherit;\"><span style=\"vertical-align: inherit;\"><span style=\"vertical-align: inherit;\"><span style=\"vertical-align: inherit;\">DEFENSA FISCALIZACI\u00d3N Y QUERELLA DELITO TRIBUTARIO<\/span><\/span><\/span><\/span><\/a><\/strong><\/h3>\n<\/li>\n<\/ul>\n<ul>\n<li>\n<h3><strong><a href=\"https:\/\/www.a-tributario.cl\/index.php\/facturas-ideologicamente-falsas\/\" target=\"_blank\" rel=\"noopener noreferrer\"><span style=\"vertical-align: inherit;\"><span style=\"vertical-align: inherit;\"><span style=\"vertical-align: inherit;\"><span style=\"vertical-align: inherit;\">FACTURA IDEOL\u00d3GICAMENTE FALSA<\/span><\/span><\/span><\/span><\/a><\/strong><\/h3>\n<\/li>\n<li>\n<h3><strong><a href=\"https:\/\/www.a-tributario.cl\/index.php\/prescripcion-impuestos-chile-2\/\">PRESCRIPCI\u00d3N IMPUESTOS<\/a><\/strong><\/h3>\n<\/li>\n<li>\n<h3><strong><a href=\"https:\/\/www.a-tributario.cl\/index.php\/beneficios-tributarios-a-la-exportacion\/\">BENEFICIOS TRIBUTARIOS A EXPORTADORES<\/a><\/strong><\/h3>\n<\/li>\n<li>\n<h3><strong><span style=\"vertical-align: inherit;\"><span style=\"vertical-align: inherit;\"><span style=\"vertical-align: inherit;\"><span style=\"vertical-align: inherit;\"><span style=\"vertical-align: inherit;\"><span style=\"vertical-align: inherit;\"><span style=\"vertical-align: inherit;\"><span style=\"vertical-align: inherit;\"><span style=\"vertical-align: inherit;\"><span style=\"vertical-align: inherit;\"><span style=\"vertical-align: inherit;\"><span style=\"vertical-align: inherit;\">OTROS<\/span><\/span><\/span><\/span><\/span><\/span><\/span><\/span><\/span><\/span><\/span><\/span><\/strong><\/h3>\n<\/li>\n<\/ul>\n<h3 style=\"text-align: center;\"><strong><span style=\"vertical-align: inherit;\"><span style=\"vertical-align: inherit;\">SERVICIOS TRIBUTARIOS PARA PYMES<\/span><\/span><\/strong><\/h3>\n<p><iframe loading=\"lazy\" title=\"ABOGADO TRIBUTARIO LET 2020 \/ ASESOR\u00cdA TRIBUTARIA Y DEFENSA\" width=\"500\" height=\"281\" src=\"https:\/\/www.youtube.com\/embed\/b3Zcvtbnx-E?feature=oembed\" frameborder=\"0\" allow=\"accelerometer; autoplay; clipboard-write; encrypted-media; gyroscope; picture-in-picture\" allowfullscreen><\/iframe><\/p>\n<p>https:\/\/youtu.be\/b3Zcvtbnx-E[\/vc_column_text][\/vc_column][vc_column width=\u00bb1\/2&#8243;][\/vc_column][\/vc_row]<\/p>\n","protected":false},"excerpt":{"rendered":"<p>[vc_row][vc_column width=\u00bb1\/2&#8243;][vc_column_text] ABOGADO\u00a0 ASESORIA TRIBUTARIA SERVICIOS DE ASESOR\u00cdA\u00a0 TRIBUTARIA A LAS PYMES Planificaci\u00f3n y Constituci\u00f3n de la organizaci\u00f3n societaria, conducente a resguarde los derechos de los socios y a evitar errores de tributaci\u00f3n, que impliquen actos que puedan calificarse por la autoridad como elusivos de impuestos y en consecuencia generar costos no deseados, en los [&hellip;]<\/p>\n","protected":false},"author":1,"featured_media":0,"parent":0,"menu_order":0,"comment_status":"closed","ping_status":"closed","template":"","meta":{"_monsterinsights_skip_tracking":false,"_monsterinsights_sitenote_active":false,"_monsterinsights_sitenote_note":"","_monsterinsights_sitenote_category":0,"footnotes":"","_joinchat":{"telephone":"+56950959243"}},"yoast_head":"<!-- This site is optimized with the Yoast SEO plugin v21.5 - https:\/\/yoast.com\/wordpress\/plugins\/seo\/ -->\n<title>ASESORIA TRIBUTARIA - ABOGADO TRIBUTARIO R&amp;R<\/title>\n<meta name=\"description\" content=\"ABOGADO ASESORIA TRIBUTARIA a PYMES y MICROEMPRESAS\" \/>\n<meta name=\"robots\" content=\"index, follow, max-snippet:-1, max-image-preview:large, max-video-preview:-1\" \/>\n<link rel=\"canonical\" href=\"https:\/\/a-tributario.cl\/index.php\/asesoria-tributaria\/\" \/>\n<meta property=\"og:locale\" content=\"es_ES\" \/>\n<meta property=\"og:type\" content=\"article\" \/>\n<meta property=\"og:title\" content=\"ASESORIA TRIBUTARIA - ABOGADO TRIBUTARIO R&amp;R\" \/>\n<meta property=\"og:description\" content=\"ABOGADO ASESORIA TRIBUTARIA a PYMES y MICROEMPRESAS\" \/>\n<meta property=\"og:url\" content=\"https:\/\/a-tributario.cl\/index.php\/asesoria-tributaria\/\" \/>\n<meta property=\"og:site_name\" content=\"ABOGADO TRIBUTARIO R&amp;R\" \/>\n<meta property=\"article:publisher\" content=\"https:\/\/www.facebook.com\/AbogadosTributariosIUS\/\" \/>\n<meta property=\"article:modified_time\" content=\"2021-07-03T23:13:50+00:00\" \/>\n<meta property=\"og:image\" content=\"https:\/\/a-tributario.cl\/wp-content\/uploads\/2018\/06\/WhatsApp-Image-2018-06-22-at-12.26.49-e1529682448125-300x171.jpeg\" \/>\n<meta name=\"twitter:card\" content=\"summary_large_image\" \/>\n<meta name=\"twitter:site\" content=\"@ius_asesores\" \/>\n<meta name=\"twitter:label1\" content=\"Tiempo de lectura\" \/>\n\t<meta name=\"twitter:data1\" content=\"1 minuto\" \/>\n<script type=\"application\/ld+json\" class=\"yoast-schema-graph\">{\"@context\":\"https:\/\/schema.org\",\"@graph\":[{\"@type\":\"WebPage\",\"@id\":\"https:\/\/a-tributario.cl\/index.php\/asesoria-tributaria\/\",\"url\":\"https:\/\/a-tributario.cl\/index.php\/asesoria-tributaria\/\",\"name\":\"ASESORIA TRIBUTARIA - ABOGADO TRIBUTARIO R&amp;R\",\"isPartOf\":{\"@id\":\"https:\/\/a-tributario.cl\/#website\"},\"datePublished\":\"2018-03-29T17:28:35+00:00\",\"dateModified\":\"2021-07-03T23:13:50+00:00\",\"description\":\"ABOGADO ASESORIA TRIBUTARIA a PYMES y MICROEMPRESAS\",\"breadcrumb\":{\"@id\":\"https:\/\/a-tributario.cl\/index.php\/asesoria-tributaria\/#breadcrumb\"},\"inLanguage\":\"es\",\"potentialAction\":[{\"@type\":\"ReadAction\",\"target\":[\"https:\/\/a-tributario.cl\/index.php\/asesoria-tributaria\/\"]}]},{\"@type\":\"BreadcrumbList\",\"@id\":\"https:\/\/a-tributario.cl\/index.php\/asesoria-tributaria\/#breadcrumb\",\"itemListElement\":[{\"@type\":\"ListItem\",\"position\":1,\"name\":\"Portada\",\"item\":\"https:\/\/a-tributario.cl\/\"},{\"@type\":\"ListItem\",\"position\":2,\"name\":\"ASESOR\u00cdA TRIBUTARIA - ABOGADOS ASESORES TRIBUTARIOS\"}]},{\"@type\":\"WebSite\",\"@id\":\"https:\/\/a-tributario.cl\/#website\",\"url\":\"https:\/\/a-tributario.cl\/\",\"name\":\"ABOGADO TRIBUTARIO R&amp;R\",\"description\":\"ASESOR\u00cdA TRIBUTARIA, DEFENSA LIQUIDACI\u00d3N Y GIRO SII, PRESCRIPCI\u00d3N IMPUESTOS DEFENSA COBRO TESORER\u00cdA\",\"publisher\":{\"@id\":\"https:\/\/a-tributario.cl\/#organization\"},\"potentialAction\":[{\"@type\":\"SearchAction\",\"target\":{\"@type\":\"EntryPoint\",\"urlTemplate\":\"https:\/\/a-tributario.cl\/?s={search_term_string}\"},\"query-input\":\"required name=search_term_string\"}],\"inLanguage\":\"es\"},{\"@type\":\"Organization\",\"@id\":\"https:\/\/a-tributario.cl\/#organization\",\"name\":\"Abogado Tributario Let\",\"url\":\"https:\/\/a-tributario.cl\/\",\"logo\":{\"@type\":\"ImageObject\",\"inLanguage\":\"es\",\"@id\":\"https:\/\/a-tributario.cl\/#\/schema\/logo\/image\/\",\"url\":\"https:\/\/a-tributario.cl\/wp-content\/uploads\/2019\/04\/Image-2018-e1556290954199.jpeg\",\"contentUrl\":\"https:\/\/a-tributario.cl\/wp-content\/uploads\/2019\/04\/Image-2018-e1556290954199.jpeg\",\"width\":128,\"height\":128,\"caption\":\"Abogado Tributario Let\"},\"image\":{\"@id\":\"https:\/\/a-tributario.cl\/#\/schema\/logo\/image\/\"},\"sameAs\":[\"https:\/\/www.facebook.com\/AbogadosTributariosIUS\/\",\"https:\/\/twitter.com\/ius_asesores\",\"https:\/\/www.linkedin.com\/in\/abogadotributario\/\"]}]}<\/script>\n<!-- \/ Yoast SEO plugin. -->","yoast_head_json":{"title":"ASESORIA TRIBUTARIA - ABOGADO TRIBUTARIO R&amp;R","description":"ABOGADO ASESORIA TRIBUTARIA a PYMES y MICROEMPRESAS","robots":{"index":"index","follow":"follow","max-snippet":"max-snippet:-1","max-image-preview":"max-image-preview:large","max-video-preview":"max-video-preview:-1"},"canonical":"https:\/\/a-tributario.cl\/index.php\/asesoria-tributaria\/","og_locale":"es_ES","og_type":"article","og_title":"ASESORIA TRIBUTARIA - ABOGADO TRIBUTARIO R&amp;R","og_description":"ABOGADO ASESORIA TRIBUTARIA a PYMES y MICROEMPRESAS","og_url":"https:\/\/a-tributario.cl\/index.php\/asesoria-tributaria\/","og_site_name":"ABOGADO TRIBUTARIO R&amp;R","article_publisher":"https:\/\/www.facebook.com\/AbogadosTributariosIUS\/","article_modified_time":"2021-07-03T23:13:50+00:00","og_image":[{"url":"https:\/\/a-tributario.cl\/wp-content\/uploads\/2018\/06\/WhatsApp-Image-2018-06-22-at-12.26.49-e1529682448125-300x171.jpeg"}],"twitter_card":"summary_large_image","twitter_site":"@ius_asesores","twitter_misc":{"Tiempo de lectura":"1 minuto"},"schema":{"@context":"https:\/\/schema.org","@graph":[{"@type":"WebPage","@id":"https:\/\/a-tributario.cl\/index.php\/asesoria-tributaria\/","url":"https:\/\/a-tributario.cl\/index.php\/asesoria-tributaria\/","name":"ASESORIA TRIBUTARIA - ABOGADO TRIBUTARIO R&amp;R","isPartOf":{"@id":"https:\/\/a-tributario.cl\/#website"},"datePublished":"2018-03-29T17:28:35+00:00","dateModified":"2021-07-03T23:13:50+00:00","description":"ABOGADO ASESORIA TRIBUTARIA a PYMES y MICROEMPRESAS","breadcrumb":{"@id":"https:\/\/a-tributario.cl\/index.php\/asesoria-tributaria\/#breadcrumb"},"inLanguage":"es","potentialAction":[{"@type":"ReadAction","target":["https:\/\/a-tributario.cl\/index.php\/asesoria-tributaria\/"]}]},{"@type":"BreadcrumbList","@id":"https:\/\/a-tributario.cl\/index.php\/asesoria-tributaria\/#breadcrumb","itemListElement":[{"@type":"ListItem","position":1,"name":"Portada","item":"https:\/\/a-tributario.cl\/"},{"@type":"ListItem","position":2,"name":"ASESOR\u00cdA TRIBUTARIA - ABOGADOS ASESORES TRIBUTARIOS"}]},{"@type":"WebSite","@id":"https:\/\/a-tributario.cl\/#website","url":"https:\/\/a-tributario.cl\/","name":"ABOGADO TRIBUTARIO R&amp;R","description":"ASESOR\u00cdA TRIBUTARIA, DEFENSA LIQUIDACI\u00d3N Y GIRO SII, PRESCRIPCI\u00d3N IMPUESTOS DEFENSA COBRO TESORER\u00cdA","publisher":{"@id":"https:\/\/a-tributario.cl\/#organization"},"potentialAction":[{"@type":"SearchAction","target":{"@type":"EntryPoint","urlTemplate":"https:\/\/a-tributario.cl\/?s={search_term_string}"},"query-input":"required name=search_term_string"}],"inLanguage":"es"},{"@type":"Organization","@id":"https:\/\/a-tributario.cl\/#organization","name":"Abogado Tributario Let","url":"https:\/\/a-tributario.cl\/","logo":{"@type":"ImageObject","inLanguage":"es","@id":"https:\/\/a-tributario.cl\/#\/schema\/logo\/image\/","url":"https:\/\/a-tributario.cl\/wp-content\/uploads\/2019\/04\/Image-2018-e1556290954199.jpeg","contentUrl":"https:\/\/a-tributario.cl\/wp-content\/uploads\/2019\/04\/Image-2018-e1556290954199.jpeg","width":128,"height":128,"caption":"Abogado Tributario Let"},"image":{"@id":"https:\/\/a-tributario.cl\/#\/schema\/logo\/image\/"},"sameAs":["https:\/\/www.facebook.com\/AbogadosTributariosIUS\/","https:\/\/twitter.com\/ius_asesores","https:\/\/www.linkedin.com\/in\/abogadotributario\/"]}]}},"_links":{"self":[{"href":"https:\/\/a-tributario.cl\/index.php\/wp-json\/wp\/v2\/pages\/1770"}],"collection":[{"href":"https:\/\/a-tributario.cl\/index.php\/wp-json\/wp\/v2\/pages"}],"about":[{"href":"https:\/\/a-tributario.cl\/index.php\/wp-json\/wp\/v2\/types\/page"}],"author":[{"embeddable":true,"href":"https:\/\/a-tributario.cl\/index.php\/wp-json\/wp\/v2\/users\/1"}],"replies":[{"embeddable":true,"href":"https:\/\/a-tributario.cl\/index.php\/wp-json\/wp\/v2\/comments?post=1770"}],"version-history":[{"count":74,"href":"https:\/\/a-tributario.cl\/index.php\/wp-json\/wp\/v2\/pages\/1770\/revisions"}],"predecessor-version":[{"id":5217,"href":"https:\/\/a-tributario.cl\/index.php\/wp-json\/wp\/v2\/pages\/1770\/revisions\/5217"}],"wp:attachment":[{"href":"https:\/\/a-tributario.cl\/index.php\/wp-json\/wp\/v2\/media?parent=1770"}],"curies":[{"name":"wp","href":"https:\/\/api.w.org\/{rel}","templated":true}]}}