{"id":2430,"date":"2019-04-29T09:58:12","date_gmt":"2019-04-29T09:58:12","guid":{"rendered":"https:\/\/www.a-tributario.cl\/?page_id=2430"},"modified":"2021-06-11T23:37:41","modified_gmt":"2021-06-11T23:37:41","slug":"prescripcion-impuestos-codigo-tributario","status":"publish","type":"page","link":"https:\/\/a-tributario.cl\/index.php\/prescripcion-impuestos-codigo-tributario\/","title":{"rendered":"PRESCRIPCI\u00d3N IMPUESTOS C\u00d3DIGO TRIBUTARIO"},"content":{"rendered":"[vc_row][vc_column width=\u00bb1\/2&#8243;][vc_column_text]<p><\/p>\n<p><\/p>\n<p><\/p>\n<p><img loading=\"lazy\" decoding=\"async\" class=\" wp-image-2833 alignright\" src=\"https:\/\/a-tributario.cl\/wp-content\/uploads\/2019\/06\/descarga-1.jpg\" alt=\"\" width=\"243\" height=\"161\" \/><\/p>\n<h2 style=\"text-align: center;\"><strong><span style=\"vertical-align: inherit;\"><span style=\"vertical-align: inherit;\">TITULO VI<\/span><\/span><\/strong><\/h2>\n<p><\/p>\n<p><\/p>\n<h2 style=\"text-align: center;\"><strong><span style=\"vertical-align: inherit;\"><span style=\"vertical-align: inherit;\">De la Prescripci\u00f3n<\/span><\/span><\/strong><\/h2>\n<p><\/p>\n<p><\/p>\n<h3 style=\"text-align: left;\"><strong><span style=\"vertical-align: inherit;\"><span style=\"vertical-align: inherit;\">Art \u00ba. 200<\/span><\/span><\/strong><\/h3>\n<p style=\"text-align: left;\">El Servicio podr\u00e1 liquidar un impuesto, revisar cualquiera deficiencia en su liquidaci\u00f3n y girar los impuestos a que hubiere lugar, dentro del t\u00e9rmino de tres a\u00f1os contado desde la expiaci\u00f3n del plazo legal en que debi\u00f3 efectuarse el pago.<\/p>\n<p style=\"text-align: left;\"><span style=\"vertical-align: inherit;\"><span style=\"vertical-align: inherit;\">El plazo se\u00f1alado en el inciso anterior ser\u00e1 de seis a\u00f1os para la revisi\u00f3n de impuestos sujetos a declaraci\u00f3n, cuando \u00e9sta no se hubiere presentado o la presentada fuere maliciosamente falsa. Para estos efectos, constituyen impuestos sujetos a declaraci\u00f3n<\/span><\/span><br \/><span style=\"vertical-align: inherit;\"><span style=\"vertical-align: inherit;\">aquellos que deban ser pagados previa declaraci\u00f3n del contribuyente o del responsable del impuesto.<\/span><\/span><br \/><span style=\"vertical-align: inherit;\"><span style=\"vertical-align: inherit;\">En los plazos se\u00f1alados en los incisos anteriores y computados en la misma forma prescribir\u00e1 la acci\u00f3n del Servicio para perseguir las sanciones pecuniarias que <\/span><\/span><br \/><span style=\"vertical-align: inherit;\"><span style=\"vertical-align: inherit;\">accedan a los impuestos adeudados.<\/span><\/span><br \/><span style=\"vertical-align: inherit;\"><span style=\"vertical-align: inherit;\">Los plazos anteriores se entender\u00e1n aumentados por el t\u00e9rmino de tres meses desde que se cite al contribuyente, de conformidad al art\u00edculo 63 o a otras disposiciones que establezcan el tr\u00e1mite de la citaci\u00f3n para determinar o reliquidar un impuesto, especto<\/span><\/span><br \/><span style=\"vertical-align: inherit;\"><span style=\"vertical-align: inherit;\">de los impuestos derivados de las operaciones que se indiquen determinadamente en la citaci\u00f3n. Si se prorroga el plazo conferido al contribuyente en la citaci\u00f3n respectiva, se entender\u00e1n igualmente aumentados, en los mismos t\u00e9rminos, los plazos se\u00f1alados en este art\u00edculo.<\/span><\/span><br \/><span style=\"vertical-align: inherit;\"><span style=\"vertical-align: inherit;\">Las acciones para perseguir las sanciones de car\u00e1cter pecuniario y otras que no accedan al pago de un impuesto prescribir\u00e1n en tres a\u00f1os contados desde la fecha en que se cometi\u00f3 la infracci\u00f3n.<\/span><\/span><\/p>\n<p><\/p>\n<p><\/p>\n<h3 style=\"text-align: left;\"><strong><span style=\"vertical-align: inherit;\"><span style=\"vertical-align: inherit;\"> Art\u00edculo 201.-<\/span><\/span><\/strong><\/h3>\n<p><\/p>\n<p><\/p>\n<p style=\"text-align: left;\">En los mismos plazos se\u00f1alados en el art\u00edculo 200, y computados en la misma forma, prescribir\u00e1 la acci\u00f3n del Fisco para perseguir el pago de los impuestos, intereses, sanciones y dem\u00e1s recargos.<br \/>Estos plazos de prescripci\u00f3n se interrumpir\u00e1n:<br \/>1\u00b0.- Desde que intervenga reconocimiento u obligaci\u00f3n escrita.<br \/>2\u00b0.- Desde que intervenga notificaci\u00f3n administrativa de un giro o liquidaci\u00f3n.<br \/>3\u00b0.- Desde que intervenga requerimiento judicial.<br \/>En el caso del n\u00famero 1\u00b0., a la prescripci\u00f3n del presente art\u00edculo suceder\u00e1 la de largo tiempo del art\u00edculo 2.515 del C\u00f3digo Civil. En el caso del n\u00famero 2\u00b0., empezar\u00e1 a correr un nuevo t\u00e9rmino que ser\u00e1 de tres a\u00f1os, el cual s\u00f3lo se interrumpir\u00e1 por el conocimiento u obligaci\u00f3n escrita o por el requerimiento judicial.<br \/><span style=\"vertical-align: inherit;\"><span style=\"vertical-align: inherit;\">Decretada la suspensi\u00f3n del cobro judicial a que se refiere el art\u00edculo 147, no proceder\u00e1 el abandono de la instancia en el juicio ejecutivo correspondiente mientras subsista aqu\u00e9lla.<\/span><\/span><br \/><span style=\"vertical-align: inherit;\"><span style=\"vertical-align: inherit;\">Los plazos establecidos en el presente art\u00edculo y en el que antecede se suspender\u00e1n durante el per\u00edodo en que el Servicio est\u00e9 impedido, de acuerdo a lo dispuesto en el inciso 2\u00b0. del art\u00edculo 24, de girar la totalidad o parte de los impuestos comprendidos en una liquidaci\u00f3n cuyas partidas o elementos hayan sido objeto de una reclamaci\u00f3n tributaria.<\/span><\/span><\/p>\n<h3 style=\"text-align: center;\"><a href=\"https:\/\/a-tributario.cl\/index.php\/contacto\/\" target=\"_blank\" rel=\"noopener noreferrer\"><strong>CONSULTAS<\/strong><\/a><\/h3>\n<h1 style=\"text-align: center;\">PRESCRIPCI\u00d3N IMPUESTOS<\/h1>\n<h1 style=\"text-align: center;\">C\u00d3DIGO\u00a0TRIBUTARIO<\/h1>\n<p><span style=\"vertical-align: inherit;\">FUENTE www.bcn.cl &#8211; Biblioteca del Congreso Nacional de Chile<\/span><\/p>\n<p><\/p>\n<p><\/p>\n<p><\/p>[\/vc_column_text][vc_gallery interval=\u00bb3&#8243; images=\u00bb2601&#8243;][\/vc_column][vc_column width=\u00bb1\/2&#8243;][\/vc_column][\/vc_row]","protected":false},"excerpt":{"rendered":"<p>[vc_row][vc_column width=\u00bb1\/2&#8243;][vc_column_text] TITULO VI De la Prescripci\u00f3n Art \u00ba. 200 El Servicio podr\u00e1 liquidar un impuesto, revisar cualquiera deficiencia en su liquidaci\u00f3n y girar los impuestos a que hubiere lugar, dentro del t\u00e9rmino de tres a\u00f1os contado desde la expiaci\u00f3n del plazo legal en que debi\u00f3 efectuarse el pago. El plazo se\u00f1alado en el inciso [&hellip;]<\/p>\n","protected":false},"author":1,"featured_media":2601,"parent":0,"menu_order":0,"comment_status":"closed","ping_status":"closed","template":"","meta":{"_monsterinsights_skip_tracking":false,"_monsterinsights_sitenote_active":false,"_monsterinsights_sitenote_note":"","_monsterinsights_sitenote_category":0,"footnotes":"","_joinchat":[]},"yoast_head":"<!-- This site is optimized with the Yoast SEO plugin v21.5 - https:\/\/yoast.com\/wordpress\/plugins\/seo\/ -->\n<title>PRESCRIPCI\u00d3N IMPUESTOS C\u00d3DIGO TRIBUTARIO<\/title>\n<meta name=\"description\" content=\"PRESCRIPCI\u00d3N IMPUESTOS - CODIGO TRIBUTARIO articulos 200 y 201 - ABOGADO TRIBUTARIO LET - Santiago - 950959243 - plazo 3 y 6 a\u00f1os\" \/>\n<meta name=\"robots\" content=\"index, follow, max-snippet:-1, max-image-preview:large, max-video-preview:-1\" \/>\n<link rel=\"canonical\" href=\"https:\/\/a-tributario.cl\/index.php\/prescripcion-impuestos-codigo-tributario\/\" \/>\n<meta property=\"og:locale\" content=\"es_ES\" \/>\n<meta property=\"og:type\" content=\"article\" \/>\n<meta property=\"og:title\" content=\"PRESCRIPCI\u00d3N IMPUESTOS C\u00d3DIGO TRIBUTARIO\" \/>\n<meta property=\"og:description\" content=\"PRESCRIPCI\u00d3N IMPUESTOS - CODIGO TRIBUTARIO articulos 200 y 201 - ABOGADO TRIBUTARIO LET - Santiago - 950959243 - plazo 3 y 6 a\u00f1os\" \/>\n<meta property=\"og:url\" content=\"https:\/\/a-tributario.cl\/index.php\/prescripcion-impuestos-codigo-tributario\/\" \/>\n<meta property=\"og:site_name\" content=\"ABOGADO TRIBUTARIO R&amp;R\" \/>\n<meta property=\"article:publisher\" content=\"https:\/\/www.facebook.com\/AbogadosTributariosIUS\/\" \/>\n<meta property=\"article:modified_time\" content=\"2021-06-11T23:37:41+00:00\" \/>\n<meta property=\"og:image\" content=\"https:\/\/a-tributario.cl\/wp-content\/uploads\/2019\/05\/CODIGO-TRIBUTARIO.jpg\" \/>\n\t<meta property=\"og:image:width\" content=\"1280\" \/>\n\t<meta property=\"og:image:height\" content=\"720\" \/>\n\t<meta property=\"og:image:type\" content=\"image\/jpeg\" \/>\n<meta name=\"twitter:card\" content=\"summary_large_image\" \/>\n<meta name=\"twitter:site\" content=\"@ius_asesores\" \/>\n<meta name=\"twitter:label1\" content=\"Tiempo de lectura\" \/>\n\t<meta name=\"twitter:data1\" content=\"3 minutos\" \/>\n<script type=\"application\/ld+json\" class=\"yoast-schema-graph\">{\"@context\":\"https:\/\/schema.org\",\"@graph\":[{\"@type\":\"WebPage\",\"@id\":\"https:\/\/a-tributario.cl\/index.php\/prescripcion-impuestos-codigo-tributario\/\",\"url\":\"https:\/\/a-tributario.cl\/index.php\/prescripcion-impuestos-codigo-tributario\/\",\"name\":\"PRESCRIPCI\u00d3N IMPUESTOS C\u00d3DIGO TRIBUTARIO\",\"isPartOf\":{\"@id\":\"https:\/\/a-tributario.cl\/#website\"},\"datePublished\":\"2019-04-29T09:58:12+00:00\",\"dateModified\":\"2021-06-11T23:37:41+00:00\",\"description\":\"PRESCRIPCI\u00d3N IMPUESTOS - CODIGO TRIBUTARIO articulos 200 y 201 - ABOGADO TRIBUTARIO LET - Santiago - 950959243 - plazo 3 y 6 a\u00f1os\",\"breadcrumb\":{\"@id\":\"https:\/\/a-tributario.cl\/index.php\/prescripcion-impuestos-codigo-tributario\/#breadcrumb\"},\"inLanguage\":\"es\",\"potentialAction\":[{\"@type\":\"ReadAction\",\"target\":[\"https:\/\/a-tributario.cl\/index.php\/prescripcion-impuestos-codigo-tributario\/\"]}]},{\"@type\":\"BreadcrumbList\",\"@id\":\"https:\/\/a-tributario.cl\/index.php\/prescripcion-impuestos-codigo-tributario\/#breadcrumb\",\"itemListElement\":[{\"@type\":\"ListItem\",\"position\":1,\"name\":\"Portada\",\"item\":\"https:\/\/a-tributario.cl\/\"},{\"@type\":\"ListItem\",\"position\":2,\"name\":\"PRESCRIPCI\u00d3N - C\u00d3DIGO TRIBUTARIO\"}]},{\"@type\":\"WebSite\",\"@id\":\"https:\/\/a-tributario.cl\/#website\",\"url\":\"https:\/\/a-tributario.cl\/\",\"name\":\"ABOGADO TRIBUTARIO R&amp;R\",\"description\":\"ASESOR\u00cdA TRIBUTARIA, DEFENSA LIQUIDACI\u00d3N Y GIRO SII, PRESCRIPCI\u00d3N IMPUESTOS DEFENSA COBRO TESORER\u00cdA\",\"publisher\":{\"@id\":\"https:\/\/a-tributario.cl\/#organization\"},\"potentialAction\":[{\"@type\":\"SearchAction\",\"target\":{\"@type\":\"EntryPoint\",\"urlTemplate\":\"https:\/\/a-tributario.cl\/?s={search_term_string}\"},\"query-input\":\"required name=search_term_string\"}],\"inLanguage\":\"es\"},{\"@type\":\"Organization\",\"@id\":\"https:\/\/a-tributario.cl\/#organization\",\"name\":\"Abogado Tributario Let\",\"url\":\"https:\/\/a-tributario.cl\/\",\"logo\":{\"@type\":\"ImageObject\",\"inLanguage\":\"es\",\"@id\":\"https:\/\/a-tributario.cl\/#\/schema\/logo\/image\/\",\"url\":\"https:\/\/a-tributario.cl\/wp-content\/uploads\/2019\/04\/Image-2018-e1556290954199.jpeg\",\"contentUrl\":\"https:\/\/a-tributario.cl\/wp-content\/uploads\/2019\/04\/Image-2018-e1556290954199.jpeg\",\"width\":128,\"height\":128,\"caption\":\"Abogado Tributario Let\"},\"image\":{\"@id\":\"https:\/\/a-tributario.cl\/#\/schema\/logo\/image\/\"},\"sameAs\":[\"https:\/\/www.facebook.com\/AbogadosTributariosIUS\/\",\"https:\/\/twitter.com\/ius_asesores\",\"https:\/\/www.linkedin.com\/in\/abogadotributario\/\"]}]}<\/script>\n<!-- \/ Yoast SEO plugin. -->","yoast_head_json":{"title":"PRESCRIPCI\u00d3N IMPUESTOS C\u00d3DIGO TRIBUTARIO","description":"PRESCRIPCI\u00d3N IMPUESTOS - CODIGO TRIBUTARIO articulos 200 y 201 - ABOGADO TRIBUTARIO LET - Santiago - 950959243 - plazo 3 y 6 a\u00f1os","robots":{"index":"index","follow":"follow","max-snippet":"max-snippet:-1","max-image-preview":"max-image-preview:large","max-video-preview":"max-video-preview:-1"},"canonical":"https:\/\/a-tributario.cl\/index.php\/prescripcion-impuestos-codigo-tributario\/","og_locale":"es_ES","og_type":"article","og_title":"PRESCRIPCI\u00d3N IMPUESTOS C\u00d3DIGO TRIBUTARIO","og_description":"PRESCRIPCI\u00d3N IMPUESTOS - CODIGO TRIBUTARIO articulos 200 y 201 - ABOGADO TRIBUTARIO LET - Santiago - 950959243 - plazo 3 y 6 a\u00f1os","og_url":"https:\/\/a-tributario.cl\/index.php\/prescripcion-impuestos-codigo-tributario\/","og_site_name":"ABOGADO TRIBUTARIO R&amp;R","article_publisher":"https:\/\/www.facebook.com\/AbogadosTributariosIUS\/","article_modified_time":"2021-06-11T23:37:41+00:00","og_image":[{"width":1280,"height":720,"url":"https:\/\/a-tributario.cl\/wp-content\/uploads\/2019\/05\/CODIGO-TRIBUTARIO.jpg","type":"image\/jpeg"}],"twitter_card":"summary_large_image","twitter_site":"@ius_asesores","twitter_misc":{"Tiempo de lectura":"3 minutos"},"schema":{"@context":"https:\/\/schema.org","@graph":[{"@type":"WebPage","@id":"https:\/\/a-tributario.cl\/index.php\/prescripcion-impuestos-codigo-tributario\/","url":"https:\/\/a-tributario.cl\/index.php\/prescripcion-impuestos-codigo-tributario\/","name":"PRESCRIPCI\u00d3N IMPUESTOS C\u00d3DIGO TRIBUTARIO","isPartOf":{"@id":"https:\/\/a-tributario.cl\/#website"},"datePublished":"2019-04-29T09:58:12+00:00","dateModified":"2021-06-11T23:37:41+00:00","description":"PRESCRIPCI\u00d3N IMPUESTOS - CODIGO TRIBUTARIO articulos 200 y 201 - ABOGADO TRIBUTARIO LET - Santiago - 950959243 - plazo 3 y 6 a\u00f1os","breadcrumb":{"@id":"https:\/\/a-tributario.cl\/index.php\/prescripcion-impuestos-codigo-tributario\/#breadcrumb"},"inLanguage":"es","potentialAction":[{"@type":"ReadAction","target":["https:\/\/a-tributario.cl\/index.php\/prescripcion-impuestos-codigo-tributario\/"]}]},{"@type":"BreadcrumbList","@id":"https:\/\/a-tributario.cl\/index.php\/prescripcion-impuestos-codigo-tributario\/#breadcrumb","itemListElement":[{"@type":"ListItem","position":1,"name":"Portada","item":"https:\/\/a-tributario.cl\/"},{"@type":"ListItem","position":2,"name":"PRESCRIPCI\u00d3N - C\u00d3DIGO TRIBUTARIO"}]},{"@type":"WebSite","@id":"https:\/\/a-tributario.cl\/#website","url":"https:\/\/a-tributario.cl\/","name":"ABOGADO TRIBUTARIO R&amp;R","description":"ASESOR\u00cdA TRIBUTARIA, DEFENSA LIQUIDACI\u00d3N Y GIRO SII, PRESCRIPCI\u00d3N IMPUESTOS DEFENSA COBRO TESORER\u00cdA","publisher":{"@id":"https:\/\/a-tributario.cl\/#organization"},"potentialAction":[{"@type":"SearchAction","target":{"@type":"EntryPoint","urlTemplate":"https:\/\/a-tributario.cl\/?s={search_term_string}"},"query-input":"required name=search_term_string"}],"inLanguage":"es"},{"@type":"Organization","@id":"https:\/\/a-tributario.cl\/#organization","name":"Abogado Tributario Let","url":"https:\/\/a-tributario.cl\/","logo":{"@type":"ImageObject","inLanguage":"es","@id":"https:\/\/a-tributario.cl\/#\/schema\/logo\/image\/","url":"https:\/\/a-tributario.cl\/wp-content\/uploads\/2019\/04\/Image-2018-e1556290954199.jpeg","contentUrl":"https:\/\/a-tributario.cl\/wp-content\/uploads\/2019\/04\/Image-2018-e1556290954199.jpeg","width":128,"height":128,"caption":"Abogado Tributario Let"},"image":{"@id":"https:\/\/a-tributario.cl\/#\/schema\/logo\/image\/"},"sameAs":["https:\/\/www.facebook.com\/AbogadosTributariosIUS\/","https:\/\/twitter.com\/ius_asesores","https:\/\/www.linkedin.com\/in\/abogadotributario\/"]}]}},"_links":{"self":[{"href":"https:\/\/a-tributario.cl\/index.php\/wp-json\/wp\/v2\/pages\/2430"}],"collection":[{"href":"https:\/\/a-tributario.cl\/index.php\/wp-json\/wp\/v2\/pages"}],"about":[{"href":"https:\/\/a-tributario.cl\/index.php\/wp-json\/wp\/v2\/types\/page"}],"author":[{"embeddable":true,"href":"https:\/\/a-tributario.cl\/index.php\/wp-json\/wp\/v2\/users\/1"}],"replies":[{"embeddable":true,"href":"https:\/\/a-tributario.cl\/index.php\/wp-json\/wp\/v2\/comments?post=2430"}],"version-history":[{"count":21,"href":"https:\/\/a-tributario.cl\/index.php\/wp-json\/wp\/v2\/pages\/2430\/revisions"}],"predecessor-version":[{"id":5031,"href":"https:\/\/a-tributario.cl\/index.php\/wp-json\/wp\/v2\/pages\/2430\/revisions\/5031"}],"wp:featuredmedia":[{"embeddable":true,"href":"https:\/\/a-tributario.cl\/index.php\/wp-json\/wp\/v2\/media\/2601"}],"wp:attachment":[{"href":"https:\/\/a-tributario.cl\/index.php\/wp-json\/wp\/v2\/media?parent=2430"}],"curies":[{"name":"wp","href":"https:\/\/api.w.org\/{rel}","templated":true}]}}