{"id":2466,"date":"2019-05-01T18:11:05","date_gmt":"2019-05-01T18:11:05","guid":{"rendered":"https:\/\/www.a-tributario.cl\/?page_id=2466"},"modified":"2021-03-01T00:50:20","modified_gmt":"2021-03-01T00:50:20","slug":"ley-21039","status":"publish","type":"page","link":"https:\/\/a-tributario.cl\/index.php\/ley-21039\/","title":{"rendered":"Ley 21039"},"content":{"rendered":"<p>[vc_row][vc_column width=\u00bb2\/3&#8243;][vc_column_text]<\/p>\n\n\n<div class=\"wp-block-file\"><a href=\"https:\/\/www.a-tributario.cl\/wp-content\/uploads\/2019\/05\/LEY-21039_20-OCT-2017.pdf\" target=\"_blank\" rel=\"noreferrer noopener\">LEY-21039_20-OCT-2017<\/a><a href=\"https:\/\/www.a-tributario.cl\/wp-content\/uploads\/2019\/05\/LEY-21039_20-OCT-2017.pdf\" class=\"wp-block-file__button\" download>Descargar<\/a><\/div>\n\n\n<p>[\/vc_column_text][vc_column_text]<\/p>\n<h1>LEY&nbsp; 21039<\/h1>\n<h2>PERFECCIONA LA JUSTICIA TRIBUTARIA Y ADUANERA<\/h2>\n<p>Teniendo presente que el H. Congreso Nacional ha dado su aprobaci\u00f3n al siguiente proyecto de ley Proyecto de ley:<\/p>\n<p>\u00ab<strong>Art\u00edculo 1.-<\/strong> Introd\u00facense las siguientes modificaciones en la ley N\u00b0 20.322,que Fortalece y Perfecciona la Jurisdicci\u00f3n Tributaria y Aduanera: 1. Agr\u00e9gase en el art\u00edculo 1\u00b0, el siguiente n\u00famero 8\u00b0, nuevo, pasando el actual 8\u00b0 a ser 9\u00b0: \u00ab8\u00b0. Conocer y declarar, a petici\u00f3n de parte, la nulidad de los actos administrativos que sean materia de una reclamaci\u00f3n tributaria o aduanera. Para estos efectos, el vicio deber\u00e1 hacerse presente o alegarse en la reclamaci\u00f3n respectiva. Los vicios de procedimiento o de forma s\u00f3lo afectar\u00e1n la validez del acto administrativo materia del reclamo tributario o aduanero cuando recaigan en alg\u00fan requisito esencial del mismo, sea por su naturaleza o por mandato del ordenamiento jur\u00eddico y generen perjuicio al interesado.\u00bb.<\/p>\n<p>2. Sustit\u00fayense los incisos segundo y tercero del art\u00edculo 3\u00ba por los siguientes: \u00abCon asiento en la Regi\u00f3n Metropolitana de Santiago, cr\u00e9anse los siguientes Tribunales Tributarios y Aduaneros: Primer, Segundo, Tercer y Cuarto Tribunal, cada uno con un juez y cuyo territorio jurisdiccional ser\u00e1 el correspondiente a la Regi\u00f3n Metropolitana. La distribuci\u00f3n de las causas entre los cuatro tribunales de la Regi\u00f3n Metropolitana se realizar\u00e1 de acuerdo a un procedimiento objetivo y general que deber\u00e1 ser establecido mediante auto acordado por la Corte de Apelaciones de Santiago.\u00bb<\/p>\n<p>[\/vc_column_text][\/vc_column][vc_column width=\u00bb1\/3&#8243;][\/vc_column][\/vc_row]<\/p>","protected":false},"excerpt":{"rendered":"<p>[vc_row][vc_column width=\u00bb2\/3&#8243;][vc_column_text] [\/vc_column_text][vc_column_text] LEY&nbsp; 21039 PERFECCIONA LA JUSTICIA TRIBUTARIA Y ADUANERA Teniendo presente que el H. Congreso Nacional ha dado su aprobaci\u00f3n al siguiente proyecto de ley Proyecto de ley: \u00abArt\u00edculo 1.- Introd\u00facense las siguientes modificaciones en la ley N\u00b0 20.322,que Fortalece y Perfecciona la Jurisdicci\u00f3n Tributaria y Aduanera: 1. Agr\u00e9gase en el art\u00edculo 1\u00b0, [&hellip;]<\/p>\n","protected":false},"author":1,"featured_media":0,"parent":0,"menu_order":0,"comment_status":"closed","ping_status":"closed","template":"","meta":{"_monsterinsights_skip_tracking":false,"_monsterinsights_sitenote_active":false,"_monsterinsights_sitenote_note":"","_monsterinsights_sitenote_category":0,"footnotes":"","_joinchat":[]},"yoast_head":"<!-- This site is optimized with the Yoast SEO plugin v21.5 - https:\/\/yoast.com\/wordpress\/plugins\/seo\/ -->\n<title>Ley 21039 - ABOGADO TRIBUTARIO R&amp;R<\/title>\n<meta name=\"description\" content=\"Introd\u00facense modificaciones en la ley N\u00b0 20.322,que Fortalece y Perfecciona la Jurisdicci\u00f3n Tributaria y Aduanera, la nulidad de los actos administrativos\" \/>\n<meta name=\"robots\" content=\"index, follow, max-snippet:-1, max-image-preview:large, max-video-preview:-1\" \/>\n<link rel=\"canonical\" href=\"https:\/\/a-tributario.cl\/index.php\/ley-21039\/\" \/>\n<meta property=\"og:locale\" content=\"es_ES\" \/>\n<meta property=\"og:type\" content=\"article\" \/>\n<meta property=\"og:title\" content=\"Ley 21039 - ABOGADO TRIBUTARIO R&amp;R\" \/>\n<meta property=\"og:description\" content=\"Introd\u00facense modificaciones en la ley N\u00b0 20.322,que Fortalece y Perfecciona la Jurisdicci\u00f3n Tributaria y Aduanera, la nulidad de los actos administrativos\" \/>\n<meta property=\"og:url\" content=\"https:\/\/a-tributario.cl\/index.php\/ley-21039\/\" \/>\n<meta property=\"og:site_name\" content=\"ABOGADO TRIBUTARIO R&amp;R\" \/>\n<meta property=\"article:publisher\" content=\"https:\/\/www.facebook.com\/AbogadosTributariosIUS\/\" \/>\n<meta property=\"article:modified_time\" content=\"2021-03-01T00:50:20+00:00\" \/>\n<meta name=\"twitter:card\" content=\"summary_large_image\" \/>\n<meta name=\"twitter:site\" content=\"@ius_asesores\" \/>\n<meta name=\"twitter:label1\" content=\"Tiempo de lectura\" \/>\n\t<meta name=\"twitter:data1\" content=\"1 minuto\" \/>\n<script type=\"application\/ld+json\" class=\"yoast-schema-graph\">{\"@context\":\"https:\/\/schema.org\",\"@graph\":[{\"@type\":\"WebPage\",\"@id\":\"https:\/\/a-tributario.cl\/index.php\/ley-21039\/\",\"url\":\"https:\/\/a-tributario.cl\/index.php\/ley-21039\/\",\"name\":\"Ley 21039 - ABOGADO TRIBUTARIO R&amp;R\",\"isPartOf\":{\"@id\":\"https:\/\/a-tributario.cl\/#website\"},\"datePublished\":\"2019-05-01T18:11:05+00:00\",\"dateModified\":\"2021-03-01T00:50:20+00:00\",\"description\":\"Introd\u00facense modificaciones en la ley N\u00b0 20.322,que Fortalece y Perfecciona la Jurisdicci\u00f3n Tributaria y Aduanera, la nulidad de los actos administrativos\",\"breadcrumb\":{\"@id\":\"https:\/\/a-tributario.cl\/index.php\/ley-21039\/#breadcrumb\"},\"inLanguage\":\"es\",\"potentialAction\":[{\"@type\":\"ReadAction\",\"target\":[\"https:\/\/a-tributario.cl\/index.php\/ley-21039\/\"]}]},{\"@type\":\"BreadcrumbList\",\"@id\":\"https:\/\/a-tributario.cl\/index.php\/ley-21039\/#breadcrumb\",\"itemListElement\":[{\"@type\":\"ListItem\",\"position\":1,\"name\":\"Portada\",\"item\":\"https:\/\/a-tributario.cl\/\"},{\"@type\":\"ListItem\",\"position\":2,\"name\":\"Ley 21039\"}]},{\"@type\":\"WebSite\",\"@id\":\"https:\/\/a-tributario.cl\/#website\",\"url\":\"https:\/\/a-tributario.cl\/\",\"name\":\"ABOGADO TRIBUTARIO R&amp;R\",\"description\":\"ASESOR\u00cdA TRIBUTARIA, DEFENSA LIQUIDACI\u00d3N Y GIRO SII, PRESCRIPCI\u00d3N IMPUESTOS DEFENSA COBRO TESORER\u00cdA\",\"publisher\":{\"@id\":\"https:\/\/a-tributario.cl\/#organization\"},\"potentialAction\":[{\"@type\":\"SearchAction\",\"target\":{\"@type\":\"EntryPoint\",\"urlTemplate\":\"https:\/\/a-tributario.cl\/?s={search_term_string}\"},\"query-input\":\"required name=search_term_string\"}],\"inLanguage\":\"es\"},{\"@type\":\"Organization\",\"@id\":\"https:\/\/a-tributario.cl\/#organization\",\"name\":\"Abogado Tributario Let\",\"url\":\"https:\/\/a-tributario.cl\/\",\"logo\":{\"@type\":\"ImageObject\",\"inLanguage\":\"es\",\"@id\":\"https:\/\/a-tributario.cl\/#\/schema\/logo\/image\/\",\"url\":\"https:\/\/a-tributario.cl\/wp-content\/uploads\/2019\/04\/Image-2018-e1556290954199.jpeg\",\"contentUrl\":\"https:\/\/a-tributario.cl\/wp-content\/uploads\/2019\/04\/Image-2018-e1556290954199.jpeg\",\"width\":128,\"height\":128,\"caption\":\"Abogado Tributario Let\"},\"image\":{\"@id\":\"https:\/\/a-tributario.cl\/#\/schema\/logo\/image\/\"},\"sameAs\":[\"https:\/\/www.facebook.com\/AbogadosTributariosIUS\/\",\"https:\/\/twitter.com\/ius_asesores\",\"https:\/\/www.linkedin.com\/in\/abogadotributario\/\"]}]}<\/script>\n<!-- \/ Yoast SEO plugin. -->","yoast_head_json":{"title":"Ley 21039 - ABOGADO TRIBUTARIO R&amp;R","description":"Introd\u00facense modificaciones en la ley N\u00b0 20.322,que Fortalece y Perfecciona la Jurisdicci\u00f3n Tributaria y Aduanera, la nulidad de los actos administrativos","robots":{"index":"index","follow":"follow","max-snippet":"max-snippet:-1","max-image-preview":"max-image-preview:large","max-video-preview":"max-video-preview:-1"},"canonical":"https:\/\/a-tributario.cl\/index.php\/ley-21039\/","og_locale":"es_ES","og_type":"article","og_title":"Ley 21039 - ABOGADO TRIBUTARIO R&amp;R","og_description":"Introd\u00facense modificaciones en la ley N\u00b0 20.322,que Fortalece y Perfecciona la Jurisdicci\u00f3n Tributaria y Aduanera, la nulidad de los actos administrativos","og_url":"https:\/\/a-tributario.cl\/index.php\/ley-21039\/","og_site_name":"ABOGADO TRIBUTARIO R&amp;R","article_publisher":"https:\/\/www.facebook.com\/AbogadosTributariosIUS\/","article_modified_time":"2021-03-01T00:50:20+00:00","twitter_card":"summary_large_image","twitter_site":"@ius_asesores","twitter_misc":{"Tiempo de lectura":"1 minuto"},"schema":{"@context":"https:\/\/schema.org","@graph":[{"@type":"WebPage","@id":"https:\/\/a-tributario.cl\/index.php\/ley-21039\/","url":"https:\/\/a-tributario.cl\/index.php\/ley-21039\/","name":"Ley 21039 - ABOGADO TRIBUTARIO R&amp;R","isPartOf":{"@id":"https:\/\/a-tributario.cl\/#website"},"datePublished":"2019-05-01T18:11:05+00:00","dateModified":"2021-03-01T00:50:20+00:00","description":"Introd\u00facense modificaciones en la ley N\u00b0 20.322,que Fortalece y Perfecciona la Jurisdicci\u00f3n Tributaria y Aduanera, la nulidad de los actos administrativos","breadcrumb":{"@id":"https:\/\/a-tributario.cl\/index.php\/ley-21039\/#breadcrumb"},"inLanguage":"es","potentialAction":[{"@type":"ReadAction","target":["https:\/\/a-tributario.cl\/index.php\/ley-21039\/"]}]},{"@type":"BreadcrumbList","@id":"https:\/\/a-tributario.cl\/index.php\/ley-21039\/#breadcrumb","itemListElement":[{"@type":"ListItem","position":1,"name":"Portada","item":"https:\/\/a-tributario.cl\/"},{"@type":"ListItem","position":2,"name":"Ley 21039"}]},{"@type":"WebSite","@id":"https:\/\/a-tributario.cl\/#website","url":"https:\/\/a-tributario.cl\/","name":"ABOGADO TRIBUTARIO R&amp;R","description":"ASESOR\u00cdA TRIBUTARIA, DEFENSA LIQUIDACI\u00d3N Y GIRO SII, PRESCRIPCI\u00d3N IMPUESTOS DEFENSA COBRO TESORER\u00cdA","publisher":{"@id":"https:\/\/a-tributario.cl\/#organization"},"potentialAction":[{"@type":"SearchAction","target":{"@type":"EntryPoint","urlTemplate":"https:\/\/a-tributario.cl\/?s={search_term_string}"},"query-input":"required name=search_term_string"}],"inLanguage":"es"},{"@type":"Organization","@id":"https:\/\/a-tributario.cl\/#organization","name":"Abogado Tributario Let","url":"https:\/\/a-tributario.cl\/","logo":{"@type":"ImageObject","inLanguage":"es","@id":"https:\/\/a-tributario.cl\/#\/schema\/logo\/image\/","url":"https:\/\/a-tributario.cl\/wp-content\/uploads\/2019\/04\/Image-2018-e1556290954199.jpeg","contentUrl":"https:\/\/a-tributario.cl\/wp-content\/uploads\/2019\/04\/Image-2018-e1556290954199.jpeg","width":128,"height":128,"caption":"Abogado Tributario Let"},"image":{"@id":"https:\/\/a-tributario.cl\/#\/schema\/logo\/image\/"},"sameAs":["https:\/\/www.facebook.com\/AbogadosTributariosIUS\/","https:\/\/twitter.com\/ius_asesores","https:\/\/www.linkedin.com\/in\/abogadotributario\/"]}]}},"_links":{"self":[{"href":"https:\/\/a-tributario.cl\/index.php\/wp-json\/wp\/v2\/pages\/2466"}],"collection":[{"href":"https:\/\/a-tributario.cl\/index.php\/wp-json\/wp\/v2\/pages"}],"about":[{"href":"https:\/\/a-tributario.cl\/index.php\/wp-json\/wp\/v2\/types\/page"}],"author":[{"embeddable":true,"href":"https:\/\/a-tributario.cl\/index.php\/wp-json\/wp\/v2\/users\/1"}],"replies":[{"embeddable":true,"href":"https:\/\/a-tributario.cl\/index.php\/wp-json\/wp\/v2\/comments?post=2466"}],"version-history":[{"count":9,"href":"https:\/\/a-tributario.cl\/index.php\/wp-json\/wp\/v2\/pages\/2466\/revisions"}],"predecessor-version":[{"id":4858,"href":"https:\/\/a-tributario.cl\/index.php\/wp-json\/wp\/v2\/pages\/2466\/revisions\/4858"}],"wp:attachment":[{"href":"https:\/\/a-tributario.cl\/index.php\/wp-json\/wp\/v2\/media?parent=2466"}],"curies":[{"name":"wp","href":"https:\/\/api.w.org\/{rel}","templated":true}]}}