{"id":2703,"date":"2019-05-24T15:23:21","date_gmt":"2019-05-24T15:23:21","guid":{"rendered":"https:\/\/www.a-tributario.cl\/?page_id=2703"},"modified":"2021-06-29T20:59:26","modified_gmt":"2021-06-29T20:59:26","slug":"sii-circular-23-19-recuperacion-de-iva-en-facturas-no-pagadas","status":"publish","type":"page","link":"https:\/\/a-tributario.cl\/index.php\/sii-circular-23-19-recuperacion-de-iva-en-facturas-no-pagadas\/","title":{"rendered":"SII &#8211; CIRCULAR 23 -19  RECUPERACION DE IVA EN FACTURAS NO PAGADAS"},"content":{"rendered":"[vc_row][vc_column width=\u00bb1\/2&#8243;][vc_column_text]<p><\/p>\n<h1 class=\"wp-block-heading\"><img loading=\"lazy\" decoding=\"async\" class=\"alignnone size-medium wp-image-1936 aligncenter\" src=\"https:\/\/a-tributario.cl\/wp-content\/uploads\/2018\/04\/icono-adjunta-1170x780-300x200.png\" alt=\"\" width=\"300\" height=\"200\" srcset=\"https:\/\/a-tributario.cl\/wp-content\/uploads\/2018\/04\/icono-adjunta-1170x780-300x200.png 300w, https:\/\/a-tributario.cl\/wp-content\/uploads\/2018\/04\/icono-adjunta-1170x780-768x512.png 768w, https:\/\/a-tributario.cl\/wp-content\/uploads\/2018\/04\/icono-adjunta-1170x780-1024x683.png 1024w, https:\/\/a-tributario.cl\/wp-content\/uploads\/2018\/04\/icono-adjunta-1170x780.png 1170w\" sizes=\"(max-width: 300px) 100vw, 300px\" \/><\/h1>\n<h1 style=\"text-align: center;\">SII &#8211; CIRCULAR 23 -19<\/h1>\n<h1 style=\"text-align: center;\">RECUPERACION DE IVA EN<\/h1>\n<h1 style=\"text-align: center;\">FACTURAS NO PAGADAS<\/h1>\n<p>&nbsp;<\/p>\n<p><\/p>\n<p><\/p>\n<p><\/p>\n<p><\/p>\n<p><\/p>\n<p><\/p>\n<p><\/p>\n<p><\/p>\n<p><\/p>\n<p><\/p>\n<p><strong>INSTRUCCIONES SOBRE BENEFICIO ESTABLECIDO ART. 29 DE LA LEY N\u00b0 18.591, QUE CONCEDE A LOS CONTRIBUYENTES GRAVADOS CON IVA O CON LOS IMPUESTOS DEL ART. 40 Y 42, DEL D.L. N\u00b0 825, LA FACULTAD DE RECUPERAR, V\u00cdA CR\u00c9DITO FISCAL DEL IVA E IMPUESTOS CONTENIDOS, LOS REFERIDOS IMPUESTOS QUE HUBIEREN SIDO RECARGADOS SEPARADAMENTE EN FACTURAS EMITIDAS POR VENTAS O SERVICIOS EFECTUADAS O PRESTADOS A OTROS CONTRIBUYENTES DE ESOS MISMOS IMPUESTOS, CUANDO DICHAS FACTURAS NO HAN SIDO PAGADAS Y EL COMPRADOR O BENEFICIARIO DEL SERVICIO HA SIDO DECLARADO EN QUIEBRA<\/strong><\/p>\n<p>&nbsp;<\/p>\n<h4 style=\"text-align: center;\"><strong><a href=\"https:\/\/www.a-tributario.cl\/wp-content\/uploads\/2019\/05\/CIRCULAR-N\u00b023-SII-16-05-19-INSTRUCCIONES-PARA-RECUPERAR-IVA-EN-FACTURAS-NO-PAGADAS-X-COMPRADOR-O-BENEFICIARIO-DECLARADO-EN-QUIEBRA.pdf\" target=\"_blank\" rel=\"noreferrer noopener\" aria-label=\" (abrir en una nueva pesta\u00f1a)\">CIRCULAR N\u00b023 SII 16-05-19 INSTRUCCIONES PARA RECUPERAR IVA EN FACTURAS NO PAGADAS X COMPRADOR O BENEFICIARIO DECLARADO EN QUIEBRA<\/a><\/strong><\/h4>\n<p><\/p>\n<p><\/p>\n<p><\/p>[\/vc_column_text][\/vc_column][vc_column width=\u00bb1\/2&#8243;][\/vc_column][\/vc_row]","protected":false},"excerpt":{"rendered":"<p>[vc_row][vc_column width=\u00bb1\/2&#8243;][vc_column_text] SII &#8211; CIRCULAR 23 -19 RECUPERACION DE IVA EN FACTURAS NO PAGADAS &nbsp; INSTRUCCIONES SOBRE BENEFICIO ESTABLECIDO ART. 29 DE LA LEY N\u00b0 18.591, QUE CONCEDE A LOS CONTRIBUYENTES GRAVADOS CON IVA O CON LOS IMPUESTOS DEL ART. 40 Y 42, DEL D.L. N\u00b0 825, LA FACULTAD DE RECUPERAR, V\u00cdA CR\u00c9DITO FISCAL DEL [&hellip;]<\/p>\n","protected":false},"author":1,"featured_media":0,"parent":0,"menu_order":0,"comment_status":"closed","ping_status":"closed","template":"","meta":{"_monsterinsights_skip_tracking":false,"_monsterinsights_sitenote_active":false,"_monsterinsights_sitenote_note":"","_monsterinsights_sitenote_category":0,"footnotes":"","_joinchat":{"message_send":"CONSULTAS VIA WHATSAPP"}},"yoast_head":"<!-- This site is optimized with the Yoast SEO plugin v21.5 - https:\/\/yoast.com\/wordpress\/plugins\/seo\/ -->\n<title>CIRCULAR 23 -19 RECUPERACION IVA EN FACTURAS NO PAGADAS<\/title>\n<meta name=\"description\" content=\"RECUPERACI\u00d3N DEL IVA EN CASO DE COMPRADOR O BENEFIARIO DECLARADO EN QUIEBRA - ABOGADO TRIBUTARIO LET - SANTIAGO - 950959243\" \/>\n<meta name=\"robots\" content=\"index, follow, max-snippet:-1, max-image-preview:large, max-video-preview:-1\" \/>\n<link rel=\"canonical\" href=\"https:\/\/a-tributario.cl\/index.php\/sii-circular-23-19-recuperacion-de-iva-en-facturas-no-pagadas\/\" \/>\n<meta property=\"og:locale\" content=\"es_ES\" \/>\n<meta property=\"og:type\" content=\"article\" \/>\n<meta property=\"og:title\" content=\"CIRCULAR 23 -19 RECUPERACION IVA EN FACTURAS NO PAGADAS\" \/>\n<meta property=\"og:description\" content=\"RECUPERACI\u00d3N DEL IVA EN CASO DE COMPRADOR O BENEFIARIO DECLARADO EN QUIEBRA - ABOGADO TRIBUTARIO LET - SANTIAGO - 950959243\" \/>\n<meta property=\"og:url\" content=\"https:\/\/a-tributario.cl\/index.php\/sii-circular-23-19-recuperacion-de-iva-en-facturas-no-pagadas\/\" \/>\n<meta property=\"og:site_name\" content=\"ABOGADO TRIBUTARIO R&amp;R\" \/>\n<meta property=\"article:publisher\" content=\"https:\/\/www.facebook.com\/AbogadosTributariosIUS\/\" \/>\n<meta property=\"article:modified_time\" content=\"2021-06-29T20:59:26+00:00\" \/>\n<meta property=\"og:image\" content=\"https:\/\/a-tributario.cl\/wp-content\/uploads\/2018\/04\/icono-adjunta-1170x780-300x200.png\" \/>\n<meta name=\"twitter:card\" content=\"summary_large_image\" \/>\n<meta name=\"twitter:site\" content=\"@ius_asesores\" \/>\n<meta name=\"twitter:label1\" content=\"Tiempo de lectura\" \/>\n\t<meta name=\"twitter:data1\" content=\"1 minuto\" \/>\n<script type=\"application\/ld+json\" class=\"yoast-schema-graph\">{\"@context\":\"https:\/\/schema.org\",\"@graph\":[{\"@type\":\"WebPage\",\"@id\":\"https:\/\/a-tributario.cl\/index.php\/sii-circular-23-19-recuperacion-de-iva-en-facturas-no-pagadas\/\",\"url\":\"https:\/\/a-tributario.cl\/index.php\/sii-circular-23-19-recuperacion-de-iva-en-facturas-no-pagadas\/\",\"name\":\"CIRCULAR 23 -19 RECUPERACION IVA EN FACTURAS NO PAGADAS\",\"isPartOf\":{\"@id\":\"https:\/\/a-tributario.cl\/#website\"},\"datePublished\":\"2019-05-24T15:23:21+00:00\",\"dateModified\":\"2021-06-29T20:59:26+00:00\",\"description\":\"RECUPERACI\u00d3N DEL IVA EN CASO DE COMPRADOR O BENEFIARIO DECLARADO EN QUIEBRA - ABOGADO TRIBUTARIO LET - SANTIAGO - 950959243\",\"breadcrumb\":{\"@id\":\"https:\/\/a-tributario.cl\/index.php\/sii-circular-23-19-recuperacion-de-iva-en-facturas-no-pagadas\/#breadcrumb\"},\"inLanguage\":\"es\",\"potentialAction\":[{\"@type\":\"ReadAction\",\"target\":[\"https:\/\/a-tributario.cl\/index.php\/sii-circular-23-19-recuperacion-de-iva-en-facturas-no-pagadas\/\"]}]},{\"@type\":\"BreadcrumbList\",\"@id\":\"https:\/\/a-tributario.cl\/index.php\/sii-circular-23-19-recuperacion-de-iva-en-facturas-no-pagadas\/#breadcrumb\",\"itemListElement\":[{\"@type\":\"ListItem\",\"position\":1,\"name\":\"Portada\",\"item\":\"https:\/\/a-tributario.cl\/\"},{\"@type\":\"ListItem\",\"position\":2,\"name\":\"SII &#8211; CIRCULAR 23 -19 RECUPERACION DE IVA EN FACTURAS NO PAGADAS\"}]},{\"@type\":\"WebSite\",\"@id\":\"https:\/\/a-tributario.cl\/#website\",\"url\":\"https:\/\/a-tributario.cl\/\",\"name\":\"ABOGADO TRIBUTARIO R&amp;R\",\"description\":\"ASESOR\u00cdA TRIBUTARIA, DEFENSA LIQUIDACI\u00d3N Y GIRO SII, PRESCRIPCI\u00d3N IMPUESTOS DEFENSA COBRO TESORER\u00cdA\",\"publisher\":{\"@id\":\"https:\/\/a-tributario.cl\/#organization\"},\"potentialAction\":[{\"@type\":\"SearchAction\",\"target\":{\"@type\":\"EntryPoint\",\"urlTemplate\":\"https:\/\/a-tributario.cl\/?s={search_term_string}\"},\"query-input\":\"required name=search_term_string\"}],\"inLanguage\":\"es\"},{\"@type\":\"Organization\",\"@id\":\"https:\/\/a-tributario.cl\/#organization\",\"name\":\"Abogado Tributario Let\",\"url\":\"https:\/\/a-tributario.cl\/\",\"logo\":{\"@type\":\"ImageObject\",\"inLanguage\":\"es\",\"@id\":\"https:\/\/a-tributario.cl\/#\/schema\/logo\/image\/\",\"url\":\"https:\/\/a-tributario.cl\/wp-content\/uploads\/2019\/04\/Image-2018-e1556290954199.jpeg\",\"contentUrl\":\"https:\/\/a-tributario.cl\/wp-content\/uploads\/2019\/04\/Image-2018-e1556290954199.jpeg\",\"width\":128,\"height\":128,\"caption\":\"Abogado Tributario Let\"},\"image\":{\"@id\":\"https:\/\/a-tributario.cl\/#\/schema\/logo\/image\/\"},\"sameAs\":[\"https:\/\/www.facebook.com\/AbogadosTributariosIUS\/\",\"https:\/\/twitter.com\/ius_asesores\",\"https:\/\/www.linkedin.com\/in\/abogadotributario\/\"]}]}<\/script>\n<!-- \/ Yoast SEO plugin. -->","yoast_head_json":{"title":"CIRCULAR 23 -19 RECUPERACION IVA EN FACTURAS NO PAGADAS","description":"RECUPERACI\u00d3N DEL IVA EN CASO DE COMPRADOR O BENEFIARIO DECLARADO EN QUIEBRA - ABOGADO TRIBUTARIO LET - SANTIAGO - 950959243","robots":{"index":"index","follow":"follow","max-snippet":"max-snippet:-1","max-image-preview":"max-image-preview:large","max-video-preview":"max-video-preview:-1"},"canonical":"https:\/\/a-tributario.cl\/index.php\/sii-circular-23-19-recuperacion-de-iva-en-facturas-no-pagadas\/","og_locale":"es_ES","og_type":"article","og_title":"CIRCULAR 23 -19 RECUPERACION IVA EN FACTURAS NO PAGADAS","og_description":"RECUPERACI\u00d3N DEL IVA EN CASO DE COMPRADOR O BENEFIARIO DECLARADO EN QUIEBRA - ABOGADO TRIBUTARIO LET - SANTIAGO - 950959243","og_url":"https:\/\/a-tributario.cl\/index.php\/sii-circular-23-19-recuperacion-de-iva-en-facturas-no-pagadas\/","og_site_name":"ABOGADO TRIBUTARIO R&amp;R","article_publisher":"https:\/\/www.facebook.com\/AbogadosTributariosIUS\/","article_modified_time":"2021-06-29T20:59:26+00:00","og_image":[{"url":"https:\/\/a-tributario.cl\/wp-content\/uploads\/2018\/04\/icono-adjunta-1170x780-300x200.png"}],"twitter_card":"summary_large_image","twitter_site":"@ius_asesores","twitter_misc":{"Tiempo de lectura":"1 minuto"},"schema":{"@context":"https:\/\/schema.org","@graph":[{"@type":"WebPage","@id":"https:\/\/a-tributario.cl\/index.php\/sii-circular-23-19-recuperacion-de-iva-en-facturas-no-pagadas\/","url":"https:\/\/a-tributario.cl\/index.php\/sii-circular-23-19-recuperacion-de-iva-en-facturas-no-pagadas\/","name":"CIRCULAR 23 -19 RECUPERACION IVA EN FACTURAS NO PAGADAS","isPartOf":{"@id":"https:\/\/a-tributario.cl\/#website"},"datePublished":"2019-05-24T15:23:21+00:00","dateModified":"2021-06-29T20:59:26+00:00","description":"RECUPERACI\u00d3N DEL IVA EN CASO DE COMPRADOR O BENEFIARIO DECLARADO EN QUIEBRA - ABOGADO TRIBUTARIO LET - SANTIAGO - 950959243","breadcrumb":{"@id":"https:\/\/a-tributario.cl\/index.php\/sii-circular-23-19-recuperacion-de-iva-en-facturas-no-pagadas\/#breadcrumb"},"inLanguage":"es","potentialAction":[{"@type":"ReadAction","target":["https:\/\/a-tributario.cl\/index.php\/sii-circular-23-19-recuperacion-de-iva-en-facturas-no-pagadas\/"]}]},{"@type":"BreadcrumbList","@id":"https:\/\/a-tributario.cl\/index.php\/sii-circular-23-19-recuperacion-de-iva-en-facturas-no-pagadas\/#breadcrumb","itemListElement":[{"@type":"ListItem","position":1,"name":"Portada","item":"https:\/\/a-tributario.cl\/"},{"@type":"ListItem","position":2,"name":"SII &#8211; CIRCULAR 23 -19 RECUPERACION DE IVA EN FACTURAS NO PAGADAS"}]},{"@type":"WebSite","@id":"https:\/\/a-tributario.cl\/#website","url":"https:\/\/a-tributario.cl\/","name":"ABOGADO TRIBUTARIO R&amp;R","description":"ASESOR\u00cdA TRIBUTARIA, DEFENSA LIQUIDACI\u00d3N Y GIRO SII, PRESCRIPCI\u00d3N IMPUESTOS DEFENSA COBRO TESORER\u00cdA","publisher":{"@id":"https:\/\/a-tributario.cl\/#organization"},"potentialAction":[{"@type":"SearchAction","target":{"@type":"EntryPoint","urlTemplate":"https:\/\/a-tributario.cl\/?s={search_term_string}"},"query-input":"required name=search_term_string"}],"inLanguage":"es"},{"@type":"Organization","@id":"https:\/\/a-tributario.cl\/#organization","name":"Abogado Tributario Let","url":"https:\/\/a-tributario.cl\/","logo":{"@type":"ImageObject","inLanguage":"es","@id":"https:\/\/a-tributario.cl\/#\/schema\/logo\/image\/","url":"https:\/\/a-tributario.cl\/wp-content\/uploads\/2019\/04\/Image-2018-e1556290954199.jpeg","contentUrl":"https:\/\/a-tributario.cl\/wp-content\/uploads\/2019\/04\/Image-2018-e1556290954199.jpeg","width":128,"height":128,"caption":"Abogado Tributario Let"},"image":{"@id":"https:\/\/a-tributario.cl\/#\/schema\/logo\/image\/"},"sameAs":["https:\/\/www.facebook.com\/AbogadosTributariosIUS\/","https:\/\/twitter.com\/ius_asesores","https:\/\/www.linkedin.com\/in\/abogadotributario\/"]}]}},"_links":{"self":[{"href":"https:\/\/a-tributario.cl\/index.php\/wp-json\/wp\/v2\/pages\/2703"}],"collection":[{"href":"https:\/\/a-tributario.cl\/index.php\/wp-json\/wp\/v2\/pages"}],"about":[{"href":"https:\/\/a-tributario.cl\/index.php\/wp-json\/wp\/v2\/types\/page"}],"author":[{"embeddable":true,"href":"https:\/\/a-tributario.cl\/index.php\/wp-json\/wp\/v2\/users\/1"}],"replies":[{"embeddable":true,"href":"https:\/\/a-tributario.cl\/index.php\/wp-json\/wp\/v2\/comments?post=2703"}],"version-history":[{"count":15,"href":"https:\/\/a-tributario.cl\/index.php\/wp-json\/wp\/v2\/pages\/2703\/revisions"}],"predecessor-version":[{"id":5149,"href":"https:\/\/a-tributario.cl\/index.php\/wp-json\/wp\/v2\/pages\/2703\/revisions\/5149"}],"wp:attachment":[{"href":"https:\/\/a-tributario.cl\/index.php\/wp-json\/wp\/v2\/media?parent=2703"}],"curies":[{"name":"wp","href":"https:\/\/api.w.org\/{rel}","templated":true}]}}