{"id":2801,"date":"2019-06-06T21:10:09","date_gmt":"2019-06-06T21:10:09","guid":{"rendered":"https:\/\/www.a-tributario.cl\/?page_id=2801"},"modified":"2021-12-24T23:09:15","modified_gmt":"2021-12-24T23:09:15","slug":"delito-tributario-facturas-ideologicamente-falsas","status":"publish","type":"page","link":"https:\/\/a-tributario.cl\/index.php\/delito-tributario-facturas-ideologicamente-falsas\/","title":{"rendered":"DELITO TRIBUTARIO -FACTURAS IDEOL\u00d3GICAMENTE FALSAS"},"content":{"rendered":"<p>[vc_row][vc_column width=\u00bb1\/2&#8243;][vc_column_text]<\/p>\n<h1 style=\"text-align: center;\">DELITO TRIBUTARIO &#8211;<\/h1>\n<h1 style=\"text-align: center;\">FACTURAS IDEOL\u00d3GICAMENTE<\/h1>\n<h1 style=\"text-align: center;\">FALSAS<\/h1>\n<p><strong>EL PROCESO SE INICIA CON LA FISCALIZACI\u00d3N DEL SII, AL DETECTAR DICHO SERVICIO ANTECEDENTES QUE LE HACEN PRESUMIR LA EXISTENCIA DE FACTURAS IDEOL\u00d3GICAMENTE FALSAS, EN LAS DECLARACIONES DE IVA, FORMULARIO 29, DEL CONTRIBUYENTE FISCALIZADO, POR NO PAGO DEL IMPUESTO IVA POR PARTE DEL VENDEDOR, INEXISTENCIA DE DECLARACIONES O OTROS<\/strong><\/p>\n<p><strong>EL PROCEDIMIENTO, CONTINUA CON<\/strong><\/p>\n<p><strong>1.- LA CITACI\u00d3N<\/strong><\/p>\n<p><strong>2.- LIQUIDACI\u00d3N<\/strong><\/p>\n<p><strong>3.- GIRO<\/strong><\/p>\n<p style=\"text-align: justify;\"><strong>EN LA ETAPA INICIAL\u00a0EL SII PROPONE AL CONTRIBUYENTE LA REALIZACI\u00d3N DE UNA RECTIFICATORIA, DE LAS DECLARACIONES QUE CONTIENEN LAS FACTURAS CUESTIONADAS, SE DEBE TENER PRESENTE QUE REALIZAR UNA RECTIFICATORIA, EN ESTOS CASOS IMPLICA UN RECONOCIMIENTO DE LAS ACUSACIONES DE LAS QUE HA SIDO OBJETO Y EL INMEDIATO GIRO DE LOS MONTOS PARA PASAR A TESORER\u00cdA PARA SU COBRO.-<\/strong><\/p>\n<p style=\"text-align: justify;\"><strong>EL GIRO DE IVA, POR FACTURAS IDEOL\u00d3GICAMENTE FALSAS, ADICIONALMENTE DERIVA EN LIQUIDACI\u00d3N Y GIRO DE RENTA, POR GASTO RECHAZADO, LO QUE TENDR\u00c1 CONSECUENCIA EN EL PATRIMONIO DE LOS SOCIOS. &#8211;<\/strong><\/p>\n<p style=\"text-align: justify;\"><strong>LAS FACTURAS IDEOL\u00d3GICAMENTE FALSAS, SON SANCIONADAS PENALMENTE CON\u00a0PRESIDIO MENOR EN SU GRADO M\u00c1XIMO A PRESIDIO MAYOR EN SU GRADO M\u00cdNIMO Y MULTAS, LO QUE IMPLICA DE 3 A\u00d1OS Y 1 D\u00cdA A 10 A\u00d1OS DE RECLUSI\u00d3N. &#8211;<\/strong><\/p>\n<p style=\"text-align: justify;\"><strong>UNA DEFENSA ADECUADA ( DESDE LA FISCALIZACI\u00d3N), PODR\u00c1 EVITAR GRAVES CONSECUENCIAS, RECLAMACI\u00d3N ANTE EL TTA\u00a0<\/strong><\/p>\n<h2 style=\"text-align: center;\">VER<\/h2>\n<h1 style=\"text-align: center;\">DELITO<\/h1>\n<h1 style=\"text-align: center;\">TRIBUTARIO<\/h1>\n<h2 style=\"text-align: center;\"><a href=\"https:\/\/www.a-tributario.cl\/index.php\/defensa-delito-tributario\/\"><strong>DEFENSA DELITO TRIBUTARIO<\/strong><\/a><\/h2>\n<h1 style=\"text-align: center;\">&#8211;<\/h1>\n<h1 style=\"text-align: center;\">FACTURA<\/h1>\n<h1 style=\"text-align: center;\">IDEOL\u00d3GICAMENTE<\/h1>\n<h1 style=\"text-align: center;\">FALSA<\/h1>\n<blockquote class=\"wp-embedded-content\" data-secret=\"HfJJPz5ucB\"><p><a href=\"https:\/\/a-tributario.cl\/index.php\/facturas-ideologicamente-falsas\/\">FACTURAS IDEOL\u00d3GICAMENTE FALSAS<\/a><\/p><\/blockquote>\n<p><iframe class=\"wp-embedded-content\" sandbox=\"allow-scripts\" security=\"restricted\" style=\"position: absolute; clip: rect(1px, 1px, 1px, 1px);\" title=\"&#8220;FACTURAS IDEOL\u00d3GICAMENTE FALSAS&#8221; &#8212; ABOGADO TRIBUTARIO LET 950959243\" src=\"https:\/\/a-tributario.cl\/index.php\/facturas-ideologicamente-falsas\/embed\/#?secret=HfJJPz5ucB\" data-secret=\"HfJJPz5ucB\" width=\"500\" height=\"282\" frameborder=\"0\" marginwidth=\"0\" marginheight=\"0\" scrolling=\"no\"><\/iframe><\/p>\n<p>&nbsp;<\/p>\n<p style=\"text-align: center;\">VER<\/p>\n<h3 style=\"text-align: center;\"><a href=\"https:\/\/www.a-tributario.cl\/index.php\/defensa-delito-tributario\/\"><strong>DEFENSA DELITO TRIBUTARIO<\/strong><\/a><\/h3>\n<p>[\/vc_column_text][\/vc_column][vc_column width=\u00bb1\/2&#8243;][\/vc_column][\/vc_row]<\/p>\n","protected":false},"excerpt":{"rendered":"<p>[vc_row][vc_column width=\u00bb1\/2&#8243;][vc_column_text] DELITO TRIBUTARIO &#8211; FACTURAS IDEOL\u00d3GICAMENTE FALSAS EL PROCESO SE INICIA CON LA FISCALIZACI\u00d3N DEL SII, AL DETECTAR DICHO SERVICIO ANTECEDENTES QUE LE HACEN PRESUMIR LA EXISTENCIA DE FACTURAS IDEOL\u00d3GICAMENTE FALSAS, EN LAS DECLARACIONES DE IVA, FORMULARIO 29, DEL CONTRIBUYENTE FISCALIZADO, POR NO PAGO DEL IMPUESTO IVA POR PARTE DEL VENDEDOR, INEXISTENCIA DE DECLARACIONES [&hellip;]<\/p>\n","protected":false},"author":1,"featured_media":0,"parent":0,"menu_order":0,"comment_status":"closed","ping_status":"closed","template":"","meta":{"_monsterinsights_skip_tracking":false,"_monsterinsights_sitenote_active":false,"_monsterinsights_sitenote_note":"","_monsterinsights_sitenote_category":0,"footnotes":"","_joinchat":[]},"yoast_head":"<!-- This site is optimized with the Yoast SEO plugin v21.5 - https:\/\/yoast.com\/wordpress\/plugins\/seo\/ -->\n<title>DELITO TRIBUTARIO -FACTURAS IDEOL\u00d3GICAMENTE FALSAS -<\/title>\n<meta name=\"description\" content=\"DELITO TRIBUTARIO, FACTURAS IDEOLOGICAMENTE FALSAS, DEFENSA TRIBUTARIA ANTE FISCALIZACI\u00d3N, CITACI\u00d3N, LIQUIDACI\u00d3N, GIRO Y QUERELLA SII\" \/>\n<meta name=\"robots\" content=\"index, follow, max-snippet:-1, max-image-preview:large, max-video-preview:-1\" \/>\n<link rel=\"canonical\" href=\"https:\/\/a-tributario.cl\/index.php\/delito-tributario-facturas-ideologicamente-falsas\/\" \/>\n<meta property=\"og:locale\" content=\"es_ES\" \/>\n<meta property=\"og:type\" content=\"article\" \/>\n<meta property=\"og:title\" content=\"DELITO TRIBUTARIO -FACTURAS IDEOL\u00d3GICAMENTE FALSAS -\" \/>\n<meta property=\"og:description\" content=\"DELITO TRIBUTARIO, FACTURAS IDEOLOGICAMENTE FALSAS, DEFENSA TRIBUTARIA ANTE FISCALIZACI\u00d3N, CITACI\u00d3N, LIQUIDACI\u00d3N, GIRO Y QUERELLA SII\" \/>\n<meta property=\"og:url\" content=\"https:\/\/a-tributario.cl\/index.php\/delito-tributario-facturas-ideologicamente-falsas\/\" \/>\n<meta property=\"og:site_name\" content=\"ABOGADO TRIBUTARIO R&amp;R\" \/>\n<meta property=\"article:publisher\" content=\"https:\/\/www.facebook.com\/AbogadosTributariosIUS\/\" \/>\n<meta property=\"article:modified_time\" content=\"2021-12-24T23:09:15+00:00\" \/>\n<meta name=\"twitter:card\" content=\"summary_large_image\" \/>\n<meta name=\"twitter:site\" content=\"@ius_asesores\" \/>\n<meta name=\"twitter:label1\" content=\"Tiempo de lectura\" \/>\n\t<meta name=\"twitter:data1\" content=\"1 minuto\" \/>\n<script type=\"application\/ld+json\" class=\"yoast-schema-graph\">{\"@context\":\"https:\/\/schema.org\",\"@graph\":[{\"@type\":\"WebPage\",\"@id\":\"https:\/\/a-tributario.cl\/index.php\/delito-tributario-facturas-ideologicamente-falsas\/\",\"url\":\"https:\/\/a-tributario.cl\/index.php\/delito-tributario-facturas-ideologicamente-falsas\/\",\"name\":\"DELITO TRIBUTARIO -FACTURAS IDEOL\u00d3GICAMENTE FALSAS -\",\"isPartOf\":{\"@id\":\"https:\/\/a-tributario.cl\/#website\"},\"datePublished\":\"2019-06-06T21:10:09+00:00\",\"dateModified\":\"2021-12-24T23:09:15+00:00\",\"description\":\"DELITO TRIBUTARIO, FACTURAS IDEOLOGICAMENTE FALSAS, DEFENSA TRIBUTARIA ANTE FISCALIZACI\u00d3N, CITACI\u00d3N, LIQUIDACI\u00d3N, GIRO Y QUERELLA SII\",\"breadcrumb\":{\"@id\":\"https:\/\/a-tributario.cl\/index.php\/delito-tributario-facturas-ideologicamente-falsas\/#breadcrumb\"},\"inLanguage\":\"es\",\"potentialAction\":[{\"@type\":\"ReadAction\",\"target\":[\"https:\/\/a-tributario.cl\/index.php\/delito-tributario-facturas-ideologicamente-falsas\/\"]}]},{\"@type\":\"BreadcrumbList\",\"@id\":\"https:\/\/a-tributario.cl\/index.php\/delito-tributario-facturas-ideologicamente-falsas\/#breadcrumb\",\"itemListElement\":[{\"@type\":\"ListItem\",\"position\":1,\"name\":\"Portada\",\"item\":\"https:\/\/a-tributario.cl\/\"},{\"@type\":\"ListItem\",\"position\":2,\"name\":\"DELITO TRIBUTARIO - FACTURA IDEOL\u00d3GICAMENTE FALSA - FISCALIZACI\u00d3N, CITACI\u00d3N, LIQUIDACI\u00d3N Y GIRO\"}]},{\"@type\":\"WebSite\",\"@id\":\"https:\/\/a-tributario.cl\/#website\",\"url\":\"https:\/\/a-tributario.cl\/\",\"name\":\"ABOGADO TRIBUTARIO R&amp;R\",\"description\":\"ASESOR\u00cdA TRIBUTARIA, DEFENSA LIQUIDACI\u00d3N Y GIRO SII, PRESCRIPCI\u00d3N IMPUESTOS DEFENSA COBRO TESORER\u00cdA\",\"publisher\":{\"@id\":\"https:\/\/a-tributario.cl\/#organization\"},\"potentialAction\":[{\"@type\":\"SearchAction\",\"target\":{\"@type\":\"EntryPoint\",\"urlTemplate\":\"https:\/\/a-tributario.cl\/?s={search_term_string}\"},\"query-input\":\"required name=search_term_string\"}],\"inLanguage\":\"es\"},{\"@type\":\"Organization\",\"@id\":\"https:\/\/a-tributario.cl\/#organization\",\"name\":\"Abogado Tributario Let\",\"url\":\"https:\/\/a-tributario.cl\/\",\"logo\":{\"@type\":\"ImageObject\",\"inLanguage\":\"es\",\"@id\":\"https:\/\/a-tributario.cl\/#\/schema\/logo\/image\/\",\"url\":\"https:\/\/a-tributario.cl\/wp-content\/uploads\/2019\/04\/Image-2018-e1556290954199.jpeg\",\"contentUrl\":\"https:\/\/a-tributario.cl\/wp-content\/uploads\/2019\/04\/Image-2018-e1556290954199.jpeg\",\"width\":128,\"height\":128,\"caption\":\"Abogado Tributario Let\"},\"image\":{\"@id\":\"https:\/\/a-tributario.cl\/#\/schema\/logo\/image\/\"},\"sameAs\":[\"https:\/\/www.facebook.com\/AbogadosTributariosIUS\/\",\"https:\/\/twitter.com\/ius_asesores\",\"https:\/\/www.linkedin.com\/in\/abogadotributario\/\"]}]}<\/script>\n<!-- \/ Yoast SEO plugin. -->","yoast_head_json":{"title":"DELITO TRIBUTARIO -FACTURAS IDEOL\u00d3GICAMENTE FALSAS -","description":"DELITO TRIBUTARIO, FACTURAS IDEOLOGICAMENTE FALSAS, DEFENSA TRIBUTARIA ANTE FISCALIZACI\u00d3N, CITACI\u00d3N, LIQUIDACI\u00d3N, GIRO Y QUERELLA SII","robots":{"index":"index","follow":"follow","max-snippet":"max-snippet:-1","max-image-preview":"max-image-preview:large","max-video-preview":"max-video-preview:-1"},"canonical":"https:\/\/a-tributario.cl\/index.php\/delito-tributario-facturas-ideologicamente-falsas\/","og_locale":"es_ES","og_type":"article","og_title":"DELITO TRIBUTARIO -FACTURAS IDEOL\u00d3GICAMENTE FALSAS -","og_description":"DELITO TRIBUTARIO, FACTURAS IDEOLOGICAMENTE FALSAS, DEFENSA TRIBUTARIA ANTE FISCALIZACI\u00d3N, CITACI\u00d3N, LIQUIDACI\u00d3N, GIRO Y QUERELLA SII","og_url":"https:\/\/a-tributario.cl\/index.php\/delito-tributario-facturas-ideologicamente-falsas\/","og_site_name":"ABOGADO TRIBUTARIO R&amp;R","article_publisher":"https:\/\/www.facebook.com\/AbogadosTributariosIUS\/","article_modified_time":"2021-12-24T23:09:15+00:00","twitter_card":"summary_large_image","twitter_site":"@ius_asesores","twitter_misc":{"Tiempo de lectura":"1 minuto"},"schema":{"@context":"https:\/\/schema.org","@graph":[{"@type":"WebPage","@id":"https:\/\/a-tributario.cl\/index.php\/delito-tributario-facturas-ideologicamente-falsas\/","url":"https:\/\/a-tributario.cl\/index.php\/delito-tributario-facturas-ideologicamente-falsas\/","name":"DELITO TRIBUTARIO -FACTURAS IDEOL\u00d3GICAMENTE FALSAS -","isPartOf":{"@id":"https:\/\/a-tributario.cl\/#website"},"datePublished":"2019-06-06T21:10:09+00:00","dateModified":"2021-12-24T23:09:15+00:00","description":"DELITO TRIBUTARIO, FACTURAS IDEOLOGICAMENTE FALSAS, DEFENSA TRIBUTARIA ANTE FISCALIZACI\u00d3N, CITACI\u00d3N, LIQUIDACI\u00d3N, GIRO Y QUERELLA SII","breadcrumb":{"@id":"https:\/\/a-tributario.cl\/index.php\/delito-tributario-facturas-ideologicamente-falsas\/#breadcrumb"},"inLanguage":"es","potentialAction":[{"@type":"ReadAction","target":["https:\/\/a-tributario.cl\/index.php\/delito-tributario-facturas-ideologicamente-falsas\/"]}]},{"@type":"BreadcrumbList","@id":"https:\/\/a-tributario.cl\/index.php\/delito-tributario-facturas-ideologicamente-falsas\/#breadcrumb","itemListElement":[{"@type":"ListItem","position":1,"name":"Portada","item":"https:\/\/a-tributario.cl\/"},{"@type":"ListItem","position":2,"name":"DELITO TRIBUTARIO - FACTURA IDEOL\u00d3GICAMENTE FALSA - FISCALIZACI\u00d3N, CITACI\u00d3N, LIQUIDACI\u00d3N Y GIRO"}]},{"@type":"WebSite","@id":"https:\/\/a-tributario.cl\/#website","url":"https:\/\/a-tributario.cl\/","name":"ABOGADO TRIBUTARIO R&amp;R","description":"ASESOR\u00cdA TRIBUTARIA, DEFENSA LIQUIDACI\u00d3N Y GIRO SII, PRESCRIPCI\u00d3N IMPUESTOS DEFENSA COBRO TESORER\u00cdA","publisher":{"@id":"https:\/\/a-tributario.cl\/#organization"},"potentialAction":[{"@type":"SearchAction","target":{"@type":"EntryPoint","urlTemplate":"https:\/\/a-tributario.cl\/?s={search_term_string}"},"query-input":"required name=search_term_string"}],"inLanguage":"es"},{"@type":"Organization","@id":"https:\/\/a-tributario.cl\/#organization","name":"Abogado Tributario Let","url":"https:\/\/a-tributario.cl\/","logo":{"@type":"ImageObject","inLanguage":"es","@id":"https:\/\/a-tributario.cl\/#\/schema\/logo\/image\/","url":"https:\/\/a-tributario.cl\/wp-content\/uploads\/2019\/04\/Image-2018-e1556290954199.jpeg","contentUrl":"https:\/\/a-tributario.cl\/wp-content\/uploads\/2019\/04\/Image-2018-e1556290954199.jpeg","width":128,"height":128,"caption":"Abogado Tributario Let"},"image":{"@id":"https:\/\/a-tributario.cl\/#\/schema\/logo\/image\/"},"sameAs":["https:\/\/www.facebook.com\/AbogadosTributariosIUS\/","https:\/\/twitter.com\/ius_asesores","https:\/\/www.linkedin.com\/in\/abogadotributario\/"]}]}},"_links":{"self":[{"href":"https:\/\/a-tributario.cl\/index.php\/wp-json\/wp\/v2\/pages\/2801"}],"collection":[{"href":"https:\/\/a-tributario.cl\/index.php\/wp-json\/wp\/v2\/pages"}],"about":[{"href":"https:\/\/a-tributario.cl\/index.php\/wp-json\/wp\/v2\/types\/page"}],"author":[{"embeddable":true,"href":"https:\/\/a-tributario.cl\/index.php\/wp-json\/wp\/v2\/users\/1"}],"replies":[{"embeddable":true,"href":"https:\/\/a-tributario.cl\/index.php\/wp-json\/wp\/v2\/comments?post=2801"}],"version-history":[{"count":27,"href":"https:\/\/a-tributario.cl\/index.php\/wp-json\/wp\/v2\/pages\/2801\/revisions"}],"predecessor-version":[{"id":5519,"href":"https:\/\/a-tributario.cl\/index.php\/wp-json\/wp\/v2\/pages\/2801\/revisions\/5519"}],"wp:attachment":[{"href":"https:\/\/a-tributario.cl\/index.php\/wp-json\/wp\/v2\/media?parent=2801"}],"curies":[{"name":"wp","href":"https:\/\/api.w.org\/{rel}","templated":true}]}}