{"id":2828,"date":"2019-06-09T01:35:00","date_gmt":"2019-06-09T01:35:00","guid":{"rendered":"https:\/\/www.a-tributario.cl\/?page_id=2828"},"modified":"2023-12-15T03:01:35","modified_gmt":"2023-12-15T03:01:35","slug":"prescripcion-impuestos-chile-2","status":"publish","type":"page","link":"https:\/\/a-tributario.cl\/index.php\/prescripcion-impuestos-chile-2\/","title":{"rendered":"PRESCRIPCI\u00d3N IMPUESTOS"},"content":{"rendered":"[vc_row][vc_column width=\u00bb1\/2&#8243;][vc_cta h2=\u00bb\u00bb]<h3 style=\"text-align: left;\"><span style=\"vertical-align: inherit;\">SOLUCI\u00d3N A LA DEUDA DE IVA Y\/O RENTA<\/span><\/h3>\n<h4 style=\"text-align: left;\"><span style=\"vertical-align: inherit;\">LA PRESCRIPCI\u00d3N DE IMPUESTOS O PRESCRIPCI\u00d3N TRIBUTARIA LIBERA AL CONTRIBUYENTE DE LA DEUDA DE IMPUESTO<\/span><\/h4>\n<p><!-- \/wp:paragraph --><\/p>\n<p><!-- \/wp:paragraph --><\/p>\n<p><!-- wp:paragraph --><\/p>\n<p style=\"text-align: left;\"><span style=\"vertical-align: inherit;\">Liberamos de la deuda de <\/span><span style=\"vertical-align: inherit;\">impuestos al contribuyente. Nuestra asesor\u00eda tributaria y defensa especializada <\/span><span style=\"vertical-align: inherit;\">permite extinguir (eliminar) su deuda de impuestos. Esto se puede hacer v\u00eda <\/span><span style=\"vertical-align: inherit;\">excepci\u00f3n o acci\u00f3n dependiendo del estado del cobro <\/span><\/p>\n<p style=\"text-align: left;\"><span style=\"vertical-align: inherit;\">Se debe tener presente<\/span><\/p>\n<p style=\"text-align: left;\"><span style=\"vertical-align: inherit;\">Todas las deudas prescriben<\/span><\/p>\n<p style=\"text-align: left;\"><span style=\"vertical-align: inherit;\">La prescripci\u00f3n no opera de oficio, debe declararse judicialmente<\/span><\/p>\n<p style=\"text-align: left;\"><span style=\"vertical-align: inherit;\">Por otro lado debe tenerse presente que la prescripci\u00f3n se interrumpe con el inicio del cobro por parte de Tesorer\u00eda. Lo que tiene una soluci\u00f3n, en la que somos<\/span> <span style=\"vertical-align: inherit;\">especialistas<\/span><\/p>\n<p><strong><span style=\"color: #003300;\"><a style=\"color: #003300;\" href=\"https:\/\/www.google.com\/search?q=ABOGADO+ALEJANDRO+RAMIREZ+VALDIVIA&amp;newwindow=1&amp;sxsrf=ALiCzsbtKAnHOvZvFJq8DL_zSujCZtuQzg:1652901606391&amp;ei=5kaFYpGnF-681sQP-oyvyAc&amp;start=0&amp;sa=N&amp;ved=2ahUKEwiRsuOo4un3AhVunpUCHXrGC3k4ChDy0wN6BAgBED0&amp;biw=1517&amp;bih=694&amp;dpr=0.9\" target=\"_blank\" rel=\"noopener\">ALEJANDRO RAMIREZ VALDIVIA &#8211; ABOGADO TRIBUTARISTA<\/a><\/span><\/strong><\/p>\n<p style=\"text-align: center;\">VER<\/p>\n<p><blockquote class=\"wp-embedded-content\" data-secret=\"ZD5sPNTycq\"><a href=\"https:\/\/abogados-ryr.cl\/prescripcion-de-impuestos\/\">Prescripci\u00f3n de Impuestos<\/a><\/blockquote><iframe class=\"wp-embedded-content\" sandbox=\"allow-scripts\" security=\"restricted\" style=\"position: absolute; clip: rect(1px, 1px, 1px, 1px);\" title=\"\u00abPrescripci\u00f3n de Impuestos\u00bb \u2014 R y R\" src=\"https:\/\/abogados-ryr.cl\/prescripcion-de-impuestos\/embed\/#?secret=q5HjuXNgas#?secret=ZD5sPNTycq\" data-secret=\"ZD5sPNTycq\" width=\"500\" height=\"282\" frameborder=\"0\" marginwidth=\"0\" marginheight=\"0\" scrolling=\"no\"><\/iframe><\/p>\n<p>&nbsp;<\/p>\n<p><!--more--><\/p>[\/vc_cta][vc_column_text][\/vc_column_text][\/vc_column][vc_column width=\u00bb1\/2&#8243;][vc_video link=\u00bbhttps:\/\/youtu.be\/OU_r7asdSEo\u00bb][vc_column_text]<p><!-- wp:html --><\/p>\n<p><!-- \/wp:html --><\/p>\n<p><!-- wp:paragraph --><\/p>\n<p><blockquote class=\"wp-embedded-content\" data-secret=\"PJdDJJBTZe\"><a href=\"https:\/\/a-tributario.cl\/index.php\/contacto\/\">CONTACTO<\/a><\/blockquote><iframe class=\"wp-embedded-content\" sandbox=\"allow-scripts\" security=\"restricted\" style=\"position: absolute; clip: rect(1px, 1px, 1px, 1px);\" title=\"&#8220;CONTACTO&#8221; &#8212; ABOGADO TRIBUTARIO LET 950959243\" src=\"https:\/\/a-tributario.cl\/index.php\/contacto\/embed\/#?secret=PJdDJJBTZe\" data-secret=\"PJdDJJBTZe\" width=\"500\" height=\"282\" frameborder=\"0\" marginwidth=\"0\" marginheight=\"0\" scrolling=\"no\"><\/iframe><\/p>\n<p><blockquote class=\"wp-embedded-content\" data-secret=\"JQRVtUUAPN\"><a href=\"https:\/\/a-tributario.cl\/index.php\/sentencias-prescripcion-tributaria\/\">SENTENCIAS  PRESCRIPCION TRIBUTARIA<\/a><\/blockquote><iframe class=\"wp-embedded-content\" sandbox=\"allow-scripts\" security=\"restricted\" style=\"position: absolute; clip: rect(1px, 1px, 1px, 1px);\" title=\"&#8220;SENTENCIAS  PRESCRIPCION TRIBUTARIA&#8221; &#8212; ABOGADO TRIBUTARIO LET 950959243\" src=\"https:\/\/a-tributario.cl\/index.php\/sentencias-prescripcion-tributaria\/embed\/#?secret=JQRVtUUAPN\" data-secret=\"JQRVtUUAPN\" width=\"500\" height=\"282\" frameborder=\"0\" marginwidth=\"0\" marginheight=\"0\" scrolling=\"no\"><\/iframe><\/p>[\/vc_column_text][\/vc_column][\/vc_row][vc_row][vc_column][vc_cta h2=\u00bbPRESCRIPCI\u00d3N IMPUESTOS\u00bb]<h3 style=\"text-align: left;\"><span style=\"vertical-align: inherit;\">COMO SE OBTIENE<\/span><\/h3>\n<p style=\"text-align: left;\"><span style=\"vertical-align: inherit;\">Dado que la prescripci\u00f3n se interrumpe con la notificaci\u00f3n, y todas las deudas son notificadas por Tesorer\u00eda desde el Inicio. No es posible solicitarla de inmediato, lo que constituye un error muy com\u00fan. Esto debe ser presentado y tramitado solo por expertos en la materia. En ABOGADO TRIBUTARIO LET, contamos con a\u00f1os de experiencia\u00a0 en la materia<\/span><\/p>\n<p style=\"text-align: center;\"><span style=\"color: #003300;\"><strong><a style=\"color: #003300;\" href=\"https:\/\/www.a-tributario.cl\/index.php\/sentencias-judiciales\/\" target=\"_blank\" rel=\"noopener noreferrer\"><span style=\"vertical-align: inherit;\">VEA<\/span><\/a><\/strong><\/span><\/p>\n<p style=\"text-align: center;\"><span style=\"color: #003300;\"><strong><a style=\"color: #003300;\" href=\"https:\/\/www.a-tributario.cl\/index.php\/sentencias-judiciales\/\" target=\"_blank\" rel=\"noopener noreferrer\"><span style=\"vertical-align: inherit;\">SENTENCIAS FAVORABLES AL CONTRIBUYENTE<\/span><\/a><\/strong><\/span><\/p>\n<p style=\"text-align: center;\"><span style=\"color: #003300;\"><strong><a style=\"color: #003300;\" href=\"https:\/\/www.a-tributario.cl\/index.php\/contacto\/\" target=\"_blank\" rel=\"noopener noreferrer\"><span style=\"vertical-align: inherit;\">CONSULTE GRATUITAMENTE<\/span><\/a><\/strong><\/span>\u00a0<\/p>\n<p><!-- \/wp:paragraph --><\/p>\n<p><!-- wp:paragraph --><\/p>\n<h3 style=\"text-align: left;\"><span style=\"vertical-align: inherit;\">QUE ES LA PRESCRIPCI\u00d3N\u00a0<\/span><span style=\"vertical-align: inherit;\">DEL COBRO DE <\/span><span style=\"vertical-align: inherit;\">IMPUESTOS <\/span><span style=\"vertical-align: inherit;\">(TESORER\u00cdA)<\/span><\/h3>\n<p><!-- \/wp:paragraph --><\/p>\n<p><!-- wp:paragraph --><\/p>\n<p style=\"text-align: left;\"><span style=\"vertical-align: inherit;\">Es la <\/span><span style=\"vertical-align: inherit;\">extinci\u00f3n (terminaci\u00f3n o fin de una cosa) de la deuda de impuestos por el <\/span><span style=\"vertical-align: inherit;\">transcurso del tiempo. <\/span><span style=\"vertical-align: inherit;\">Solo se <\/span><span style=\"vertical-align: inherit;\">puede solicitar como excepci\u00f3n en el plazo de 10 d\u00edas despu\u00e9s de ser notificado <\/span><span style=\"vertical-align: inherit;\">el Contribuyente o v\u00eda acci\u00f3n antes de ser notificado, esto porque la <\/span><span style=\"vertical-align: inherit;\">notificaci\u00f3n interrumpe la prescripci\u00f3n.<\/span><\/p>\n<p><!-- \/wp:paragraph --><\/p>\n<p><!-- wp:paragraph --><\/p>\n<p><!-- \/wp:paragraph --><\/p>\n<p><!-- wp:paragraph --><\/p>\n<p style=\"text-align: center;\"><strong><span style=\"color: #003300;\">\u00a0 V<span style=\"vertical-align: inherit;\"><span id=\"addon-section\"><a style=\"color: #003300;\" href=\"https:\/\/www.a-tributario.cl\/index.php\/prescripcion-impuestos-codigo-tributario\/\" target=\"_blank\" rel=\"noreferrer noopener\" aria-label=\"(abrir en una nueva pesta\u00f1a)\">er ART 201 del C\u00f3digo Tributario<\/a><\/span><\/span><\/span><\/strong><\/p>\n<p><!-- \/wp:paragraph --><\/p>\n<p><!-- wp:paragraph --><\/p>\n<h3 style=\"text-align: left;\"><span style=\"vertical-align: inherit;\">V\u00cdA\u00a0EXCEPCI\u00d3N<\/span><\/h3>\n<p><!-- \/wp:paragraph --><\/p>\n<p><!-- wp:paragraph --><\/p>\n<p><span style=\"vertical-align: inherit;\">La defensa v\u00eda excepci\u00f3n, debe ser interpuesta en el plazo de 10 d\u00edas, <\/span><span style=\"vertical-align: inherit;\">posteriores a la notificaci\u00f3n personal de la demanda. <\/span>Si la notificaci\u00f3n es por c\u00e9dula, el plazo para alegar la prescripci\u00f3n <span style=\"vertical-align: inherit;\">comenzar\u00e1 a contar de\u00a0 la fecha del primer embargo<\/span><\/p>\n<p><!-- \/wp:paragraph --><\/p>\n<p><!-- wp:paragraph --><\/p>\n<h3 style=\"text-align: left;\"><span style=\"vertical-align: inherit;\">V\u00cdA\u00a0ACCI\u00d3N<\/span><\/h3>\n<p><!-- \/wp:paragraph --><\/p>\n<p><!-- wp:paragraph --><\/p>\n<p><span style=\"vertical-align: inherit;\">Esta se realiza v\u00eda demanda ordinaria ante un tribunal civil, y procede <\/span><span style=\"vertical-align: inherit;\">en el caso de no haber sido notificado el contribuyente, o si la notificaci\u00f3n <\/span><span style=\"vertical-align: inherit;\">de Tesorer\u00eda se hubiere dejado sin efecto<\/span><\/p>\n<p style=\"text-align: center;\"><span style=\"color: #003300;\"><strong>\u00a0<a style=\"color: #003300;\" href=\"https:\/\/www.a-tributario.cl\/index.php\/prescripcion-impuestos-codigo-tributario\/\" target=\"_blank\" rel=\"noreferrer noopener\" aria-label=\"(abrir en una nueva pesta\u00f1a)\"><span style=\"vertical-align: inherit;\"> VER <span class=\"addon-in-original-link addon-citation addon-tooltip\" data-vids=\"238902154\">CODIGO TRIBUTARIO<\/span><\/span><\/a><\/strong><\/span><\/p>[\/vc_cta][\/vc_column][\/vc_row]","protected":false},"excerpt":{"rendered":"<p>[vc_row][vc_column width=\u00bb1\/2&#8243;][vc_cta h2=\u00bb\u00bb] SOLUCI\u00d3N A LA DEUDA DE IVA Y\/O RENTA LA PRESCRIPCI\u00d3N DE IMPUESTOS O PRESCRIPCI\u00d3N TRIBUTARIA LIBERA AL CONTRIBUYENTE DE LA DEUDA DE IMPUESTO Liberamos de la deuda de impuestos al contribuyente. Nuestra asesor\u00eda tributaria y defensa especializada permite extinguir (eliminar) su deuda de impuestos. Esto se puede hacer v\u00eda excepci\u00f3n o acci\u00f3n [&hellip;]<\/p>\n","protected":false},"author":1,"featured_media":0,"parent":0,"menu_order":0,"comment_status":"closed","ping_status":"closed","template":"","meta":{"_monsterinsights_skip_tracking":false,"_monsterinsights_sitenote_active":false,"_monsterinsights_sitenote_note":"","_monsterinsights_sitenote_category":0,"footnotes":"","_joinchat":[]},"yoast_head":"<!-- This site is optimized with the Yoast SEO plugin v21.5 - https:\/\/yoast.com\/wordpress\/plugins\/seo\/ -->\n<title>PRESCRIPCION IMPUESTOS - 950959243 - DEUDA IVA - RENTA<\/title>\n<meta name=\"description\" content=\"PRECRIPCI\u00d3N IMPUESTOS IVA - RENTA CHILE, PRESCRIPCI\u00d3N DEUDA IMPUESTO, PRESCRIPCI\u00d3N TRIBUTARIA, PRESCRIPCION COBRO IMPUESTO, SOLUCI\u00d3N DEUDA IMPUESTOS\" \/>\n<meta name=\"robots\" content=\"index, follow, max-snippet:-1, max-image-preview:large, max-video-preview:-1\" \/>\n<link rel=\"canonical\" href=\"https:\/\/a-tributario.cl\/index.php\/prescripcion-impuestos-chile-2\/\" \/>\n<meta property=\"og:locale\" content=\"es_ES\" \/>\n<meta property=\"og:type\" content=\"article\" \/>\n<meta property=\"og:title\" content=\"PRESCRIPCION IMPUESTOS - 950959243 - DEUDA IVA - RENTA\" \/>\n<meta property=\"og:description\" content=\"PRECRIPCI\u00d3N IMPUESTOS IVA - RENTA CHILE, PRESCRIPCI\u00d3N DEUDA IMPUESTO, PRESCRIPCI\u00d3N TRIBUTARIA, PRESCRIPCION COBRO IMPUESTO, SOLUCI\u00d3N DEUDA IMPUESTOS\" \/>\n<meta property=\"og:url\" content=\"https:\/\/a-tributario.cl\/index.php\/prescripcion-impuestos-chile-2\/\" \/>\n<meta property=\"og:site_name\" content=\"ABOGADO TRIBUTARIO R&amp;R\" \/>\n<meta property=\"article:publisher\" content=\"https:\/\/www.facebook.com\/AbogadosTributariosIUS\/\" \/>\n<meta property=\"article:modified_time\" content=\"2023-12-15T03:01:35+00:00\" \/>\n<meta name=\"twitter:card\" content=\"summary_large_image\" \/>\n<meta name=\"twitter:site\" content=\"@ius_asesores\" \/>\n<meta name=\"twitter:label1\" content=\"Tiempo de lectura\" \/>\n\t<meta name=\"twitter:data1\" content=\"3 minutos\" \/>\n<script type=\"application\/ld+json\" class=\"yoast-schema-graph\">{\"@context\":\"https:\/\/schema.org\",\"@graph\":[{\"@type\":\"WebPage\",\"@id\":\"https:\/\/a-tributario.cl\/index.php\/prescripcion-impuestos-chile-2\/\",\"url\":\"https:\/\/a-tributario.cl\/index.php\/prescripcion-impuestos-chile-2\/\",\"name\":\"PRESCRIPCION IMPUESTOS - 950959243 - DEUDA IVA - RENTA\",\"isPartOf\":{\"@id\":\"https:\/\/a-tributario.cl\/#website\"},\"datePublished\":\"2019-06-09T01:35:00+00:00\",\"dateModified\":\"2023-12-15T03:01:35+00:00\",\"description\":\"PRECRIPCI\u00d3N IMPUESTOS IVA - RENTA CHILE, PRESCRIPCI\u00d3N DEUDA IMPUESTO, PRESCRIPCI\u00d3N TRIBUTARIA, PRESCRIPCION COBRO IMPUESTO, SOLUCI\u00d3N DEUDA IMPUESTOS\",\"breadcrumb\":{\"@id\":\"https:\/\/a-tributario.cl\/index.php\/prescripcion-impuestos-chile-2\/#breadcrumb\"},\"inLanguage\":\"es\",\"potentialAction\":[{\"@type\":\"ReadAction\",\"target\":[\"https:\/\/a-tributario.cl\/index.php\/prescripcion-impuestos-chile-2\/\"]}]},{\"@type\":\"BreadcrumbList\",\"@id\":\"https:\/\/a-tributario.cl\/index.php\/prescripcion-impuestos-chile-2\/#breadcrumb\",\"itemListElement\":[{\"@type\":\"ListItem\",\"position\":1,\"name\":\"Portada\",\"item\":\"https:\/\/a-tributario.cl\/\"},{\"@type\":\"ListItem\",\"position\":2,\"name\":\"PRESCRIPCI\u00d3N IMPUESTO DEUDA IVA RENTA SII\"}]},{\"@type\":\"WebSite\",\"@id\":\"https:\/\/a-tributario.cl\/#website\",\"url\":\"https:\/\/a-tributario.cl\/\",\"name\":\"ABOGADO TRIBUTARIO R&amp;R\",\"description\":\"ASESOR\u00cdA TRIBUTARIA, DEFENSA LIQUIDACI\u00d3N Y GIRO SII, PRESCRIPCI\u00d3N IMPUESTOS DEFENSA COBRO TESORER\u00cdA\",\"publisher\":{\"@id\":\"https:\/\/a-tributario.cl\/#organization\"},\"potentialAction\":[{\"@type\":\"SearchAction\",\"target\":{\"@type\":\"EntryPoint\",\"urlTemplate\":\"https:\/\/a-tributario.cl\/?s={search_term_string}\"},\"query-input\":\"required name=search_term_string\"}],\"inLanguage\":\"es\"},{\"@type\":\"Organization\",\"@id\":\"https:\/\/a-tributario.cl\/#organization\",\"name\":\"Abogado Tributario Let\",\"url\":\"https:\/\/a-tributario.cl\/\",\"logo\":{\"@type\":\"ImageObject\",\"inLanguage\":\"es\",\"@id\":\"https:\/\/a-tributario.cl\/#\/schema\/logo\/image\/\",\"url\":\"https:\/\/a-tributario.cl\/wp-content\/uploads\/2019\/04\/Image-2018-e1556290954199.jpeg\",\"contentUrl\":\"https:\/\/a-tributario.cl\/wp-content\/uploads\/2019\/04\/Image-2018-e1556290954199.jpeg\",\"width\":128,\"height\":128,\"caption\":\"Abogado Tributario Let\"},\"image\":{\"@id\":\"https:\/\/a-tributario.cl\/#\/schema\/logo\/image\/\"},\"sameAs\":[\"https:\/\/www.facebook.com\/AbogadosTributariosIUS\/\",\"https:\/\/twitter.com\/ius_asesores\",\"https:\/\/www.linkedin.com\/in\/abogadotributario\/\"]}]}<\/script>\n<!-- \/ Yoast SEO plugin. -->","yoast_head_json":{"title":"PRESCRIPCION IMPUESTOS - 950959243 - DEUDA IVA - RENTA","description":"PRECRIPCI\u00d3N IMPUESTOS IVA - RENTA CHILE, PRESCRIPCI\u00d3N DEUDA IMPUESTO, PRESCRIPCI\u00d3N TRIBUTARIA, PRESCRIPCION COBRO IMPUESTO, SOLUCI\u00d3N DEUDA IMPUESTOS","robots":{"index":"index","follow":"follow","max-snippet":"max-snippet:-1","max-image-preview":"max-image-preview:large","max-video-preview":"max-video-preview:-1"},"canonical":"https:\/\/a-tributario.cl\/index.php\/prescripcion-impuestos-chile-2\/","og_locale":"es_ES","og_type":"article","og_title":"PRESCRIPCION IMPUESTOS - 950959243 - DEUDA IVA - RENTA","og_description":"PRECRIPCI\u00d3N IMPUESTOS IVA - RENTA CHILE, PRESCRIPCI\u00d3N DEUDA IMPUESTO, PRESCRIPCI\u00d3N TRIBUTARIA, PRESCRIPCION COBRO IMPUESTO, SOLUCI\u00d3N DEUDA IMPUESTOS","og_url":"https:\/\/a-tributario.cl\/index.php\/prescripcion-impuestos-chile-2\/","og_site_name":"ABOGADO TRIBUTARIO R&amp;R","article_publisher":"https:\/\/www.facebook.com\/AbogadosTributariosIUS\/","article_modified_time":"2023-12-15T03:01:35+00:00","twitter_card":"summary_large_image","twitter_site":"@ius_asesores","twitter_misc":{"Tiempo de lectura":"3 minutos"},"schema":{"@context":"https:\/\/schema.org","@graph":[{"@type":"WebPage","@id":"https:\/\/a-tributario.cl\/index.php\/prescripcion-impuestos-chile-2\/","url":"https:\/\/a-tributario.cl\/index.php\/prescripcion-impuestos-chile-2\/","name":"PRESCRIPCION IMPUESTOS - 950959243 - DEUDA IVA - RENTA","isPartOf":{"@id":"https:\/\/a-tributario.cl\/#website"},"datePublished":"2019-06-09T01:35:00+00:00","dateModified":"2023-12-15T03:01:35+00:00","description":"PRECRIPCI\u00d3N IMPUESTOS IVA - RENTA CHILE, PRESCRIPCI\u00d3N DEUDA IMPUESTO, PRESCRIPCI\u00d3N TRIBUTARIA, PRESCRIPCION COBRO IMPUESTO, SOLUCI\u00d3N DEUDA IMPUESTOS","breadcrumb":{"@id":"https:\/\/a-tributario.cl\/index.php\/prescripcion-impuestos-chile-2\/#breadcrumb"},"inLanguage":"es","potentialAction":[{"@type":"ReadAction","target":["https:\/\/a-tributario.cl\/index.php\/prescripcion-impuestos-chile-2\/"]}]},{"@type":"BreadcrumbList","@id":"https:\/\/a-tributario.cl\/index.php\/prescripcion-impuestos-chile-2\/#breadcrumb","itemListElement":[{"@type":"ListItem","position":1,"name":"Portada","item":"https:\/\/a-tributario.cl\/"},{"@type":"ListItem","position":2,"name":"PRESCRIPCI\u00d3N IMPUESTO DEUDA IVA RENTA SII"}]},{"@type":"WebSite","@id":"https:\/\/a-tributario.cl\/#website","url":"https:\/\/a-tributario.cl\/","name":"ABOGADO TRIBUTARIO R&amp;R","description":"ASESOR\u00cdA TRIBUTARIA, DEFENSA LIQUIDACI\u00d3N Y GIRO SII, PRESCRIPCI\u00d3N IMPUESTOS DEFENSA COBRO TESORER\u00cdA","publisher":{"@id":"https:\/\/a-tributario.cl\/#organization"},"potentialAction":[{"@type":"SearchAction","target":{"@type":"EntryPoint","urlTemplate":"https:\/\/a-tributario.cl\/?s={search_term_string}"},"query-input":"required name=search_term_string"}],"inLanguage":"es"},{"@type":"Organization","@id":"https:\/\/a-tributario.cl\/#organization","name":"Abogado Tributario Let","url":"https:\/\/a-tributario.cl\/","logo":{"@type":"ImageObject","inLanguage":"es","@id":"https:\/\/a-tributario.cl\/#\/schema\/logo\/image\/","url":"https:\/\/a-tributario.cl\/wp-content\/uploads\/2019\/04\/Image-2018-e1556290954199.jpeg","contentUrl":"https:\/\/a-tributario.cl\/wp-content\/uploads\/2019\/04\/Image-2018-e1556290954199.jpeg","width":128,"height":128,"caption":"Abogado Tributario Let"},"image":{"@id":"https:\/\/a-tributario.cl\/#\/schema\/logo\/image\/"},"sameAs":["https:\/\/www.facebook.com\/AbogadosTributariosIUS\/","https:\/\/twitter.com\/ius_asesores","https:\/\/www.linkedin.com\/in\/abogadotributario\/"]}]}},"_links":{"self":[{"href":"https:\/\/a-tributario.cl\/index.php\/wp-json\/wp\/v2\/pages\/2828"}],"collection":[{"href":"https:\/\/a-tributario.cl\/index.php\/wp-json\/wp\/v2\/pages"}],"about":[{"href":"https:\/\/a-tributario.cl\/index.php\/wp-json\/wp\/v2\/types\/page"}],"author":[{"embeddable":true,"href":"https:\/\/a-tributario.cl\/index.php\/wp-json\/wp\/v2\/users\/1"}],"replies":[{"embeddable":true,"href":"https:\/\/a-tributario.cl\/index.php\/wp-json\/wp\/v2\/comments?post=2828"}],"version-history":[{"count":71,"href":"https:\/\/a-tributario.cl\/index.php\/wp-json\/wp\/v2\/pages\/2828\/revisions"}],"predecessor-version":[{"id":5808,"href":"https:\/\/a-tributario.cl\/index.php\/wp-json\/wp\/v2\/pages\/2828\/revisions\/5808"}],"wp:attachment":[{"href":"https:\/\/a-tributario.cl\/index.php\/wp-json\/wp\/v2\/media?parent=2828"}],"curies":[{"name":"wp","href":"https:\/\/api.w.org\/{rel}","templated":true}]}}