{"id":2850,"date":"2019-06-09T03:32:15","date_gmt":"2019-06-09T03:32:15","guid":{"rendered":"https:\/\/www.a-tributario.cl\/?page_id=2850"},"modified":"2023-12-06T23:51:46","modified_gmt":"2023-12-06T23:51:46","slug":"prescripcion-de-la-accion-fiscalizadora-del-sii","status":"publish","type":"page","link":"https:\/\/a-tributario.cl\/index.php\/prescripcion-de-la-accion-fiscalizadora-del-sii\/","title":{"rendered":"PRESCRIPCION DE LA ACCION FISCALIZADORA DEL SII"},"content":{"rendered":"[vc_row][vc_column width=\u00bb1\/2&#8243;][vc_cta h2=\u00bb\u00bb]<p>De acuerdo con el art\u00edculo 6\u00ba del C\u00f3digo Tributario, corresponde al Servicio de Impuestos Internos, en especial, la fiscalizaci\u00f3n y aplicaci\u00f3n administrativa de las disposiciones tributarias.\u00a0<\/p>\n<p><\/p>\n<p><\/p>\n<p>PRESCRIPCI\u00d3N DE LA ACCI\u00d3N FISCALIZADORA DEL SII<\/p>\n<p><strong>La referida funci\u00f3n de determinar o liquidar los impuestos y girar u ordenar su entero en arcas fiscales, est\u00e1 sujeta en su ejercicio a la limitaci\u00f3n de que se haga oportunamente, dentro de los plazos que se\u00f1ala el C\u00f3digo en el art\u00edculo 200\u00ba<\/strong><\/p>\n<p>Vencidos dichos plazos, se extingue la facultad del Servicio para revisar, liquidar y girar impuestos insolutos, principio que queda absolutamente ratificado en el art\u00edculo 59\u00ba del C\u00f3digo Tributario, seg\u00fan el cual, dentro de los plazos de prescripci\u00f3n, el Servicio podr\u00e1 examinar y revisar las declaraciones presentadas por el contribuyente<\/p>\n<p><!-- \/wp:paragraph --><\/p>\n<p><!-- wp:paragraph {\"fontSize\":\"medium\"} --><\/p>\n<p>El Servicio deber\u00e1 abstenerse de liquidar o girar impuestos que incidan en per\u00edodos que est\u00e1n m\u00e1s all\u00e1 del l\u00edmite establecido por los plazos legales de prescripci\u00f3n del ya se\u00f1alado art\u00edculo 200\u00b0 del C\u00f3digo Tributario. Por excepci\u00f3n, se podr\u00e1 proceder a liquidar o girar impuestos que correspondan a dichos per\u00edodos, cuando el contribuyente hubiere renunciado a la prescripci\u00f3n<\/p>\n<p><!-- \/wp:paragraph --><\/p>\n<p><!-- wp:paragraph {\"fontSize\":\"medium\"} --><\/p>\n<p><em><strong>\u00abEl Servicio podr\u00e1 liquidar un impuesto, revisar cualquiera deficiencia en su liquidaci\u00f3n y girar los impuestos a que hubiere lugar, dentro del t\u00e9rmino de tres a\u00f1os contados desde la expiraci\u00f3n del plazo legal en que debi\u00f3 efectuarse el pago\u00bb.<\/strong><\/em><strong> (Art\u00edculo 200\u00ba, inciso primero)<\/strong><\/p>\n<p><!-- \/wp:paragraph --><\/p>\n<p><!-- wp:paragraph {\"fontSize\":\"medium\"} --><\/p>\n<p><strong>C\u00d3MPUTO DEL PLAZO<\/strong><\/p>\n<p><!-- \/wp:paragraph --><\/p>\n<p><!-- wp:paragraph {\"fontSize\":\"medium\"} --><\/p>\n<p>El plazo de tres a\u00f1os, en referencia, se cuenta, de acuerdo con el C\u00f3digo, desde la expiraci\u00f3n del plazo legal en que debi\u00f3 efectuarse el pago del impuesto<\/p>\n<p><!-- \/wp:paragraph --><\/p>\n<p><!-- wp:paragraph --><\/p>\n<p>Cabe observar que, en los impuestos que deben pagarse por cuotas, el plazo de prescripci\u00f3n empieza a correr independientemente para cada cuota del impuesto, desde la fecha en que debi\u00f3 pagarse la respectiva cuota.<\/p>[\/vc_cta][vc_column_text][\/vc_column_text][\/vc_column][vc_column width=\u00bb1\/2&#8243;][vc_single_image image=\u00bb2739&#8243; img_size=\u00bbfull\u00bb][vc_cta h2=\u00bb\u00bb]<h4 style=\"text-align: center;\"><span style=\"color: #003300;\"><a style=\"color: #003300;\" href=\"https:\/\/www.google.com\/search?q=ABOGADO+ALEJANDRO+RAMIREZ+VALDIVIA&amp;newwindow=1&amp;sxsrf=ALiCzsbtKAnHOvZvFJq8DL_zSujCZtuQzg:1652901606391&amp;ei=5kaFYpGnF-681sQP-oyvyAc&amp;start=0&amp;sa=N&amp;ved=2ahUKEwiRsuOo4un3AhVunpUCHXrGC3k4ChDy0wN6BAgBED0&amp;biw=1517&amp;bih=694&amp;dpr=0.9\" target=\"_blank\" rel=\"noopener\"><strong>ALEJANDRO RAMIREZ VALDIA &#8211; ABOGADO TRIBUTARIO<\/strong><\/a><\/span><\/h4>\n<p><!-- \/wp:paragraph --><\/p>\n<p><!-- wp:paragraph --><\/p>\n<h5 style=\"text-align: center;\">PRESCRIPCI\u00d3N EN EL EJERCICIO DE LAS ACCIONES Y FACULTADES DEL SERVICIO DE IMPUESTOS INTERNOS<\/h5>\n<h5><!-- \/wp:paragraph --><\/h5>\n<h5><!-- wp:paragraph --><\/h5>\n<h5 style=\"text-align: center;\"><span style=\"color: #003300;\"><strong><a style=\"color: #003300;\" href=\"http:\/\/www.sii.cl\/documentos\/circulares\/2001\/circu73.htm?fbclid=IwAR1ei3G3oRs1qnAHeU5b92bs_dYxsXkhJbqXWnRMJSB2qG7cJTtGp0lHzfA\" target=\"_blank\" rel=\"noreferrer noopener\" aria-label=\" (abrir en una nueva pesta\u00f1a)\">VER : CIRCULAR N\u00b073 DEL SII &#8211; 11 DE OCTUBRE DEL 2001<\/a><\/strong><\/span><\/h5>[\/vc_cta][vc_column_text]<p><blockquote class=\"wp-embedded-content\" data-secret=\"ssrsN54GCq\"><a href=\"https:\/\/a-tributario.cl\/index.php\/plazos-que-debe-cumplir-el-sii\/\">PLAZOS QUE DEBE CUMPLIR EL SII<\/a><\/blockquote><iframe class=\"wp-embedded-content\" sandbox=\"allow-scripts\" security=\"restricted\" style=\"position: absolute; clip: rect(1px, 1px, 1px, 1px);\" title=\"&#8220;PLAZOS QUE DEBE CUMPLIR EL SII&#8221; &#8212; ABOGADO TRIBUTARIO LET 950959243\" src=\"https:\/\/a-tributario.cl\/index.php\/plazos-que-debe-cumplir-el-sii\/embed\/#?secret=ssrsN54GCq\" data-secret=\"ssrsN54GCq\" width=\"500\" height=\"282\" frameborder=\"0\" marginwidth=\"0\" marginheight=\"0\" scrolling=\"no\"><\/iframe><\/p>\n<p>&nbsp;<\/p>[\/vc_column_text][\/vc_column][\/vc_row][vc_row][vc_column][vc_column_text]<blockquote class=\"wp-embedded-content\" data-secret=\"nwHXgYTlp4\"><a href=\"https:\/\/a-tributario.cl\/index.php\/contacto\/\">CONTACTO<\/a><\/blockquote><iframe class=\"wp-embedded-content\" sandbox=\"allow-scripts\" security=\"restricted\" style=\"position: absolute; clip: rect(1px, 1px, 1px, 1px);\" title=\"&#8220;CONTACTO&#8221; &#8212; ABOGADO TRIBUTARIO LET 950959243\" src=\"https:\/\/a-tributario.cl\/index.php\/contacto\/embed\/#?secret=nwHXgYTlp4\" data-secret=\"nwHXgYTlp4\" width=\"500\" height=\"282\" frameborder=\"0\" marginwidth=\"0\" marginheight=\"0\" scrolling=\"no\"><\/iframe>[\/vc_column_text][\/vc_column][\/vc_row]","protected":false},"excerpt":{"rendered":"<p>[vc_row][vc_column width=\u00bb1\/2&#8243;][vc_cta h2=\u00bb\u00bb] De acuerdo con el art\u00edculo 6\u00ba del C\u00f3digo Tributario, corresponde al Servicio de Impuestos Internos, en especial, la fiscalizaci\u00f3n y aplicaci\u00f3n administrativa de las disposiciones tributarias.\u00a0 PRESCRIPCI\u00d3N DE LA ACCI\u00d3N FISCALIZADORA DEL SII La referida funci\u00f3n de determinar o liquidar los impuestos y girar u ordenar su entero en arcas fiscales, est\u00e1 [&hellip;]<\/p>\n","protected":false},"author":1,"featured_media":0,"parent":0,"menu_order":0,"comment_status":"closed","ping_status":"closed","template":"","meta":{"_monsterinsights_skip_tracking":false,"_monsterinsights_sitenote_active":false,"_monsterinsights_sitenote_note":"","_monsterinsights_sitenote_category":0,"footnotes":"","_joinchat":[]},"yoast_head":"<!-- This site is optimized with the Yoast SEO plugin v21.5 - https:\/\/yoast.com\/wordpress\/plugins\/seo\/ -->\n<title>PRESCRIPCION DE LA ACCION FISCALIZADORA DEL SII -<\/title>\n<meta name=\"description\" content=\"PRESCRIPCI\u00d3N DE LA ACCI\u00d3N FISCALIZADORA DEL SII PARA LIQUIDAR UN IMPUESTO, art 200 del C\u00f3digo Tributario, tres a\u00f1os\" \/>\n<meta name=\"robots\" content=\"index, follow, max-snippet:-1, max-image-preview:large, max-video-preview:-1\" \/>\n<link rel=\"canonical\" href=\"https:\/\/a-tributario.cl\/index.php\/prescripcion-de-la-accion-fiscalizadora-del-sii\/\" \/>\n<meta property=\"og:locale\" content=\"es_ES\" \/>\n<meta property=\"og:type\" content=\"article\" \/>\n<meta property=\"og:title\" content=\"PRESCRIPCION DE LA ACCION FISCALIZADORA DEL SII -\" \/>\n<meta property=\"og:description\" content=\"PRESCRIPCI\u00d3N DE LA ACCI\u00d3N FISCALIZADORA DEL SII PARA LIQUIDAR UN IMPUESTO, art 200 del C\u00f3digo Tributario, tres a\u00f1os\" \/>\n<meta property=\"og:url\" content=\"https:\/\/a-tributario.cl\/index.php\/prescripcion-de-la-accion-fiscalizadora-del-sii\/\" \/>\n<meta property=\"og:site_name\" content=\"ABOGADO TRIBUTARIO R&amp;R\" \/>\n<meta property=\"article:publisher\" content=\"https:\/\/www.facebook.com\/AbogadosTributariosIUS\/\" \/>\n<meta property=\"article:modified_time\" content=\"2023-12-06T23:51:46+00:00\" \/>\n<meta name=\"twitter:card\" content=\"summary_large_image\" \/>\n<meta name=\"twitter:site\" content=\"@ius_asesores\" \/>\n<meta name=\"twitter:label1\" content=\"Tiempo de lectura\" \/>\n\t<meta name=\"twitter:data1\" content=\"2 minutos\" \/>\n<script type=\"application\/ld+json\" class=\"yoast-schema-graph\">{\"@context\":\"https:\/\/schema.org\",\"@graph\":[{\"@type\":\"WebPage\",\"@id\":\"https:\/\/a-tributario.cl\/index.php\/prescripcion-de-la-accion-fiscalizadora-del-sii\/\",\"url\":\"https:\/\/a-tributario.cl\/index.php\/prescripcion-de-la-accion-fiscalizadora-del-sii\/\",\"name\":\"PRESCRIPCION DE LA ACCION FISCALIZADORA DEL SII -\",\"isPartOf\":{\"@id\":\"https:\/\/a-tributario.cl\/#website\"},\"datePublished\":\"2019-06-09T03:32:15+00:00\",\"dateModified\":\"2023-12-06T23:51:46+00:00\",\"description\":\"PRESCRIPCI\u00d3N DE LA ACCI\u00d3N FISCALIZADORA DEL SII PARA LIQUIDAR UN IMPUESTO, art 200 del C\u00f3digo Tributario, tres a\u00f1os\",\"breadcrumb\":{\"@id\":\"https:\/\/a-tributario.cl\/index.php\/prescripcion-de-la-accion-fiscalizadora-del-sii\/#breadcrumb\"},\"inLanguage\":\"es\",\"potentialAction\":[{\"@type\":\"ReadAction\",\"target\":[\"https:\/\/a-tributario.cl\/index.php\/prescripcion-de-la-accion-fiscalizadora-del-sii\/\"]}]},{\"@type\":\"BreadcrumbList\",\"@id\":\"https:\/\/a-tributario.cl\/index.php\/prescripcion-de-la-accion-fiscalizadora-del-sii\/#breadcrumb\",\"itemListElement\":[{\"@type\":\"ListItem\",\"position\":1,\"name\":\"Portada\",\"item\":\"https:\/\/a-tributario.cl\/\"},{\"@type\":\"ListItem\",\"position\":2,\"name\":\"PRESCRIPCION DE LA ACCION FISCALIZADORA DEL SII\"}]},{\"@type\":\"WebSite\",\"@id\":\"https:\/\/a-tributario.cl\/#website\",\"url\":\"https:\/\/a-tributario.cl\/\",\"name\":\"ABOGADO TRIBUTARIO R&amp;R\",\"description\":\"ASESOR\u00cdA TRIBUTARIA, DEFENSA LIQUIDACI\u00d3N Y GIRO SII, PRESCRIPCI\u00d3N IMPUESTOS DEFENSA COBRO TESORER\u00cdA\",\"publisher\":{\"@id\":\"https:\/\/a-tributario.cl\/#organization\"},\"potentialAction\":[{\"@type\":\"SearchAction\",\"target\":{\"@type\":\"EntryPoint\",\"urlTemplate\":\"https:\/\/a-tributario.cl\/?s={search_term_string}\"},\"query-input\":\"required name=search_term_string\"}],\"inLanguage\":\"es\"},{\"@type\":\"Organization\",\"@id\":\"https:\/\/a-tributario.cl\/#organization\",\"name\":\"Abogado Tributario Let\",\"url\":\"https:\/\/a-tributario.cl\/\",\"logo\":{\"@type\":\"ImageObject\",\"inLanguage\":\"es\",\"@id\":\"https:\/\/a-tributario.cl\/#\/schema\/logo\/image\/\",\"url\":\"https:\/\/a-tributario.cl\/wp-content\/uploads\/2019\/04\/Image-2018-e1556290954199.jpeg\",\"contentUrl\":\"https:\/\/a-tributario.cl\/wp-content\/uploads\/2019\/04\/Image-2018-e1556290954199.jpeg\",\"width\":128,\"height\":128,\"caption\":\"Abogado Tributario Let\"},\"image\":{\"@id\":\"https:\/\/a-tributario.cl\/#\/schema\/logo\/image\/\"},\"sameAs\":[\"https:\/\/www.facebook.com\/AbogadosTributariosIUS\/\",\"https:\/\/twitter.com\/ius_asesores\",\"https:\/\/www.linkedin.com\/in\/abogadotributario\/\"]}]}<\/script>\n<!-- \/ Yoast SEO plugin. -->","yoast_head_json":{"title":"PRESCRIPCION DE LA ACCION FISCALIZADORA DEL SII -","description":"PRESCRIPCI\u00d3N DE LA ACCI\u00d3N FISCALIZADORA DEL SII PARA LIQUIDAR UN IMPUESTO, art 200 del C\u00f3digo Tributario, tres a\u00f1os","robots":{"index":"index","follow":"follow","max-snippet":"max-snippet:-1","max-image-preview":"max-image-preview:large","max-video-preview":"max-video-preview:-1"},"canonical":"https:\/\/a-tributario.cl\/index.php\/prescripcion-de-la-accion-fiscalizadora-del-sii\/","og_locale":"es_ES","og_type":"article","og_title":"PRESCRIPCION DE LA ACCION FISCALIZADORA DEL SII -","og_description":"PRESCRIPCI\u00d3N DE LA ACCI\u00d3N FISCALIZADORA DEL SII PARA LIQUIDAR UN IMPUESTO, art 200 del C\u00f3digo Tributario, tres a\u00f1os","og_url":"https:\/\/a-tributario.cl\/index.php\/prescripcion-de-la-accion-fiscalizadora-del-sii\/","og_site_name":"ABOGADO TRIBUTARIO R&amp;R","article_publisher":"https:\/\/www.facebook.com\/AbogadosTributariosIUS\/","article_modified_time":"2023-12-06T23:51:46+00:00","twitter_card":"summary_large_image","twitter_site":"@ius_asesores","twitter_misc":{"Tiempo de lectura":"2 minutos"},"schema":{"@context":"https:\/\/schema.org","@graph":[{"@type":"WebPage","@id":"https:\/\/a-tributario.cl\/index.php\/prescripcion-de-la-accion-fiscalizadora-del-sii\/","url":"https:\/\/a-tributario.cl\/index.php\/prescripcion-de-la-accion-fiscalizadora-del-sii\/","name":"PRESCRIPCION DE LA ACCION FISCALIZADORA DEL SII -","isPartOf":{"@id":"https:\/\/a-tributario.cl\/#website"},"datePublished":"2019-06-09T03:32:15+00:00","dateModified":"2023-12-06T23:51:46+00:00","description":"PRESCRIPCI\u00d3N DE LA ACCI\u00d3N FISCALIZADORA DEL SII PARA LIQUIDAR UN IMPUESTO, art 200 del C\u00f3digo Tributario, tres a\u00f1os","breadcrumb":{"@id":"https:\/\/a-tributario.cl\/index.php\/prescripcion-de-la-accion-fiscalizadora-del-sii\/#breadcrumb"},"inLanguage":"es","potentialAction":[{"@type":"ReadAction","target":["https:\/\/a-tributario.cl\/index.php\/prescripcion-de-la-accion-fiscalizadora-del-sii\/"]}]},{"@type":"BreadcrumbList","@id":"https:\/\/a-tributario.cl\/index.php\/prescripcion-de-la-accion-fiscalizadora-del-sii\/#breadcrumb","itemListElement":[{"@type":"ListItem","position":1,"name":"Portada","item":"https:\/\/a-tributario.cl\/"},{"@type":"ListItem","position":2,"name":"PRESCRIPCION DE LA ACCION FISCALIZADORA DEL SII"}]},{"@type":"WebSite","@id":"https:\/\/a-tributario.cl\/#website","url":"https:\/\/a-tributario.cl\/","name":"ABOGADO TRIBUTARIO R&amp;R","description":"ASESOR\u00cdA TRIBUTARIA, DEFENSA LIQUIDACI\u00d3N Y GIRO SII, PRESCRIPCI\u00d3N IMPUESTOS DEFENSA COBRO TESORER\u00cdA","publisher":{"@id":"https:\/\/a-tributario.cl\/#organization"},"potentialAction":[{"@type":"SearchAction","target":{"@type":"EntryPoint","urlTemplate":"https:\/\/a-tributario.cl\/?s={search_term_string}"},"query-input":"required name=search_term_string"}],"inLanguage":"es"},{"@type":"Organization","@id":"https:\/\/a-tributario.cl\/#organization","name":"Abogado Tributario Let","url":"https:\/\/a-tributario.cl\/","logo":{"@type":"ImageObject","inLanguage":"es","@id":"https:\/\/a-tributario.cl\/#\/schema\/logo\/image\/","url":"https:\/\/a-tributario.cl\/wp-content\/uploads\/2019\/04\/Image-2018-e1556290954199.jpeg","contentUrl":"https:\/\/a-tributario.cl\/wp-content\/uploads\/2019\/04\/Image-2018-e1556290954199.jpeg","width":128,"height":128,"caption":"Abogado Tributario Let"},"image":{"@id":"https:\/\/a-tributario.cl\/#\/schema\/logo\/image\/"},"sameAs":["https:\/\/www.facebook.com\/AbogadosTributariosIUS\/","https:\/\/twitter.com\/ius_asesores","https:\/\/www.linkedin.com\/in\/abogadotributario\/"]}]}},"_links":{"self":[{"href":"https:\/\/a-tributario.cl\/index.php\/wp-json\/wp\/v2\/pages\/2850"}],"collection":[{"href":"https:\/\/a-tributario.cl\/index.php\/wp-json\/wp\/v2\/pages"}],"about":[{"href":"https:\/\/a-tributario.cl\/index.php\/wp-json\/wp\/v2\/types\/page"}],"author":[{"embeddable":true,"href":"https:\/\/a-tributario.cl\/index.php\/wp-json\/wp\/v2\/users\/1"}],"replies":[{"embeddable":true,"href":"https:\/\/a-tributario.cl\/index.php\/wp-json\/wp\/v2\/comments?post=2850"}],"version-history":[{"count":29,"href":"https:\/\/a-tributario.cl\/index.php\/wp-json\/wp\/v2\/pages\/2850\/revisions"}],"predecessor-version":[{"id":5768,"href":"https:\/\/a-tributario.cl\/index.php\/wp-json\/wp\/v2\/pages\/2850\/revisions\/5768"}],"wp:attachment":[{"href":"https:\/\/a-tributario.cl\/index.php\/wp-json\/wp\/v2\/media?parent=2850"}],"curies":[{"name":"wp","href":"https:\/\/api.w.org\/{rel}","templated":true}]}}