{"id":2888,"date":"2019-06-14T19:41:29","date_gmt":"2019-06-14T19:41:29","guid":{"rendered":"https:\/\/www.a-tributario.cl\/?page_id=2888"},"modified":"2023-12-07T17:42:05","modified_gmt":"2023-12-07T17:42:05","slug":"prescripcion-tributaria-chile","status":"publish","type":"page","link":"https:\/\/a-tributario.cl\/index.php\/prescripcion-tributaria-chile\/","title":{"rendered":"PRESCRIPCION TRIBUTARIA CHILE"},"content":{"rendered":"[vc_row][vc_column width=\u00bb1\/2&#8243;][vc_cta h2=\u00bb\u00bb]<h5>SOLUCI\u00d3N A LA DEUDA DE IMPUESTOS. LA PRESCRIPCI\u00d3N DE IMPUESTOS O PRESCRIPCI\u00d3N TRIBUTARIA LIBERA AL CONTRIBUYENTE DE LA DEUDA DE IMPUESTO. PRIMERA CONSULTA GRATIS<\/h5>\n<p><!-- \/wp:heading --><\/p>\n<p><!-- wp:image --><\/p>\n<p><!-- \/wp:image --><\/p>\n<p><!-- wp:heading {\"level\":4} --><\/p>\n<p><!-- \/wp:heading --><\/p>\n<h3 style=\"text-align: left;\"><span style=\"vertical-align: inherit;\">PRESCRIPCI\u00d3N IMPUESTOS \u2013 EXCEPCI\u00d3N O ACCI\u00d3N<\/span><\/h3>\n<p><!-- \/wp:heading --><\/p>\n<p><!-- wp:heading {\"level\":4} --><\/p>\n<p>Liberamos de la deuda de impuestos al contribuyente<\/p>\n<p><span style=\"vertical-align: inherit;\">Nuestra asesor\u00eda tributaria y defensa especializada permite extinguir (eliminar) su deuda de impuestos<\/span><\/p>\n<p><span style=\"vertical-align: inherit;\">Esto se puede hacer v\u00eda excepci\u00f3n o acci\u00f3n dependiendo del estado del cobro\u00a0\u00a0<\/span><\/p>\n<h3 style=\"text-align: left;\"><span style=\"vertical-align: inherit;\">COMO SE OBTIENE\u00a0<\/span><\/h3>\n<p style=\"text-align: left;\"><span style=\"vertical-align: inherit;\">Dado que la prescripci\u00f3n se interrumpe con la notificaci\u00f3n, y todas las deudas son notificadas por Tesorer\u00eda desde el Inicio. No es posible solicitarla de inmediato, lo que constituye un error muy\u00a0com\u00fan. Esto debe ser presentado y tramitado solo por expertos en la materia. En ABOGADO TRIBUTARIO LET, contamos con a\u00f1os de experiencia\u00a0\u00a0<\/span><\/p>\n<p><span style=\"color: #003300;\"><a style=\"color: #003300;\" href=\"https:\/\/www.a-tributario.cl\/index.php\/contact-us\/\"><span style=\"vertical-align: inherit;\">CONSULTE GRATUITAMENTE<\/span><\/a><\/span><\/p>\n<p><!-- \/wp:heading --><\/p>\n<p><!-- wp:heading {\"level\":4} --><\/p>\n<h3 style=\"text-align: left;\"><span style=\"vertical-align: inherit;\">QUE ES LA PRESCRIPCI\u00d3N DEL COBRO DE IMPUESTOS (TESORER\u00cdA)<\/span><\/h3>\n<p><!-- \/wp:heading --><\/p>\n<p><!-- wp:heading {\"level\":4} --><\/p>\n<p><span style=\"vertical-align: inherit;\">Es la extinci\u00f3n (terminaci\u00f3n o fin de una cosa) de la deuda de impuestos por el transcurso del tiempo<\/span><\/p>\n<p><!-- \/wp:heading --><\/p>\n<p><!-- wp:heading {\"level\":4} --><\/p>\n<p><span style=\"vertical-align: inherit;\">Solo se\u00a0puede solicitar como excepci\u00f3n en el plazo de 10 d\u00edas despu\u00e9s de ser notificado\u00a0el Contribuyente o v\u00eda acci\u00f3n antes de ser notificado, esto porque la\u00a0notificaci\u00f3n interrumpe la prescripci\u00f3n<\/span><\/p>\n<p><!-- \/wp:heading --><\/p>\n<p><!-- wp:heading {\"level\":4} --><\/p>\n<p><span style=\"color: #003300;\"><a style=\"color: #003300;\" href=\"https:\/\/www.a-tributario.cl\/index.php\/prescripcion-impuestos-codigo-tributario\/\" target=\"_blank\" rel=\"noreferrer noopener\"><span id=\"addon-section\"><span style=\"vertical-align: inherit;\">VER <\/span><span class=\"addon-in-original-link addon-citation addon-tooltip addon-preview-pending\" data-vids=\"238902154\"><span style=\"vertical-align: inherit;\">CODIGO TRIBUTARIO<\/span><\/span><span style=\"vertical-align: inherit;\">\u00a0ART 201<\/span><\/span><\/a><\/span><\/p>\n<p><!-- \/wp:heading --><\/p>\n<p><!-- wp:heading {\"level\":4} --><\/p>\n<h3><span style=\"vertical-align: inherit;\">V\u00cdA\u00a0EXCEPCI\u00d3N<\/span><\/h3>\n<p><!-- \/wp:heading --><\/p>\n<p><!-- wp:heading {\"level\":4} --><\/p>\n<p><span style=\"vertical-align: inherit;\">La defensa v\u00eda excepci\u00f3n, debe ser interpuesta en el plazo de 10 d\u00edas, posteriores a la notificaci\u00f3n personal de la demanda<\/span><\/p>\n<p><!-- \/wp:heading --><\/p>\n<p><!-- wp:heading {\"level\":4} --><\/p>\n<p><span style=\"vertical-align: inherit;\">Si la notificaci\u00f3n es por c\u00e9dula, el plazo para alegar la prescripci\u00f3n comenzar\u00e1 a contar de\u00a0 la fecha del primer embargo<\/span><\/p>\n<p><!-- \/wp:heading --><\/p>\n<p><!-- wp:heading {\"level\":4} --><\/p>\n<h3><span style=\"vertical-align: inherit;\">V\u00cdA\u00a0ACCI\u00d3N<\/span><\/h3>\n<p><!-- \/wp:heading --><\/p>\n<p><!-- wp:heading {\"level\":4} --><\/p>\n<p><span style=\"vertical-align: inherit;\">Esta se realiza v\u00eda demanda ordinaria ante un tribunal civil, y procede en el caso de no haber sido notificado el contribuyente, o si la notificaci\u00f3n de Tesorer\u00eda se hubiere dejado sin efecto<\/span><\/p>\n<p><span style=\"color: #003300;\"><a style=\"color: #003300;\" href=\"https:\/\/www.google.com\/search?q=ABOGADO+ALEJANDRO+RAMIREZ+VALDIVIA&amp;newwindow=1&amp;sxsrf=ALiCzsbtKAnHOvZvFJq8DL_zSujCZtuQzg:1652901606391&amp;ei=5kaFYpGnF-681sQP-oyvyAc&amp;start=0&amp;sa=N&amp;ved=2ahUKEwiRsuOo4un3AhVunpUCHXrGC3k4ChDy0wN6BAgBED0&amp;biw=1517&amp;bih=694&amp;dpr=0.9\" target=\"_blank\" rel=\"noopener\">ALEJANDRO RAMIREZ VALDIVIA &#8211; ABOGADO TRIBUTARISTA<\/a><\/span><\/p>[\/vc_cta][\/vc_column][vc_column width=\u00bb1\/2&#8243;][vc_single_image image=\u00bb2739&#8243; img_size=\u00bbfull\u00bb][vc_column_text]<p><!-- wp:heading {\"level\":3} --><\/p>\n<p>&nbsp;<\/p>\n<p><blockquote class=\"wp-embedded-content\" data-secret=\"iwxrwKYZuM\"><a href=\"https:\/\/a-tributario.cl\/index.php\/corte-apelaciones-santiago\/\">CORTE A. SANTIAGO &#8211; R. HECHO<\/a><\/blockquote><iframe class=\"wp-embedded-content\" sandbox=\"allow-scripts\" security=\"restricted\" style=\"position: absolute; clip: rect(1px, 1px, 1px, 1px);\" title=\"&#8220;CORTE A. SANTIAGO &#8211; R. HECHO&#8221; &#8212; ABOGADO TRIBUTARIO LET 950959243\" src=\"https:\/\/a-tributario.cl\/index.php\/corte-apelaciones-santiago\/embed\/#?secret=iwxrwKYZuM\" data-secret=\"iwxrwKYZuM\" width=\"500\" height=\"282\" frameborder=\"0\" marginwidth=\"0\" marginheight=\"0\" scrolling=\"no\"><\/iframe><\/p>\n<p><blockquote class=\"wp-embedded-content\" data-secret=\"LSzOhaStK9\"><a href=\"https:\/\/a-tributario.cl\/index.php\/fallo-abandono-corte-a-stgo-2021-feb\/\">FALLO ABANDONO CORTE A. STGO 2021 FEB<\/a><\/blockquote><iframe class=\"wp-embedded-content\" sandbox=\"allow-scripts\" security=\"restricted\" style=\"position: absolute; clip: rect(1px, 1px, 1px, 1px);\" title=\"&#8220;FALLO ABANDONO CORTE A. STGO 2021 FEB&#8221; &#8212; ABOGADO TRIBUTARIO LET 950959243\" src=\"https:\/\/a-tributario.cl\/index.php\/fallo-abandono-corte-a-stgo-2021-feb\/embed\/#?secret=LSzOhaStK9\" data-secret=\"LSzOhaStK9\" width=\"500\" height=\"282\" frameborder=\"0\" marginwidth=\"0\" marginheight=\"0\" scrolling=\"no\"><\/iframe><\/p>\n<p><blockquote class=\"wp-embedded-content\" data-secret=\"sAylZEHp4Y\"><a href=\"https:\/\/a-tributario.cl\/index.php\/sentencias-prescripcion-tributaria\/\">SENTENCIAS  PRESCRIPCION TRIBUTARIA<\/a><\/blockquote><iframe class=\"wp-embedded-content\" sandbox=\"allow-scripts\" security=\"restricted\" style=\"position: absolute; clip: rect(1px, 1px, 1px, 1px);\" title=\"&#8220;SENTENCIAS  PRESCRIPCION TRIBUTARIA&#8221; &#8212; ABOGADO TRIBUTARIO LET 950959243\" src=\"https:\/\/a-tributario.cl\/index.php\/sentencias-prescripcion-tributaria\/embed\/#?secret=sAylZEHp4Y\" data-secret=\"sAylZEHp4Y\" width=\"500\" height=\"282\" frameborder=\"0\" marginwidth=\"0\" marginheight=\"0\" scrolling=\"no\"><\/iframe><\/p>\n<p><blockquote class=\"wp-embedded-content\" data-secret=\"puxW5JvxcM\"><a href=\"https:\/\/a-tributario.cl\/index.php\/prescripcion-impuestos-chile-2\/\">PRESCRIPCI\u00d3N IMPUESTOS<\/a><\/blockquote><iframe class=\"wp-embedded-content\" sandbox=\"allow-scripts\" security=\"restricted\" style=\"position: absolute; clip: rect(1px, 1px, 1px, 1px);\" title=\"&#8220;PRESCRIPCI\u00d3N IMPUESTOS&#8221; &#8212; ABOGADO TRIBUTARIO LET 950959243\" src=\"https:\/\/a-tributario.cl\/index.php\/prescripcion-impuestos-chile-2\/embed\/#?secret=puxW5JvxcM\" data-secret=\"puxW5JvxcM\" width=\"500\" height=\"282\" frameborder=\"0\" marginwidth=\"0\" marginheight=\"0\" scrolling=\"no\"><\/iframe><\/p>\n<p><blockquote class=\"wp-embedded-content\" data-secret=\"whF3MT2Psl\"><a href=\"https:\/\/a-tributario.cl\/index.php\/contacto\/\">CONTACTO<\/a><\/blockquote><iframe class=\"wp-embedded-content\" sandbox=\"allow-scripts\" security=\"restricted\" style=\"position: absolute; clip: rect(1px, 1px, 1px, 1px);\" title=\"&#8220;CONTACTO&#8221; &#8212; ABOGADO TRIBUTARIO LET 950959243\" src=\"https:\/\/a-tributario.cl\/index.php\/contacto\/embed\/#?secret=whF3MT2Psl\" data-secret=\"whF3MT2Psl\" width=\"500\" height=\"282\" frameborder=\"0\" marginwidth=\"0\" marginheight=\"0\" scrolling=\"no\"><\/iframe><\/p>[\/vc_column_text][\/vc_column][\/vc_row]","protected":false},"excerpt":{"rendered":"<p>[vc_row][vc_column width=\u00bb1\/2&#8243;][vc_cta h2=\u00bb\u00bb] SOLUCI\u00d3N A LA DEUDA DE IMPUESTOS. LA PRESCRIPCI\u00d3N DE IMPUESTOS O PRESCRIPCI\u00d3N TRIBUTARIA LIBERA AL CONTRIBUYENTE DE LA DEUDA DE IMPUESTO. PRIMERA CONSULTA GRATIS PRESCRIPCI\u00d3N IMPUESTOS \u2013 EXCEPCI\u00d3N O ACCI\u00d3N Liberamos de la deuda de impuestos al contribuyente Nuestra asesor\u00eda tributaria y defensa especializada permite extinguir (eliminar) su deuda de impuestos Esto [&hellip;]<\/p>\n","protected":false},"author":1,"featured_media":0,"parent":0,"menu_order":0,"comment_status":"closed","ping_status":"closed","template":"","meta":{"_monsterinsights_skip_tracking":false,"_monsterinsights_sitenote_active":false,"_monsterinsights_sitenote_note":"","_monsterinsights_sitenote_category":0,"footnotes":"","_joinchat":[]},"yoast_head":"<!-- This site is optimized with the Yoast SEO plugin v21.5 - https:\/\/yoast.com\/wordpress\/plugins\/seo\/ -->\n<title>PRESCRIPCION TRIBUTARIA CHILE - ABOGADO TRIBUTARIO LET<\/title>\n<meta name=\"description\" content=\"Soluci\u00f3n A La Deuda De Impuestos Iva Y Renta En Chile - Eliminaci\u00f3n De Deuda De Impuestos Por Prescripci\u00f3n Tributaria, Gratis Consulta\" \/>\n<meta name=\"robots\" content=\"index, follow, max-snippet:-1, max-image-preview:large, max-video-preview:-1\" \/>\n<link rel=\"canonical\" href=\"https:\/\/a-tributario.cl\/index.php\/prescripcion-tributaria-chile\/\" \/>\n<meta property=\"og:locale\" content=\"es_ES\" \/>\n<meta property=\"og:type\" content=\"article\" \/>\n<meta property=\"og:title\" content=\"PRESCRIPCION TRIBUTARIA CHILE - ABOGADO TRIBUTARIO LET\" \/>\n<meta property=\"og:description\" content=\"Soluci\u00f3n A La Deuda De Impuestos Iva Y Renta En Chile - Eliminaci\u00f3n De Deuda De Impuestos Por Prescripci\u00f3n Tributaria, Gratis Consulta\" \/>\n<meta property=\"og:url\" content=\"https:\/\/a-tributario.cl\/index.php\/prescripcion-tributaria-chile\/\" \/>\n<meta property=\"og:site_name\" content=\"ABOGADO TRIBUTARIO R&amp;R\" \/>\n<meta property=\"article:publisher\" content=\"https:\/\/www.facebook.com\/AbogadosTributariosIUS\/\" \/>\n<meta property=\"article:modified_time\" content=\"2023-12-07T17:42:05+00:00\" \/>\n<meta name=\"twitter:card\" content=\"summary_large_image\" \/>\n<meta name=\"twitter:site\" content=\"@ius_asesores\" \/>\n<meta name=\"twitter:label1\" content=\"Tiempo de lectura\" \/>\n\t<meta name=\"twitter:data1\" content=\"3 minutos\" \/>\n<script type=\"application\/ld+json\" class=\"yoast-schema-graph\">{\"@context\":\"https:\/\/schema.org\",\"@graph\":[{\"@type\":\"WebPage\",\"@id\":\"https:\/\/a-tributario.cl\/index.php\/prescripcion-tributaria-chile\/\",\"url\":\"https:\/\/a-tributario.cl\/index.php\/prescripcion-tributaria-chile\/\",\"name\":\"PRESCRIPCION TRIBUTARIA CHILE - ABOGADO TRIBUTARIO LET\",\"isPartOf\":{\"@id\":\"https:\/\/a-tributario.cl\/#website\"},\"datePublished\":\"2019-06-14T19:41:29+00:00\",\"dateModified\":\"2023-12-07T17:42:05+00:00\",\"description\":\"Soluci\u00f3n A La Deuda De Impuestos Iva Y Renta En Chile - Eliminaci\u00f3n De Deuda De Impuestos Por Prescripci\u00f3n Tributaria, Gratis Consulta\",\"breadcrumb\":{\"@id\":\"https:\/\/a-tributario.cl\/index.php\/prescripcion-tributaria-chile\/#breadcrumb\"},\"inLanguage\":\"es\",\"potentialAction\":[{\"@type\":\"ReadAction\",\"target\":[\"https:\/\/a-tributario.cl\/index.php\/prescripcion-tributaria-chile\/\"]}]},{\"@type\":\"BreadcrumbList\",\"@id\":\"https:\/\/a-tributario.cl\/index.php\/prescripcion-tributaria-chile\/#breadcrumb\",\"itemListElement\":[{\"@type\":\"ListItem\",\"position\":1,\"name\":\"Portada\",\"item\":\"https:\/\/a-tributario.cl\/\"},{\"@type\":\"ListItem\",\"position\":2,\"name\":\"PRESCRIPCION TRIBUTARIA CHILE\"}]},{\"@type\":\"WebSite\",\"@id\":\"https:\/\/a-tributario.cl\/#website\",\"url\":\"https:\/\/a-tributario.cl\/\",\"name\":\"ABOGADO TRIBUTARIO R&amp;R\",\"description\":\"ASESOR\u00cdA TRIBUTARIA, DEFENSA LIQUIDACI\u00d3N Y GIRO SII, PRESCRIPCI\u00d3N IMPUESTOS DEFENSA COBRO TESORER\u00cdA\",\"publisher\":{\"@id\":\"https:\/\/a-tributario.cl\/#organization\"},\"potentialAction\":[{\"@type\":\"SearchAction\",\"target\":{\"@type\":\"EntryPoint\",\"urlTemplate\":\"https:\/\/a-tributario.cl\/?s={search_term_string}\"},\"query-input\":\"required name=search_term_string\"}],\"inLanguage\":\"es\"},{\"@type\":\"Organization\",\"@id\":\"https:\/\/a-tributario.cl\/#organization\",\"name\":\"Abogado Tributario Let\",\"url\":\"https:\/\/a-tributario.cl\/\",\"logo\":{\"@type\":\"ImageObject\",\"inLanguage\":\"es\",\"@id\":\"https:\/\/a-tributario.cl\/#\/schema\/logo\/image\/\",\"url\":\"https:\/\/a-tributario.cl\/wp-content\/uploads\/2019\/04\/Image-2018-e1556290954199.jpeg\",\"contentUrl\":\"https:\/\/a-tributario.cl\/wp-content\/uploads\/2019\/04\/Image-2018-e1556290954199.jpeg\",\"width\":128,\"height\":128,\"caption\":\"Abogado Tributario Let\"},\"image\":{\"@id\":\"https:\/\/a-tributario.cl\/#\/schema\/logo\/image\/\"},\"sameAs\":[\"https:\/\/www.facebook.com\/AbogadosTributariosIUS\/\",\"https:\/\/twitter.com\/ius_asesores\",\"https:\/\/www.linkedin.com\/in\/abogadotributario\/\"]}]}<\/script>\n<!-- \/ Yoast SEO plugin. -->","yoast_head_json":{"title":"PRESCRIPCION TRIBUTARIA CHILE - ABOGADO TRIBUTARIO LET","description":"Soluci\u00f3n A La Deuda De Impuestos Iva Y Renta En Chile - Eliminaci\u00f3n De Deuda De Impuestos Por Prescripci\u00f3n Tributaria, Gratis Consulta","robots":{"index":"index","follow":"follow","max-snippet":"max-snippet:-1","max-image-preview":"max-image-preview:large","max-video-preview":"max-video-preview:-1"},"canonical":"https:\/\/a-tributario.cl\/index.php\/prescripcion-tributaria-chile\/","og_locale":"es_ES","og_type":"article","og_title":"PRESCRIPCION TRIBUTARIA CHILE - ABOGADO TRIBUTARIO LET","og_description":"Soluci\u00f3n A La Deuda De Impuestos Iva Y Renta En Chile - Eliminaci\u00f3n De Deuda De Impuestos Por Prescripci\u00f3n Tributaria, Gratis Consulta","og_url":"https:\/\/a-tributario.cl\/index.php\/prescripcion-tributaria-chile\/","og_site_name":"ABOGADO TRIBUTARIO R&amp;R","article_publisher":"https:\/\/www.facebook.com\/AbogadosTributariosIUS\/","article_modified_time":"2023-12-07T17:42:05+00:00","twitter_card":"summary_large_image","twitter_site":"@ius_asesores","twitter_misc":{"Tiempo de lectura":"3 minutos"},"schema":{"@context":"https:\/\/schema.org","@graph":[{"@type":"WebPage","@id":"https:\/\/a-tributario.cl\/index.php\/prescripcion-tributaria-chile\/","url":"https:\/\/a-tributario.cl\/index.php\/prescripcion-tributaria-chile\/","name":"PRESCRIPCION TRIBUTARIA CHILE - ABOGADO TRIBUTARIO LET","isPartOf":{"@id":"https:\/\/a-tributario.cl\/#website"},"datePublished":"2019-06-14T19:41:29+00:00","dateModified":"2023-12-07T17:42:05+00:00","description":"Soluci\u00f3n A La Deuda De Impuestos Iva Y Renta En Chile - Eliminaci\u00f3n De Deuda De Impuestos Por Prescripci\u00f3n Tributaria, Gratis Consulta","breadcrumb":{"@id":"https:\/\/a-tributario.cl\/index.php\/prescripcion-tributaria-chile\/#breadcrumb"},"inLanguage":"es","potentialAction":[{"@type":"ReadAction","target":["https:\/\/a-tributario.cl\/index.php\/prescripcion-tributaria-chile\/"]}]},{"@type":"BreadcrumbList","@id":"https:\/\/a-tributario.cl\/index.php\/prescripcion-tributaria-chile\/#breadcrumb","itemListElement":[{"@type":"ListItem","position":1,"name":"Portada","item":"https:\/\/a-tributario.cl\/"},{"@type":"ListItem","position":2,"name":"PRESCRIPCION TRIBUTARIA CHILE"}]},{"@type":"WebSite","@id":"https:\/\/a-tributario.cl\/#website","url":"https:\/\/a-tributario.cl\/","name":"ABOGADO TRIBUTARIO R&amp;R","description":"ASESOR\u00cdA TRIBUTARIA, DEFENSA LIQUIDACI\u00d3N Y GIRO SII, PRESCRIPCI\u00d3N IMPUESTOS DEFENSA COBRO TESORER\u00cdA","publisher":{"@id":"https:\/\/a-tributario.cl\/#organization"},"potentialAction":[{"@type":"SearchAction","target":{"@type":"EntryPoint","urlTemplate":"https:\/\/a-tributario.cl\/?s={search_term_string}"},"query-input":"required name=search_term_string"}],"inLanguage":"es"},{"@type":"Organization","@id":"https:\/\/a-tributario.cl\/#organization","name":"Abogado Tributario Let","url":"https:\/\/a-tributario.cl\/","logo":{"@type":"ImageObject","inLanguage":"es","@id":"https:\/\/a-tributario.cl\/#\/schema\/logo\/image\/","url":"https:\/\/a-tributario.cl\/wp-content\/uploads\/2019\/04\/Image-2018-e1556290954199.jpeg","contentUrl":"https:\/\/a-tributario.cl\/wp-content\/uploads\/2019\/04\/Image-2018-e1556290954199.jpeg","width":128,"height":128,"caption":"Abogado Tributario Let"},"image":{"@id":"https:\/\/a-tributario.cl\/#\/schema\/logo\/image\/"},"sameAs":["https:\/\/www.facebook.com\/AbogadosTributariosIUS\/","https:\/\/twitter.com\/ius_asesores","https:\/\/www.linkedin.com\/in\/abogadotributario\/"]}]}},"_links":{"self":[{"href":"https:\/\/a-tributario.cl\/index.php\/wp-json\/wp\/v2\/pages\/2888"}],"collection":[{"href":"https:\/\/a-tributario.cl\/index.php\/wp-json\/wp\/v2\/pages"}],"about":[{"href":"https:\/\/a-tributario.cl\/index.php\/wp-json\/wp\/v2\/types\/page"}],"author":[{"embeddable":true,"href":"https:\/\/a-tributario.cl\/index.php\/wp-json\/wp\/v2\/users\/1"}],"replies":[{"embeddable":true,"href":"https:\/\/a-tributario.cl\/index.php\/wp-json\/wp\/v2\/comments?post=2888"}],"version-history":[{"count":32,"href":"https:\/\/a-tributario.cl\/index.php\/wp-json\/wp\/v2\/pages\/2888\/revisions"}],"predecessor-version":[{"id":5771,"href":"https:\/\/a-tributario.cl\/index.php\/wp-json\/wp\/v2\/pages\/2888\/revisions\/5771"}],"wp:attachment":[{"href":"https:\/\/a-tributario.cl\/index.php\/wp-json\/wp\/v2\/media?parent=2888"}],"curies":[{"name":"wp","href":"https:\/\/api.w.org\/{rel}","templated":true}]}}