{"id":2938,"date":"2019-06-24T14:09:57","date_gmt":"2019-06-24T14:09:57","guid":{"rendered":"https:\/\/www.a-tributario.cl\/?page_id=2938"},"modified":"2023-12-15T03:03:12","modified_gmt":"2023-12-15T03:03:12","slug":"defensa-giro-impuestos-iva-renta-sii","status":"publish","type":"page","link":"https:\/\/a-tributario.cl\/index.php\/defensa-giro-impuestos-iva-renta-sii\/","title":{"rendered":"LIQUIDACI\u00d3N  Y GIRO IMPUESTOS IVA RENTA SII -DEFENSA TRIBUTARIA"},"content":{"rendered":"<p>[vc_row][vc_column][vc_cta h2=\u00bb\u00bb]<\/p>\n<h3>LIQUIDACI\u00d3N Y GIRO IMPUESTOS IVA RENTA SII<\/h3>\n<h3>DEFENSA TRIBUTARIA<\/h3>\n<h3><strong>\u00bfQUE HACER EN CASO DE\u00a0\u00a0<\/strong><strong>FISCALIZACI\u00d3N, CITACI\u00d3N,\u00a0<\/strong><strong>LIQUIDACI\u00d3N ,\u00a0<\/strong><strong>GIRO O QUERELLA POR\u00a0<\/strong><strong>FACTURA IDEOL\u00d3GICAMENTE FALSA ?<\/strong><\/h3>\n<p>1.-\u00a0<span style=\"color: #003300;\"><a style=\"color: #003300;\" href=\"https:\/\/www.a-tributario.cl\/index.php\/giro-o-liquidacion-sii-defensa-ante-el-tta\/como-se-hace-para-solicitar-reposicion-administrativa-voluntaria-del-articulo-123-bis-del-codigo-tributario\/\" target=\"_blank\" rel=\"noreferrer noopener\" aria-label=\"QUE ES UNA REPOSICI\u00d3N ADMINISTRATIVA VOLUNTARIA RAV? (abrir en una nueva pesta\u00f1a)\">\u00bfQUE ES UNA<\/a><\/span><\/p>\n<p><span style=\"color: #003300;\"><a style=\"color: #003300;\" href=\"https:\/\/www.a-tributario.cl\/index.php\/giro-o-liquidacion-sii-defensa-ante-el-tta\/como-se-hace-para-solicitar-reposicion-administrativa-voluntaria-del-articulo-123-bis-del-codigo-tributario\/\" target=\"_blank\" rel=\"noreferrer noopener\" aria-label=\"QUE ES UNA REPOSICI\u00d3N ADMINISTRATIVA VOLUNTARIA RAV? (abrir en una nueva pesta\u00f1a)\">REPOSICI\u00d3N ADMINISTRATIVA<\/a><\/span><\/p>\n<p><span style=\"color: #003300;\"><a style=\"color: #003300;\" href=\"https:\/\/www.a-tributario.cl\/index.php\/giro-o-liquidacion-sii-defensa-ante-el-tta\/como-se-hace-para-solicitar-reposicion-administrativa-voluntaria-del-articulo-123-bis-del-codigo-tributario\/\" target=\"_blank\" rel=\"noreferrer noopener\" aria-label=\"QUE ES UNA REPOSICI\u00d3N ADMINISTRATIVA VOLUNTARIA RAV? (abrir en una nueva pesta\u00f1a)\">VOLUNTARIA<\/a>\u00a0<a style=\"color: #003300;\" href=\"https:\/\/www.a-tributario.cl\/index.php\/giro-o-liquidacion-sii-defensa-ante-el-tta\/como-se-hace-para-solicitar-reposicion-administrativa-voluntaria-del-articulo-123-bis-del-codigo-tributario\/\" target=\"_blank\" rel=\"noreferrer noopener\" aria-label=\"QUE ES UNA REPOSICI\u00d3N ADMINISTRATIVA VOLUNTARIA RAV? (abrir en una nueva pesta\u00f1a)\">RAV?<\/a><\/span><\/p>\n<p>NOTIFICADA LA LIQUIDACI\u00d3N EL CONTRIBUYENTE TIENE 30 D\u00cdAS PARA INTERPONER UNA REPOSICI\u00d3N ADMINISTRATIVA VOLUNTARIA (RAV) QUE SE\u00d1ALA EL ART 138 BIS Y SIGUIENTES DEL C\u00d3DIGO TRIBUTARIO Y 90 D\u00cdAS PARA LA RECLAMACI\u00d3N ANTE EL TTA, QUE SUSPENDE EL GIRO.-<\/p>\n<p><span style=\"color: #003300;\"><a style=\"color: #003300;\" href=\"https:\/\/a-tributario.cl\/index.php\/defensa-giro-o-liquidacion-impuestos-iva-renta-sii-abogado-tributario-let-950959243\/rav-sii\/\" target=\"_blank\" rel=\"noopener noreferrer\">DEFENSA TRIBUTARIA RAV \u2013 SII<\/a><\/span><\/p>\n<p><span style=\"color: #003300;\"><a style=\"color: #003300;\" href=\"https:\/\/www.a-tributario.cl\/index.php\/sii-procedimiento-administrativo-de-raf-circular-13-2010\/\" target=\"_blank\" rel=\"noopener noreferrer\">SII \u2013 PROCEDIMIENTO ADMINISTRATIVO DE RAF<\/a><\/span><\/p>\n<p>2.-\u00a0<strong>RECLAMACI\u00d3N ANTE EL TTA<\/strong><\/p>\n<p>Procedimiento General de Reclamaciones Tributarias<\/p>\n<p>Se someten a este procedimiento los reclamos que se pueden efectuar en contra de las siguientes actuaciones del Servicio de Impuestos Internos:<\/p>\n<p><strong>&gt;<\/strong>\u00a0<strong><u>Liquidaciones<\/u><\/strong>:\u00a0Constituye\u00a0el acto por el cual el SII determina el impuesto que adeuda el contribuyente, ya sea porque a su juicio no determin\u00f3 la obligaci\u00f3n tributaria estando obligado a hacerlo, o bien porque el organismo considera que el impuesto declarado no corresponde a la cuantificaci\u00f3n del hecho gravado.<\/p>\n<p><strong>&gt;\u00a0<u>Giros<\/u>:\u00a0<\/strong>Corresponde a la orden\u00a0dirigida al contribuyente para pagar un impuesto o una multa, previamente determinados. Si hay liquidaci\u00f3n y giro, s\u00f3lo podr\u00e1 reclamarse del \u00faltimo si no se conforma con la liquidaci\u00f3n que le haya servido de antecedente.<\/p>\n<p><strong>&gt;\u00a0<u>Pagos<\/u>:\u00a0<\/strong>S\u00f3lo podr\u00e1 reclamarse de los pagos cuando no se conformen con el giro que lo antecede.<\/p>\n<p><strong><u>Resoluciones<\/u><\/strong>: Son\u00a0reclamables las resoluciones que inciden en el pago de un impuesto o en los elementos que sirven de base para determinarlo; y tambi\u00e9n las resoluciones que deniegan las peticiones establecidas en el art\u00edculo 126 del C\u00f3digo Tributario.<\/p>\n<h3>PLAZOS<\/h3>\n<p>Para\u00a0reclamar por liquidaciones, giros, pagos o\u00a0resoluciones emitidos por el SII, el contribuyente dispondr\u00e1 de\u00a090 d\u00edas contados desde que ocurri\u00f3 la notificaci\u00f3n. En el caso de las liquidaciones, el plazo de presentaci\u00f3n del reclamo se ampliar\u00e1 a un a\u00f1o cuando el contribuyente, conforme a lo dispuesto en el inciso tercero del art\u00edculo 24 del C\u00f3digo Tributario, pague la suma determinada por el SII dentro del plazo de 90 d\u00edas contados desde la notificaci\u00f3n correspondiente.<\/p>\n<p>En caso que se haya interpuesto en el SII la reposici\u00f3n administrativa voluntaria, en los t\u00e9rminos previstos en el art. 123 bis del C\u00f3digo Tributario, el plazo para reclamar se suspender\u00e1 desde su presentaci\u00f3n y hasta que se resuelva o se tenga por rechazada por el transcurso del plazo que la norma contempla (90 d\u00edas).<\/p>\n<h3>D\u00d3NDE<\/h3>\n<p>Los reclamos se pueden presentar ante el TTA cuyo territorio jurisdiccional corresponda al de la unidad del Servicio que emiti\u00f3 el acto reclamado. Si los actos fueron emitidos por unidades de la Direcci\u00f3n Nacional, el reclamo deber\u00e1 presentarse ante el TTA en cuyo territorio ten\u00eda su domicilio el contribuyente al momento de ser notificado de revisi\u00f3n, de citaci\u00f3n, de liquidaci\u00f3n o de giro.<\/p>\n<h3>PARTICULARIDADES PROCEDIMENTALES<\/h3>\n<p>A menos que la cuant\u00eda del juicio sea inferior a 32 UTM -cerca de $1.500.000-, el interesado debe contar con el patrocinio y representaci\u00f3n de un abogado (art\u00edculos 1\u00ba y 2\u00ba, Ley N\u00ba 18.120).<\/p>\n<h3>NOVEDADES\u00a0PROCESALES<\/h3>\n<p>Respecto de los reclamos que se presenten desde el 1 de noviembre de 2017, se crea la instancia de conciliaci\u00f3n entre el reclamante y el SII, en dos oportunidades: vencido el plazo para que el SII haya contestado el reclamo y, a petici\u00f3n de parte, una vez concluido el plazo para formular observaciones a la prueba. En ambos casos, el Tribunal Tributario y Aduanero citar\u00e1 a una audiencia, en la que propondr\u00e1 bases de arreglo de acuerdo con el nuevo art. 131 bis del C\u00f3digo Tributario.<\/p>\n<p>La lista de testigos podr\u00e1 presentarse dentro de los 5 primeros d\u00edas del t\u00e9rmino probatorio.<\/p>\n<p>Vencido el t\u00e9rmino de prueba, y dentro de los diez d\u00edas siguientes, las partes podr\u00e1n hacer por escrito las observaciones que el examen de la prueba les sugiera.<\/p>\n<h3>RECURSOS JUDICIALES<\/h3>\n<p>Contra la sentencia s\u00f3lo procede el recurso de apelaci\u00f3n que debe ser presentado en el plazo de 15 d\u00edas contados desde su notificaci\u00f3n a las partes. La interposici\u00f3n del recurso implica que el Tribunal Tributario y Aduanero debe elevar los autos a la Corte de Apelaciones respectiva en 15 d\u00edas, plazo contado desde que se notific\u00f3 la concesi\u00f3n del recurso.<\/p>\n<p>El recurso de apelaci\u00f3n es conocido de manera preferente y en cuenta por la Corte de Apelaciones, a menos que dentro del plazo de 5 d\u00edas contados desde el ingreso de los autos en la secretar\u00eda de la Corte de Apelaciones, cualquiera de las partes solicite la realizaci\u00f3n de alegatos.<\/p>\n<p>El Procedimiento General de Reclamaciones se aplica en forma supletoria a los dem\u00e1s procedimientos de reclamo contemplados en el C\u00f3digo Tributario.<\/p>\n<p><span style=\"color: #003300;\"><a style=\"color: #003300;\" href=\"https:\/\/www.a-tributario.cl\/index.php\/factura-ideologicamente-falsa\/\"><strong>VER<\/strong><\/a><\/span>[\/vc_cta][\/vc_column][\/vc_row][vc_row][\/vc_row]<\/p>\n","protected":false},"excerpt":{"rendered":"<p>[vc_row][vc_column][vc_cta h2=\u00bb\u00bb] LIQUIDACI\u00d3N Y GIRO IMPUESTOS IVA RENTA SII DEFENSA TRIBUTARIA \u00bfQUE HACER EN CASO DE\u00a0\u00a0FISCALIZACI\u00d3N, CITACI\u00d3N,\u00a0LIQUIDACI\u00d3N ,\u00a0GIRO O QUERELLA POR\u00a0FACTURA IDEOL\u00d3GICAMENTE FALSA ? 1.-\u00a0\u00bfQUE ES UNA REPOSICI\u00d3N ADMINISTRATIVA VOLUNTARIA\u00a0RAV? NOTIFICADA LA LIQUIDACI\u00d3N EL CONTRIBUYENTE TIENE 30 D\u00cdAS PARA INTERPONER UNA REPOSICI\u00d3N ADMINISTRATIVA VOLUNTARIA (RAV) QUE SE\u00d1ALA EL ART 138 BIS Y SIGUIENTES DEL C\u00d3DIGO [&hellip;]<\/p>\n","protected":false},"author":1,"featured_media":0,"parent":0,"menu_order":0,"comment_status":"closed","ping_status":"closed","template":"","meta":{"_monsterinsights_skip_tracking":false,"_monsterinsights_sitenote_active":false,"_monsterinsights_sitenote_note":"","_monsterinsights_sitenote_category":0,"footnotes":"","_joinchat":[]},"yoast_head":"<!-- This site is optimized with the Yoast SEO plugin v21.5 - https:\/\/yoast.com\/wordpress\/plugins\/seo\/ -->\n<title>LIQUIDACI\u00d3N Y GIRO IMPUESTOS IVA RENTA SII -DEFENSA TRIBUTARIA<\/title>\n<meta name=\"description\" content=\"DEFENSA GIRO LIQUIDACION IVA RENTA SII - ABOGADO TRIBUTARIO - NOS ESPECIALIZAMOS EN LA DEFENSA DEL CONTRIBUYENTE, ANTE LA LIQUIDACI\u00d3N Y GIRO DEL SII.\" \/>\n<meta name=\"robots\" content=\"index, follow, max-snippet:-1, max-image-preview:large, max-video-preview:-1\" \/>\n<link rel=\"canonical\" href=\"https:\/\/a-tributario.cl\/index.php\/defensa-giro-impuestos-iva-renta-sii\/\" \/>\n<meta property=\"og:locale\" content=\"es_ES\" \/>\n<meta property=\"og:type\" content=\"article\" \/>\n<meta property=\"og:title\" content=\"LIQUIDACI\u00d3N Y GIRO IMPUESTOS IVA RENTA SII -DEFENSA TRIBUTARIA\" \/>\n<meta property=\"og:description\" content=\"DEFENSA GIRO LIQUIDACION IVA RENTA SII - ABOGADO TRIBUTARIO - NOS ESPECIALIZAMOS EN LA DEFENSA DEL CONTRIBUYENTE, ANTE LA LIQUIDACI\u00d3N Y GIRO DEL SII.\" \/>\n<meta property=\"og:url\" content=\"https:\/\/a-tributario.cl\/index.php\/defensa-giro-impuestos-iva-renta-sii\/\" \/>\n<meta property=\"og:site_name\" content=\"ABOGADO TRIBUTARIO R&amp;R\" \/>\n<meta property=\"article:publisher\" content=\"https:\/\/www.facebook.com\/AbogadosTributariosIUS\/\" \/>\n<meta property=\"article:modified_time\" content=\"2023-12-15T03:03:12+00:00\" \/>\n<meta name=\"twitter:card\" content=\"summary_large_image\" \/>\n<meta name=\"twitter:site\" content=\"@ius_asesores\" \/>\n<meta name=\"twitter:label1\" content=\"Tiempo de lectura\" \/>\n\t<meta name=\"twitter:data1\" content=\"4 minutos\" \/>\n<script type=\"application\/ld+json\" class=\"yoast-schema-graph\">{\"@context\":\"https:\/\/schema.org\",\"@graph\":[{\"@type\":\"WebPage\",\"@id\":\"https:\/\/a-tributario.cl\/index.php\/defensa-giro-impuestos-iva-renta-sii\/\",\"url\":\"https:\/\/a-tributario.cl\/index.php\/defensa-giro-impuestos-iva-renta-sii\/\",\"name\":\"LIQUIDACI\u00d3N Y GIRO IMPUESTOS IVA RENTA SII -DEFENSA TRIBUTARIA\",\"isPartOf\":{\"@id\":\"https:\/\/a-tributario.cl\/#website\"},\"datePublished\":\"2019-06-24T14:09:57+00:00\",\"dateModified\":\"2023-12-15T03:03:12+00:00\",\"description\":\"DEFENSA GIRO LIQUIDACION IVA RENTA SII - ABOGADO TRIBUTARIO - NOS ESPECIALIZAMOS EN LA DEFENSA DEL CONTRIBUYENTE, ANTE LA LIQUIDACI\u00d3N Y GIRO DEL SII.\",\"breadcrumb\":{\"@id\":\"https:\/\/a-tributario.cl\/index.php\/defensa-giro-impuestos-iva-renta-sii\/#breadcrumb\"},\"inLanguage\":\"es\",\"potentialAction\":[{\"@type\":\"ReadAction\",\"target\":[\"https:\/\/a-tributario.cl\/index.php\/defensa-giro-impuestos-iva-renta-sii\/\"]}]},{\"@type\":\"BreadcrumbList\",\"@id\":\"https:\/\/a-tributario.cl\/index.php\/defensa-giro-impuestos-iva-renta-sii\/#breadcrumb\",\"itemListElement\":[{\"@type\":\"ListItem\",\"position\":1,\"name\":\"Portada\",\"item\":\"https:\/\/a-tributario.cl\/\"},{\"@type\":\"ListItem\",\"position\":2,\"name\":\"DEFENSA LIQUIDACI\u00d3N Y GIRO IMPUESTOS SII\"}]},{\"@type\":\"WebSite\",\"@id\":\"https:\/\/a-tributario.cl\/#website\",\"url\":\"https:\/\/a-tributario.cl\/\",\"name\":\"ABOGADO TRIBUTARIO R&amp;R\",\"description\":\"ASESOR\u00cdA TRIBUTARIA, DEFENSA LIQUIDACI\u00d3N Y GIRO SII, PRESCRIPCI\u00d3N IMPUESTOS DEFENSA COBRO TESORER\u00cdA\",\"publisher\":{\"@id\":\"https:\/\/a-tributario.cl\/#organization\"},\"potentialAction\":[{\"@type\":\"SearchAction\",\"target\":{\"@type\":\"EntryPoint\",\"urlTemplate\":\"https:\/\/a-tributario.cl\/?s={search_term_string}\"},\"query-input\":\"required name=search_term_string\"}],\"inLanguage\":\"es\"},{\"@type\":\"Organization\",\"@id\":\"https:\/\/a-tributario.cl\/#organization\",\"name\":\"Abogado Tributario Let\",\"url\":\"https:\/\/a-tributario.cl\/\",\"logo\":{\"@type\":\"ImageObject\",\"inLanguage\":\"es\",\"@id\":\"https:\/\/a-tributario.cl\/#\/schema\/logo\/image\/\",\"url\":\"https:\/\/a-tributario.cl\/wp-content\/uploads\/2019\/04\/Image-2018-e1556290954199.jpeg\",\"contentUrl\":\"https:\/\/a-tributario.cl\/wp-content\/uploads\/2019\/04\/Image-2018-e1556290954199.jpeg\",\"width\":128,\"height\":128,\"caption\":\"Abogado Tributario Let\"},\"image\":{\"@id\":\"https:\/\/a-tributario.cl\/#\/schema\/logo\/image\/\"},\"sameAs\":[\"https:\/\/www.facebook.com\/AbogadosTributariosIUS\/\",\"https:\/\/twitter.com\/ius_asesores\",\"https:\/\/www.linkedin.com\/in\/abogadotributario\/\"]}]}<\/script>\n<!-- \/ Yoast SEO plugin. -->","yoast_head_json":{"title":"LIQUIDACI\u00d3N Y GIRO IMPUESTOS IVA RENTA SII -DEFENSA TRIBUTARIA","description":"DEFENSA GIRO LIQUIDACION IVA RENTA SII - ABOGADO TRIBUTARIO - NOS ESPECIALIZAMOS EN LA DEFENSA DEL CONTRIBUYENTE, ANTE LA LIQUIDACI\u00d3N Y GIRO DEL SII.","robots":{"index":"index","follow":"follow","max-snippet":"max-snippet:-1","max-image-preview":"max-image-preview:large","max-video-preview":"max-video-preview:-1"},"canonical":"https:\/\/a-tributario.cl\/index.php\/defensa-giro-impuestos-iva-renta-sii\/","og_locale":"es_ES","og_type":"article","og_title":"LIQUIDACI\u00d3N Y GIRO IMPUESTOS IVA RENTA SII -DEFENSA TRIBUTARIA","og_description":"DEFENSA GIRO LIQUIDACION IVA RENTA SII - ABOGADO TRIBUTARIO - NOS ESPECIALIZAMOS EN LA DEFENSA DEL CONTRIBUYENTE, ANTE LA LIQUIDACI\u00d3N Y GIRO DEL SII.","og_url":"https:\/\/a-tributario.cl\/index.php\/defensa-giro-impuestos-iva-renta-sii\/","og_site_name":"ABOGADO TRIBUTARIO R&amp;R","article_publisher":"https:\/\/www.facebook.com\/AbogadosTributariosIUS\/","article_modified_time":"2023-12-15T03:03:12+00:00","twitter_card":"summary_large_image","twitter_site":"@ius_asesores","twitter_misc":{"Tiempo de lectura":"4 minutos"},"schema":{"@context":"https:\/\/schema.org","@graph":[{"@type":"WebPage","@id":"https:\/\/a-tributario.cl\/index.php\/defensa-giro-impuestos-iva-renta-sii\/","url":"https:\/\/a-tributario.cl\/index.php\/defensa-giro-impuestos-iva-renta-sii\/","name":"LIQUIDACI\u00d3N Y GIRO IMPUESTOS IVA RENTA SII -DEFENSA TRIBUTARIA","isPartOf":{"@id":"https:\/\/a-tributario.cl\/#website"},"datePublished":"2019-06-24T14:09:57+00:00","dateModified":"2023-12-15T03:03:12+00:00","description":"DEFENSA GIRO LIQUIDACION IVA RENTA SII - ABOGADO TRIBUTARIO - NOS ESPECIALIZAMOS EN LA DEFENSA DEL CONTRIBUYENTE, ANTE LA LIQUIDACI\u00d3N Y GIRO DEL SII.","breadcrumb":{"@id":"https:\/\/a-tributario.cl\/index.php\/defensa-giro-impuestos-iva-renta-sii\/#breadcrumb"},"inLanguage":"es","potentialAction":[{"@type":"ReadAction","target":["https:\/\/a-tributario.cl\/index.php\/defensa-giro-impuestos-iva-renta-sii\/"]}]},{"@type":"BreadcrumbList","@id":"https:\/\/a-tributario.cl\/index.php\/defensa-giro-impuestos-iva-renta-sii\/#breadcrumb","itemListElement":[{"@type":"ListItem","position":1,"name":"Portada","item":"https:\/\/a-tributario.cl\/"},{"@type":"ListItem","position":2,"name":"DEFENSA LIQUIDACI\u00d3N Y GIRO IMPUESTOS SII"}]},{"@type":"WebSite","@id":"https:\/\/a-tributario.cl\/#website","url":"https:\/\/a-tributario.cl\/","name":"ABOGADO TRIBUTARIO R&amp;R","description":"ASESOR\u00cdA TRIBUTARIA, DEFENSA LIQUIDACI\u00d3N Y GIRO SII, PRESCRIPCI\u00d3N IMPUESTOS DEFENSA COBRO TESORER\u00cdA","publisher":{"@id":"https:\/\/a-tributario.cl\/#organization"},"potentialAction":[{"@type":"SearchAction","target":{"@type":"EntryPoint","urlTemplate":"https:\/\/a-tributario.cl\/?s={search_term_string}"},"query-input":"required name=search_term_string"}],"inLanguage":"es"},{"@type":"Organization","@id":"https:\/\/a-tributario.cl\/#organization","name":"Abogado Tributario Let","url":"https:\/\/a-tributario.cl\/","logo":{"@type":"ImageObject","inLanguage":"es","@id":"https:\/\/a-tributario.cl\/#\/schema\/logo\/image\/","url":"https:\/\/a-tributario.cl\/wp-content\/uploads\/2019\/04\/Image-2018-e1556290954199.jpeg","contentUrl":"https:\/\/a-tributario.cl\/wp-content\/uploads\/2019\/04\/Image-2018-e1556290954199.jpeg","width":128,"height":128,"caption":"Abogado Tributario Let"},"image":{"@id":"https:\/\/a-tributario.cl\/#\/schema\/logo\/image\/"},"sameAs":["https:\/\/www.facebook.com\/AbogadosTributariosIUS\/","https:\/\/twitter.com\/ius_asesores","https:\/\/www.linkedin.com\/in\/abogadotributario\/"]}]}},"_links":{"self":[{"href":"https:\/\/a-tributario.cl\/index.php\/wp-json\/wp\/v2\/pages\/2938"}],"collection":[{"href":"https:\/\/a-tributario.cl\/index.php\/wp-json\/wp\/v2\/pages"}],"about":[{"href":"https:\/\/a-tributario.cl\/index.php\/wp-json\/wp\/v2\/types\/page"}],"author":[{"embeddable":true,"href":"https:\/\/a-tributario.cl\/index.php\/wp-json\/wp\/v2\/users\/1"}],"replies":[{"embeddable":true,"href":"https:\/\/a-tributario.cl\/index.php\/wp-json\/wp\/v2\/comments?post=2938"}],"version-history":[{"count":57,"href":"https:\/\/a-tributario.cl\/index.php\/wp-json\/wp\/v2\/pages\/2938\/revisions"}],"predecessor-version":[{"id":5809,"href":"https:\/\/a-tributario.cl\/index.php\/wp-json\/wp\/v2\/pages\/2938\/revisions\/5809"}],"wp:attachment":[{"href":"https:\/\/a-tributario.cl\/index.php\/wp-json\/wp\/v2\/media?parent=2938"}],"curies":[{"name":"wp","href":"https:\/\/api.w.org\/{rel}","templated":true}]}}