{"id":2964,"date":"2019-07-28T23:00:28","date_gmt":"2019-07-28T23:00:28","guid":{"rendered":"https:\/\/www.a-tributario.cl\/?page_id=2964"},"modified":"2022-01-02T19:31:57","modified_gmt":"2022-01-02T19:31:57","slug":"tesoreria-defensa-tributaria-embargo","status":"publish","type":"page","link":"https:\/\/a-tributario.cl\/index.php\/tesoreria-defensa-tributaria-embargo\/","title":{"rendered":"TESORER\u00cdA \u2013 DEFENSA TRIBUTARIA EMBARGO"},"content":{"rendered":"[vc_row][vc_column width=\u00bb1\/2&#8243;][vc_column_text]<h1 style=\"text-align: center;\"><span style=\"vertical-align: inherit;\"><a href=\"https:\/\/www.tgr.cl\/\" target=\"_blank\" rel=\"noopener noreferrer\"><img loading=\"lazy\" decoding=\"async\" class=\"alignnone size-full wp-image-2846\" src=\"https:\/\/a-tributario.cl\/wp-content\/uploads\/2019\/06\/images.jpg\" alt=\"\" width=\"275\" height=\"183\" \/><\/a><\/span><\/h1>\n<h1 style=\"text-align: center;\"><span style=\"vertical-align: inherit;\"><a href=\"https:\/\/www.tgr.cl\/\" target=\"_blank\" rel=\"noopener noreferrer\">TESORER\u00cdA<\/a>\u00a0<\/span><\/h1>\n<h2 style=\"text-align: center;\">\u00bfEmbargos de Tesorer\u00eda?<\/h2>\n<h2 style=\"text-align: center;\"><strong>\u00bfDeuda antigua?<\/strong><\/h2>\n<h2 style=\"text-align: center;\"><strong>\u00bfTrabas en el SII por deuda?<\/strong><\/h2>\n<h2><span style=\"vertical-align: inherit;\">Defensa en\u00a0 juicio de cobro de deuda de Impuestos (IVA-RENTA), ejercido por Tesorer\u00eda.-<\/span><\/h2>\n<h2><span style=\"vertical-align: inherit;\">Soluci\u00f3n definitiva a\u00a0 deuda de impuestos, v\u00eda recursos judiciales.-<\/span><\/h2>\n<h2><span style=\"vertical-align: inherit;\">Eliminamos deuda y se alza los embargos v\u00eda Prescripci\u00f3n.-\u00a0 <\/span><\/h2>\n<h2><span style=\"vertical-align: inherit;\">Consulte\u00a0 gratuitamente, <\/span><span style=\"vertical-align: inherit;\">para una evaluaci\u00f3n<\/span><\/h2>\n<p><blockquote class=\"wp-embedded-content\" data-secret=\"GpsiDvr4In\"><a href=\"https:\/\/a-tributario.cl\/index.php\/contacto\/\">CONTACTO<\/a><\/blockquote><iframe class=\"wp-embedded-content\" sandbox=\"allow-scripts\" security=\"restricted\" style=\"position: absolute; clip: rect(1px, 1px, 1px, 1px);\" title=\"&#8220;CONTACTO&#8221; &#8212; ABOGADO TRIBUTARIO LET 950959243\" src=\"https:\/\/a-tributario.cl\/index.php\/contacto\/embed\/#?secret=GpsiDvr4In\" data-secret=\"GpsiDvr4In\" width=\"500\" height=\"282\" frameborder=\"0\" marginwidth=\"0\" marginheight=\"0\" scrolling=\"no\"><\/iframe><\/p>\n<h2><!-- \/wp:heading --><\/h2>\n<h2><!-- wp:heading {\"level\":3} --><\/h2>\n<h3><!-- \/wp:heading --><\/h3>\n<h3><!-- wp:list --><\/h3>\n<ul>\n<li>\n<h3><strong><span style=\"vertical-align: inherit;\">SUSPENSI\u00d3N DE REMATE<\/span><\/strong><\/h3>\n<\/li>\n<li>\n<h3><strong><span style=\"vertical-align: inherit;\">ALZAMIENTO DE EMBARGO<\/span><\/strong><\/h3>\n<\/li>\n<li>\n<h3><strong><span style=\"vertical-align: inherit;\">PROTECCI\u00d3N CONTRA ARRESTO<\/span><\/strong><\/h3>\n<\/li>\n<\/ul>\n<h3>\u00a0<\/h3>\n<ul>\n<li>\n<h3><a href=\"https:\/\/www.a-tributario.cl\/index.php\/prescripcion-impuestos\/\" target=\"_blank\" rel=\"noreferrer noopener\"><strong><span style=\"vertical-align: inherit;\">ELIMINACI\u00d3N DEUDA IMPUESTO V\u00cdA PRESCRIPCI\u00d3N<\/span><\/strong><\/a><\/h3>\n<\/li>\n<li>\n<h3><strong><a href=\"https:\/\/a-tributario.cl\/index.php\/prescripcion-impuestos-chile-2\/\" target=\"_blank\" rel=\"noopener noreferrer\">PRESCRIPCION DE LA ACCION DE COBRO<\/a><\/strong><\/h3>\n<\/li>\n<li>\n<h3><strong><span style=\"vertical-align: inherit;\">LIBERACI\u00d3N DEL COBRO POR MEDIO DE RECURSOS JUDICIALES<\/span><\/strong><\/h3>\n<\/li>\n<\/ul>\n<p><!-- wp:heading --><\/p>\n<h2><span style=\"vertical-align: inherit;\"><span style=\"vertical-align: inherit;\">EMBARGO TESORER\u00cdA <\/span><\/span><\/h2>\n<h2><span style=\"vertical-align: inherit;\"><span style=\"vertical-align: inherit;\">&#8211; DEFENSA TRIBUTARIA<\/span><\/span><\/h2>\n<p><!-- \/wp:heading --><\/p>\n<p><!-- wp:paragraph --><\/p>\n<h2 style=\"text-align: center;\"><a href=\"https:\/\/www.a-tributario.cl\/index.php\/sentencias-judiciales\/\" target=\"_blank\" rel=\"noopener noreferrer\">VER<\/a><\/h2>\n<h2 style=\"text-align: center;\"><a href=\"https:\/\/www.a-tributario.cl\/index.php\/sentencias-judiciales\/\" target=\"_blank\" rel=\"noopener noreferrer\">SENTENCIAS JUDICIALES<\/a><\/h2>\n<p><!-- \/wp:list --><\/p>\n<p><!-- wp:paragraph --><\/p>\n<p><!-- \/wp:paragraph --><\/p>\n<div style=\"width: 1920px;\" class=\"wp-video\"><!--[if lt IE 9]><script>document.createElement('video');<\/script><![endif]-->\n<video class=\"wp-video-shortcode\" id=\"video-2964-1\" width=\"1920\" height=\"1080\" preload=\"metadata\" controls=\"controls\"><source type=\"video\/mp4\" src=\"https:\/\/www.a-tributario.cl\/wp-content\/uploads\/2020\/05\/DEFENSA-DEUDA-IMPUESTO-IVA-RENTA-.mp4?_=1\" \/><a href=\"https:\/\/www.a-tributario.cl\/wp-content\/uploads\/2020\/05\/DEFENSA-DEUDA-IMPUESTO-IVA-RENTA-.mp4\">https:\/\/www.a-tributario.cl\/wp-content\/uploads\/2020\/05\/DEFENSA-DEUDA-IMPUESTO-IVA-RENTA-.mp4<\/a><\/video><\/div>\n<h1 style=\"text-align: center;\">TESORER\u00cdA \u2013<\/h1>\n<h1 style=\"text-align: center;\">DEFENSA TRIBUTARIA<\/h1>\n<h1 style=\"text-align: center;\">EMBARGO<\/h1>\n<h2 style=\"text-align: center;\"><strong><span style=\"vertical-align: inherit;\">JUICIO DE COBRO DE IMPUESTOS DE TESORER\u00cdA<\/span><\/strong><\/h2>\n<h4><span style=\"vertical-align: inherit;\">Los juicios de cobro tributario tienen dos fases o etapas la primera administrativa y la segunda judicial:<\/span><\/h4>\n<h4><!-- \/wp:paragraph --><\/h4>\n<h4><!-- wp:paragraph --><\/h4>\n<h2 style=\"text-align: center;\"><strong><span style=\"vertical-align: inherit;\">A.- ETAPA ADMINISTRATIVA:<\/span><\/strong><\/h2>\n<h4><!-- \/wp:paragraph --><\/h4>\n<h4><!-- wp:paragraph --><\/h4>\n<h4><span style=\"vertical-align: inherit;\">En esta fase se da inicio al juicio de cobro, donde se realizan los embargos y se debe interponer la excepciones.-<\/span><\/h4>\n<h4><!-- \/wp:paragraph --><\/h4>\n<h4><!-- wp:paragraph --><\/h4>\n<h4><span style=\"vertical-align: inherit;\">Nuestro Estudio Jur\u00eddico, especializado en defensa tributaria, dar\u00e1 soluci\u00f3n al embargo de Tesorer\u00eda, lo representamos interponiendo las excepciones o incidentes que corresponda, entre otras la de prescripci\u00f3n.<\/span><\/h4>\n<h4><!-- \/wp:paragraph --><\/h4>\n<h4><!-- wp:paragraph --><\/h4>\n<h4><!-- \/wp:paragraph --><\/h4>\n<h4><!-- wp:paragraph --><\/h4>\n<h4><strong><span style=\"vertical-align: inherit;\">La notificaci\u00f3n, requerimiento y embargo<\/span><\/strong><\/h4>\n<h4><!-- \/wp:paragraph --><\/h4>\n<h4><!-- wp:paragraph --><\/h4>\n<h4><span style=\"vertical-align: inherit;\">Practicado el requerimiento en alguna de las formas pertinentes, sin que se obtenga el pago, el recaudador fiscal, personalmente, proceder\u00e1 a la traba del embargo; pero, trat\u00e1ndose de bienes ra\u00edces, el embargo no surtir\u00e1 efecto respecto de terceros, sino una vez que se haya inscrito en el conservador de bienes ra\u00edces correspondiente.<\/span><\/h4>\n<h4><!-- \/wp:paragraph --><\/h4>\n<h4><!-- wp:paragraph --><\/h4>\n<h4><strong><span style=\"vertical-align: inherit;\">Del plazo para oponer excepciones<\/span><\/strong><\/h4>\n<h4><!-- \/wp:paragraph --><\/h4>\n<h4><!-- wp:paragraph --><\/h4>\n<h4><span style=\"vertical-align: inherit;\">El ejecutado podr\u00e1 oponerse a la ejecuci\u00f3n ante la tesorer\u00eda comunal respectiva, dentro del plazo de 10 d\u00edas h\u00e1biles contados desde la fecha del requerimiento de pago practicado conforme al art\u00edculo 171\u00b0.<\/span><\/h4>\n<h4><!-- \/wp:paragraph --><\/h4>\n<h4><!-- wp:paragraph --><\/h4>\n<h4><strong><span style=\"vertical-align: inherit;\">De las excepciones admisibles<\/span><\/strong><\/h4>\n<h4><!-- \/wp:paragraph --><\/h4>\n<h4><!-- wp:paragraph --><\/h4>\n<h4><span style=\"vertical-align: inherit;\">La oposici\u00f3n del ejecutado s\u00f3lo ser\u00e1 admisible cuando se funde en alguna de las siguientes excepciones: 1\u00b0.- pago de la deuda.\u00a0<\/span><a href=\"https:\/\/www.a-tributario.cl\/index.php\/prescripcion-impuestos\/\" target=\"_blank\" rel=\"noreferrer noopener\"><span style=\"vertical-align: inherit;\">2\u00b0.- prescripci\u00f3n.<\/span><\/a><span style=\"vertical-align: inherit;\">\u00a03\u00b0.- no empecer el t\u00edtulo al ejecutado.<\/span><\/h4>\n<h4><!-- \/wp:paragraph --><\/h4>\n<h4><!-- wp:list {\"ordered\":true} --><\/h4>\n<h2 style=\"text-align: center;\"><strong><span style=\"vertical-align: inherit;\">B. ETAPA JUDICIAL:<\/span><\/strong><\/h2>\n<h4><!-- \/wp:list --><\/h4>\n<h4><!-- wp:paragraph --><\/h4>\n<h4><span style=\"vertical-align: inherit;\">En esta fase no es posible interponer excepciones, sin embargo, nuestra experiencia en esta materia nos permite interponer los recursos legales necesarios, tendientes a paralizar el procedimiento y suspender los remates. Consulte por una Asesor\u00eda Tributaria para evitar el remate de sus bienes<\/span><\/h4>\n<pre class=\"code\" data-lang=\"HTML\"><code>&lt;a href=\"https:\/\/www.grippo.com\/post\/976722.html\"&gt;DEUDA DE IMPUESTOS? ABOGADO TRIBUTARIO DEFENSA Y PRESCRIPCION&lt;\/a&gt;<\/code><\/pre>\n<p><blockquote class=\"wp-embedded-content\" data-secret=\"GpsiDvr4In\"><a href=\"https:\/\/a-tributario.cl\/index.php\/contacto\/\">CONTACTO<\/a><\/blockquote><iframe class=\"wp-embedded-content\" sandbox=\"allow-scripts\" security=\"restricted\" style=\"position: absolute; clip: rect(1px, 1px, 1px, 1px);\" title=\"&#8220;CONTACTO&#8221; &#8212; ABOGADO TRIBUTARIO LET 950959243\" src=\"https:\/\/a-tributario.cl\/index.php\/contacto\/embed\/#?secret=GpsiDvr4In\" data-secret=\"GpsiDvr4In\" width=\"500\" height=\"282\" frameborder=\"0\" marginwidth=\"0\" marginheight=\"0\" scrolling=\"no\"><\/iframe><\/p>[\/vc_column_text][\/vc_column][vc_column width=\u00bb1\/2&#8243;][\/vc_column][\/vc_row]","protected":false},"excerpt":{"rendered":"<p>[vc_row][vc_column width=\u00bb1\/2&#8243;][vc_column_text] TESORER\u00cdA\u00a0 \u00bfEmbargos de Tesorer\u00eda? \u00bfDeuda antigua? \u00bfTrabas en el SII por deuda? Defensa en\u00a0 juicio de cobro de deuda de Impuestos (IVA-RENTA), ejercido por Tesorer\u00eda.- Soluci\u00f3n definitiva a\u00a0 deuda de impuestos, v\u00eda recursos judiciales.- Eliminamos deuda y se alza los embargos v\u00eda Prescripci\u00f3n.-\u00a0 Consulte\u00a0 gratuitamente, para una evaluaci\u00f3n CONTACTO SUSPENSI\u00d3N DE REMATE ALZAMIENTO [&hellip;]<\/p>\n","protected":false},"author":1,"featured_media":0,"parent":0,"menu_order":0,"comment_status":"closed","ping_status":"closed","template":"","meta":{"_monsterinsights_skip_tracking":false,"_monsterinsights_sitenote_active":false,"_monsterinsights_sitenote_note":"","_monsterinsights_sitenote_category":0,"footnotes":"","_joinchat":[]},"yoast_head":"<!-- This site is optimized with the Yoast SEO plugin v21.5 - https:\/\/yoast.com\/wordpress\/plugins\/seo\/ -->\n<title>TESORER\u00cdA \u2013 DEFENSA TRIBUTARIA EMBARGO<\/title>\n<meta name=\"description\" content=\"Defensa - Cobro Impuestos (IVA - RENTA) - TESORERIA Eliminaci\u00f3n de Deuda de Impuestos V\u00eda Recurso Judicial - ABOGADO TRIBUTARIO LET 950959243\" \/>\n<meta name=\"robots\" content=\"index, follow, max-snippet:-1, max-image-preview:large, max-video-preview:-1\" \/>\n<link rel=\"canonical\" href=\"https:\/\/a-tributario.cl\/index.php\/tesoreria-defensa-tributaria-embargo\/\" \/>\n<meta property=\"og:locale\" content=\"es_ES\" \/>\n<meta property=\"og:type\" content=\"article\" \/>\n<meta property=\"og:title\" content=\"TESORER\u00cdA \u2013 DEFENSA TRIBUTARIA EMBARGO\" \/>\n<meta property=\"og:description\" content=\"Defensa - Cobro Impuestos (IVA - RENTA) - TESORERIA Eliminaci\u00f3n de Deuda de Impuestos V\u00eda Recurso Judicial - ABOGADO TRIBUTARIO LET 950959243\" \/>\n<meta property=\"og:url\" content=\"https:\/\/a-tributario.cl\/index.php\/tesoreria-defensa-tributaria-embargo\/\" \/>\n<meta property=\"og:site_name\" content=\"ABOGADO TRIBUTARIO R&amp;R\" \/>\n<meta property=\"article:publisher\" content=\"https:\/\/www.facebook.com\/AbogadosTributariosIUS\/\" \/>\n<meta property=\"article:modified_time\" content=\"2022-01-02T19:31:57+00:00\" \/>\n<meta property=\"og:image\" content=\"https:\/\/a-tributario.cl\/wp-content\/uploads\/2019\/06\/images.jpg\" \/>\n<meta name=\"twitter:card\" content=\"summary_large_image\" \/>\n<meta name=\"twitter:site\" content=\"@ius_asesores\" \/>\n<meta name=\"twitter:label1\" content=\"Tiempo de lectura\" \/>\n\t<meta name=\"twitter:data1\" content=\"2 minutos\" \/>\n<script type=\"application\/ld+json\" class=\"yoast-schema-graph\">{\"@context\":\"https:\/\/schema.org\",\"@graph\":[{\"@type\":\"WebPage\",\"@id\":\"https:\/\/a-tributario.cl\/index.php\/tesoreria-defensa-tributaria-embargo\/\",\"url\":\"https:\/\/a-tributario.cl\/index.php\/tesoreria-defensa-tributaria-embargo\/\",\"name\":\"TESORER\u00cdA \u2013 DEFENSA TRIBUTARIA EMBARGO\",\"isPartOf\":{\"@id\":\"https:\/\/a-tributario.cl\/#website\"},\"datePublished\":\"2019-07-28T23:00:28+00:00\",\"dateModified\":\"2022-01-02T19:31:57+00:00\",\"description\":\"Defensa - Cobro Impuestos (IVA - RENTA) - TESORERIA Eliminaci\u00f3n de Deuda de Impuestos V\u00eda Recurso Judicial - ABOGADO TRIBUTARIO LET 950959243\",\"breadcrumb\":{\"@id\":\"https:\/\/a-tributario.cl\/index.php\/tesoreria-defensa-tributaria-embargo\/#breadcrumb\"},\"inLanguage\":\"es\",\"potentialAction\":[{\"@type\":\"ReadAction\",\"target\":[\"https:\/\/a-tributario.cl\/index.php\/tesoreria-defensa-tributaria-embargo\/\"]}]},{\"@type\":\"BreadcrumbList\",\"@id\":\"https:\/\/a-tributario.cl\/index.php\/tesoreria-defensa-tributaria-embargo\/#breadcrumb\",\"itemListElement\":[{\"@type\":\"ListItem\",\"position\":1,\"name\":\"Portada\",\"item\":\"https:\/\/a-tributario.cl\/\"},{\"@type\":\"ListItem\",\"position\":2,\"name\":\"TESORER\u00cdA \u2013 DEFENSA TRIBUTARIA EMBARGO\"}]},{\"@type\":\"WebSite\",\"@id\":\"https:\/\/a-tributario.cl\/#website\",\"url\":\"https:\/\/a-tributario.cl\/\",\"name\":\"ABOGADO TRIBUTARIO R&amp;R\",\"description\":\"ASESOR\u00cdA TRIBUTARIA, DEFENSA LIQUIDACI\u00d3N Y GIRO SII, PRESCRIPCI\u00d3N IMPUESTOS DEFENSA COBRO TESORER\u00cdA\",\"publisher\":{\"@id\":\"https:\/\/a-tributario.cl\/#organization\"},\"potentialAction\":[{\"@type\":\"SearchAction\",\"target\":{\"@type\":\"EntryPoint\",\"urlTemplate\":\"https:\/\/a-tributario.cl\/?s={search_term_string}\"},\"query-input\":\"required name=search_term_string\"}],\"inLanguage\":\"es\"},{\"@type\":\"Organization\",\"@id\":\"https:\/\/a-tributario.cl\/#organization\",\"name\":\"Abogado Tributario Let\",\"url\":\"https:\/\/a-tributario.cl\/\",\"logo\":{\"@type\":\"ImageObject\",\"inLanguage\":\"es\",\"@id\":\"https:\/\/a-tributario.cl\/#\/schema\/logo\/image\/\",\"url\":\"https:\/\/a-tributario.cl\/wp-content\/uploads\/2019\/04\/Image-2018-e1556290954199.jpeg\",\"contentUrl\":\"https:\/\/a-tributario.cl\/wp-content\/uploads\/2019\/04\/Image-2018-e1556290954199.jpeg\",\"width\":128,\"height\":128,\"caption\":\"Abogado Tributario Let\"},\"image\":{\"@id\":\"https:\/\/a-tributario.cl\/#\/schema\/logo\/image\/\"},\"sameAs\":[\"https:\/\/www.facebook.com\/AbogadosTributariosIUS\/\",\"https:\/\/twitter.com\/ius_asesores\",\"https:\/\/www.linkedin.com\/in\/abogadotributario\/\"]}]}<\/script>\n<!-- \/ Yoast SEO plugin. -->","yoast_head_json":{"title":"TESORER\u00cdA \u2013 DEFENSA TRIBUTARIA EMBARGO","description":"Defensa - Cobro Impuestos (IVA - RENTA) - TESORERIA Eliminaci\u00f3n de Deuda de Impuestos V\u00eda Recurso Judicial - ABOGADO TRIBUTARIO LET 950959243","robots":{"index":"index","follow":"follow","max-snippet":"max-snippet:-1","max-image-preview":"max-image-preview:large","max-video-preview":"max-video-preview:-1"},"canonical":"https:\/\/a-tributario.cl\/index.php\/tesoreria-defensa-tributaria-embargo\/","og_locale":"es_ES","og_type":"article","og_title":"TESORER\u00cdA \u2013 DEFENSA TRIBUTARIA EMBARGO","og_description":"Defensa - Cobro Impuestos (IVA - RENTA) - TESORERIA Eliminaci\u00f3n de Deuda de Impuestos V\u00eda Recurso Judicial - ABOGADO TRIBUTARIO LET 950959243","og_url":"https:\/\/a-tributario.cl\/index.php\/tesoreria-defensa-tributaria-embargo\/","og_site_name":"ABOGADO TRIBUTARIO R&amp;R","article_publisher":"https:\/\/www.facebook.com\/AbogadosTributariosIUS\/","article_modified_time":"2022-01-02T19:31:57+00:00","og_image":[{"url":"https:\/\/a-tributario.cl\/wp-content\/uploads\/2019\/06\/images.jpg"}],"twitter_card":"summary_large_image","twitter_site":"@ius_asesores","twitter_misc":{"Tiempo de lectura":"2 minutos"},"schema":{"@context":"https:\/\/schema.org","@graph":[{"@type":"WebPage","@id":"https:\/\/a-tributario.cl\/index.php\/tesoreria-defensa-tributaria-embargo\/","url":"https:\/\/a-tributario.cl\/index.php\/tesoreria-defensa-tributaria-embargo\/","name":"TESORER\u00cdA \u2013 DEFENSA TRIBUTARIA EMBARGO","isPartOf":{"@id":"https:\/\/a-tributario.cl\/#website"},"datePublished":"2019-07-28T23:00:28+00:00","dateModified":"2022-01-02T19:31:57+00:00","description":"Defensa - Cobro Impuestos (IVA - RENTA) - TESORERIA Eliminaci\u00f3n de Deuda de Impuestos V\u00eda Recurso Judicial - ABOGADO TRIBUTARIO LET 950959243","breadcrumb":{"@id":"https:\/\/a-tributario.cl\/index.php\/tesoreria-defensa-tributaria-embargo\/#breadcrumb"},"inLanguage":"es","potentialAction":[{"@type":"ReadAction","target":["https:\/\/a-tributario.cl\/index.php\/tesoreria-defensa-tributaria-embargo\/"]}]},{"@type":"BreadcrumbList","@id":"https:\/\/a-tributario.cl\/index.php\/tesoreria-defensa-tributaria-embargo\/#breadcrumb","itemListElement":[{"@type":"ListItem","position":1,"name":"Portada","item":"https:\/\/a-tributario.cl\/"},{"@type":"ListItem","position":2,"name":"TESORER\u00cdA \u2013 DEFENSA TRIBUTARIA EMBARGO"}]},{"@type":"WebSite","@id":"https:\/\/a-tributario.cl\/#website","url":"https:\/\/a-tributario.cl\/","name":"ABOGADO TRIBUTARIO R&amp;R","description":"ASESOR\u00cdA TRIBUTARIA, DEFENSA LIQUIDACI\u00d3N Y GIRO SII, PRESCRIPCI\u00d3N IMPUESTOS DEFENSA COBRO TESORER\u00cdA","publisher":{"@id":"https:\/\/a-tributario.cl\/#organization"},"potentialAction":[{"@type":"SearchAction","target":{"@type":"EntryPoint","urlTemplate":"https:\/\/a-tributario.cl\/?s={search_term_string}"},"query-input":"required name=search_term_string"}],"inLanguage":"es"},{"@type":"Organization","@id":"https:\/\/a-tributario.cl\/#organization","name":"Abogado Tributario Let","url":"https:\/\/a-tributario.cl\/","logo":{"@type":"ImageObject","inLanguage":"es","@id":"https:\/\/a-tributario.cl\/#\/schema\/logo\/image\/","url":"https:\/\/a-tributario.cl\/wp-content\/uploads\/2019\/04\/Image-2018-e1556290954199.jpeg","contentUrl":"https:\/\/a-tributario.cl\/wp-content\/uploads\/2019\/04\/Image-2018-e1556290954199.jpeg","width":128,"height":128,"caption":"Abogado Tributario Let"},"image":{"@id":"https:\/\/a-tributario.cl\/#\/schema\/logo\/image\/"},"sameAs":["https:\/\/www.facebook.com\/AbogadosTributariosIUS\/","https:\/\/twitter.com\/ius_asesores","https:\/\/www.linkedin.com\/in\/abogadotributario\/"]}]}},"_links":{"self":[{"href":"https:\/\/a-tributario.cl\/index.php\/wp-json\/wp\/v2\/pages\/2964"}],"collection":[{"href":"https:\/\/a-tributario.cl\/index.php\/wp-json\/wp\/v2\/pages"}],"about":[{"href":"https:\/\/a-tributario.cl\/index.php\/wp-json\/wp\/v2\/types\/page"}],"author":[{"embeddable":true,"href":"https:\/\/a-tributario.cl\/index.php\/wp-json\/wp\/v2\/users\/1"}],"replies":[{"embeddable":true,"href":"https:\/\/a-tributario.cl\/index.php\/wp-json\/wp\/v2\/comments?post=2964"}],"version-history":[{"count":43,"href":"https:\/\/a-tributario.cl\/index.php\/wp-json\/wp\/v2\/pages\/2964\/revisions"}],"predecessor-version":[{"id":5532,"href":"https:\/\/a-tributario.cl\/index.php\/wp-json\/wp\/v2\/pages\/2964\/revisions\/5532"}],"wp:attachment":[{"href":"https:\/\/a-tributario.cl\/index.php\/wp-json\/wp\/v2\/media?parent=2964"}],"curies":[{"name":"wp","href":"https:\/\/api.w.org\/{rel}","templated":true}]}}