{"id":3199,"date":"2020-01-28T11:54:37","date_gmt":"2020-01-28T11:54:37","guid":{"rendered":"https:\/\/www.a-tributario.cl\/?page_id=3199"},"modified":"2021-07-14T01:51:24","modified_gmt":"2021-07-14T01:51:24","slug":"dicom-previsional-laboral","status":"publish","type":"page","link":"https:\/\/a-tributario.cl\/index.php\/dicom-previsional-laboral\/","title":{"rendered":"DICOM PREVISIONAL LABORAL"},"content":{"rendered":"<p>[vc_row][vc_column width=\u00bb1\/2&#8243;][vc_column_text]<\/p>\n<p><\/p>\n\n\n<\/p>\n<h1 class=\"has-medium-font-size\" style=\"text-align: center;\"><strong>DICOM PREVISIONAL LABORAL<\/strong><\/h1>\n<h2 style=\"text-align: center;\"><strong><img loading=\"lazy\" decoding=\"async\" class=\"size-full wp-image-3329 alignleft\" src=\"https:\/\/www.a-tributario.cl\/wp-content\/uploads\/2020\/05\/images-1.jpg\" alt=\"\" width=\"116\" height=\"168\" \/>EL BOLET\u00cdN LABORAL DE MULTAS Y DEUDORES PREVISIONALES, DE LA DIRECCI\u00d3N DEL TRABAJO, PUBLICADO POR EQUIFAX &#8211; DICOM, INFORMA A LAS INSTITUCIONES FINANCIERAS, LAS DEUDAS PREVISIONALES (AFP, ISAPRE, SEGURO CESANT\u00cdA, MULTAS, ETC.) QUE MANTIENEN LAS PERSONAS NATURALES Y JUR\u00cdDICAS (EMPRESAS E INSTITUCIONES).-<\/strong><\/h2>\n<p>EL DICOM PREVISIONAL LABORAL SE HA CONSTITUIDO EN UNA TRABA EN EL DESARROLLO Y DESENVOLVIMIENTO DE LAS PYMES, LIMITANDO LAS POSIBILIDADES DE CONTRATOS Y DE CR\u00c9DITOS<\/p>\n<p>UN CIRCULO VICIO, QUE LIMITA LA ACTIVIDAD DE PEQUE\u00d1AS Y MEDIANAS EMPRESAS<\/p>\n<p>JUNTO CON LAS DEUDAS TRIBUTARIAS, LAS DEUDAS PREVISIONALES SE ORIGINAN MUCHAS VECES EN EL INCUMPLIMIENTO O RETARDO EN LOS PAGOS, DE LOS CONTRATISTAS DE LAS PYMES SUBCONTRATISTAS<\/p>\n<p>TENEMOS AMPLIA EXPERIENCIA EN LA ELIMINACI\u00d3N DEL DICOM POR DEUDAS PREVISIONALES<\/p>\n<p>LA INFORMACI\u00d3N A TERCEROS DE LAS DEUDAS PREVISIONALES ES ILEGAL Y ARBITRARIO, Y NO CUMPLE LAS NORMAS LEGALES ESTABLECIDAS PARA ELLO, COMO LO HA RESUELTO LA EXCMA. CORTE SUPREMA REITERADAMENTE<\/p>\n<p><strong>\u00a0<\/strong><strong>LA CORTE SUPREMA HA DECLARADO QUE LAS PUBLICACIONES DEL BOLET\u00cdN LABORAL SON ILEGALES.-<\/strong><\/p>\n<p>\n\n\n<p>\u00a0<\/p>\n<p>[\/vc_column_text][\/vc_column][vc_column width=\u00bb1\/2&#8243;][\/vc_column][\/vc_row][vc_row][vc_column width=\u00bb1\/2&#8243;][vc_column_text]<\/p>\n<h3 style=\"text-align: center;\"><strong><a href=\"https:\/\/www.a-tributario.cl\/index.php\/elimina-dicom-previsional-pymes\/\">\u00bf COMO ELIMINAR DICOM PREVISIONAL LABORAL ?<\/a><\/strong><\/h3>\n<h3 style=\"text-align: center;\"><strong><a href=\"https:\/\/www.a-tributario.cl\/index.php\/elimina-dicom-previsional-pymes\/\">CLICK AQU\u00cd<\/a><\/strong><\/h3>\n<p>[\/vc_column_text][vc_column_text]<\/p>\n<p><strong>EL DICOM LABORAL-PREVISIONAL SE INICIA CON UNA INSTRUCCI\u00d3N DE LA SUPERINTENDENCIA DE AFP<\/strong><\/p>\n<p>I. ASPECTOS GENERALES.<br \/>1. La Direcci\u00f3n del Trabajo tiene a su cargo la elaboraci\u00f3n y publicaci\u00f3n del Bolet\u00edn de Infractores a la Legislaci\u00f3n Laboral y Previsional, confeccionado tanto a partir de la informaci\u00f3n emanada de su propio actuar institucional como de la suministrada por todas las entidades previsionales del pa\u00eds, ya sean de car\u00e1cter p\u00fablico como privado, entre las que se encuentran las Administradoras de Fondos de Pensiones.<br \/>2. Con el prop\u00f3sito de modernizar y perfeccionar la efectividad del Bolet\u00edn como instrumento de fiscalizaci\u00f3n y certificaci\u00f3n del incumplimiento previsional, se ha estimado necesario incorporar nuevos datos en \u00e9l.<br \/>3. Para dar cumplimiento a lo se\u00f1alado precedentemente, las Administradoras de Fondos de Pensiones deber\u00e1n enviar a la Direcci\u00f3n del Trabajo, Agustinas 1253, octavo piso, la informaci\u00f3n relativa a empleadores morosos que m\u00e1s adelante se se\u00f1ala.<br \/>II. INFORMACI\u00d3N A LA DIRECCI\u00d3N DEL TRABAJO.<br \/>1. El env\u00edo deber\u00e1 hacerse trimestralmente, en los meses de enero, abril, julio y octubre de cada a\u00f1o, el d\u00eda 30 o h\u00e1bil siguiente si \u00e9ste fuere s\u00e1bado, domingo o festivo.<br \/>2. La informaci\u00f3n que se env\u00ede deber\u00e1 contener lo siguiente:<br \/>a) Empleadores con cotizaciones declaradas y no pagadas que cumplan con:<br \/>\udbc0\udcbe Haber declarado y no pagado cotizaciones previsionales por uno o m\u00e1s meses de remuneraciones devengadas hasta el segundo mes anterior al mes del env\u00edo de la informaci\u00f3n.<br \/>\udbc0\udcbe No haber efectuado al \u00faltimo d\u00eda del mes anterior al mes de env\u00edo de la informaci\u00f3n, pagos totales por los per\u00edodos declarados.<br \/>b) Empleadores con cotizaciones previsionales no declaradas ni pagadas que cumplan con:<br \/>3<br \/>\udbc0\udcbe Estar incluidos en un Acta de Fiscalizaci\u00f3n constituida por fiscalizadores de la Direcci\u00f3n del Trabajo, por cotizaciones previsionales impagas correspondientes a remuneraciones devengadas hasta el segundo mes anterior al mes de env\u00edo de la informaci\u00f3n.<br \/>\udbc0\udcbe No haber efectuado al \u00faltimo d\u00eda del mes anterior al mes de env\u00edo de la informaci\u00f3n, pagos totales por los per\u00edodos no declarados.<br \/>3. La informaci\u00f3n deber\u00e1 enviarse mediante disco compacto (CD), en formato ASCII, de acuerdo al esquema de registro, instrucciones y reglas de validaci\u00f3n definidos en el anexo N\u00b0 1 de la presente circular.<br \/>4. Con el objeto que la Direcci\u00f3n del Trabajo pueda eliminar del Bolet\u00edn de Infractores a la Legislaci\u00f3n Laboral y Previsional a los empleadores que fueron err\u00f3neamente incluidos, las Administradoras deber\u00e1n remitirle el ARCHIVO DE ACLARACI\u00d3N MASIVA DE DEUDAS PREVISIONALES, mediante disco compacto (CD), en formato ASCII, de acuerdo al esquema de registro, instrucciones y reglas de validaci\u00f3n definidos en el anexo N\u00b0 2 de la presente circular.<br \/>5. Las Administradoras de Fondos de Pensiones deber\u00e1n adoptar las medidas necesarias tendientes a respaldar la autenticidad de la informaci\u00f3n que proporcionen.<br \/>6. Las Administradoras de Fondos de Pensiones deber\u00e1n otorgar un documento que certifique el pago de las cotizaciones, a todos aquellos empleadores que paguen las cotizaciones que originaron su inclusi\u00f3n en el Bolet\u00edn de Infractores a la Legislaci\u00f3n Laboral y Previsional y que as\u00ed lo soliciten.<br \/>Dicho documento deber\u00e1 indicar el monto nominal total de las cotizaciones pagadas, se\u00f1alando detalladamente el o los per\u00edodos pagados.<br \/>III. DISPOSICI\u00d3N TRANSITORIA.<br \/>Las Administradoras de Fondos de Pensiones deber\u00e1n otorgar un documento que certifique que los empleadores incluidos en el Bolet\u00edn de Infractores a la Legislaci\u00f3n Laboral y Previsional, se encuentran acogidos a convenio de pago en conformidad a la Ley N\u00b0 19.720, cuando \u00e9stos as\u00ed lo soliciten y siempre que el respectivo convenio no hubiese caducado por aplicaci\u00f3n de alguna de las causales establecidas en el n\u00famero 13, del cap\u00edtulo I de la Circular N\u00b0 1.164, de fecha 11 de abril de 2001.<br \/>4<br \/>IV. VIGENCIA.<br \/>La presente circular entrar\u00e1 en vigencia a contar de la informaci\u00f3n que debe remitirse a la Direcci\u00f3n del Trabajo el d\u00eda 30 de enero de 2002.<br \/>ALEJANDRO FERREIRO YAZIGI<br \/>Superintendente de A.F.P.<br \/>Santiago, 7 de diciembre de 2001.<\/p>\n<p>\u00a0<\/p>\n<p><blockquote class=\"wp-embedded-content\" data-secret=\"FYUnQ31bTG\"><a href=\"https:\/\/a-tributario.cl\/index.php\/contacto\/\">CONTACTO<\/a><\/blockquote><iframe class=\"wp-embedded-content\" sandbox=\"allow-scripts\" security=\"restricted\" style=\"position: absolute; clip: rect(1px, 1px, 1px, 1px);\" title=\"&#8220;CONTACTO&#8221; &#8212; ABOGADO TRIBUTARIO LET 950959243\" src=\"https:\/\/a-tributario.cl\/index.php\/contacto\/embed\/#?secret=FYUnQ31bTG\" data-secret=\"FYUnQ31bTG\" width=\"500\" height=\"282\" frameborder=\"0\" marginwidth=\"0\" marginheight=\"0\" scrolling=\"no\"><\/iframe><\/p>","protected":false},"excerpt":{"rendered":"<p>[vc_row][vc_column width=\u00bb1\/2&#8243;][vc_column_text] DICOM PREVISIONAL LABORAL EL BOLET\u00cdN LABORAL DE MULTAS Y DEUDORES PREVISIONALES, DE LA DIRECCI\u00d3N DEL TRABAJO, PUBLICADO POR EQUIFAX &#8211; DICOM, INFORMA A LAS INSTITUCIONES FINANCIERAS, LAS DEUDAS PREVISIONALES (AFP, ISAPRE, SEGURO CESANT\u00cdA, MULTAS, ETC.) QUE MANTIENEN LAS PERSONAS NATURALES Y JUR\u00cdDICAS (EMPRESAS E INSTITUCIONES).- EL DICOM PREVISIONAL LABORAL SE HA CONSTITUIDO EN [&hellip;]<\/p>\n","protected":false},"author":1,"featured_media":0,"parent":0,"menu_order":0,"comment_status":"closed","ping_status":"closed","template":"","meta":{"_monsterinsights_skip_tracking":false,"_monsterinsights_sitenote_active":false,"_monsterinsights_sitenote_note":"","_monsterinsights_sitenote_category":0,"footnotes":"","_joinchat":[]},"yoast_head":"<!-- This site is optimized with the Yoast SEO plugin v21.5 - https:\/\/yoast.com\/wordpress\/plugins\/seo\/ -->\n<title>DICOM PREVISIONAL LABORAL - ABOGADO TRIBUTARIO R&amp;R<\/title>\n<meta name=\"description\" content=\"DICOM PREVISIONAL LABORAL\" \/>\n<meta name=\"robots\" content=\"index, follow, max-snippet:-1, max-image-preview:large, max-video-preview:-1\" \/>\n<link rel=\"canonical\" href=\"https:\/\/a-tributario.cl\/index.php\/dicom-previsional-laboral\/\" \/>\n<meta property=\"og:locale\" content=\"es_ES\" \/>\n<meta property=\"og:type\" content=\"article\" \/>\n<meta property=\"og:title\" content=\"DICOM PREVISIONAL LABORAL - ABOGADO TRIBUTARIO R&amp;R\" \/>\n<meta property=\"og:description\" content=\"DICOM PREVISIONAL LABORAL\" \/>\n<meta property=\"og:url\" content=\"https:\/\/a-tributario.cl\/index.php\/dicom-previsional-laboral\/\" \/>\n<meta property=\"og:site_name\" content=\"ABOGADO TRIBUTARIO R&amp;R\" \/>\n<meta property=\"article:publisher\" content=\"https:\/\/www.facebook.com\/AbogadosTributariosIUS\/\" \/>\n<meta property=\"article:modified_time\" content=\"2021-07-14T01:51:24+00:00\" \/>\n<meta property=\"og:image\" content=\"https:\/\/www.a-tributario.cl\/wp-content\/uploads\/2020\/05\/images-1.jpg\" \/>\n<meta name=\"twitter:card\" content=\"summary_large_image\" \/>\n<meta name=\"twitter:site\" content=\"@ius_asesores\" \/>\n<meta name=\"twitter:label1\" content=\"Tiempo de lectura\" \/>\n\t<meta name=\"twitter:data1\" content=\"5 minutos\" \/>\n<script type=\"application\/ld+json\" class=\"yoast-schema-graph\">{\"@context\":\"https:\/\/schema.org\",\"@graph\":[{\"@type\":\"WebPage\",\"@id\":\"https:\/\/a-tributario.cl\/index.php\/dicom-previsional-laboral\/\",\"url\":\"https:\/\/a-tributario.cl\/index.php\/dicom-previsional-laboral\/\",\"name\":\"DICOM PREVISIONAL LABORAL - ABOGADO TRIBUTARIO R&amp;R\",\"isPartOf\":{\"@id\":\"https:\/\/a-tributario.cl\/#website\"},\"datePublished\":\"2020-01-28T11:54:37+00:00\",\"dateModified\":\"2021-07-14T01:51:24+00:00\",\"description\":\"DICOM PREVISIONAL LABORAL\",\"breadcrumb\":{\"@id\":\"https:\/\/a-tributario.cl\/index.php\/dicom-previsional-laboral\/#breadcrumb\"},\"inLanguage\":\"es\",\"potentialAction\":[{\"@type\":\"ReadAction\",\"target\":[\"https:\/\/a-tributario.cl\/index.php\/dicom-previsional-laboral\/\"]}]},{\"@type\":\"BreadcrumbList\",\"@id\":\"https:\/\/a-tributario.cl\/index.php\/dicom-previsional-laboral\/#breadcrumb\",\"itemListElement\":[{\"@type\":\"ListItem\",\"position\":1,\"name\":\"Portada\",\"item\":\"https:\/\/a-tributario.cl\/\"},{\"@type\":\"ListItem\",\"position\":2,\"name\":\"DICOM PREVISIONAL LABORAL\"}]},{\"@type\":\"WebSite\",\"@id\":\"https:\/\/a-tributario.cl\/#website\",\"url\":\"https:\/\/a-tributario.cl\/\",\"name\":\"ABOGADO TRIBUTARIO R&amp;R\",\"description\":\"ASESOR\u00cdA TRIBUTARIA, DEFENSA LIQUIDACI\u00d3N Y GIRO SII, PRESCRIPCI\u00d3N IMPUESTOS DEFENSA COBRO TESORER\u00cdA\",\"publisher\":{\"@id\":\"https:\/\/a-tributario.cl\/#organization\"},\"potentialAction\":[{\"@type\":\"SearchAction\",\"target\":{\"@type\":\"EntryPoint\",\"urlTemplate\":\"https:\/\/a-tributario.cl\/?s={search_term_string}\"},\"query-input\":\"required name=search_term_string\"}],\"inLanguage\":\"es\"},{\"@type\":\"Organization\",\"@id\":\"https:\/\/a-tributario.cl\/#organization\",\"name\":\"Abogado Tributario Let\",\"url\":\"https:\/\/a-tributario.cl\/\",\"logo\":{\"@type\":\"ImageObject\",\"inLanguage\":\"es\",\"@id\":\"https:\/\/a-tributario.cl\/#\/schema\/logo\/image\/\",\"url\":\"https:\/\/a-tributario.cl\/wp-content\/uploads\/2019\/04\/Image-2018-e1556290954199.jpeg\",\"contentUrl\":\"https:\/\/a-tributario.cl\/wp-content\/uploads\/2019\/04\/Image-2018-e1556290954199.jpeg\",\"width\":128,\"height\":128,\"caption\":\"Abogado Tributario Let\"},\"image\":{\"@id\":\"https:\/\/a-tributario.cl\/#\/schema\/logo\/image\/\"},\"sameAs\":[\"https:\/\/www.facebook.com\/AbogadosTributariosIUS\/\",\"https:\/\/twitter.com\/ius_asesores\",\"https:\/\/www.linkedin.com\/in\/abogadotributario\/\"]}]}<\/script>\n<!-- \/ Yoast SEO plugin. -->","yoast_head_json":{"title":"DICOM PREVISIONAL LABORAL - ABOGADO TRIBUTARIO R&amp;R","description":"DICOM PREVISIONAL LABORAL","robots":{"index":"index","follow":"follow","max-snippet":"max-snippet:-1","max-image-preview":"max-image-preview:large","max-video-preview":"max-video-preview:-1"},"canonical":"https:\/\/a-tributario.cl\/index.php\/dicom-previsional-laboral\/","og_locale":"es_ES","og_type":"article","og_title":"DICOM PREVISIONAL LABORAL - ABOGADO TRIBUTARIO R&amp;R","og_description":"DICOM PREVISIONAL LABORAL","og_url":"https:\/\/a-tributario.cl\/index.php\/dicom-previsional-laboral\/","og_site_name":"ABOGADO TRIBUTARIO R&amp;R","article_publisher":"https:\/\/www.facebook.com\/AbogadosTributariosIUS\/","article_modified_time":"2021-07-14T01:51:24+00:00","og_image":[{"url":"https:\/\/www.a-tributario.cl\/wp-content\/uploads\/2020\/05\/images-1.jpg"}],"twitter_card":"summary_large_image","twitter_site":"@ius_asesores","twitter_misc":{"Tiempo de lectura":"5 minutos"},"schema":{"@context":"https:\/\/schema.org","@graph":[{"@type":"WebPage","@id":"https:\/\/a-tributario.cl\/index.php\/dicom-previsional-laboral\/","url":"https:\/\/a-tributario.cl\/index.php\/dicom-previsional-laboral\/","name":"DICOM PREVISIONAL LABORAL - ABOGADO TRIBUTARIO R&amp;R","isPartOf":{"@id":"https:\/\/a-tributario.cl\/#website"},"datePublished":"2020-01-28T11:54:37+00:00","dateModified":"2021-07-14T01:51:24+00:00","description":"DICOM PREVISIONAL LABORAL","breadcrumb":{"@id":"https:\/\/a-tributario.cl\/index.php\/dicom-previsional-laboral\/#breadcrumb"},"inLanguage":"es","potentialAction":[{"@type":"ReadAction","target":["https:\/\/a-tributario.cl\/index.php\/dicom-previsional-laboral\/"]}]},{"@type":"BreadcrumbList","@id":"https:\/\/a-tributario.cl\/index.php\/dicom-previsional-laboral\/#breadcrumb","itemListElement":[{"@type":"ListItem","position":1,"name":"Portada","item":"https:\/\/a-tributario.cl\/"},{"@type":"ListItem","position":2,"name":"DICOM PREVISIONAL LABORAL"}]},{"@type":"WebSite","@id":"https:\/\/a-tributario.cl\/#website","url":"https:\/\/a-tributario.cl\/","name":"ABOGADO TRIBUTARIO R&amp;R","description":"ASESOR\u00cdA TRIBUTARIA, DEFENSA LIQUIDACI\u00d3N Y GIRO SII, PRESCRIPCI\u00d3N IMPUESTOS DEFENSA COBRO TESORER\u00cdA","publisher":{"@id":"https:\/\/a-tributario.cl\/#organization"},"potentialAction":[{"@type":"SearchAction","target":{"@type":"EntryPoint","urlTemplate":"https:\/\/a-tributario.cl\/?s={search_term_string}"},"query-input":"required name=search_term_string"}],"inLanguage":"es"},{"@type":"Organization","@id":"https:\/\/a-tributario.cl\/#organization","name":"Abogado Tributario Let","url":"https:\/\/a-tributario.cl\/","logo":{"@type":"ImageObject","inLanguage":"es","@id":"https:\/\/a-tributario.cl\/#\/schema\/logo\/image\/","url":"https:\/\/a-tributario.cl\/wp-content\/uploads\/2019\/04\/Image-2018-e1556290954199.jpeg","contentUrl":"https:\/\/a-tributario.cl\/wp-content\/uploads\/2019\/04\/Image-2018-e1556290954199.jpeg","width":128,"height":128,"caption":"Abogado Tributario Let"},"image":{"@id":"https:\/\/a-tributario.cl\/#\/schema\/logo\/image\/"},"sameAs":["https:\/\/www.facebook.com\/AbogadosTributariosIUS\/","https:\/\/twitter.com\/ius_asesores","https:\/\/www.linkedin.com\/in\/abogadotributario\/"]}]}},"_links":{"self":[{"href":"https:\/\/a-tributario.cl\/index.php\/wp-json\/wp\/v2\/pages\/3199"}],"collection":[{"href":"https:\/\/a-tributario.cl\/index.php\/wp-json\/wp\/v2\/pages"}],"about":[{"href":"https:\/\/a-tributario.cl\/index.php\/wp-json\/wp\/v2\/types\/page"}],"author":[{"embeddable":true,"href":"https:\/\/a-tributario.cl\/index.php\/wp-json\/wp\/v2\/users\/1"}],"replies":[{"embeddable":true,"href":"https:\/\/a-tributario.cl\/index.php\/wp-json\/wp\/v2\/comments?post=3199"}],"version-history":[{"count":12,"href":"https:\/\/a-tributario.cl\/index.php\/wp-json\/wp\/v2\/pages\/3199\/revisions"}],"predecessor-version":[{"id":5336,"href":"https:\/\/a-tributario.cl\/index.php\/wp-json\/wp\/v2\/pages\/3199\/revisions\/5336"}],"wp:attachment":[{"href":"https:\/\/a-tributario.cl\/index.php\/wp-json\/wp\/v2\/media?parent=3199"}],"curies":[{"name":"wp","href":"https:\/\/api.w.org\/{rel}","templated":true}]}}