{"id":3207,"date":"2020-02-02T16:20:20","date_gmt":"2020-02-02T16:20:20","guid":{"rendered":"https:\/\/www.a-tributario.cl\/?page_id=3207"},"modified":"2021-07-01T20:33:36","modified_gmt":"2021-07-01T20:33:36","slug":"elimina-dicom-previsional-pymes","status":"publish","type":"page","link":"https:\/\/a-tributario.cl\/index.php\/elimina-dicom-previsional-pymes\/","title":{"rendered":"ELIMINA DICOM PREVISIONAL-LABORAL  A  PYMES"},"content":{"rendered":"[vc_row][vc_column width=\u00bb1\/2&#8243;][vc_column_text]<p><!--StartFragment--><\/p>\n<p><\/p>\n<h2 class=\"has-medium-font-size\" style=\"text-align: center;\"><span style=\"vertical-align: inherit;\"><span style=\"vertical-align: inherit;\">ELIMINA DICOM <\/span><\/span><\/h2>\n<h2 class=\"has-medium-font-size\" style=\"text-align: center;\"><span style=\"vertical-align: inherit;\"><span style=\"vertical-align: inherit;\">POR DEUDA PREVISIONAL LABORAL, <\/span><\/span><\/h2>\n<h2 class=\"has-medium-font-size\" style=\"text-align: center;\"><span style=\"vertical-align: inherit;\"><span style=\"vertical-align: inherit;\">EN FORMA DEFINITIVA V\u00cdA RECURSO JUDICIAL\u00a0<\/span><\/span><\/h2>\n<p><\/p>\n<p><\/p>\n<div class=\"wp-block-image\">\n<figure class=\"aligncenter\"><img loading=\"lazy\" decoding=\"async\" width=\"150\" height=\"150\" class=\"wp-image-3193 aligncenter\" src=\"https:\/\/www.a-tributario.cl\/wp-content\/uploads\/2020\/01\/no-mas-dicom-150x150.jpg\" alt=\"\" srcset=\"https:\/\/a-tributario.cl\/wp-content\/uploads\/2020\/01\/no-mas-dicom-150x150.jpg 150w, https:\/\/a-tributario.cl\/wp-content\/uploads\/2020\/01\/no-mas-dicom.jpg 525w\" sizes=\"(max-width: 150px) 100vw, 150px\" \/><\/figure>\n<h1 style=\"text-align: center;\">\u00a0<\/h1>\n<\/div>\n<p><\/p>\n<p><\/p>\n<p>EL DICOM PREVISIONAL LABORAL SE HA CONSTITUIDO EN UNA TRABA EN EL DESARROLLO Y DESENVOLVIMIENTO DE LAS PYMES, LIMITANDO LAS POSIBILIDADES DE CONTRATOS Y DE CR\u00c9DITOS<\/p>\n<p><\/p>\n<p><\/p>\n<p>UN CIRCULO VICIO, QUE LIMITA LA ACTIVIDAD DE PEQUE\u00d1AS Y MEDIANAS EMPRESAS<\/p>\n<p><\/p>\n<p><\/p>\n<p>JUNTO CON LAS DEUDAS TRIBUTARIAS, LAS DEUDAS PREVISIONALES SE ORIGINAN MUCHAS VECES EN EL INCUMPLIMIENTO O RETARDO EN LOS PAGOS, DE LOS CONTRATISTAS DE LAS PYMES SUBCONTRATISTAS<\/p>\n<p><\/p>\n<p><\/p>\n<p>TENEMOS AMPLIA EXPERIENCIA EN LA ELIMINACI\u00d3N DEL DICOM POR DEUDAS PREVISIONALES<\/p>\n<p><\/p>\n<p><\/p>\n<p class=\"has-text-color\" style=\"color: #06021d;\">LA INFORMACI\u00d3N A TERCEROS DE LAS DEUDAS PREVISIONALES ES ILEGAL Y ARBITRARIO, Y NO CUMPLE LAS NORMAS LEGALES ESTABLECIDAS PARA ELLO, COMO LO HA RESUELTO LA EXCMA. CORTE SUPREMA REITERADAMENTE<\/p>\n<p><\/p>\n<p><\/p>\n<h2 class=\"has-text-color has-medium-font-size has-vivid-cyan-blue-color\" style=\"text-align: center;\"><strong>\u00bfQUE ES<\/strong><a href=\"https:\/\/www.a-tributario.cl\/index.php\/dicom-previsional-laboral\/\" target=\"_blank\" rel=\"noreferrer noopener\" aria-label=\"DONDE NACE EL DICOM PREVISIONAL LABORAL? (abrir en una nueva pesta\u00f1a)\"><strong> EL DICOM PREVISIONAL LABORAL?<\/strong><\/a><\/h2>\n<h2><\/h2>\n<h1>\u00a0<\/h1>\n<h1 style=\"text-align: center;\">ELIMINA DICOM PREVISIONAL-<\/h1>\n<h1 style=\"text-align: center;\">LABORAL A PYMES<\/h1>\n<p>&nbsp;<\/p>\n<p><\/p>\n<h2 class=\"has-text-color has-medium-font-size has-vivid-cyan-blue-color\" style=\"text-align: center;\"><a href=\"https:\/\/a-tributario.cl\/index.php\/contacto\/\" target=\"_blank\" rel=\"noreferrer noopener\" aria-label=\"SOLICITE UNA REUNI\u00d3N PARA VER UNA SOLUCI\u00d3N A SU  PROBLEMA (abrir en una nueva pesta\u00f1a)\"><strong>CONSULTE EN FORMA GRATUITA\u00a0<\/strong><\/a><\/h2>\n<p><\/p>\n<p><!--EndFragment--><\/p>[\/vc_column_text][\/vc_column][vc_column width=\u00bb1\/2&#8243;][\/vc_column][\/vc_row]","protected":false},"excerpt":{"rendered":"<p>[vc_row][vc_column width=\u00bb1\/2&#8243;][vc_column_text] ELIMINA DICOM POR DEUDA PREVISIONAL LABORAL, EN FORMA DEFINITIVA V\u00cdA RECURSO JUDICIAL\u00a0 EL DICOM PREVISIONAL LABORAL SE HA CONSTITUIDO EN UNA TRABA EN EL DESARROLLO Y DESENVOLVIMIENTO DE LAS PYMES, LIMITANDO LAS POSIBILIDADES DE CONTRATOS Y DE CR\u00c9DITOS UN CIRCULO VICIO, QUE LIMITA LA ACTIVIDAD DE PEQUE\u00d1AS Y MEDIANAS EMPRESAS JUNTO CON LAS [&hellip;]<\/p>\n","protected":false},"author":1,"featured_media":0,"parent":0,"menu_order":0,"comment_status":"closed","ping_status":"closed","template":"","meta":{"_monsterinsights_skip_tracking":false,"_monsterinsights_sitenote_active":false,"_monsterinsights_sitenote_note":"","_monsterinsights_sitenote_category":0,"footnotes":"","_joinchat":[]},"yoast_head":"<!-- This site is optimized with the Yoast SEO plugin v21.5 - https:\/\/yoast.com\/wordpress\/plugins\/seo\/ -->\n<title>ELIMINA DICOM PREVISIONAL-LABORAL A PYMES -<\/title>\n<meta name=\"description\" content=\"ELIMINA DICOM PREVISIONAL LABORAL - PYMES - VIA RECURSOS JUDICIALES - ABOGADO TRIBUTARIO LET - Santiago - 950959243 - consulta gratis\" \/>\n<meta name=\"robots\" content=\"index, follow, max-snippet:-1, max-image-preview:large, max-video-preview:-1\" \/>\n<link rel=\"canonical\" href=\"https:\/\/a-tributario.cl\/index.php\/elimina-dicom-previsional-pymes\/\" \/>\n<meta property=\"og:locale\" content=\"es_ES\" \/>\n<meta property=\"og:type\" content=\"article\" \/>\n<meta property=\"og:title\" content=\"ELIMINA DICOM PREVISIONAL-LABORAL A PYMES -\" \/>\n<meta property=\"og:description\" content=\"ELIMINA DICOM PREVISIONAL LABORAL - PYMES - VIA RECURSOS JUDICIALES - ABOGADO TRIBUTARIO LET - Santiago - 950959243 - consulta gratis\" \/>\n<meta property=\"og:url\" content=\"https:\/\/a-tributario.cl\/index.php\/elimina-dicom-previsional-pymes\/\" \/>\n<meta property=\"og:site_name\" content=\"ABOGADO TRIBUTARIO R&amp;R\" \/>\n<meta property=\"article:publisher\" content=\"https:\/\/www.facebook.com\/AbogadosTributariosIUS\/\" \/>\n<meta property=\"article:modified_time\" content=\"2021-07-01T20:33:36+00:00\" \/>\n<meta property=\"og:image\" content=\"https:\/\/www.a-tributario.cl\/wp-content\/uploads\/2020\/01\/no-mas-dicom-150x150.jpg\" \/>\n<meta name=\"twitter:card\" content=\"summary_large_image\" \/>\n<meta name=\"twitter:site\" content=\"@ius_asesores\" \/>\n<meta name=\"twitter:label1\" content=\"Tiempo de lectura\" \/>\n\t<meta name=\"twitter:data1\" content=\"1 minuto\" \/>\n<script type=\"application\/ld+json\" class=\"yoast-schema-graph\">{\"@context\":\"https:\/\/schema.org\",\"@graph\":[{\"@type\":\"WebPage\",\"@id\":\"https:\/\/a-tributario.cl\/index.php\/elimina-dicom-previsional-pymes\/\",\"url\":\"https:\/\/a-tributario.cl\/index.php\/elimina-dicom-previsional-pymes\/\",\"name\":\"ELIMINA DICOM PREVISIONAL-LABORAL A PYMES -\",\"isPartOf\":{\"@id\":\"https:\/\/a-tributario.cl\/#website\"},\"datePublished\":\"2020-02-02T16:20:20+00:00\",\"dateModified\":\"2021-07-01T20:33:36+00:00\",\"description\":\"ELIMINA DICOM PREVISIONAL LABORAL - PYMES - VIA RECURSOS JUDICIALES - ABOGADO TRIBUTARIO LET - Santiago - 950959243 - consulta gratis\",\"breadcrumb\":{\"@id\":\"https:\/\/a-tributario.cl\/index.php\/elimina-dicom-previsional-pymes\/#breadcrumb\"},\"inLanguage\":\"es\",\"potentialAction\":[{\"@type\":\"ReadAction\",\"target\":[\"https:\/\/a-tributario.cl\/index.php\/elimina-dicom-previsional-pymes\/\"]}]},{\"@type\":\"BreadcrumbList\",\"@id\":\"https:\/\/a-tributario.cl\/index.php\/elimina-dicom-previsional-pymes\/#breadcrumb\",\"itemListElement\":[{\"@type\":\"ListItem\",\"position\":1,\"name\":\"Portada\",\"item\":\"https:\/\/a-tributario.cl\/\"},{\"@type\":\"ListItem\",\"position\":2,\"name\":\"ELIMINA DICOM PREVISIONAL-LABORAL A PYMES\"}]},{\"@type\":\"WebSite\",\"@id\":\"https:\/\/a-tributario.cl\/#website\",\"url\":\"https:\/\/a-tributario.cl\/\",\"name\":\"ABOGADO TRIBUTARIO R&amp;R\",\"description\":\"ASESOR\u00cdA TRIBUTARIA, DEFENSA LIQUIDACI\u00d3N Y GIRO SII, PRESCRIPCI\u00d3N IMPUESTOS DEFENSA COBRO TESORER\u00cdA\",\"publisher\":{\"@id\":\"https:\/\/a-tributario.cl\/#organization\"},\"potentialAction\":[{\"@type\":\"SearchAction\",\"target\":{\"@type\":\"EntryPoint\",\"urlTemplate\":\"https:\/\/a-tributario.cl\/?s={search_term_string}\"},\"query-input\":\"required name=search_term_string\"}],\"inLanguage\":\"es\"},{\"@type\":\"Organization\",\"@id\":\"https:\/\/a-tributario.cl\/#organization\",\"name\":\"Abogado Tributario Let\",\"url\":\"https:\/\/a-tributario.cl\/\",\"logo\":{\"@type\":\"ImageObject\",\"inLanguage\":\"es\",\"@id\":\"https:\/\/a-tributario.cl\/#\/schema\/logo\/image\/\",\"url\":\"https:\/\/a-tributario.cl\/wp-content\/uploads\/2019\/04\/Image-2018-e1556290954199.jpeg\",\"contentUrl\":\"https:\/\/a-tributario.cl\/wp-content\/uploads\/2019\/04\/Image-2018-e1556290954199.jpeg\",\"width\":128,\"height\":128,\"caption\":\"Abogado Tributario Let\"},\"image\":{\"@id\":\"https:\/\/a-tributario.cl\/#\/schema\/logo\/image\/\"},\"sameAs\":[\"https:\/\/www.facebook.com\/AbogadosTributariosIUS\/\",\"https:\/\/twitter.com\/ius_asesores\",\"https:\/\/www.linkedin.com\/in\/abogadotributario\/\"]}]}<\/script>\n<!-- \/ Yoast SEO plugin. -->","yoast_head_json":{"title":"ELIMINA DICOM PREVISIONAL-LABORAL A PYMES -","description":"ELIMINA DICOM PREVISIONAL LABORAL - PYMES - VIA RECURSOS JUDICIALES - ABOGADO TRIBUTARIO LET - Santiago - 950959243 - consulta gratis","robots":{"index":"index","follow":"follow","max-snippet":"max-snippet:-1","max-image-preview":"max-image-preview:large","max-video-preview":"max-video-preview:-1"},"canonical":"https:\/\/a-tributario.cl\/index.php\/elimina-dicom-previsional-pymes\/","og_locale":"es_ES","og_type":"article","og_title":"ELIMINA DICOM PREVISIONAL-LABORAL A PYMES -","og_description":"ELIMINA DICOM PREVISIONAL LABORAL - PYMES - VIA RECURSOS JUDICIALES - ABOGADO TRIBUTARIO LET - Santiago - 950959243 - consulta gratis","og_url":"https:\/\/a-tributario.cl\/index.php\/elimina-dicom-previsional-pymes\/","og_site_name":"ABOGADO TRIBUTARIO R&amp;R","article_publisher":"https:\/\/www.facebook.com\/AbogadosTributariosIUS\/","article_modified_time":"2021-07-01T20:33:36+00:00","og_image":[{"url":"https:\/\/www.a-tributario.cl\/wp-content\/uploads\/2020\/01\/no-mas-dicom-150x150.jpg"}],"twitter_card":"summary_large_image","twitter_site":"@ius_asesores","twitter_misc":{"Tiempo de lectura":"1 minuto"},"schema":{"@context":"https:\/\/schema.org","@graph":[{"@type":"WebPage","@id":"https:\/\/a-tributario.cl\/index.php\/elimina-dicom-previsional-pymes\/","url":"https:\/\/a-tributario.cl\/index.php\/elimina-dicom-previsional-pymes\/","name":"ELIMINA DICOM PREVISIONAL-LABORAL A PYMES -","isPartOf":{"@id":"https:\/\/a-tributario.cl\/#website"},"datePublished":"2020-02-02T16:20:20+00:00","dateModified":"2021-07-01T20:33:36+00:00","description":"ELIMINA DICOM PREVISIONAL LABORAL - PYMES - VIA RECURSOS JUDICIALES - ABOGADO TRIBUTARIO LET - Santiago - 950959243 - consulta gratis","breadcrumb":{"@id":"https:\/\/a-tributario.cl\/index.php\/elimina-dicom-previsional-pymes\/#breadcrumb"},"inLanguage":"es","potentialAction":[{"@type":"ReadAction","target":["https:\/\/a-tributario.cl\/index.php\/elimina-dicom-previsional-pymes\/"]}]},{"@type":"BreadcrumbList","@id":"https:\/\/a-tributario.cl\/index.php\/elimina-dicom-previsional-pymes\/#breadcrumb","itemListElement":[{"@type":"ListItem","position":1,"name":"Portada","item":"https:\/\/a-tributario.cl\/"},{"@type":"ListItem","position":2,"name":"ELIMINA DICOM PREVISIONAL-LABORAL A PYMES"}]},{"@type":"WebSite","@id":"https:\/\/a-tributario.cl\/#website","url":"https:\/\/a-tributario.cl\/","name":"ABOGADO TRIBUTARIO R&amp;R","description":"ASESOR\u00cdA TRIBUTARIA, DEFENSA LIQUIDACI\u00d3N Y GIRO SII, PRESCRIPCI\u00d3N IMPUESTOS DEFENSA COBRO TESORER\u00cdA","publisher":{"@id":"https:\/\/a-tributario.cl\/#organization"},"potentialAction":[{"@type":"SearchAction","target":{"@type":"EntryPoint","urlTemplate":"https:\/\/a-tributario.cl\/?s={search_term_string}"},"query-input":"required name=search_term_string"}],"inLanguage":"es"},{"@type":"Organization","@id":"https:\/\/a-tributario.cl\/#organization","name":"Abogado Tributario Let","url":"https:\/\/a-tributario.cl\/","logo":{"@type":"ImageObject","inLanguage":"es","@id":"https:\/\/a-tributario.cl\/#\/schema\/logo\/image\/","url":"https:\/\/a-tributario.cl\/wp-content\/uploads\/2019\/04\/Image-2018-e1556290954199.jpeg","contentUrl":"https:\/\/a-tributario.cl\/wp-content\/uploads\/2019\/04\/Image-2018-e1556290954199.jpeg","width":128,"height":128,"caption":"Abogado Tributario Let"},"image":{"@id":"https:\/\/a-tributario.cl\/#\/schema\/logo\/image\/"},"sameAs":["https:\/\/www.facebook.com\/AbogadosTributariosIUS\/","https:\/\/twitter.com\/ius_asesores","https:\/\/www.linkedin.com\/in\/abogadotributario\/"]}]}},"_links":{"self":[{"href":"https:\/\/a-tributario.cl\/index.php\/wp-json\/wp\/v2\/pages\/3207"}],"collection":[{"href":"https:\/\/a-tributario.cl\/index.php\/wp-json\/wp\/v2\/pages"}],"about":[{"href":"https:\/\/a-tributario.cl\/index.php\/wp-json\/wp\/v2\/types\/page"}],"author":[{"embeddable":true,"href":"https:\/\/a-tributario.cl\/index.php\/wp-json\/wp\/v2\/users\/1"}],"replies":[{"embeddable":true,"href":"https:\/\/a-tributario.cl\/index.php\/wp-json\/wp\/v2\/comments?post=3207"}],"version-history":[{"count":14,"href":"https:\/\/a-tributario.cl\/index.php\/wp-json\/wp\/v2\/pages\/3207\/revisions"}],"predecessor-version":[{"id":5176,"href":"https:\/\/a-tributario.cl\/index.php\/wp-json\/wp\/v2\/pages\/3207\/revisions\/5176"}],"wp:attachment":[{"href":"https:\/\/a-tributario.cl\/index.php\/wp-json\/wp\/v2\/media?parent=3207"}],"curies":[{"name":"wp","href":"https:\/\/api.w.org\/{rel}","templated":true}]}}