{"id":3291,"date":"2020-04-01T21:38:21","date_gmt":"2020-04-01T21:38:21","guid":{"rendered":"https:\/\/www.a-tributario.cl\/?page_id=3291"},"modified":"2021-12-15T21:09:30","modified_gmt":"2021-12-15T21:09:30","slug":"facturas-ideologicamente-falsas","status":"publish","type":"page","link":"https:\/\/a-tributario.cl\/index.php\/facturas-ideologicamente-falsas\/","title":{"rendered":"FACTURAS IDEOL\u00d3GICAMENTE FALSAS"},"content":{"rendered":"<p>[vc_row][vc_column width=\u00bb1\/2&#8243;][vc_column_text]<\/p>\n<div style=\"width: 640px;\" class=\"wp-video\"><!--[if lt IE 9]><script>document.createElement('video');<\/script><![endif]-->\n<video class=\"wp-video-shortcode\" id=\"video-3291-1\" width=\"640\" height=\"360\" preload=\"metadata\" controls=\"controls\"><source type=\"video\/mp4\" src=\"https:\/\/www.a-tributario.cl\/wp-content\/uploads\/2020\/10\/FACTURA-FALSA.mp4?_=1\" \/><a href=\"https:\/\/www.a-tributario.cl\/wp-content\/uploads\/2020\/10\/FACTURA-FALSA.mp4\">https:\/\/www.a-tributario.cl\/wp-content\/uploads\/2020\/10\/FACTURA-FALSA.mp4<\/a><\/video><\/div>\n<h2><\/h2>\n<h1><\/h1>\n<h1><\/h1>\n<h1><\/h1>\n<h1 style=\"text-align: center;\">FACTURAS<\/h1>\n<h1 style=\"text-align: center;\">IDEOL\u00d3GICAMENTE<\/h1>\n<h1 style=\"text-align: center;\">FALSAS<\/h1>\n<h2 style=\"text-align: center;\"><strong><span style=\"vertical-align: inherit;\">FISCALIZACI\u00d3N,\u00a0 CITACI\u00d3N,\u00a0 LIQUIDACI\u00d3N\u00a0 o\u00a0 <\/span><\/strong><\/h2>\n<h2 style=\"text-align: center;\"><strong><span style=\"vertical-align: inherit;\">GIRO\u00a0 DE\u00a0 SII\u00a0 por\u00a0 FACTURA\u00a0 <\/span><\/strong><\/h2>\n<h2 style=\"text-align: center;\"><strong><span style=\"vertical-align: inherit;\">IDEOL\u00d3GICAMENTE\u00a0 FALSA<\/span><\/strong><\/h2>\n<h4 style=\"text-align: left;\"><span style=\"vertical-align: inherit;\">1.- AUN CUANDO A PARTIR DE LA REFORMA TRIBUTARIA DE LA LEY 21.210, NO ES APLICABLE LA\u00a0EXCLUSI\u00d3N\u00a0PROBATORIA, ES SIEMPRE PREFERIBLE ACOMPA\u00d1AR TODA LA DOCUMENTACI\u00d3N SOLICITADA POR EL SII<\/span><\/h4>\n<h4><b><span style=\"vertical-align: inherit;\">2. TENER SIEMPRE PRESENTE, QUE POSTERIOR A UNA FISCALIZACI\u00d3N, POR LA PRESUNCI\u00d3N POR PARTE DEL SII DE LA EXISTENCIA DE FACTURAS IDEOL\u00d3GICAMENTE FALSAS, EL REALIZAR UNA RECTIFICATORIA DE LOS FORMULARIOS 29 CORRESPONDIENTES, EXCLUYENDO DICHAS FACTURAS, TIENE VARIAS IMPLICANCIAS:<\/span><\/b><\/h4>\n<h5><strong><span style=\"vertical-align: inherit;\">A) QUE ESTO PASA DE INMEDIATO A GIRO Y EN CONSECUENCIA A TESORER\u00cdA\u00a0PARA SU COBRANZA<\/span><\/strong><\/h5>\n<h5><b><span style=\"vertical-align: inherit;\">B) QUE LOS MONTOS DE LAS FACTURAS PASAN A CONSIDERARSE GASTO RECHAZADO, Y EN CONSECUENCIA AUN NUEVO GIRO DEL SII, POR RENTA, DE UN MONTO TAN ALTO COMO EL DE IVA<\/span><\/b><\/h5>\n<h5><b><span style=\"vertical-align: inherit;\">C) LA TERCERA QUE DADO EL RECONOCIMIENTO QUE SE HACE AL REALIZAR LA RECTIFICATORIA, IMPLICA LA IMPOSIBILIDAD DE EJERCER UNA DEFENSA, TANTO ANTE EL MISMO SERVICIO SEA VIA RAV O RAF, Y MAS AUN DE UNA RECLAMACI\u00d3N ANTE EL TTA<\/span><\/b><\/h5>\n<h4><strong><span style=\"vertical-align: inherit;\">D) LA OPCI\u00d3N DE QUE SII INICIE DE INMEDIATO, O DENTRO DEL PLAZO DE PRESCRIPCI\u00d3N, LA QUERELLA POR DELITO TRIBUTARIO.<\/span><\/strong><\/h4>\n<h4>EN ESTE PUNTO SE DEBE TENER PRESENTE QUE EL HECHO DE REALIZAR UNA RECTIFICATORIA E INCLUSO PROCEDER A SU PAGO INMEDIATO, NO GARANTIZA EN NING\u00daN CASO QUE EL SII NO SE QUERELLE POR DELITO TRIBUTARIO \u2013 SINO TODO LO CONTRARIO,\u00a0 SON MUCHOS\u00a0 LOS CASO QUE NOS HA TOCADO DEFENDER, EN QUE SE HA PRODUCIDO ESTA SITUACI\u00d3N<\/h4>\n<p style=\"text-align: center;\">VER<\/p>\n<h3 style=\"text-align: center;\"><a href=\"https:\/\/www.a-tributario.cl\/index.php\/delito-tributario-facturas-ideologicamente-falsas\/\"><strong>DELITO TRIBUTARIO<\/strong><\/a><\/h3>\n<pre class=\"code\" data-lang=\"HTML\"><code>&lt;a href=\"https:\/\/www.grippo.com\/post\/976725.html\"&gt;ABOGADO DEFENSA FISCALIZACI\u00d3N LIQUIDACI\u00d3N QUERELLA FACTURA FALSA &lt;\/a&gt;<\/code><\/pre>\n<p>[\/vc_column_text][\/vc_column][vc_column width=\u00bb1\/2&#8243;][\/vc_column][\/vc_row]<\/p>\n<blockquote class=\"wp-embedded-content\" data-secret=\"OonJv5CACh\"><p><a href=\"https:\/\/a-tributario.cl\/index.php\/defensa-penal-tributaria\/\">DEFENSA PENAL TRIBUTARIA<\/a><\/p><\/blockquote>\n<p><iframe class=\"wp-embedded-content\" sandbox=\"allow-scripts\" security=\"restricted\" style=\"position: absolute; clip: rect(1px, 1px, 1px, 1px);\" title=\"&#8220;DEFENSA PENAL TRIBUTARIA&#8221; &#8212; ABOGADO TRIBUTARIO LET 950959243\" src=\"https:\/\/a-tributario.cl\/index.php\/defensa-penal-tributaria\/embed\/#?secret=OonJv5CACh\" data-secret=\"OonJv5CACh\" width=\"500\" height=\"282\" frameborder=\"0\" marginwidth=\"0\" marginheight=\"0\" scrolling=\"no\"><\/iframe><\/p>\n","protected":false},"excerpt":{"rendered":"<p>[vc_row][vc_column width=\u00bb1\/2&#8243;][vc_column_text] FACTURAS IDEOL\u00d3GICAMENTE FALSAS FISCALIZACI\u00d3N,\u00a0 CITACI\u00d3N,\u00a0 LIQUIDACI\u00d3N\u00a0 o\u00a0 GIRO\u00a0 DE\u00a0 SII\u00a0 por\u00a0 FACTURA\u00a0 IDEOL\u00d3GICAMENTE\u00a0 FALSA 1.- AUN CUANDO A PARTIR DE LA REFORMA TRIBUTARIA DE LA LEY 21.210, NO ES APLICABLE LA\u00a0EXCLUSI\u00d3N\u00a0PROBATORIA, ES SIEMPRE PREFERIBLE ACOMPA\u00d1AR TODA LA DOCUMENTACI\u00d3N SOLICITADA POR EL SII 2. TENER SIEMPRE PRESENTE, QUE POSTERIOR A UNA FISCALIZACI\u00d3N, POR LA [&hellip;]<\/p>\n","protected":false},"author":1,"featured_media":0,"parent":0,"menu_order":0,"comment_status":"closed","ping_status":"closed","template":"","meta":{"_monsterinsights_skip_tracking":false,"_monsterinsights_sitenote_active":false,"_monsterinsights_sitenote_note":"","_monsterinsights_sitenote_category":0,"footnotes":"","_joinchat":[]},"yoast_head":"<!-- This site is optimized with the Yoast SEO plugin v21.5 - https:\/\/yoast.com\/wordpress\/plugins\/seo\/ -->\n<title>FACTURAS IDEOL\u00d3GICAMENTE FALSAS ABOGADO TRIBUTARIO LET<\/title>\n<meta name=\"description\" content=\"Fiscalizaci\u00f3n, Citaci\u00f3n, Liquidaci\u00f3n, Giro Y Querella Sii - Defensa Y Asesor\u00eda Tributaria - ABOGADO TRIBUTARIO LET 950959243\" \/>\n<meta name=\"robots\" content=\"index, follow, max-snippet:-1, max-image-preview:large, max-video-preview:-1\" \/>\n<link rel=\"canonical\" href=\"https:\/\/a-tributario.cl\/index.php\/facturas-ideologicamente-falsas\/\" \/>\n<meta property=\"og:locale\" content=\"es_ES\" \/>\n<meta property=\"og:type\" content=\"article\" \/>\n<meta property=\"og:title\" content=\"FACTURAS IDEOL\u00d3GICAMENTE FALSAS ABOGADO TRIBUTARIO LET\" \/>\n<meta property=\"og:description\" content=\"Fiscalizaci\u00f3n, Citaci\u00f3n, Liquidaci\u00f3n, Giro Y Querella Sii - Defensa Y Asesor\u00eda Tributaria - ABOGADO TRIBUTARIO LET 950959243\" \/>\n<meta property=\"og:url\" content=\"https:\/\/a-tributario.cl\/index.php\/facturas-ideologicamente-falsas\/\" \/>\n<meta property=\"og:site_name\" content=\"ABOGADO TRIBUTARIO R&amp;R\" \/>\n<meta property=\"article:publisher\" content=\"https:\/\/www.facebook.com\/AbogadosTributariosIUS\/\" \/>\n<meta property=\"article:modified_time\" content=\"2021-12-15T21:09:30+00:00\" \/>\n<meta name=\"twitter:card\" content=\"summary_large_image\" \/>\n<meta name=\"twitter:site\" content=\"@ius_asesores\" \/>\n<meta name=\"twitter:label1\" content=\"Tiempo de lectura\" \/>\n\t<meta name=\"twitter:data1\" content=\"2 minutos\" \/>\n<script type=\"application\/ld+json\" class=\"yoast-schema-graph\">{\"@context\":\"https:\/\/schema.org\",\"@graph\":[{\"@type\":\"WebPage\",\"@id\":\"https:\/\/a-tributario.cl\/index.php\/facturas-ideologicamente-falsas\/\",\"url\":\"https:\/\/a-tributario.cl\/index.php\/facturas-ideologicamente-falsas\/\",\"name\":\"FACTURAS IDEOL\u00d3GICAMENTE FALSAS ABOGADO TRIBUTARIO LET\",\"isPartOf\":{\"@id\":\"https:\/\/a-tributario.cl\/#website\"},\"datePublished\":\"2020-04-01T21:38:21+00:00\",\"dateModified\":\"2021-12-15T21:09:30+00:00\",\"description\":\"Fiscalizaci\u00f3n, Citaci\u00f3n, Liquidaci\u00f3n, Giro Y Querella Sii - Defensa Y Asesor\u00eda Tributaria - ABOGADO TRIBUTARIO LET 950959243\",\"breadcrumb\":{\"@id\":\"https:\/\/a-tributario.cl\/index.php\/facturas-ideologicamente-falsas\/#breadcrumb\"},\"inLanguage\":\"es\",\"potentialAction\":[{\"@type\":\"ReadAction\",\"target\":[\"https:\/\/a-tributario.cl\/index.php\/facturas-ideologicamente-falsas\/\"]}]},{\"@type\":\"BreadcrumbList\",\"@id\":\"https:\/\/a-tributario.cl\/index.php\/facturas-ideologicamente-falsas\/#breadcrumb\",\"itemListElement\":[{\"@type\":\"ListItem\",\"position\":1,\"name\":\"Portada\",\"item\":\"https:\/\/a-tributario.cl\/\"},{\"@type\":\"ListItem\",\"position\":2,\"name\":\"FACTURA IDEOL\u00d3GICAMENTE FALSA\"}]},{\"@type\":\"WebSite\",\"@id\":\"https:\/\/a-tributario.cl\/#website\",\"url\":\"https:\/\/a-tributario.cl\/\",\"name\":\"ABOGADO TRIBUTARIO R&amp;R\",\"description\":\"ASESOR\u00cdA TRIBUTARIA, DEFENSA LIQUIDACI\u00d3N Y GIRO SII, PRESCRIPCI\u00d3N IMPUESTOS DEFENSA COBRO TESORER\u00cdA\",\"publisher\":{\"@id\":\"https:\/\/a-tributario.cl\/#organization\"},\"potentialAction\":[{\"@type\":\"SearchAction\",\"target\":{\"@type\":\"EntryPoint\",\"urlTemplate\":\"https:\/\/a-tributario.cl\/?s={search_term_string}\"},\"query-input\":\"required name=search_term_string\"}],\"inLanguage\":\"es\"},{\"@type\":\"Organization\",\"@id\":\"https:\/\/a-tributario.cl\/#organization\",\"name\":\"Abogado Tributario Let\",\"url\":\"https:\/\/a-tributario.cl\/\",\"logo\":{\"@type\":\"ImageObject\",\"inLanguage\":\"es\",\"@id\":\"https:\/\/a-tributario.cl\/#\/schema\/logo\/image\/\",\"url\":\"https:\/\/a-tributario.cl\/wp-content\/uploads\/2019\/04\/Image-2018-e1556290954199.jpeg\",\"contentUrl\":\"https:\/\/a-tributario.cl\/wp-content\/uploads\/2019\/04\/Image-2018-e1556290954199.jpeg\",\"width\":128,\"height\":128,\"caption\":\"Abogado Tributario Let\"},\"image\":{\"@id\":\"https:\/\/a-tributario.cl\/#\/schema\/logo\/image\/\"},\"sameAs\":[\"https:\/\/www.facebook.com\/AbogadosTributariosIUS\/\",\"https:\/\/twitter.com\/ius_asesores\",\"https:\/\/www.linkedin.com\/in\/abogadotributario\/\"]}]}<\/script>\n<!-- \/ Yoast SEO plugin. -->","yoast_head_json":{"title":"FACTURAS IDEOL\u00d3GICAMENTE FALSAS ABOGADO TRIBUTARIO LET","description":"Fiscalizaci\u00f3n, Citaci\u00f3n, Liquidaci\u00f3n, Giro Y Querella Sii - Defensa Y Asesor\u00eda Tributaria - ABOGADO TRIBUTARIO LET 950959243","robots":{"index":"index","follow":"follow","max-snippet":"max-snippet:-1","max-image-preview":"max-image-preview:large","max-video-preview":"max-video-preview:-1"},"canonical":"https:\/\/a-tributario.cl\/index.php\/facturas-ideologicamente-falsas\/","og_locale":"es_ES","og_type":"article","og_title":"FACTURAS IDEOL\u00d3GICAMENTE FALSAS ABOGADO TRIBUTARIO LET","og_description":"Fiscalizaci\u00f3n, Citaci\u00f3n, Liquidaci\u00f3n, Giro Y Querella Sii - Defensa Y Asesor\u00eda Tributaria - ABOGADO TRIBUTARIO LET 950959243","og_url":"https:\/\/a-tributario.cl\/index.php\/facturas-ideologicamente-falsas\/","og_site_name":"ABOGADO TRIBUTARIO R&amp;R","article_publisher":"https:\/\/www.facebook.com\/AbogadosTributariosIUS\/","article_modified_time":"2021-12-15T21:09:30+00:00","twitter_card":"summary_large_image","twitter_site":"@ius_asesores","twitter_misc":{"Tiempo de lectura":"2 minutos"},"schema":{"@context":"https:\/\/schema.org","@graph":[{"@type":"WebPage","@id":"https:\/\/a-tributario.cl\/index.php\/facturas-ideologicamente-falsas\/","url":"https:\/\/a-tributario.cl\/index.php\/facturas-ideologicamente-falsas\/","name":"FACTURAS IDEOL\u00d3GICAMENTE FALSAS ABOGADO TRIBUTARIO LET","isPartOf":{"@id":"https:\/\/a-tributario.cl\/#website"},"datePublished":"2020-04-01T21:38:21+00:00","dateModified":"2021-12-15T21:09:30+00:00","description":"Fiscalizaci\u00f3n, Citaci\u00f3n, Liquidaci\u00f3n, Giro Y Querella Sii - Defensa Y Asesor\u00eda Tributaria - ABOGADO TRIBUTARIO LET 950959243","breadcrumb":{"@id":"https:\/\/a-tributario.cl\/index.php\/facturas-ideologicamente-falsas\/#breadcrumb"},"inLanguage":"es","potentialAction":[{"@type":"ReadAction","target":["https:\/\/a-tributario.cl\/index.php\/facturas-ideologicamente-falsas\/"]}]},{"@type":"BreadcrumbList","@id":"https:\/\/a-tributario.cl\/index.php\/facturas-ideologicamente-falsas\/#breadcrumb","itemListElement":[{"@type":"ListItem","position":1,"name":"Portada","item":"https:\/\/a-tributario.cl\/"},{"@type":"ListItem","position":2,"name":"FACTURA IDEOL\u00d3GICAMENTE FALSA"}]},{"@type":"WebSite","@id":"https:\/\/a-tributario.cl\/#website","url":"https:\/\/a-tributario.cl\/","name":"ABOGADO TRIBUTARIO R&amp;R","description":"ASESOR\u00cdA TRIBUTARIA, DEFENSA LIQUIDACI\u00d3N Y GIRO SII, PRESCRIPCI\u00d3N IMPUESTOS DEFENSA COBRO TESORER\u00cdA","publisher":{"@id":"https:\/\/a-tributario.cl\/#organization"},"potentialAction":[{"@type":"SearchAction","target":{"@type":"EntryPoint","urlTemplate":"https:\/\/a-tributario.cl\/?s={search_term_string}"},"query-input":"required name=search_term_string"}],"inLanguage":"es"},{"@type":"Organization","@id":"https:\/\/a-tributario.cl\/#organization","name":"Abogado Tributario Let","url":"https:\/\/a-tributario.cl\/","logo":{"@type":"ImageObject","inLanguage":"es","@id":"https:\/\/a-tributario.cl\/#\/schema\/logo\/image\/","url":"https:\/\/a-tributario.cl\/wp-content\/uploads\/2019\/04\/Image-2018-e1556290954199.jpeg","contentUrl":"https:\/\/a-tributario.cl\/wp-content\/uploads\/2019\/04\/Image-2018-e1556290954199.jpeg","width":128,"height":128,"caption":"Abogado Tributario Let"},"image":{"@id":"https:\/\/a-tributario.cl\/#\/schema\/logo\/image\/"},"sameAs":["https:\/\/www.facebook.com\/AbogadosTributariosIUS\/","https:\/\/twitter.com\/ius_asesores","https:\/\/www.linkedin.com\/in\/abogadotributario\/"]}]}},"_links":{"self":[{"href":"https:\/\/a-tributario.cl\/index.php\/wp-json\/wp\/v2\/pages\/3291"}],"collection":[{"href":"https:\/\/a-tributario.cl\/index.php\/wp-json\/wp\/v2\/pages"}],"about":[{"href":"https:\/\/a-tributario.cl\/index.php\/wp-json\/wp\/v2\/types\/page"}],"author":[{"embeddable":true,"href":"https:\/\/a-tributario.cl\/index.php\/wp-json\/wp\/v2\/users\/1"}],"replies":[{"embeddable":true,"href":"https:\/\/a-tributario.cl\/index.php\/wp-json\/wp\/v2\/comments?post=3291"}],"version-history":[{"count":55,"href":"https:\/\/a-tributario.cl\/index.php\/wp-json\/wp\/v2\/pages\/3291\/revisions"}],"predecessor-version":[{"id":5470,"href":"https:\/\/a-tributario.cl\/index.php\/wp-json\/wp\/v2\/pages\/3291\/revisions\/5470"}],"wp:attachment":[{"href":"https:\/\/a-tributario.cl\/index.php\/wp-json\/wp\/v2\/media?parent=3291"}],"curies":[{"name":"wp","href":"https:\/\/api.w.org\/{rel}","templated":true}]}}