{"id":3402,"date":"2020-05-15T13:16:39","date_gmt":"2020-05-15T13:16:39","guid":{"rendered":"https:\/\/www.a-tributario.cl\/?page_id=3402"},"modified":"2023-12-06T00:57:16","modified_gmt":"2023-12-06T00:57:16","slug":"delito-tributario-factura-ideologicamente-falsa","status":"publish","type":"page","link":"https:\/\/a-tributario.cl\/index.php\/delito-tributario-factura-ideologicamente-falsa\/","title":{"rendered":"DELITO TRIBUTARIO -FACTURA IDEOL\u00d3GICAMENTE FALSA"},"content":{"rendered":"<p>[vc_row][vc_column][vc_cta h2=\u00bb\u00bb]El proceso se inicia con la fiscalizaci\u00f3n del SII, al detectar dicho servicio antecedentes que le hacen presumir la existencia de facturas ideol\u00f3gicamente falsas, en las declaraciones de IVA, formulario 29, del contribuyente fiscalizado, por no pago del impuesto IVA por parte del vendedor, inexistencia de declaraciones o otros.<\/p>\n<h4><strong>EL PROCEDIMIENTO, CONTINUA CON:<\/strong><\/h4>\n<ol>\n<li><strong>La Citaci\u00f3n<\/strong><\/li>\n<li><strong>Liquidaci\u00f3n<\/strong><\/li>\n<li><strong>Giro<\/strong><\/li>\n<\/ol>\n<p>En la etapa inicial el SII propone al contribuyente la realizaci\u00f3n de una rectificatoria, de las declaraciones que contienen las facturas cuestionadas, se debe tener presente que realizar una rectificatoria, en estos casos implica un reconocimiento de las acusaciones de las que ha sido objeto y el inmediato giro de los montos para pasar a tesorer\u00eda para su cobro.-<\/p>\n<p>El giro de IVA, por facturas ideol\u00f3gicamente falsas, adicionalmente deriva en liquidaci\u00f3n y giro de renta, por gasto rechazado, lo que tendr\u00e1 consecuencia en el patrimonio de los socios.<\/p>\n<p>Las facturas ideol\u00f3gicamente falsas, son sancionadas penalmente con presidio menor en su grado m\u00e1ximo a presidio mayor en su grado m\u00ednimo y multas, lo que implica de 3 a\u00f1os y 1 d\u00eda a 10 a\u00f1os de reclusi\u00f3n. Solo con una asesor\u00eda y defensa adecuada ( desde la fiscalizaci\u00f3n), el contribuyente podr\u00e1 evitar graves consecuencias, defensa RAV, reclamaci\u00f3n ante el TTA o RAF.<\/p>\n<h4><span style=\"color: #003300;\"><a style=\"color: #003300;\" href=\"https:\/\/www.google.com\/search?q=ABOGADO+ALEJANDRO+RAMIREZ+VALDIVIA&amp;newwindow=1&amp;sxsrf=ALiCzsbtKAnHOvZvFJq8DL_zSujCZtuQzg:1652901606391&amp;ei=5kaFYpGnF-681sQP-oyvyAc&amp;start=0&amp;sa=N&amp;ved=2ahUKEwiRsuOo4un3AhVunpUCHXrGC3k4ChDy0wN6BAgBED0&amp;biw=1517&amp;bih=694&amp;dpr=0.9\" target=\"_blank\" rel=\"noopener\"><strong>ALEJANDRO RAMIREZ VALDIVIA &#8211; ABOGADO TRIBUTARIO<\/strong><\/a><\/span><\/h4>\n<p>[\/vc_cta][\/vc_column][\/vc_row][vc_row][vc_column width=\u00bb1\/2&#8243;][vc_single_image image=\u00bb2745&#8243; img_size=\u00bbfull\u00bb][\/vc_column][vc_column width=\u00bb1\/2&#8243;][vc_cta h2=\u00bb\u00bb]<\/p>\n<h3><\/h3>\n<h3 style=\"text-align: center;\">Ver<\/h3>\n<h4 style=\"text-align: center;\"><span style=\"color: #003300;\"><a style=\"color: #003300;\" href=\"https:\/\/www.a-tributario.cl\/index.php\/defensa-delito-tributario\/\"><strong>DEFENSA DELITO TRIBUTARIO<\/strong><\/a><\/span><\/h4>\n<p>&nbsp;[\/vc_cta][\/vc_column][\/vc_row]<\/p>\n","protected":false},"excerpt":{"rendered":"<p>[vc_row][vc_column][vc_cta h2=\u00bb\u00bb]El proceso se inicia con la fiscalizaci\u00f3n del SII, al detectar dicho servicio antecedentes que le hacen presumir la existencia de facturas ideol\u00f3gicamente falsas, en las declaraciones de IVA, formulario 29, del contribuyente fiscalizado, por no pago del impuesto IVA por parte del vendedor, inexistencia de declaraciones o otros. EL PROCEDIMIENTO, CONTINUA CON: La [&hellip;]<\/p>\n","protected":false},"author":1,"featured_media":0,"parent":0,"menu_order":0,"comment_status":"closed","ping_status":"closed","template":"","meta":{"_monsterinsights_skip_tracking":false,"_monsterinsights_sitenote_active":false,"_monsterinsights_sitenote_note":"","_monsterinsights_sitenote_category":0,"footnotes":"","_joinchat":[]},"yoast_head":"<!-- This site is optimized with the Yoast SEO plugin v21.5 - https:\/\/yoast.com\/wordpress\/plugins\/seo\/ -->\n<title>DELITO TRIBUTARIO -FACTURA IDEOL\u00d3GICAMENTE FALSA -<\/title>\n<meta name=\"description\" content=\"DELITO TRIBUTARIO, FACTURA IDEOLOGICAMENTE FALSA, DEFENSA TRIBUTARIA ANTE FISCALIZACI\u00d3N, CITACI\u00d3N, LIQUIDACI\u00d3N, GIRO Y QUERELLA SII\" \/>\n<meta name=\"robots\" content=\"index, follow, max-snippet:-1, max-image-preview:large, max-video-preview:-1\" \/>\n<link rel=\"canonical\" href=\"https:\/\/a-tributario.cl\/index.php\/delito-tributario-factura-ideologicamente-falsa\/\" \/>\n<meta property=\"og:locale\" content=\"es_ES\" \/>\n<meta property=\"og:type\" content=\"article\" \/>\n<meta property=\"og:title\" content=\"DELITO TRIBUTARIO -FACTURA IDEOL\u00d3GICAMENTE FALSA -\" \/>\n<meta property=\"og:description\" content=\"DELITO TRIBUTARIO, FACTURA IDEOLOGICAMENTE FALSA, DEFENSA TRIBUTARIA ANTE FISCALIZACI\u00d3N, CITACI\u00d3N, LIQUIDACI\u00d3N, GIRO Y QUERELLA SII\" \/>\n<meta property=\"og:url\" content=\"https:\/\/a-tributario.cl\/index.php\/delito-tributario-factura-ideologicamente-falsa\/\" \/>\n<meta property=\"og:site_name\" content=\"ABOGADO TRIBUTARIO R&amp;R\" \/>\n<meta property=\"article:publisher\" content=\"https:\/\/www.facebook.com\/AbogadosTributariosIUS\/\" \/>\n<meta property=\"article:modified_time\" content=\"2023-12-06T00:57:16+00:00\" \/>\n<meta name=\"twitter:card\" content=\"summary_large_image\" \/>\n<meta name=\"twitter:site\" content=\"@ius_asesores\" \/>\n<meta name=\"twitter:label1\" content=\"Tiempo de lectura\" \/>\n\t<meta name=\"twitter:data1\" content=\"4 minutos\" \/>\n<script type=\"application\/ld+json\" class=\"yoast-schema-graph\">{\"@context\":\"https:\/\/schema.org\",\"@graph\":[{\"@type\":\"WebPage\",\"@id\":\"https:\/\/a-tributario.cl\/index.php\/delito-tributario-factura-ideologicamente-falsa\/\",\"url\":\"https:\/\/a-tributario.cl\/index.php\/delito-tributario-factura-ideologicamente-falsa\/\",\"name\":\"DELITO TRIBUTARIO -FACTURA IDEOL\u00d3GICAMENTE FALSA -\",\"isPartOf\":{\"@id\":\"https:\/\/a-tributario.cl\/#website\"},\"datePublished\":\"2020-05-15T13:16:39+00:00\",\"dateModified\":\"2023-12-06T00:57:16+00:00\",\"description\":\"DELITO TRIBUTARIO, FACTURA IDEOLOGICAMENTE FALSA, DEFENSA TRIBUTARIA ANTE FISCALIZACI\u00d3N, CITACI\u00d3N, LIQUIDACI\u00d3N, GIRO Y QUERELLA SII\",\"breadcrumb\":{\"@id\":\"https:\/\/a-tributario.cl\/index.php\/delito-tributario-factura-ideologicamente-falsa\/#breadcrumb\"},\"inLanguage\":\"es\",\"potentialAction\":[{\"@type\":\"ReadAction\",\"target\":[\"https:\/\/a-tributario.cl\/index.php\/delito-tributario-factura-ideologicamente-falsa\/\"]}]},{\"@type\":\"BreadcrumbList\",\"@id\":\"https:\/\/a-tributario.cl\/index.php\/delito-tributario-factura-ideologicamente-falsa\/#breadcrumb\",\"itemListElement\":[{\"@type\":\"ListItem\",\"position\":1,\"name\":\"Portada\",\"item\":\"https:\/\/a-tributario.cl\/\"},{\"@type\":\"ListItem\",\"position\":2,\"name\":\"DELITO TRIBUTARIO - FACTURA IDEOL\u00d3GICAMENTE FALSA - FISCALIZACI\u00d3N, CITACI\u00d3N, LIQUIDACI\u00d3N Y GIRO\"}]},{\"@type\":\"WebSite\",\"@id\":\"https:\/\/a-tributario.cl\/#website\",\"url\":\"https:\/\/a-tributario.cl\/\",\"name\":\"ABOGADO TRIBUTARIO R&amp;R\",\"description\":\"ASESOR\u00cdA TRIBUTARIA, DEFENSA LIQUIDACI\u00d3N Y GIRO SII, PRESCRIPCI\u00d3N IMPUESTOS DEFENSA COBRO TESORER\u00cdA\",\"publisher\":{\"@id\":\"https:\/\/a-tributario.cl\/#organization\"},\"potentialAction\":[{\"@type\":\"SearchAction\",\"target\":{\"@type\":\"EntryPoint\",\"urlTemplate\":\"https:\/\/a-tributario.cl\/?s={search_term_string}\"},\"query-input\":\"required name=search_term_string\"}],\"inLanguage\":\"es\"},{\"@type\":\"Organization\",\"@id\":\"https:\/\/a-tributario.cl\/#organization\",\"name\":\"Abogado Tributario Let\",\"url\":\"https:\/\/a-tributario.cl\/\",\"logo\":{\"@type\":\"ImageObject\",\"inLanguage\":\"es\",\"@id\":\"https:\/\/a-tributario.cl\/#\/schema\/logo\/image\/\",\"url\":\"https:\/\/a-tributario.cl\/wp-content\/uploads\/2019\/04\/Image-2018-e1556290954199.jpeg\",\"contentUrl\":\"https:\/\/a-tributario.cl\/wp-content\/uploads\/2019\/04\/Image-2018-e1556290954199.jpeg\",\"width\":128,\"height\":128,\"caption\":\"Abogado Tributario Let\"},\"image\":{\"@id\":\"https:\/\/a-tributario.cl\/#\/schema\/logo\/image\/\"},\"sameAs\":[\"https:\/\/www.facebook.com\/AbogadosTributariosIUS\/\",\"https:\/\/twitter.com\/ius_asesores\",\"https:\/\/www.linkedin.com\/in\/abogadotributario\/\"]}]}<\/script>\n<!-- \/ Yoast SEO plugin. -->","yoast_head_json":{"title":"DELITO TRIBUTARIO -FACTURA IDEOL\u00d3GICAMENTE FALSA -","description":"DELITO TRIBUTARIO, FACTURA IDEOLOGICAMENTE FALSA, DEFENSA TRIBUTARIA ANTE FISCALIZACI\u00d3N, CITACI\u00d3N, LIQUIDACI\u00d3N, GIRO Y QUERELLA SII","robots":{"index":"index","follow":"follow","max-snippet":"max-snippet:-1","max-image-preview":"max-image-preview:large","max-video-preview":"max-video-preview:-1"},"canonical":"https:\/\/a-tributario.cl\/index.php\/delito-tributario-factura-ideologicamente-falsa\/","og_locale":"es_ES","og_type":"article","og_title":"DELITO TRIBUTARIO -FACTURA IDEOL\u00d3GICAMENTE FALSA -","og_description":"DELITO TRIBUTARIO, FACTURA IDEOLOGICAMENTE FALSA, DEFENSA TRIBUTARIA ANTE FISCALIZACI\u00d3N, CITACI\u00d3N, LIQUIDACI\u00d3N, GIRO Y QUERELLA SII","og_url":"https:\/\/a-tributario.cl\/index.php\/delito-tributario-factura-ideologicamente-falsa\/","og_site_name":"ABOGADO TRIBUTARIO R&amp;R","article_publisher":"https:\/\/www.facebook.com\/AbogadosTributariosIUS\/","article_modified_time":"2023-12-06T00:57:16+00:00","twitter_card":"summary_large_image","twitter_site":"@ius_asesores","twitter_misc":{"Tiempo de lectura":"4 minutos"},"schema":{"@context":"https:\/\/schema.org","@graph":[{"@type":"WebPage","@id":"https:\/\/a-tributario.cl\/index.php\/delito-tributario-factura-ideologicamente-falsa\/","url":"https:\/\/a-tributario.cl\/index.php\/delito-tributario-factura-ideologicamente-falsa\/","name":"DELITO TRIBUTARIO -FACTURA IDEOL\u00d3GICAMENTE FALSA -","isPartOf":{"@id":"https:\/\/a-tributario.cl\/#website"},"datePublished":"2020-05-15T13:16:39+00:00","dateModified":"2023-12-06T00:57:16+00:00","description":"DELITO TRIBUTARIO, FACTURA IDEOLOGICAMENTE FALSA, DEFENSA TRIBUTARIA ANTE FISCALIZACI\u00d3N, CITACI\u00d3N, LIQUIDACI\u00d3N, GIRO Y QUERELLA SII","breadcrumb":{"@id":"https:\/\/a-tributario.cl\/index.php\/delito-tributario-factura-ideologicamente-falsa\/#breadcrumb"},"inLanguage":"es","potentialAction":[{"@type":"ReadAction","target":["https:\/\/a-tributario.cl\/index.php\/delito-tributario-factura-ideologicamente-falsa\/"]}]},{"@type":"BreadcrumbList","@id":"https:\/\/a-tributario.cl\/index.php\/delito-tributario-factura-ideologicamente-falsa\/#breadcrumb","itemListElement":[{"@type":"ListItem","position":1,"name":"Portada","item":"https:\/\/a-tributario.cl\/"},{"@type":"ListItem","position":2,"name":"DELITO TRIBUTARIO - FACTURA IDEOL\u00d3GICAMENTE FALSA - FISCALIZACI\u00d3N, CITACI\u00d3N, LIQUIDACI\u00d3N Y GIRO"}]},{"@type":"WebSite","@id":"https:\/\/a-tributario.cl\/#website","url":"https:\/\/a-tributario.cl\/","name":"ABOGADO TRIBUTARIO R&amp;R","description":"ASESOR\u00cdA TRIBUTARIA, DEFENSA LIQUIDACI\u00d3N Y GIRO SII, PRESCRIPCI\u00d3N IMPUESTOS DEFENSA COBRO TESORER\u00cdA","publisher":{"@id":"https:\/\/a-tributario.cl\/#organization"},"potentialAction":[{"@type":"SearchAction","target":{"@type":"EntryPoint","urlTemplate":"https:\/\/a-tributario.cl\/?s={search_term_string}"},"query-input":"required name=search_term_string"}],"inLanguage":"es"},{"@type":"Organization","@id":"https:\/\/a-tributario.cl\/#organization","name":"Abogado Tributario Let","url":"https:\/\/a-tributario.cl\/","logo":{"@type":"ImageObject","inLanguage":"es","@id":"https:\/\/a-tributario.cl\/#\/schema\/logo\/image\/","url":"https:\/\/a-tributario.cl\/wp-content\/uploads\/2019\/04\/Image-2018-e1556290954199.jpeg","contentUrl":"https:\/\/a-tributario.cl\/wp-content\/uploads\/2019\/04\/Image-2018-e1556290954199.jpeg","width":128,"height":128,"caption":"Abogado Tributario Let"},"image":{"@id":"https:\/\/a-tributario.cl\/#\/schema\/logo\/image\/"},"sameAs":["https:\/\/www.facebook.com\/AbogadosTributariosIUS\/","https:\/\/twitter.com\/ius_asesores","https:\/\/www.linkedin.com\/in\/abogadotributario\/"]}]}},"_links":{"self":[{"href":"https:\/\/a-tributario.cl\/index.php\/wp-json\/wp\/v2\/pages\/3402"}],"collection":[{"href":"https:\/\/a-tributario.cl\/index.php\/wp-json\/wp\/v2\/pages"}],"about":[{"href":"https:\/\/a-tributario.cl\/index.php\/wp-json\/wp\/v2\/types\/page"}],"author":[{"embeddable":true,"href":"https:\/\/a-tributario.cl\/index.php\/wp-json\/wp\/v2\/users\/1"}],"replies":[{"embeddable":true,"href":"https:\/\/a-tributario.cl\/index.php\/wp-json\/wp\/v2\/comments?post=3402"}],"version-history":[{"count":16,"href":"https:\/\/a-tributario.cl\/index.php\/wp-json\/wp\/v2\/pages\/3402\/revisions"}],"predecessor-version":[{"id":5754,"href":"https:\/\/a-tributario.cl\/index.php\/wp-json\/wp\/v2\/pages\/3402\/revisions\/5754"}],"wp:attachment":[{"href":"https:\/\/a-tributario.cl\/index.php\/wp-json\/wp\/v2\/media?parent=3402"}],"curies":[{"name":"wp","href":"https:\/\/api.w.org\/{rel}","templated":true}]}}