{"id":3517,"date":"2020-07-06T09:15:21","date_gmt":"2020-07-06T09:15:21","guid":{"rendered":"https:\/\/www.a-tributario.cl\/?page_id=3517"},"modified":"2021-03-01T01:31:17","modified_gmt":"2021-03-01T01:31:17","slug":"medidas-tributarias-covid-19","status":"publish","type":"page","link":"https:\/\/a-tributario.cl\/index.php\/medidas-tributarias-covid-19\/","title":{"rendered":"MEDIDAS TRIBUTARIAS  covid-19"},"content":{"rendered":"<p>[vc_row][vc_column width=\u00bb2\/3&#8243;][vc_column_text]<\/p>\n<h2 style=\"text-align: center;\">POSTERGACION PAGO IVA Y PPM<\/h2>\n<h2 style=\"text-align: center;\"><strong><span style=\"vertical-align: inherit;\"><span style=\"vertical-align: inherit;\"><span style=\"vertical-align: inherit;\">Ampliaci\u00f3n de la suspensi\u00f3n de Pagos Provisionales Mensuales (PPM) <\/span><\/span><\/span><\/strong><\/h2>\n<h2 style=\"text-align: center;\"><strong><span style=\"vertical-align: inherit;\"><span style=\"vertical-align: inherit;\"><span style=\"vertical-align: inherit;\">al trimestre de julio,\u00a0<\/span><\/span><\/span><\/strong><strong><span style=\"vertical-align: inherit;\"><span style=\"vertical-align: inherit;\"><span style=\"vertical-align: inherit;\">agosto y septiembre<\/span><\/span><\/span><\/strong><\/h2>\n<p>[\/vc_column_text][vc_column_text]<\/p>\n\n\n<p><\/p>\n\n\n<p>[\/vc_column_text][\/vc_column][vc_column width=\u00bb1\/3&#8243;][\/vc_column][\/vc_row][vc_row][vc_column width=\u00bb1\/3&#8243;][vc_column_text]<\/p>\n<h4><span style=\"vertical-align: inherit;\"><span style=\"vertical-align: inherit;\">El Decreto ampl\u00eda la suspensi\u00f3n de PPM a los meses de julio, agosto y septiembre, para las todas las empresas que registren una ca\u00edda de sus ingresos brutos igual o superior al 30% para el per\u00edodo enero-mayo 2020, respecto de igual per\u00edodo en 2019. Los PPM son desembolsos mensuales que efect\u00faan las empresas como adelanto del pago anual del impuesto de primera categor\u00eda.<\/span><\/span><\/h4>\n<p>[\/vc_column_text][\/vc_column][vc_column width=\u00bb1\/3&#8243;][vc_column_text css_animation=\u00bbleft-to-right\u00bb]<\/p>\n<p><\/p>\n<div style=\"width: 1920px;\" class=\"wp-video\"><!--[if lt IE 9]><script>document.createElement('video');<\/script><![endif]-->\n<video class=\"wp-video-shortcode\" id=\"video-3517-1\" width=\"1920\" height=\"1080\" preload=\"metadata\" controls=\"controls\"><source type=\"video\/mp4\" src=\"https:\/\/www.a-tributario.cl\/wp-content\/uploads\/2020\/07\/ABOGADO-TRIBUTARIO-LET-2020-TODO-X-LAS-PYMES-2.mp4?_=1\" \/><a href=\"https:\/\/www.a-tributario.cl\/wp-content\/uploads\/2020\/07\/ABOGADO-TRIBUTARIO-LET-2020-TODO-X-LAS-PYMES-2.mp4\">https:\/\/www.a-tributario.cl\/wp-content\/uploads\/2020\/07\/ABOGADO-TRIBUTARIO-LET-2020-TODO-X-LAS-PYMES-2.mp4<\/a><\/video><\/div>\n<p>[\/vc_column_text][\/vc_column][vc_column width=\u00bb1\/3&#8243;][\/vc_column][\/vc_row][vc_row][vc_column width=\u00bb2\/3&#8243;][vc_column_text]<\/p>\n<h1 style=\"text-align: center;\">NUEVAS MEDIDAS TRIBUTARIAS<\/h1>\n<h1 style=\"text-align: center;\">3-7-20-covid-19\/<\/h1>\n<h1 style=\"text-align: center;\">POSTERGACI\u00d3N PAGO IVA Y PPM<\/h1>\n<p><\/p>\n<h2><strong><span style=\"vertical-align: inherit;\">Ampliaci\u00f3n de la postergaci\u00f3n de IVA para el trimestre de julio, agosto y septiembre.<\/span><\/strong><\/h2>\n<h4><span style=\"vertical-align: inherit;\">De la misma forma, el nuevo Decreto ampl\u00eda la postergaci\u00f3n de IVA a los meses de julio, agosto y septiembre, para las empresas cuyos ingresos anuales sean iguales o inferiores a 350.000 UF y siempre que hayan experimentado una ca\u00edda de sus ventas igual o superior al 30% para el trimestre de abril-junio de 2020, respecto de igual per\u00edodo en 2019.<\/span><\/h4>\n<h4><span style=\"vertical-align: inherit;\">El IVA postergado se comenzar\u00e1 a pagar a partir de octubre de 2020, en 12 cuotas mensuales, iguales y sucesivas, en el caso de las Pymes; o seis cuotas mensuales, iguales y sucesivas, trat\u00e1ndose del resto de las empresas cuyos ingresos anuales no excedan de 350.000 UF. Las cuotas postergadas se pagar\u00e1n sin intereses ni multas de ning\u00fan tipo.<\/span><\/h4>\n<p>[\/vc_column_text][vc_column_text]<\/p>\n<h2 style=\"text-align: center;\"><strong><a href=\"https:\/\/www.a-tributario.cl\/wp-content\/uploads\/2020\/07\/DTO-1043_03-JUL-2020.pdf\" target=\"_blank\" rel=\"noopener noreferrer\">DTO-1043_03-JUL-2020<\/a><\/strong><\/h2>\n<p>[\/vc_column_text][\/vc_column][vc_column width=\u00bb1\/3&#8243;][\/vc_column][\/vc_row]<\/p>","protected":false},"excerpt":{"rendered":"<p>[vc_row][vc_column width=\u00bb2\/3&#8243;][vc_column_text] POSTERGACION PAGO IVA Y PPM Ampliaci\u00f3n de la suspensi\u00f3n de Pagos Provisionales Mensuales (PPM) al trimestre de julio,\u00a0agosto y septiembre [\/vc_column_text][vc_column_text] [\/vc_column_text][\/vc_column][vc_column width=\u00bb1\/3&#8243;][\/vc_column][\/vc_row][vc_row][vc_column width=\u00bb1\/3&#8243;][vc_column_text] El Decreto ampl\u00eda la suspensi\u00f3n de PPM a los meses de julio, agosto y septiembre, para las todas las empresas que registren una ca\u00edda de sus ingresos brutos igual [&hellip;]<\/p>\n","protected":false},"author":1,"featured_media":0,"parent":0,"menu_order":0,"comment_status":"closed","ping_status":"closed","template":"","meta":{"_monsterinsights_skip_tracking":false,"_monsterinsights_sitenote_active":false,"_monsterinsights_sitenote_note":"","_monsterinsights_sitenote_category":0,"footnotes":"","_joinchat":[]},"yoast_head":"<!-- This site is optimized with the Yoast SEO plugin v21.5 - https:\/\/yoast.com\/wordpress\/plugins\/seo\/ -->\n<title>MEDIDAS TRIBUTARIAS covid-19 POSTERGACI\u00d3N IVA Y PPM<\/title>\n<meta name=\"description\" content=\"POSTERGACI\u00d3N IVA y PPM PYMES JULIO, AGOSTO y SEPTIEMBRE - NUEVAS MEDIDAS TRIBUTARIAS COVID-19 se comenzar\u00e1 a pagar a partir de octubre de 2020, en 12 cuotas\" \/>\n<meta name=\"robots\" content=\"index, follow, max-snippet:-1, max-image-preview:large, max-video-preview:-1\" \/>\n<link rel=\"canonical\" href=\"https:\/\/a-tributario.cl\/index.php\/medidas-tributarias-covid-19\/\" \/>\n<meta property=\"og:locale\" content=\"es_ES\" \/>\n<meta property=\"og:type\" content=\"article\" \/>\n<meta property=\"og:title\" content=\"MEDIDAS TRIBUTARIAS covid-19 POSTERGACI\u00d3N IVA Y PPM\" \/>\n<meta property=\"og:description\" content=\"POSTERGACI\u00d3N IVA y PPM PYMES JULIO, AGOSTO y SEPTIEMBRE - NUEVAS MEDIDAS TRIBUTARIAS COVID-19 se comenzar\u00e1 a pagar a partir de octubre de 2020, en 12 cuotas\" \/>\n<meta property=\"og:url\" content=\"https:\/\/a-tributario.cl\/index.php\/medidas-tributarias-covid-19\/\" \/>\n<meta property=\"og:site_name\" content=\"ABOGADO TRIBUTARIO R&amp;R\" \/>\n<meta property=\"article:publisher\" content=\"https:\/\/www.facebook.com\/AbogadosTributariosIUS\/\" \/>\n<meta property=\"article:modified_time\" content=\"2021-03-01T01:31:17+00:00\" \/>\n<meta name=\"twitter:card\" content=\"summary_large_image\" \/>\n<meta name=\"twitter:site\" content=\"@ius_asesores\" \/>\n<meta name=\"twitter:label1\" content=\"Tiempo de lectura\" \/>\n\t<meta name=\"twitter:data1\" content=\"2 minutos\" \/>\n<script type=\"application\/ld+json\" class=\"yoast-schema-graph\">{\"@context\":\"https:\/\/schema.org\",\"@graph\":[{\"@type\":\"WebPage\",\"@id\":\"https:\/\/a-tributario.cl\/index.php\/medidas-tributarias-covid-19\/\",\"url\":\"https:\/\/a-tributario.cl\/index.php\/medidas-tributarias-covid-19\/\",\"name\":\"MEDIDAS TRIBUTARIAS covid-19 POSTERGACI\u00d3N IVA Y PPM\",\"isPartOf\":{\"@id\":\"https:\/\/a-tributario.cl\/#website\"},\"datePublished\":\"2020-07-06T09:15:21+00:00\",\"dateModified\":\"2021-03-01T01:31:17+00:00\",\"description\":\"POSTERGACI\u00d3N IVA y PPM PYMES JULIO, AGOSTO y SEPTIEMBRE - NUEVAS MEDIDAS TRIBUTARIAS COVID-19 se comenzar\u00e1 a pagar a partir de octubre de 2020, en 12 cuotas\",\"breadcrumb\":{\"@id\":\"https:\/\/a-tributario.cl\/index.php\/medidas-tributarias-covid-19\/#breadcrumb\"},\"inLanguage\":\"es\",\"potentialAction\":[{\"@type\":\"ReadAction\",\"target\":[\"https:\/\/a-tributario.cl\/index.php\/medidas-tributarias-covid-19\/\"]}]},{\"@type\":\"BreadcrumbList\",\"@id\":\"https:\/\/a-tributario.cl\/index.php\/medidas-tributarias-covid-19\/#breadcrumb\",\"itemListElement\":[{\"@type\":\"ListItem\",\"position\":1,\"name\":\"Portada\",\"item\":\"https:\/\/a-tributario.cl\/\"},{\"@type\":\"ListItem\",\"position\":2,\"name\":\"MEDIDAS TRIBUTARIAS covid-19\"}]},{\"@type\":\"WebSite\",\"@id\":\"https:\/\/a-tributario.cl\/#website\",\"url\":\"https:\/\/a-tributario.cl\/\",\"name\":\"ABOGADO TRIBUTARIO R&amp;R\",\"description\":\"ASESOR\u00cdA TRIBUTARIA, DEFENSA LIQUIDACI\u00d3N Y GIRO SII, PRESCRIPCI\u00d3N IMPUESTOS DEFENSA COBRO TESORER\u00cdA\",\"publisher\":{\"@id\":\"https:\/\/a-tributario.cl\/#organization\"},\"potentialAction\":[{\"@type\":\"SearchAction\",\"target\":{\"@type\":\"EntryPoint\",\"urlTemplate\":\"https:\/\/a-tributario.cl\/?s={search_term_string}\"},\"query-input\":\"required name=search_term_string\"}],\"inLanguage\":\"es\"},{\"@type\":\"Organization\",\"@id\":\"https:\/\/a-tributario.cl\/#organization\",\"name\":\"Abogado Tributario Let\",\"url\":\"https:\/\/a-tributario.cl\/\",\"logo\":{\"@type\":\"ImageObject\",\"inLanguage\":\"es\",\"@id\":\"https:\/\/a-tributario.cl\/#\/schema\/logo\/image\/\",\"url\":\"https:\/\/a-tributario.cl\/wp-content\/uploads\/2019\/04\/Image-2018-e1556290954199.jpeg\",\"contentUrl\":\"https:\/\/a-tributario.cl\/wp-content\/uploads\/2019\/04\/Image-2018-e1556290954199.jpeg\",\"width\":128,\"height\":128,\"caption\":\"Abogado Tributario Let\"},\"image\":{\"@id\":\"https:\/\/a-tributario.cl\/#\/schema\/logo\/image\/\"},\"sameAs\":[\"https:\/\/www.facebook.com\/AbogadosTributariosIUS\/\",\"https:\/\/twitter.com\/ius_asesores\",\"https:\/\/www.linkedin.com\/in\/abogadotributario\/\"]}]}<\/script>\n<!-- \/ Yoast SEO plugin. -->","yoast_head_json":{"title":"MEDIDAS TRIBUTARIAS covid-19 POSTERGACI\u00d3N IVA Y PPM","description":"POSTERGACI\u00d3N IVA y PPM PYMES JULIO, AGOSTO y SEPTIEMBRE - NUEVAS MEDIDAS TRIBUTARIAS COVID-19 se comenzar\u00e1 a pagar a partir de octubre de 2020, en 12 cuotas","robots":{"index":"index","follow":"follow","max-snippet":"max-snippet:-1","max-image-preview":"max-image-preview:large","max-video-preview":"max-video-preview:-1"},"canonical":"https:\/\/a-tributario.cl\/index.php\/medidas-tributarias-covid-19\/","og_locale":"es_ES","og_type":"article","og_title":"MEDIDAS TRIBUTARIAS covid-19 POSTERGACI\u00d3N IVA Y PPM","og_description":"POSTERGACI\u00d3N IVA y PPM PYMES JULIO, AGOSTO y SEPTIEMBRE - NUEVAS MEDIDAS TRIBUTARIAS COVID-19 se comenzar\u00e1 a pagar a partir de octubre de 2020, en 12 cuotas","og_url":"https:\/\/a-tributario.cl\/index.php\/medidas-tributarias-covid-19\/","og_site_name":"ABOGADO TRIBUTARIO R&amp;R","article_publisher":"https:\/\/www.facebook.com\/AbogadosTributariosIUS\/","article_modified_time":"2021-03-01T01:31:17+00:00","twitter_card":"summary_large_image","twitter_site":"@ius_asesores","twitter_misc":{"Tiempo de lectura":"2 minutos"},"schema":{"@context":"https:\/\/schema.org","@graph":[{"@type":"WebPage","@id":"https:\/\/a-tributario.cl\/index.php\/medidas-tributarias-covid-19\/","url":"https:\/\/a-tributario.cl\/index.php\/medidas-tributarias-covid-19\/","name":"MEDIDAS TRIBUTARIAS covid-19 POSTERGACI\u00d3N IVA Y PPM","isPartOf":{"@id":"https:\/\/a-tributario.cl\/#website"},"datePublished":"2020-07-06T09:15:21+00:00","dateModified":"2021-03-01T01:31:17+00:00","description":"POSTERGACI\u00d3N IVA y PPM PYMES JULIO, AGOSTO y SEPTIEMBRE - NUEVAS MEDIDAS TRIBUTARIAS COVID-19 se comenzar\u00e1 a pagar a partir de octubre de 2020, en 12 cuotas","breadcrumb":{"@id":"https:\/\/a-tributario.cl\/index.php\/medidas-tributarias-covid-19\/#breadcrumb"},"inLanguage":"es","potentialAction":[{"@type":"ReadAction","target":["https:\/\/a-tributario.cl\/index.php\/medidas-tributarias-covid-19\/"]}]},{"@type":"BreadcrumbList","@id":"https:\/\/a-tributario.cl\/index.php\/medidas-tributarias-covid-19\/#breadcrumb","itemListElement":[{"@type":"ListItem","position":1,"name":"Portada","item":"https:\/\/a-tributario.cl\/"},{"@type":"ListItem","position":2,"name":"MEDIDAS TRIBUTARIAS covid-19"}]},{"@type":"WebSite","@id":"https:\/\/a-tributario.cl\/#website","url":"https:\/\/a-tributario.cl\/","name":"ABOGADO TRIBUTARIO R&amp;R","description":"ASESOR\u00cdA TRIBUTARIA, DEFENSA LIQUIDACI\u00d3N Y GIRO SII, PRESCRIPCI\u00d3N IMPUESTOS DEFENSA COBRO TESORER\u00cdA","publisher":{"@id":"https:\/\/a-tributario.cl\/#organization"},"potentialAction":[{"@type":"SearchAction","target":{"@type":"EntryPoint","urlTemplate":"https:\/\/a-tributario.cl\/?s={search_term_string}"},"query-input":"required name=search_term_string"}],"inLanguage":"es"},{"@type":"Organization","@id":"https:\/\/a-tributario.cl\/#organization","name":"Abogado Tributario Let","url":"https:\/\/a-tributario.cl\/","logo":{"@type":"ImageObject","inLanguage":"es","@id":"https:\/\/a-tributario.cl\/#\/schema\/logo\/image\/","url":"https:\/\/a-tributario.cl\/wp-content\/uploads\/2019\/04\/Image-2018-e1556290954199.jpeg","contentUrl":"https:\/\/a-tributario.cl\/wp-content\/uploads\/2019\/04\/Image-2018-e1556290954199.jpeg","width":128,"height":128,"caption":"Abogado Tributario Let"},"image":{"@id":"https:\/\/a-tributario.cl\/#\/schema\/logo\/image\/"},"sameAs":["https:\/\/www.facebook.com\/AbogadosTributariosIUS\/","https:\/\/twitter.com\/ius_asesores","https:\/\/www.linkedin.com\/in\/abogadotributario\/"]}]}},"_links":{"self":[{"href":"https:\/\/a-tributario.cl\/index.php\/wp-json\/wp\/v2\/pages\/3517"}],"collection":[{"href":"https:\/\/a-tributario.cl\/index.php\/wp-json\/wp\/v2\/pages"}],"about":[{"href":"https:\/\/a-tributario.cl\/index.php\/wp-json\/wp\/v2\/types\/page"}],"author":[{"embeddable":true,"href":"https:\/\/a-tributario.cl\/index.php\/wp-json\/wp\/v2\/users\/1"}],"replies":[{"embeddable":true,"href":"https:\/\/a-tributario.cl\/index.php\/wp-json\/wp\/v2\/comments?post=3517"}],"version-history":[{"count":11,"href":"https:\/\/a-tributario.cl\/index.php\/wp-json\/wp\/v2\/pages\/3517\/revisions"}],"predecessor-version":[{"id":4867,"href":"https:\/\/a-tributario.cl\/index.php\/wp-json\/wp\/v2\/pages\/3517\/revisions\/4867"}],"wp:attachment":[{"href":"https:\/\/a-tributario.cl\/index.php\/wp-json\/wp\/v2\/media?parent=3517"}],"curies":[{"name":"wp","href":"https:\/\/api.w.org\/{rel}","templated":true}]}}