{"id":3798,"date":"2020-11-22T18:42:35","date_gmt":"2020-11-22T18:42:35","guid":{"rendered":"https:\/\/www.a-tributario.cl\/?page_id=3798"},"modified":"2020-12-21T02:24:01","modified_gmt":"2020-12-21T02:24:01","slug":"ley-21-210-reforma-tributaria","status":"publish","type":"page","link":"https:\/\/a-tributario.cl\/index.php\/ley-21-210-reforma-tributaria\/","title":{"rendered":"LEY 21.210 REFORMA TRIBUTARIA"},"content":{"rendered":"<p>[vc_row][vc_column width=\u00bb2\/3&#8243;][vc_column_text]<\/p>\n<h1>LEY 21.210 REFORMA TRIBUTARIA<\/h1>\n<h2><a href=\"https:\/\/www.a-tributario.cl\/wp-content\/uploads\/2020\/11\/Ley-21210_24-FEB-2020-2.pdf\">Ley-21210_24-FEB-2020 (2)<\/a><\/h2>\n<p>Fuente: <a href=\"http:\/\/www.bcn.cl\">www.bcn.c<\/a>l<\/p>\n<p>[\/vc_column_text][vc_column_text]<\/p>\n<div class=\"resumen-noticia\">\n<h2 class=\"title\">SII implementa cambios de la ley de Modernizaci\u00f3n Tributaria que entran en vigencia el 1 de junio<\/h2>\n<p>&nbsp;<\/p>\n<\/div>\n<ul>\n<li><em>Ya se encuentra disponible en sii.cl la plataforma que permite a proveedores de servicios digitales sin domicilio ni residencia en Chile declarar y pagar el IVA.<\/em><\/li>\n<\/ul>\n<ul>\n<li><em>En paralelo, los contribuyentes podr\u00e1n realizar todos los tr\u00e1mites de su ciclo de vida, como inicio de actividades y t\u00e9rmino de giro, 100% online.<\/em><\/li>\n<\/ul>\n<div class=\"img-noticia img-responsive\"><img loading=\"lazy\" decoding=\"async\" class=\"img-responsive\" src=\"http:\/\/www.sii.cl\/icn\/010620noti01aav_a.jpg\" width=\"300\" height=\"225\" \/><\/div>\n<p>En conformidad a lo establecido en la Ley 21.210 que Moderniza la Legislaci\u00f3n Tributaria, desde el 1 de junio de 2020 entran en vigencia las modificaciones que introdujo la normativa al Impuesto al Valor Agregado (IVA) y al Ciclo de Vida del Contribuyente, entre otras materias.<\/p>\n<p>De acuerdo a su rol, asociado a la implementaci\u00f3n y ejecuci\u00f3n de la ley tributaria vigente, el Servicio dict\u00f3 el marco normativo necesario, realizando los procesos de consulta p\u00fablica correspondientes, junto con desarrollar y adaptar las aplicaciones inform\u00e1ticas asociadas, para poner a disposici\u00f3n de los contribuyentes toda la informaci\u00f3n necesaria, facilidades y procedimientos para permitir el cumplimiento de las nuevas responsabilidades tributarias de forma oportuna e informada.<\/p>\n<p>Lo anterior, en el contexto de emergencia sanitaria que vive el pa\u00eds, que ha requerido, en paralelo a la implementaci\u00f3n de la Ley de Modernizaci\u00f3n Tributaria, que el Servicio deba poner a disposici\u00f3n de los contribuyentes -en un per\u00edodo de tiempo muy breve-, las medidas tributarias orientadas a apoyar a las personas y empresas afectadas por la contingencia, lo que ha sido posible gracias a la capacidad t\u00e9cnica, sello innovador y profesionalismo que caracterizan a los funcionarios Servicio.<\/p>\n<p>&nbsp;<\/p>\n<h2><strong>IVA a los Servicios Digitales<\/strong><\/h2>\n<p>Desde el 1 de junio los proveedores de servicios digitales, sin domicilio ni residencia en Chile, deber\u00e1n cumplir con su obligaci\u00f3n de declarar y pagar el IVA a los servicios digitales que incorpor\u00f3 la Ley N\u00b021.210. Por ello, ya se encuentra disponible en sii.cl (<a href=\"http:\/\/www.sii.cl\/vat\/index.html\">www.sii.cl\/vat\/index.html<\/a>) una plataforma que les permite registrarse, obteniendo un \u201cTax ID Number\u201d (N\u00famero de Identificaci\u00f3n Tributaria) y una clave para cumplir con la nueva obligaci\u00f3n. En la aplicaci\u00f3n, los contribuyentes pueden seleccionar la moneda (euro, d\u00f3lar o pesos) y periodicidad con que van a realizar el pago, que puede ser mensual o trimestral.<\/p>\n<p>Como parte de su estrategia de cumplimiento tributario, el Servicio se encuentra realizando acciones de apoyo y orientaci\u00f3n a estas empresas, a trav\u00e9s de reuniones de los equipos t\u00e9cnicos y normativos del SII con los contribuyentes que deber\u00e1n cumplir con esta obligaci\u00f3n. Ello con el objetivo de explicar el proceso y aclarar sus dudas, acci\u00f3n que ha sido muy valorada, y que se mantendr\u00e1, continuando los contactos y la disposici\u00f3n a reunirse con cualquier contribuyente que lo requiera.<\/p>\n<p>&nbsp;<\/p>\n<h2><strong>Tr\u00e1mites 100% online<\/strong><\/h2>\n<p>Tambi\u00e9n, desde el 1 de junio, los tr\u00e1mites asociados al ciclo de vida de los contribuyentes, tales como inicio de actividades, modificaciones y t\u00e9rmino de giro, podr\u00e1n efectuarse 100% en l\u00ednea a trav\u00e9s de sii.cl, mediante una Carpeta Tributaria Electr\u00f3nica. Para ello, se habilit\u00f3 una plataforma en sii.cl, en el men\u00fa de Servicios Online (<a href=\"http:\/\/www.sii.cl\/servicios_online\/1031-.html\">http:\/\/www.sii.cl\/servicios_online\/1031-.html<\/a>), que permite iniciar el tr\u00e1mite, adjuntar la documentaci\u00f3n requerida e interactuar de manera remota con un funcionario, si es necesario, para concluir la solicitud en l\u00ednea.<\/p>\n<p>Para apoyar este proceso, el Servicio entregar\u00e1 especial apoyo a los contribuyentes desplegando, a trav\u00e9s de sus canales remotos, toda la orientaci\u00f3n y ayuda que se requiera para acompa\u00f1ar el cambio. Lo anterior, se hace hoy m\u00e1s necesario en el marco de la situaci\u00f3n de emergencia que vive el pa\u00eds, ya que al realizar un tr\u00e1mite online se evita la concurrencia a las oficinas del SII.<\/p>\n<p>Asimismo, en MiSii (<a href=\"https:\/\/misiir.sii.cl\/cgi_misii\/siihome.cgi\">https:\/\/misiir.sii.cl\/cgi_misii\/siihome.cgi<\/a>), secci\u00f3n personalizada del contribuyente, ya se encuentran disponibles nuevas opciones, como la posibilidad de obtener certificaciones o copias en formato electr\u00f3nico de documentos presentados por el contribuyente ante el Servicio, y tambi\u00e9n la posibilidad de acceder a sus anotaciones.<\/p>\n<p>Otra de las medidas implementadas consiste en que el contribuyente recibir\u00e1 copia de sus notificaciones a su correo electr\u00f3nico, por lo que es muy relevante que mantengan actualizados sus datos de contactos, lo que pueden hacer f\u00e1cilmente en l\u00ednea en MiSii.<\/p>\n<p>Por otra parte, en el marco de la certeza tributaria, el Servicio implement\u00f3 los cambios a la Revisi\u00f3n de la Actuaci\u00f3n Fiscalizadora (RAF) que establece la ley, y que implican que el procedimiento se lleve en un expediente electr\u00f3nico (<a href=\"http:\/\/www.sii.cl\/servicios_online\/1037-3604.html\">http:\/\/www.sii.cl\/servicios_online\/1037-3604.html<\/a>), facilitando la soluci\u00f3n de vicios o errores manifiestos y evitando dilaciones innecesarias. Asimismo, se establece un plazo de sesenta d\u00edas desde la presentaci\u00f3n de la petici\u00f3n administrativa para que el SII resuelva la solicitud.<\/p>\n<p>Adem\u00e1s, se establece un nuevo procedimiento a trav\u00e9s del sitio web del SII (<a href=\"http:\/\/www.sii.cl\/servicios_online\/1037-3729.html\">www.sii.cl\/servicios_online\/1037-3729.html<\/a>) para que cualquier contribuyente pueda realizar consultas normativas al Director del Servicio, definiendo la forma y plazos en que se emitir\u00e1 la respuesta.<\/p>\n<p>Finalmente, las solicitudes de devoluci\u00f3n de cr\u00e9dito fiscal de IVA del art\u00edculo 27 bisde la Ley de Impuesto a las Ventas y Servicios (LIVS), que antes se realizaban en papel en las oficinas del SII, desde ahora podr\u00e1n realizarse a trav\u00e9s de internet mediante una aplicaci\u00f3n disponible en el sitio web del servicio (<a href=\"http:\/\/www.sii.cl\/servicios_online\/1042-3640.html\">http:\/\/www.sii.cl\/servicios_online\/1042-3640.html<\/a>).<\/p>\n<p>Adicionalmente, la ley disminuy\u00f3 el plazo en que el Servicio debe pronunciarse sobre dicha solicitud de devoluci\u00f3n, de 60 a 20 d\u00edas h\u00e1biles contados desde la fecha en que reciba los antecedentes correspondientes. Estos cambios se suman al que se incorpor\u00f3 el 1 de marzo de este a\u00f1o, rebajando a dos la cantidad de per\u00edodos tributarios durante los cuales se deben acumular remanentes de cr\u00e9dito fiscal para realizar la solicitud.<\/p>\n<p>FUENTE SII<\/p>\n<p><a href=\"http:\/\/www.sii.cl\/noticias\/2020\/010620noti01aav.htm\" target=\"_blank\" rel=\"noopener noreferrer\">http:\/\/www.sii.cl\/noticias\/2020\/010620noti01aav.htm<\/a>[\/vc_column_text][\/vc_column][vc_column width=\u00bb1\/3&#8243;][\/vc_column][\/vc_row]<\/p>\n","protected":false},"excerpt":{"rendered":"<p>[vc_row][vc_column width=\u00bb2\/3&#8243;][vc_column_text] LEY 21.210 REFORMA TRIBUTARIA Ley-21210_24-FEB-2020 (2) Fuente: www.bcn.cl [\/vc_column_text][vc_column_text] SII implementa cambios de la ley de Modernizaci\u00f3n Tributaria que entran en vigencia el 1 de junio &nbsp; Ya se encuentra disponible en sii.cl la plataforma que permite a proveedores de servicios digitales sin domicilio ni residencia en Chile declarar y pagar el IVA. [&hellip;]<\/p>\n","protected":false},"author":1,"featured_media":0,"parent":0,"menu_order":0,"comment_status":"closed","ping_status":"closed","template":"","meta":{"_monsterinsights_skip_tracking":false,"_monsterinsights_sitenote_active":false,"_monsterinsights_sitenote_note":"","_monsterinsights_sitenote_category":0,"footnotes":"","_joinchat":[]},"yoast_head":"<!-- This site is optimized with the Yoast SEO plugin v21.5 - https:\/\/yoast.com\/wordpress\/plugins\/seo\/ -->\n<title>LEY 21.210 REFORMA TRIBUTARIA - ABOGADO TRIBUTARIO R&amp;R<\/title>\n<meta name=\"description\" content=\"LEY 21.210 REFORMA TRIBUTARIA\" \/>\n<meta name=\"robots\" content=\"index, follow, max-snippet:-1, max-image-preview:large, max-video-preview:-1\" \/>\n<link rel=\"canonical\" href=\"https:\/\/a-tributario.cl\/index.php\/ley-21-210-reforma-tributaria\/\" \/>\n<meta property=\"og:locale\" content=\"es_ES\" \/>\n<meta property=\"og:type\" content=\"article\" \/>\n<meta property=\"og:title\" content=\"LEY 21.210 REFORMA TRIBUTARIA - ABOGADO TRIBUTARIO R&amp;R\" \/>\n<meta property=\"og:description\" content=\"LEY 21.210 REFORMA TRIBUTARIA\" \/>\n<meta property=\"og:url\" content=\"https:\/\/a-tributario.cl\/index.php\/ley-21-210-reforma-tributaria\/\" \/>\n<meta property=\"og:site_name\" content=\"ABOGADO TRIBUTARIO R&amp;R\" \/>\n<meta property=\"article:publisher\" content=\"https:\/\/www.facebook.com\/AbogadosTributariosIUS\/\" \/>\n<meta property=\"article:modified_time\" content=\"2020-12-21T02:24:01+00:00\" \/>\n<meta property=\"og:image\" content=\"http:\/\/www.sii.cl\/icn\/010620noti01aav_a.jpg\" \/>\n<meta name=\"twitter:card\" content=\"summary_large_image\" \/>\n<meta name=\"twitter:site\" content=\"@ius_asesores\" \/>\n<meta name=\"twitter:label1\" content=\"Tiempo de lectura\" \/>\n\t<meta name=\"twitter:data1\" content=\"5 minutos\" \/>\n<script type=\"application\/ld+json\" class=\"yoast-schema-graph\">{\"@context\":\"https:\/\/schema.org\",\"@graph\":[{\"@type\":\"WebPage\",\"@id\":\"https:\/\/a-tributario.cl\/index.php\/ley-21-210-reforma-tributaria\/\",\"url\":\"https:\/\/a-tributario.cl\/index.php\/ley-21-210-reforma-tributaria\/\",\"name\":\"LEY 21.210 REFORMA TRIBUTARIA - ABOGADO TRIBUTARIO R&amp;R\",\"isPartOf\":{\"@id\":\"https:\/\/a-tributario.cl\/#website\"},\"datePublished\":\"2020-11-22T18:42:35+00:00\",\"dateModified\":\"2020-12-21T02:24:01+00:00\",\"description\":\"LEY 21.210 REFORMA TRIBUTARIA\",\"breadcrumb\":{\"@id\":\"https:\/\/a-tributario.cl\/index.php\/ley-21-210-reforma-tributaria\/#breadcrumb\"},\"inLanguage\":\"es\",\"potentialAction\":[{\"@type\":\"ReadAction\",\"target\":[\"https:\/\/a-tributario.cl\/index.php\/ley-21-210-reforma-tributaria\/\"]}]},{\"@type\":\"BreadcrumbList\",\"@id\":\"https:\/\/a-tributario.cl\/index.php\/ley-21-210-reforma-tributaria\/#breadcrumb\",\"itemListElement\":[{\"@type\":\"ListItem\",\"position\":1,\"name\":\"Portada\",\"item\":\"https:\/\/a-tributario.cl\/\"},{\"@type\":\"ListItem\",\"position\":2,\"name\":\"LEY 21.210 REFORMA TRIBUTARIA\"}]},{\"@type\":\"WebSite\",\"@id\":\"https:\/\/a-tributario.cl\/#website\",\"url\":\"https:\/\/a-tributario.cl\/\",\"name\":\"ABOGADO TRIBUTARIO R&amp;R\",\"description\":\"ASESOR\u00cdA TRIBUTARIA, DEFENSA LIQUIDACI\u00d3N Y GIRO SII, PRESCRIPCI\u00d3N IMPUESTOS DEFENSA COBRO TESORER\u00cdA\",\"publisher\":{\"@id\":\"https:\/\/a-tributario.cl\/#organization\"},\"potentialAction\":[{\"@type\":\"SearchAction\",\"target\":{\"@type\":\"EntryPoint\",\"urlTemplate\":\"https:\/\/a-tributario.cl\/?s={search_term_string}\"},\"query-input\":\"required name=search_term_string\"}],\"inLanguage\":\"es\"},{\"@type\":\"Organization\",\"@id\":\"https:\/\/a-tributario.cl\/#organization\",\"name\":\"Abogado Tributario Let\",\"url\":\"https:\/\/a-tributario.cl\/\",\"logo\":{\"@type\":\"ImageObject\",\"inLanguage\":\"es\",\"@id\":\"https:\/\/a-tributario.cl\/#\/schema\/logo\/image\/\",\"url\":\"https:\/\/a-tributario.cl\/wp-content\/uploads\/2019\/04\/Image-2018-e1556290954199.jpeg\",\"contentUrl\":\"https:\/\/a-tributario.cl\/wp-content\/uploads\/2019\/04\/Image-2018-e1556290954199.jpeg\",\"width\":128,\"height\":128,\"caption\":\"Abogado Tributario Let\"},\"image\":{\"@id\":\"https:\/\/a-tributario.cl\/#\/schema\/logo\/image\/\"},\"sameAs\":[\"https:\/\/www.facebook.com\/AbogadosTributariosIUS\/\",\"https:\/\/twitter.com\/ius_asesores\",\"https:\/\/www.linkedin.com\/in\/abogadotributario\/\"]}]}<\/script>\n<!-- \/ Yoast SEO plugin. -->","yoast_head_json":{"title":"LEY 21.210 REFORMA TRIBUTARIA - ABOGADO TRIBUTARIO R&amp;R","description":"LEY 21.210 REFORMA TRIBUTARIA","robots":{"index":"index","follow":"follow","max-snippet":"max-snippet:-1","max-image-preview":"max-image-preview:large","max-video-preview":"max-video-preview:-1"},"canonical":"https:\/\/a-tributario.cl\/index.php\/ley-21-210-reforma-tributaria\/","og_locale":"es_ES","og_type":"article","og_title":"LEY 21.210 REFORMA TRIBUTARIA - ABOGADO TRIBUTARIO R&amp;R","og_description":"LEY 21.210 REFORMA TRIBUTARIA","og_url":"https:\/\/a-tributario.cl\/index.php\/ley-21-210-reforma-tributaria\/","og_site_name":"ABOGADO TRIBUTARIO R&amp;R","article_publisher":"https:\/\/www.facebook.com\/AbogadosTributariosIUS\/","article_modified_time":"2020-12-21T02:24:01+00:00","og_image":[{"url":"http:\/\/www.sii.cl\/icn\/010620noti01aav_a.jpg"}],"twitter_card":"summary_large_image","twitter_site":"@ius_asesores","twitter_misc":{"Tiempo de lectura":"5 minutos"},"schema":{"@context":"https:\/\/schema.org","@graph":[{"@type":"WebPage","@id":"https:\/\/a-tributario.cl\/index.php\/ley-21-210-reforma-tributaria\/","url":"https:\/\/a-tributario.cl\/index.php\/ley-21-210-reforma-tributaria\/","name":"LEY 21.210 REFORMA TRIBUTARIA - ABOGADO TRIBUTARIO R&amp;R","isPartOf":{"@id":"https:\/\/a-tributario.cl\/#website"},"datePublished":"2020-11-22T18:42:35+00:00","dateModified":"2020-12-21T02:24:01+00:00","description":"LEY 21.210 REFORMA TRIBUTARIA","breadcrumb":{"@id":"https:\/\/a-tributario.cl\/index.php\/ley-21-210-reforma-tributaria\/#breadcrumb"},"inLanguage":"es","potentialAction":[{"@type":"ReadAction","target":["https:\/\/a-tributario.cl\/index.php\/ley-21-210-reforma-tributaria\/"]}]},{"@type":"BreadcrumbList","@id":"https:\/\/a-tributario.cl\/index.php\/ley-21-210-reforma-tributaria\/#breadcrumb","itemListElement":[{"@type":"ListItem","position":1,"name":"Portada","item":"https:\/\/a-tributario.cl\/"},{"@type":"ListItem","position":2,"name":"LEY 21.210 REFORMA TRIBUTARIA"}]},{"@type":"WebSite","@id":"https:\/\/a-tributario.cl\/#website","url":"https:\/\/a-tributario.cl\/","name":"ABOGADO TRIBUTARIO R&amp;R","description":"ASESOR\u00cdA TRIBUTARIA, DEFENSA LIQUIDACI\u00d3N Y GIRO SII, PRESCRIPCI\u00d3N IMPUESTOS DEFENSA COBRO TESORER\u00cdA","publisher":{"@id":"https:\/\/a-tributario.cl\/#organization"},"potentialAction":[{"@type":"SearchAction","target":{"@type":"EntryPoint","urlTemplate":"https:\/\/a-tributario.cl\/?s={search_term_string}"},"query-input":"required name=search_term_string"}],"inLanguage":"es"},{"@type":"Organization","@id":"https:\/\/a-tributario.cl\/#organization","name":"Abogado Tributario Let","url":"https:\/\/a-tributario.cl\/","logo":{"@type":"ImageObject","inLanguage":"es","@id":"https:\/\/a-tributario.cl\/#\/schema\/logo\/image\/","url":"https:\/\/a-tributario.cl\/wp-content\/uploads\/2019\/04\/Image-2018-e1556290954199.jpeg","contentUrl":"https:\/\/a-tributario.cl\/wp-content\/uploads\/2019\/04\/Image-2018-e1556290954199.jpeg","width":128,"height":128,"caption":"Abogado Tributario Let"},"image":{"@id":"https:\/\/a-tributario.cl\/#\/schema\/logo\/image\/"},"sameAs":["https:\/\/www.facebook.com\/AbogadosTributariosIUS\/","https:\/\/twitter.com\/ius_asesores","https:\/\/www.linkedin.com\/in\/abogadotributario\/"]}]}},"_links":{"self":[{"href":"https:\/\/a-tributario.cl\/index.php\/wp-json\/wp\/v2\/pages\/3798"}],"collection":[{"href":"https:\/\/a-tributario.cl\/index.php\/wp-json\/wp\/v2\/pages"}],"about":[{"href":"https:\/\/a-tributario.cl\/index.php\/wp-json\/wp\/v2\/types\/page"}],"author":[{"embeddable":true,"href":"https:\/\/a-tributario.cl\/index.php\/wp-json\/wp\/v2\/users\/1"}],"replies":[{"embeddable":true,"href":"https:\/\/a-tributario.cl\/index.php\/wp-json\/wp\/v2\/comments?post=3798"}],"version-history":[{"count":10,"href":"https:\/\/a-tributario.cl\/index.php\/wp-json\/wp\/v2\/pages\/3798\/revisions"}],"predecessor-version":[{"id":4453,"href":"https:\/\/a-tributario.cl\/index.php\/wp-json\/wp\/v2\/pages\/3798\/revisions\/4453"}],"wp:attachment":[{"href":"https:\/\/a-tributario.cl\/index.php\/wp-json\/wp\/v2\/media?parent=3798"}],"curies":[{"name":"wp","href":"https:\/\/api.w.org\/{rel}","templated":true}]}}