{"id":3945,"date":"2020-12-04T00:00:40","date_gmt":"2020-12-04T00:00:40","guid":{"rendered":"https:\/\/www.a-tributario.cl\/?page_id=3945"},"modified":"2021-07-03T03:23:18","modified_gmt":"2021-07-03T03:23:18","slug":"reglas-del-momento-para-rebajar-gasto-tributario","status":"publish","type":"page","link":"https:\/\/a-tributario.cl\/index.php\/reglas-del-momento-para-rebajar-gasto-tributario\/","title":{"rendered":"REGLAS DEL MOMENTO PARA REBAJAR GASTO TRIBUTARIO"},"content":{"rendered":"[vc_row][vc_column width=\u00bb1\/2&#8243;][\/vc_column][vc_column width=\u00bb1\/2&#8243;][\/vc_column][vc_column width=\u00bb1\/2&#8243;][vc_column_text]<\/p>\n<p><\/p>\n\n\n<\/p>\n<h1 class=\"wp-block-heading\" style=\"text-align: center;\"><img loading=\"lazy\" decoding=\"async\" class=\"alignnone size-medium wp-image-4557\" src=\"https:\/\/a-tributario.cl\/wp-content\/uploads\/2020\/12\/gasto-tributario-2-300x117.png\" alt=\"\" width=\"300\" height=\"117\" srcset=\"https:\/\/a-tributario.cl\/wp-content\/uploads\/2020\/12\/gasto-tributario-2-300x117.png 300w, https:\/\/a-tributario.cl\/wp-content\/uploads\/2020\/12\/gasto-tributario-2.png 743w\" sizes=\"(max-width: 300px) 100vw, 300px\" \/><\/h1>\n<p>&nbsp;<\/p>\n<h1 style=\"text-align: center;\">REGLAS<\/h1>\n<h1 style=\"text-align: center;\">DEL MOMENTO PARA REBAJAR<\/h1>\n<h1 style=\"text-align: center;\">GASTO TRIBUTARIO<\/h1>\n<p>&nbsp;<\/p>\n<p>&nbsp;<\/p>\n<p>\n\n\n<p><\/p>\n<p><\/p>\n\n\n<\/p>\n<h2 style=\"text-align: center;\"><strong>REGLAS COPULATIVAS <\/strong><\/h2>\n<h2 style=\"text-align: center;\"><strong>RESPECTO DEL MOMENTO PARA REBAJAR <\/strong><\/h2>\n<h2 style=\"text-align: center;\"><strong>COMO GASTO TRIBUTARIO <\/strong><\/h2>\n<h2 style=\"text-align: center;\"><strong>LAS CANTIDADES A LAS QUE SE REFIERE EL ART\u00cdCULO 59<\/strong><\/h2>\n<p>&nbsp;<\/p>\n<p>\n\n\n<p><\/p>\n<p><\/p>\n\n\n<\/p>\n<p>Al respecto, aparte de los requisitos generales del gasto que resulten aplicables seg\u00fan la naturaleza del desembolso espec\u00edfico (por ejemplo, para la deducibilidad de intereses), en el inciso en an\u00e1lisis, se establecen las siguientes reglas copulativas respecto del momento para rebajar como gasto tributario las cantidades a las que se refiere el art\u00edculo 59:<\/p>\n<p>\n\n\n<p><\/p>\n<p><\/p>\n\n\n<\/p>\n<ul>\n<li><strong>i)<\/strong> S\u00f3lo proceder\u00e1 su deducci\u00f3n como gasto en el a\u00f1o calendario o comercial en que las cantidades indicadas en el art\u00edculo 59 sean pagadas, abonadas en cuenta o puestas a disposici\u00f3n del interesado.<\/li>\n<\/ul>\n<p>&nbsp;<\/p>\n<ul>\n<li><strong>ii)<\/strong> El agente retenedor debe haber declarado y pagado en su totalidad, conforme al N\u00b0 4 del art\u00edculo 74, la retenci\u00f3n de Impuesto Adicional (IA) que grava las cantidades indicadas en el art\u00edculo 59, remesadas, pagadas o abonadas en cuenta a personas naturales o jur\u00eddicas sin domicilio ni residencia en Chile.<\/li>\n<\/ul>\n<p>\n\n\n<p><\/p>\n<p><\/p>\n\n\n<\/p>\n<p>Ahora bien, para que proceda su rebaja como gasto, se excepcionan del cumplimiento de lo se\u00f1alado en el n\u00famero (ii), las cantidades, rentas y remuneraciones contempladas en el art\u00edculo 59 que se encuentren exentas o no gravadas con el IA, ya sea por ley o por aplicaci\u00f3n de un convenio vigente para evitar la doble tributaci\u00f3n internacional suscrito por Chile.<\/p>\n<p>&nbsp;<\/p>\n<p>\n\n\n<p><\/p>\n<p><\/p>\n\n\n<\/p>\n<h3><strong>1.4. QUE SE ACREDITEN O JUSTIFIQUEN EN FORMA FEHACIENTE ANTE EL SERVICIO.<\/strong><\/h3>\n<p>&nbsp;<\/p>\n<p>\n\n\n<p><\/p>\n<p><\/p>\n\n\n<\/p>\n<p>Este requisito recoge el principio del art\u00edculo 21 del C\u00f3digo Tributario, al disponer que corresponde al contribuyente probar, con los medios de prueba que la ley establece, en cuanto sean necesarios u obligatorios para \u00e9l, la verdad de sus declaraciones y el monto de las operaciones que deban servir de base para el c\u00e1lculo del impuesto.<\/p>\n<p>\n\n\n<p><\/p>\n<p><\/p>\n\n\n<\/p>\n<p>Se debe tener presente que la acreditaci\u00f3n de un gasto implica la revisi\u00f3n de varios elementos, incluyendo el gasto y los elementos que lo rodean, los que el contribuyente puede acreditar, por regla general, con todos los medios de prueba que establece la ley. No obstante, el inciso segundo del art\u00edculo 31 dispone que los desembolsos por gastos correspondientes a servicios o bienes adquiridos en el extranjero deben acreditarse de la manera que la propia norma indica, esto es:<\/p>\n<p>\n\n\n<p><\/p>\n<p><\/p>\n\n\n<\/p>\n<ol>\n<li>a) Con los correspondientes documentos emitidos en el exterior, de conformidad a las disposiciones legales del pa\u00eds respectivo;<\/li>\n<li>b) En los documentos deben constar, a lo menos, los siguientes antecedentes: (i) Individualizaci\u00f3n y domicilio del prestador del servicio o del vendedor de los bienes adquiridos, seg\u00fan corresponda; (ii) naturaleza u objeto de la operaci\u00f3n; (iii) monto de la operaci\u00f3n, y (iv) fecha de la misma;<\/li>\n<li>c) Cuando el Servicio lo solicite, el contribuyente deber\u00e1 presentar una traducci\u00f3n<a href=\"#_ftn6\"><strong>[6]<\/strong><\/a> al castellano de tales documentos, cumpliendo con las formalidades legales que correspondan. El Servicio solicitar\u00e1 tal traducci\u00f3n, s\u00f3lo en los casos en que los medios tecnol\u00f3gicos de uso p\u00fablico no permitan al funcionario revisor efectuar adecuadamente la referida traducci\u00f3n.<\/li>\n<li>d) La inexistencia del respectivo documento de respaldo no impide autom\u00e1ticamente que el gasto pueda ser considerado tributariamente como tal, puesto que, en dicha situaci\u00f3n, la Direcci\u00f3n Regional respectiva podr\u00e1 aceptarlo, si a su juicio, dichos desembolsos son razonables y necesarios para la operaci\u00f3n o actividad del contribuyente.<\/li>\n<\/ol>\n<p>\n\n\n<p><\/p>\n<p>[\/vc_column_text][\/vc_column][vc_column width=\u00bb1\/2&#8243;][\/vc_column][\/vc_row]","protected":false},"excerpt":{"rendered":"<p>[vc_row][vc_column width=\u00bb1\/2&#8243;][\/vc_column][vc_column width=\u00bb1\/2&#8243;][\/vc_column][vc_column width=\u00bb1\/2&#8243;][vc_column_text] &nbsp; REGLAS DEL MOMENTO PARA REBAJAR GASTO TRIBUTARIO &nbsp; &nbsp; REGLAS COPULATIVAS RESPECTO DEL MOMENTO PARA REBAJAR COMO GASTO TRIBUTARIO LAS CANTIDADES A LAS QUE SE REFIERE EL ART\u00cdCULO 59 &nbsp; Al respecto, aparte de los requisitos generales del gasto que resulten aplicables seg\u00fan la naturaleza del desembolso espec\u00edfico (por ejemplo, [&hellip;]<\/p>\n","protected":false},"author":1,"featured_media":0,"parent":0,"menu_order":0,"comment_status":"closed","ping_status":"closed","template":"","meta":{"_monsterinsights_skip_tracking":false,"_monsterinsights_sitenote_active":false,"_monsterinsights_sitenote_note":"","_monsterinsights_sitenote_category":0,"footnotes":"","_joinchat":{"message_send":"CONSULTAS"}},"yoast_head":"<!-- This site is optimized with the Yoast SEO plugin v21.5 - https:\/\/yoast.com\/wordpress\/plugins\/seo\/ -->\n<title>REGLAS DEL MOMENTO PARA REBAJAR GASTO TRIBUTARIO -<\/title>\n<meta name=\"description\" content=\"SII Gasto Necesario Circular 53-2020 - Reglas Del Momento Para Rebajar Gasto Tributario - - ABOGADO TRIBUTARIO LET 950959243\" \/>\n<meta name=\"robots\" content=\"index, follow, max-snippet:-1, max-image-preview:large, max-video-preview:-1\" \/>\n<link rel=\"canonical\" href=\"https:\/\/a-tributario.cl\/index.php\/reglas-del-momento-para-rebajar-gasto-tributario\/\" \/>\n<meta property=\"og:locale\" content=\"es_ES\" \/>\n<meta property=\"og:type\" content=\"article\" \/>\n<meta property=\"og:title\" content=\"REGLAS DEL MOMENTO PARA REBAJAR GASTO TRIBUTARIO -\" \/>\n<meta property=\"og:description\" content=\"SII Gasto Necesario Circular 53-2020 - Reglas Del Momento Para Rebajar Gasto Tributario - - ABOGADO TRIBUTARIO LET 950959243\" \/>\n<meta property=\"og:url\" content=\"https:\/\/a-tributario.cl\/index.php\/reglas-del-momento-para-rebajar-gasto-tributario\/\" \/>\n<meta property=\"og:site_name\" content=\"ABOGADO TRIBUTARIO R&amp;R\" \/>\n<meta property=\"article:publisher\" content=\"https:\/\/www.facebook.com\/AbogadosTributariosIUS\/\" \/>\n<meta property=\"article:modified_time\" content=\"2021-07-03T03:23:18+00:00\" \/>\n<meta property=\"og:image\" content=\"https:\/\/a-tributario.cl\/wp-content\/uploads\/2020\/12\/gasto-tributario-2-300x117.png\" \/>\n<meta name=\"twitter:card\" content=\"summary_large_image\" \/>\n<meta name=\"twitter:site\" content=\"@ius_asesores\" \/>\n<meta name=\"twitter:label1\" content=\"Tiempo de lectura\" \/>\n\t<meta name=\"twitter:data1\" content=\"3 minutos\" \/>\n<script type=\"application\/ld+json\" class=\"yoast-schema-graph\">{\"@context\":\"https:\/\/schema.org\",\"@graph\":[{\"@type\":\"WebPage\",\"@id\":\"https:\/\/a-tributario.cl\/index.php\/reglas-del-momento-para-rebajar-gasto-tributario\/\",\"url\":\"https:\/\/a-tributario.cl\/index.php\/reglas-del-momento-para-rebajar-gasto-tributario\/\",\"name\":\"REGLAS DEL MOMENTO PARA REBAJAR GASTO TRIBUTARIO -\",\"isPartOf\":{\"@id\":\"https:\/\/a-tributario.cl\/#website\"},\"datePublished\":\"2020-12-04T00:00:40+00:00\",\"dateModified\":\"2021-07-03T03:23:18+00:00\",\"description\":\"SII Gasto Necesario Circular 53-2020 - Reglas Del Momento Para Rebajar Gasto Tributario - - ABOGADO TRIBUTARIO LET 950959243\",\"breadcrumb\":{\"@id\":\"https:\/\/a-tributario.cl\/index.php\/reglas-del-momento-para-rebajar-gasto-tributario\/#breadcrumb\"},\"inLanguage\":\"es\",\"potentialAction\":[{\"@type\":\"ReadAction\",\"target\":[\"https:\/\/a-tributario.cl\/index.php\/reglas-del-momento-para-rebajar-gasto-tributario\/\"]}]},{\"@type\":\"BreadcrumbList\",\"@id\":\"https:\/\/a-tributario.cl\/index.php\/reglas-del-momento-para-rebajar-gasto-tributario\/#breadcrumb\",\"itemListElement\":[{\"@type\":\"ListItem\",\"position\":1,\"name\":\"Portada\",\"item\":\"https:\/\/a-tributario.cl\/\"},{\"@type\":\"ListItem\",\"position\":2,\"name\":\"REGLAS DEL MOMENTO PARA REBAJAR GASTO TRIBUTARIO\"}]},{\"@type\":\"WebSite\",\"@id\":\"https:\/\/a-tributario.cl\/#website\",\"url\":\"https:\/\/a-tributario.cl\/\",\"name\":\"ABOGADO TRIBUTARIO R&amp;R\",\"description\":\"ASESOR\u00cdA TRIBUTARIA, DEFENSA LIQUIDACI\u00d3N Y GIRO SII, PRESCRIPCI\u00d3N IMPUESTOS DEFENSA COBRO TESORER\u00cdA\",\"publisher\":{\"@id\":\"https:\/\/a-tributario.cl\/#organization\"},\"potentialAction\":[{\"@type\":\"SearchAction\",\"target\":{\"@type\":\"EntryPoint\",\"urlTemplate\":\"https:\/\/a-tributario.cl\/?s={search_term_string}\"},\"query-input\":\"required name=search_term_string\"}],\"inLanguage\":\"es\"},{\"@type\":\"Organization\",\"@id\":\"https:\/\/a-tributario.cl\/#organization\",\"name\":\"Abogado Tributario Let\",\"url\":\"https:\/\/a-tributario.cl\/\",\"logo\":{\"@type\":\"ImageObject\",\"inLanguage\":\"es\",\"@id\":\"https:\/\/a-tributario.cl\/#\/schema\/logo\/image\/\",\"url\":\"https:\/\/a-tributario.cl\/wp-content\/uploads\/2019\/04\/Image-2018-e1556290954199.jpeg\",\"contentUrl\":\"https:\/\/a-tributario.cl\/wp-content\/uploads\/2019\/04\/Image-2018-e1556290954199.jpeg\",\"width\":128,\"height\":128,\"caption\":\"Abogado Tributario Let\"},\"image\":{\"@id\":\"https:\/\/a-tributario.cl\/#\/schema\/logo\/image\/\"},\"sameAs\":[\"https:\/\/www.facebook.com\/AbogadosTributariosIUS\/\",\"https:\/\/twitter.com\/ius_asesores\",\"https:\/\/www.linkedin.com\/in\/abogadotributario\/\"]}]}<\/script>\n<!-- \/ Yoast SEO plugin. -->","yoast_head_json":{"title":"REGLAS DEL MOMENTO PARA REBAJAR GASTO TRIBUTARIO -","description":"SII Gasto Necesario Circular 53-2020 - Reglas Del Momento Para Rebajar Gasto Tributario - - ABOGADO TRIBUTARIO LET 950959243","robots":{"index":"index","follow":"follow","max-snippet":"max-snippet:-1","max-image-preview":"max-image-preview:large","max-video-preview":"max-video-preview:-1"},"canonical":"https:\/\/a-tributario.cl\/index.php\/reglas-del-momento-para-rebajar-gasto-tributario\/","og_locale":"es_ES","og_type":"article","og_title":"REGLAS DEL MOMENTO PARA REBAJAR GASTO TRIBUTARIO -","og_description":"SII Gasto Necesario Circular 53-2020 - Reglas Del Momento Para Rebajar Gasto Tributario - - ABOGADO TRIBUTARIO LET 950959243","og_url":"https:\/\/a-tributario.cl\/index.php\/reglas-del-momento-para-rebajar-gasto-tributario\/","og_site_name":"ABOGADO TRIBUTARIO R&amp;R","article_publisher":"https:\/\/www.facebook.com\/AbogadosTributariosIUS\/","article_modified_time":"2021-07-03T03:23:18+00:00","og_image":[{"url":"https:\/\/a-tributario.cl\/wp-content\/uploads\/2020\/12\/gasto-tributario-2-300x117.png"}],"twitter_card":"summary_large_image","twitter_site":"@ius_asesores","twitter_misc":{"Tiempo de lectura":"3 minutos"},"schema":{"@context":"https:\/\/schema.org","@graph":[{"@type":"WebPage","@id":"https:\/\/a-tributario.cl\/index.php\/reglas-del-momento-para-rebajar-gasto-tributario\/","url":"https:\/\/a-tributario.cl\/index.php\/reglas-del-momento-para-rebajar-gasto-tributario\/","name":"REGLAS DEL MOMENTO PARA REBAJAR GASTO TRIBUTARIO -","isPartOf":{"@id":"https:\/\/a-tributario.cl\/#website"},"datePublished":"2020-12-04T00:00:40+00:00","dateModified":"2021-07-03T03:23:18+00:00","description":"SII Gasto Necesario Circular 53-2020 - Reglas Del Momento Para Rebajar Gasto Tributario - - ABOGADO TRIBUTARIO LET 950959243","breadcrumb":{"@id":"https:\/\/a-tributario.cl\/index.php\/reglas-del-momento-para-rebajar-gasto-tributario\/#breadcrumb"},"inLanguage":"es","potentialAction":[{"@type":"ReadAction","target":["https:\/\/a-tributario.cl\/index.php\/reglas-del-momento-para-rebajar-gasto-tributario\/"]}]},{"@type":"BreadcrumbList","@id":"https:\/\/a-tributario.cl\/index.php\/reglas-del-momento-para-rebajar-gasto-tributario\/#breadcrumb","itemListElement":[{"@type":"ListItem","position":1,"name":"Portada","item":"https:\/\/a-tributario.cl\/"},{"@type":"ListItem","position":2,"name":"REGLAS DEL MOMENTO PARA REBAJAR GASTO TRIBUTARIO"}]},{"@type":"WebSite","@id":"https:\/\/a-tributario.cl\/#website","url":"https:\/\/a-tributario.cl\/","name":"ABOGADO TRIBUTARIO R&amp;R","description":"ASESOR\u00cdA TRIBUTARIA, DEFENSA LIQUIDACI\u00d3N Y GIRO SII, PRESCRIPCI\u00d3N IMPUESTOS DEFENSA COBRO TESORER\u00cdA","publisher":{"@id":"https:\/\/a-tributario.cl\/#organization"},"potentialAction":[{"@type":"SearchAction","target":{"@type":"EntryPoint","urlTemplate":"https:\/\/a-tributario.cl\/?s={search_term_string}"},"query-input":"required name=search_term_string"}],"inLanguage":"es"},{"@type":"Organization","@id":"https:\/\/a-tributario.cl\/#organization","name":"Abogado Tributario Let","url":"https:\/\/a-tributario.cl\/","logo":{"@type":"ImageObject","inLanguage":"es","@id":"https:\/\/a-tributario.cl\/#\/schema\/logo\/image\/","url":"https:\/\/a-tributario.cl\/wp-content\/uploads\/2019\/04\/Image-2018-e1556290954199.jpeg","contentUrl":"https:\/\/a-tributario.cl\/wp-content\/uploads\/2019\/04\/Image-2018-e1556290954199.jpeg","width":128,"height":128,"caption":"Abogado Tributario Let"},"image":{"@id":"https:\/\/a-tributario.cl\/#\/schema\/logo\/image\/"},"sameAs":["https:\/\/www.facebook.com\/AbogadosTributariosIUS\/","https:\/\/twitter.com\/ius_asesores","https:\/\/www.linkedin.com\/in\/abogadotributario\/"]}]}},"_links":{"self":[{"href":"https:\/\/a-tributario.cl\/index.php\/wp-json\/wp\/v2\/pages\/3945"}],"collection":[{"href":"https:\/\/a-tributario.cl\/index.php\/wp-json\/wp\/v2\/pages"}],"about":[{"href":"https:\/\/a-tributario.cl\/index.php\/wp-json\/wp\/v2\/types\/page"}],"author":[{"embeddable":true,"href":"https:\/\/a-tributario.cl\/index.php\/wp-json\/wp\/v2\/users\/1"}],"replies":[{"embeddable":true,"href":"https:\/\/a-tributario.cl\/index.php\/wp-json\/wp\/v2\/comments?post=3945"}],"version-history":[{"count":11,"href":"https:\/\/a-tributario.cl\/index.php\/wp-json\/wp\/v2\/pages\/3945\/revisions"}],"predecessor-version":[{"id":5207,"href":"https:\/\/a-tributario.cl\/index.php\/wp-json\/wp\/v2\/pages\/3945\/revisions\/5207"}],"wp:attachment":[{"href":"https:\/\/a-tributario.cl\/index.php\/wp-json\/wp\/v2\/media?parent=3945"}],"curies":[{"name":"wp","href":"https:\/\/api.w.org\/{rel}","templated":true}]}}