{"id":3951,"date":"2020-12-04T03:51:39","date_gmt":"2020-12-04T03:51:39","guid":{"rendered":"https:\/\/www.a-tributario.cl\/?page_id=3951"},"modified":"2020-12-26T15:59:07","modified_gmt":"2020-12-26T15:59:07","slug":"sii-gastos-no-destinados-al-giro","status":"publish","type":"page","link":"https:\/\/a-tributario.cl\/index.php\/sii-gastos-no-destinados-al-giro\/","title":{"rendered":"SII GASTOS NO DESTINADOS AL GIRO"},"content":{"rendered":"<p>[vc_row][vc_column width=\u00bb2\/3&#8243;][vc_column_text]<\/p>\n<p><\/p>\n\n\n<\/p>\n<h1 style=\"text-align: center;\"><img loading=\"lazy\" decoding=\"async\" class=\"alignnone size-full wp-image-4593\" src=\"https:\/\/a-tributario.cl\/wp-content\/uploads\/2020\/12\/images-1.jpg\" alt=\"\" width=\"275\" height=\"183\" \/><\/h1>\n<h1>\u00a0<\/h1>\n<h1 style=\"text-align: center;\">SII GASTOS NO DESTINADOS AL GIRO<\/h1>\n<p>&nbsp;<\/p>\n<h2><strong>2.1. \u00a0\u00a0\u00a0\u00a0\u00a0\u00a0 Gastos incurridos en la adquisici\u00f3n, mantenci\u00f3n o explotaci\u00f3n de bienes no destinados al giro del negocio o empresa.<\/strong><\/h2>\n<p>&nbsp;<\/p>\n<p>\n\n\n<p><\/p>\n<p><\/p>\n\n\n<\/p>\n<p>Si bien esta parte del inciso primero del art\u00edculo 31 no fue modificada, manteni\u00e9ndose la regla que no permite deducir como gasto los desembolsos incurridos en la adquisici\u00f3n, mantenci\u00f3n o explotaci\u00f3n de bienes no destinados al giro del negocio o empresa, conforme a la nueva definici\u00f3n de gastos necesarios para producir la renta, el concepto de bienes no destinados al giro del negocio o empresa ha sido indirectamente modificado.<\/p>\n<p>\n\n\n<p><\/p>\n<p><\/p>\n\n\n<\/p>\n<p>En efecto, la definici\u00f3n de gastos necesarios para producir la renta, de la que trata el apartado 1.1 anterior, contempla aquellos efectuados en el inter\u00e9s de la empresa o para el desarrollo o mantenci\u00f3n del giro del negocio o empresa, por lo que, por ejemplo, se contemplar\u00edan los siguientes gastos:<\/p>\n<p>\n\n\n<p><\/p>\n<p><\/p>\n\n\n<\/p>\n<p>&#8211; Gastos extraordinarios o excepcionales para la adquisici\u00f3n, mantenci\u00f3n o explotaci\u00f3n de bienes no destinados al giro del negocio o la empresa que digan relaci\u00f3n con la mantenci\u00f3n de la actividad o negocio, como ocurre con aquellos efectuados en cumplimiento de obligaciones y responsabilidades que se adquieren en el desarrollo de la actividad empresarial;<\/p>\n<p>\n\n\n<p><\/p>\n<p><\/p>\n\n\n<\/p>\n<p>&#8211; Gastos para la adquisici\u00f3n, mantenci\u00f3n o explotaci\u00f3n de bienes no destinados al giro del negocio o la empresa relacionados con nuevos proyectos empresariales que interese desarrollar. Teniendo presente que, si bien en tales casos debe existir una razonable vinculaci\u00f3n entre el desembolso y la finalidad o prop\u00f3sito previsto por el contribuyente al momento de efectuar dicho desembolso, la mera frustraci\u00f3n de ese prop\u00f3sito o finalidad no torna en innecesario el gasto.<\/p>\n<p>\n\n\n<p><\/p>\n<p><\/p>\n\n\n<\/p>\n<p>De lo dicho se sigue que, por gastos no destinados al giro del negocio o empresa se deben entender aquellos que no se encuentren asociados al inter\u00e9s, desarrollo o mantenci\u00f3n del giro del negocio. Esto es, aquellos destinados a negocios ajenos o efectuados en inter\u00e9s de terceros sin que dichos gastos redunden en la mantenci\u00f3n o mejora del negocio de la empresa o el desarrollo de nuevas actividades en inter\u00e9s del negocio de la empresa.<\/p>\n<p>\n\n\n<p><\/p>\n<p><\/p>\n\n\n<\/p>\n<p>Con todo, aun cuando se trata de gastos relacionados con el giro de la empresa o negocio, la norma impide expresamente rebajar como gastos tributarios aquellos a los que se refieren los numerales 2.2. y 2.3. siguientes.<\/p>\n<p>\n\n\n<p><\/p>\n<p><\/p>\n\n\n<\/p>\n<p>El rechazo de dichos gastos aplica respecto de aquellos en que las empresas incurran por bienes que sean tanto de su propiedad como arrendados a terceros, incluyendo los bienes adquiridos o recibidos mediante el contrato de leasing.<\/p>\n<p>\n\n\n<p><\/p>\n<p><\/p>\n\n\n<\/p>\n<p>\n\n\n<p><\/p>\n<p><\/p>\n\n\n<\/p>\n<p>\n\n\n<p><\/p>\n<p>[\/vc_column_text][\/vc_column][vc_column width=\u00bb1\/3&#8243;][\/vc_column][\/vc_row]<\/p>","protected":false},"excerpt":{"rendered":"<p>[vc_row][vc_column width=\u00bb2\/3&#8243;][vc_column_text] \u00a0 SII GASTOS NO DESTINADOS AL GIRO &nbsp; 2.1. \u00a0\u00a0\u00a0\u00a0\u00a0\u00a0 Gastos incurridos en la adquisici\u00f3n, mantenci\u00f3n o explotaci\u00f3n de bienes no destinados al giro del negocio o empresa. &nbsp; Si bien esta parte del inciso primero del art\u00edculo 31 no fue modificada, manteni\u00e9ndose la regla que no permite deducir como gasto los desembolsos [&hellip;]<\/p>\n","protected":false},"author":1,"featured_media":0,"parent":0,"menu_order":0,"comment_status":"closed","ping_status":"closed","template":"","meta":{"_monsterinsights_skip_tracking":false,"_monsterinsights_sitenote_active":false,"_monsterinsights_sitenote_note":"","_monsterinsights_sitenote_category":0,"footnotes":"","_joinchat":{"message_send":"CONSULTAS"}},"yoast_head":"<!-- This site is optimized with the Yoast SEO plugin v21.5 - https:\/\/yoast.com\/wordpress\/plugins\/seo\/ -->\n<title>SII GASTOS NO DESTINADOS AL GIRO ABOGADO TRIBUTARIO LET<\/title>\n<meta name=\"description\" content=\"SII GASTO NECESARIO CIRCULAR 53-2020 - Gastos incurridos en la adquisici\u00f3n, mantenci\u00f3n o explotaci\u00f3n de bienes no destinados al giro del negocio o empresa\" \/>\n<meta name=\"robots\" content=\"index, follow, max-snippet:-1, max-image-preview:large, max-video-preview:-1\" \/>\n<link rel=\"canonical\" href=\"https:\/\/a-tributario.cl\/index.php\/sii-gastos-no-destinados-al-giro\/\" \/>\n<meta property=\"og:locale\" content=\"es_ES\" \/>\n<meta property=\"og:type\" content=\"article\" \/>\n<meta property=\"og:title\" content=\"SII GASTOS NO DESTINADOS AL GIRO ABOGADO TRIBUTARIO LET\" \/>\n<meta property=\"og:description\" content=\"SII GASTO NECESARIO CIRCULAR 53-2020 - Gastos incurridos en la adquisici\u00f3n, mantenci\u00f3n o explotaci\u00f3n de bienes no destinados al giro del negocio o empresa\" \/>\n<meta property=\"og:url\" content=\"https:\/\/a-tributario.cl\/index.php\/sii-gastos-no-destinados-al-giro\/\" \/>\n<meta property=\"og:site_name\" content=\"ABOGADO TRIBUTARIO R&amp;R\" \/>\n<meta property=\"article:publisher\" content=\"https:\/\/www.facebook.com\/AbogadosTributariosIUS\/\" \/>\n<meta property=\"article:modified_time\" content=\"2020-12-26T15:59:07+00:00\" \/>\n<meta property=\"og:image\" content=\"https:\/\/a-tributario.cl\/wp-content\/uploads\/2020\/12\/images-1.jpg\" \/>\n<meta name=\"twitter:card\" content=\"summary_large_image\" \/>\n<meta name=\"twitter:site\" content=\"@ius_asesores\" \/>\n<meta name=\"twitter:label1\" content=\"Tiempo de lectura\" \/>\n\t<meta name=\"twitter:data1\" content=\"2 minutos\" \/>\n<script type=\"application\/ld+json\" class=\"yoast-schema-graph\">{\"@context\":\"https:\/\/schema.org\",\"@graph\":[{\"@type\":\"WebPage\",\"@id\":\"https:\/\/a-tributario.cl\/index.php\/sii-gastos-no-destinados-al-giro\/\",\"url\":\"https:\/\/a-tributario.cl\/index.php\/sii-gastos-no-destinados-al-giro\/\",\"name\":\"SII GASTOS NO DESTINADOS AL GIRO ABOGADO TRIBUTARIO LET\",\"isPartOf\":{\"@id\":\"https:\/\/a-tributario.cl\/#website\"},\"datePublished\":\"2020-12-04T03:51:39+00:00\",\"dateModified\":\"2020-12-26T15:59:07+00:00\",\"description\":\"SII GASTO NECESARIO CIRCULAR 53-2020 - Gastos incurridos en la adquisici\u00f3n, mantenci\u00f3n o explotaci\u00f3n de bienes no destinados al giro del negocio o empresa\",\"breadcrumb\":{\"@id\":\"https:\/\/a-tributario.cl\/index.php\/sii-gastos-no-destinados-al-giro\/#breadcrumb\"},\"inLanguage\":\"es\",\"potentialAction\":[{\"@type\":\"ReadAction\",\"target\":[\"https:\/\/a-tributario.cl\/index.php\/sii-gastos-no-destinados-al-giro\/\"]}]},{\"@type\":\"BreadcrumbList\",\"@id\":\"https:\/\/a-tributario.cl\/index.php\/sii-gastos-no-destinados-al-giro\/#breadcrumb\",\"itemListElement\":[{\"@type\":\"ListItem\",\"position\":1,\"name\":\"Portada\",\"item\":\"https:\/\/a-tributario.cl\/\"},{\"@type\":\"ListItem\",\"position\":2,\"name\":\"SII GASTOS NO DESTINADOS AL GIRO\"}]},{\"@type\":\"WebSite\",\"@id\":\"https:\/\/a-tributario.cl\/#website\",\"url\":\"https:\/\/a-tributario.cl\/\",\"name\":\"ABOGADO TRIBUTARIO R&amp;R\",\"description\":\"ASESOR\u00cdA TRIBUTARIA, DEFENSA LIQUIDACI\u00d3N Y GIRO SII, PRESCRIPCI\u00d3N IMPUESTOS DEFENSA COBRO TESORER\u00cdA\",\"publisher\":{\"@id\":\"https:\/\/a-tributario.cl\/#organization\"},\"potentialAction\":[{\"@type\":\"SearchAction\",\"target\":{\"@type\":\"EntryPoint\",\"urlTemplate\":\"https:\/\/a-tributario.cl\/?s={search_term_string}\"},\"query-input\":\"required name=search_term_string\"}],\"inLanguage\":\"es\"},{\"@type\":\"Organization\",\"@id\":\"https:\/\/a-tributario.cl\/#organization\",\"name\":\"Abogado Tributario Let\",\"url\":\"https:\/\/a-tributario.cl\/\",\"logo\":{\"@type\":\"ImageObject\",\"inLanguage\":\"es\",\"@id\":\"https:\/\/a-tributario.cl\/#\/schema\/logo\/image\/\",\"url\":\"https:\/\/a-tributario.cl\/wp-content\/uploads\/2019\/04\/Image-2018-e1556290954199.jpeg\",\"contentUrl\":\"https:\/\/a-tributario.cl\/wp-content\/uploads\/2019\/04\/Image-2018-e1556290954199.jpeg\",\"width\":128,\"height\":128,\"caption\":\"Abogado Tributario Let\"},\"image\":{\"@id\":\"https:\/\/a-tributario.cl\/#\/schema\/logo\/image\/\"},\"sameAs\":[\"https:\/\/www.facebook.com\/AbogadosTributariosIUS\/\",\"https:\/\/twitter.com\/ius_asesores\",\"https:\/\/www.linkedin.com\/in\/abogadotributario\/\"]}]}<\/script>\n<!-- \/ Yoast SEO plugin. -->","yoast_head_json":{"title":"SII GASTOS NO DESTINADOS AL GIRO ABOGADO TRIBUTARIO LET","description":"SII GASTO NECESARIO CIRCULAR 53-2020 - Gastos incurridos en la adquisici\u00f3n, mantenci\u00f3n o explotaci\u00f3n de bienes no destinados al giro del negocio o empresa","robots":{"index":"index","follow":"follow","max-snippet":"max-snippet:-1","max-image-preview":"max-image-preview:large","max-video-preview":"max-video-preview:-1"},"canonical":"https:\/\/a-tributario.cl\/index.php\/sii-gastos-no-destinados-al-giro\/","og_locale":"es_ES","og_type":"article","og_title":"SII GASTOS NO DESTINADOS AL GIRO ABOGADO TRIBUTARIO LET","og_description":"SII GASTO NECESARIO CIRCULAR 53-2020 - Gastos incurridos en la adquisici\u00f3n, mantenci\u00f3n o explotaci\u00f3n de bienes no destinados al giro del negocio o empresa","og_url":"https:\/\/a-tributario.cl\/index.php\/sii-gastos-no-destinados-al-giro\/","og_site_name":"ABOGADO TRIBUTARIO R&amp;R","article_publisher":"https:\/\/www.facebook.com\/AbogadosTributariosIUS\/","article_modified_time":"2020-12-26T15:59:07+00:00","og_image":[{"url":"https:\/\/a-tributario.cl\/wp-content\/uploads\/2020\/12\/images-1.jpg"}],"twitter_card":"summary_large_image","twitter_site":"@ius_asesores","twitter_misc":{"Tiempo de lectura":"2 minutos"},"schema":{"@context":"https:\/\/schema.org","@graph":[{"@type":"WebPage","@id":"https:\/\/a-tributario.cl\/index.php\/sii-gastos-no-destinados-al-giro\/","url":"https:\/\/a-tributario.cl\/index.php\/sii-gastos-no-destinados-al-giro\/","name":"SII GASTOS NO DESTINADOS AL GIRO ABOGADO TRIBUTARIO LET","isPartOf":{"@id":"https:\/\/a-tributario.cl\/#website"},"datePublished":"2020-12-04T03:51:39+00:00","dateModified":"2020-12-26T15:59:07+00:00","description":"SII GASTO NECESARIO CIRCULAR 53-2020 - Gastos incurridos en la adquisici\u00f3n, mantenci\u00f3n o explotaci\u00f3n de bienes no destinados al giro del negocio o empresa","breadcrumb":{"@id":"https:\/\/a-tributario.cl\/index.php\/sii-gastos-no-destinados-al-giro\/#breadcrumb"},"inLanguage":"es","potentialAction":[{"@type":"ReadAction","target":["https:\/\/a-tributario.cl\/index.php\/sii-gastos-no-destinados-al-giro\/"]}]},{"@type":"BreadcrumbList","@id":"https:\/\/a-tributario.cl\/index.php\/sii-gastos-no-destinados-al-giro\/#breadcrumb","itemListElement":[{"@type":"ListItem","position":1,"name":"Portada","item":"https:\/\/a-tributario.cl\/"},{"@type":"ListItem","position":2,"name":"SII GASTOS NO DESTINADOS AL GIRO"}]},{"@type":"WebSite","@id":"https:\/\/a-tributario.cl\/#website","url":"https:\/\/a-tributario.cl\/","name":"ABOGADO TRIBUTARIO R&amp;R","description":"ASESOR\u00cdA TRIBUTARIA, DEFENSA LIQUIDACI\u00d3N Y GIRO SII, PRESCRIPCI\u00d3N IMPUESTOS DEFENSA COBRO TESORER\u00cdA","publisher":{"@id":"https:\/\/a-tributario.cl\/#organization"},"potentialAction":[{"@type":"SearchAction","target":{"@type":"EntryPoint","urlTemplate":"https:\/\/a-tributario.cl\/?s={search_term_string}"},"query-input":"required name=search_term_string"}],"inLanguage":"es"},{"@type":"Organization","@id":"https:\/\/a-tributario.cl\/#organization","name":"Abogado Tributario Let","url":"https:\/\/a-tributario.cl\/","logo":{"@type":"ImageObject","inLanguage":"es","@id":"https:\/\/a-tributario.cl\/#\/schema\/logo\/image\/","url":"https:\/\/a-tributario.cl\/wp-content\/uploads\/2019\/04\/Image-2018-e1556290954199.jpeg","contentUrl":"https:\/\/a-tributario.cl\/wp-content\/uploads\/2019\/04\/Image-2018-e1556290954199.jpeg","width":128,"height":128,"caption":"Abogado Tributario Let"},"image":{"@id":"https:\/\/a-tributario.cl\/#\/schema\/logo\/image\/"},"sameAs":["https:\/\/www.facebook.com\/AbogadosTributariosIUS\/","https:\/\/twitter.com\/ius_asesores","https:\/\/www.linkedin.com\/in\/abogadotributario\/"]}]}},"_links":{"self":[{"href":"https:\/\/a-tributario.cl\/index.php\/wp-json\/wp\/v2\/pages\/3951"}],"collection":[{"href":"https:\/\/a-tributario.cl\/index.php\/wp-json\/wp\/v2\/pages"}],"about":[{"href":"https:\/\/a-tributario.cl\/index.php\/wp-json\/wp\/v2\/types\/page"}],"author":[{"embeddable":true,"href":"https:\/\/a-tributario.cl\/index.php\/wp-json\/wp\/v2\/users\/1"}],"replies":[{"embeddable":true,"href":"https:\/\/a-tributario.cl\/index.php\/wp-json\/wp\/v2\/comments?post=3951"}],"version-history":[{"count":9,"href":"https:\/\/a-tributario.cl\/index.php\/wp-json\/wp\/v2\/pages\/3951\/revisions"}],"predecessor-version":[{"id":4595,"href":"https:\/\/a-tributario.cl\/index.php\/wp-json\/wp\/v2\/pages\/3951\/revisions\/4595"}],"wp:attachment":[{"href":"https:\/\/a-tributario.cl\/index.php\/wp-json\/wp\/v2\/media?parent=3951"}],"curies":[{"name":"wp","href":"https:\/\/api.w.org\/{rel}","templated":true}]}}