{"id":3962,"date":"2020-12-04T11:27:21","date_gmt":"2020-12-04T11:27:21","guid":{"rendered":"https:\/\/www.a-tributario.cl\/?page_id=3962"},"modified":"2020-12-26T01:32:46","modified_gmt":"2020-12-26T01:32:46","slug":"sii-gastos-no-del-giro-en-supermercado","status":"publish","type":"page","link":"https:\/\/a-tributario.cl\/index.php\/sii-gastos-no-del-giro-en-supermercado\/","title":{"rendered":"SII GASTOS NO DEL GIRO EN SUPERMERCADO"},"content":{"rendered":"<p>[vc_row][vc_column width=\u00bb2\/3&#8243;][vc_column_text]<\/p>\n<p><\/p>\n\n\n<\/p>\n<p>\n\n\n<p><\/p>\n<p><\/p>\n\n\n<\/p>\n<h1>SII GASTOS NO DEL GIRO EN SUPERMERCADO<\/h1>\n<h2><strong>2.4.\u00a0 \u00a0 \u00a0Gastos incurridos en supermercados y comercios similares, cuando no correspondan a bienes necesarios para el desarrollo del giro habitual del contribuyente.<\/strong><\/h2>\n<p>\n\n\n<p><\/p>\n<p><\/p>\n\n\n<\/p>\n<p>Las compras efectuadas en supermercados y comercios similares est\u00e1n sujetas al cumplimiento de los requisitos generales del inciso primero del art\u00edculo 31 para su aceptaci\u00f3n como gasto, esto es, se debe analizar caso a caso si se trata o no de un gasto necesario para producir la renta de acuerdo al inciso primero del art\u00edculo 31. En conformidad a lo anterior, la Ley elimin\u00f3 la referencia a la norma que reiteraba la regla general en materia de gasto, sin que se modifique el tratamiento tributario aplicable a tales compras.<\/p>\n<p>\n\n\n<p><\/p>\n<p><\/p>\n\n\n<\/p>\n<p>Luego, las instrucciones impartidas al respecto por este Servicio, en especial, en relaci\u00f3n a la presentaci\u00f3n de la informaci\u00f3n del monto de las compras y proveedores, dejan de tener aplicaci\u00f3n a partir de la entrada en vigencia de las modificaciones incorporadas a la LIR por la Ley; esto es, respecto de las operaciones realizadas a partir del 1\u00b0 de enero de 2020.<\/p>\n<p>\n\n\n<p><\/p>\n<p>[\/vc_column_text][\/vc_column][vc_column width=\u00bb1\/3&#8243;][\/vc_column][\/vc_row]<\/p>","protected":false},"excerpt":{"rendered":"<p>[vc_row][vc_column width=\u00bb2\/3&#8243;][vc_column_text] SII GASTOS NO DEL GIRO EN SUPERMERCADO 2.4.\u00a0 \u00a0 \u00a0Gastos incurridos en supermercados y comercios similares, cuando no correspondan a bienes necesarios para el desarrollo del giro habitual del contribuyente. Las compras efectuadas en supermercados y comercios similares est\u00e1n sujetas al cumplimiento de los requisitos generales del inciso primero del art\u00edculo 31 para [&hellip;]<\/p>\n","protected":false},"author":1,"featured_media":0,"parent":0,"menu_order":0,"comment_status":"closed","ping_status":"closed","template":"","meta":{"_monsterinsights_skip_tracking":false,"_monsterinsights_sitenote_active":false,"_monsterinsights_sitenote_note":"","_monsterinsights_sitenote_category":0,"footnotes":"","_joinchat":[]},"yoast_head":"<!-- This site is optimized with the Yoast SEO plugin v21.5 - https:\/\/yoast.com\/wordpress\/plugins\/seo\/ -->\n<title>SII GASTOS NO DEL GIRO EN SUPERMERCADO<\/title>\n<meta name=\"description\" content=\"SII GASTO NECESARIO CIRCULAR 53-2020 - SII GASTOS NO DEL GIRO EN SUPERMERCADO - ABOGADO TRIBUTARIO LET - Santiago - 950959243\" \/>\n<meta name=\"robots\" content=\"index, follow, max-snippet:-1, max-image-preview:large, max-video-preview:-1\" \/>\n<link rel=\"canonical\" href=\"https:\/\/a-tributario.cl\/index.php\/sii-gastos-no-del-giro-en-supermercado\/\" \/>\n<meta property=\"og:locale\" content=\"es_ES\" \/>\n<meta property=\"og:type\" content=\"article\" \/>\n<meta property=\"og:title\" content=\"SII GASTOS NO DEL GIRO EN SUPERMERCADO\" \/>\n<meta property=\"og:description\" content=\"SII GASTO NECESARIO CIRCULAR 53-2020 - SII GASTOS NO DEL GIRO EN SUPERMERCADO - ABOGADO TRIBUTARIO LET - Santiago - 950959243\" \/>\n<meta property=\"og:url\" content=\"https:\/\/a-tributario.cl\/index.php\/sii-gastos-no-del-giro-en-supermercado\/\" \/>\n<meta property=\"og:site_name\" content=\"ABOGADO TRIBUTARIO R&amp;R\" \/>\n<meta property=\"article:publisher\" content=\"https:\/\/www.facebook.com\/AbogadosTributariosIUS\/\" \/>\n<meta property=\"article:modified_time\" content=\"2020-12-26T01:32:46+00:00\" \/>\n<meta name=\"twitter:card\" content=\"summary_large_image\" \/>\n<meta name=\"twitter:site\" content=\"@ius_asesores\" \/>\n<meta name=\"twitter:label1\" content=\"Tiempo de lectura\" \/>\n\t<meta name=\"twitter:data1\" content=\"1 minuto\" \/>\n<script type=\"application\/ld+json\" class=\"yoast-schema-graph\">{\"@context\":\"https:\/\/schema.org\",\"@graph\":[{\"@type\":\"WebPage\",\"@id\":\"https:\/\/a-tributario.cl\/index.php\/sii-gastos-no-del-giro-en-supermercado\/\",\"url\":\"https:\/\/a-tributario.cl\/index.php\/sii-gastos-no-del-giro-en-supermercado\/\",\"name\":\"SII GASTOS NO DEL GIRO EN SUPERMERCADO\",\"isPartOf\":{\"@id\":\"https:\/\/a-tributario.cl\/#website\"},\"datePublished\":\"2020-12-04T11:27:21+00:00\",\"dateModified\":\"2020-12-26T01:32:46+00:00\",\"description\":\"SII GASTO NECESARIO CIRCULAR 53-2020 - SII GASTOS NO DEL GIRO EN SUPERMERCADO - ABOGADO TRIBUTARIO LET - Santiago - 950959243\",\"breadcrumb\":{\"@id\":\"https:\/\/a-tributario.cl\/index.php\/sii-gastos-no-del-giro-en-supermercado\/#breadcrumb\"},\"inLanguage\":\"es\",\"potentialAction\":[{\"@type\":\"ReadAction\",\"target\":[\"https:\/\/a-tributario.cl\/index.php\/sii-gastos-no-del-giro-en-supermercado\/\"]}]},{\"@type\":\"BreadcrumbList\",\"@id\":\"https:\/\/a-tributario.cl\/index.php\/sii-gastos-no-del-giro-en-supermercado\/#breadcrumb\",\"itemListElement\":[{\"@type\":\"ListItem\",\"position\":1,\"name\":\"Portada\",\"item\":\"https:\/\/a-tributario.cl\/\"},{\"@type\":\"ListItem\",\"position\":2,\"name\":\"SII GASTOS NO DEL GIRO EN SUPERMERCADO\"}]},{\"@type\":\"WebSite\",\"@id\":\"https:\/\/a-tributario.cl\/#website\",\"url\":\"https:\/\/a-tributario.cl\/\",\"name\":\"ABOGADO TRIBUTARIO R&amp;R\",\"description\":\"ASESOR\u00cdA TRIBUTARIA, DEFENSA LIQUIDACI\u00d3N Y GIRO SII, PRESCRIPCI\u00d3N IMPUESTOS DEFENSA COBRO TESORER\u00cdA\",\"publisher\":{\"@id\":\"https:\/\/a-tributario.cl\/#organization\"},\"potentialAction\":[{\"@type\":\"SearchAction\",\"target\":{\"@type\":\"EntryPoint\",\"urlTemplate\":\"https:\/\/a-tributario.cl\/?s={search_term_string}\"},\"query-input\":\"required name=search_term_string\"}],\"inLanguage\":\"es\"},{\"@type\":\"Organization\",\"@id\":\"https:\/\/a-tributario.cl\/#organization\",\"name\":\"Abogado Tributario Let\",\"url\":\"https:\/\/a-tributario.cl\/\",\"logo\":{\"@type\":\"ImageObject\",\"inLanguage\":\"es\",\"@id\":\"https:\/\/a-tributario.cl\/#\/schema\/logo\/image\/\",\"url\":\"https:\/\/a-tributario.cl\/wp-content\/uploads\/2019\/04\/Image-2018-e1556290954199.jpeg\",\"contentUrl\":\"https:\/\/a-tributario.cl\/wp-content\/uploads\/2019\/04\/Image-2018-e1556290954199.jpeg\",\"width\":128,\"height\":128,\"caption\":\"Abogado Tributario Let\"},\"image\":{\"@id\":\"https:\/\/a-tributario.cl\/#\/schema\/logo\/image\/\"},\"sameAs\":[\"https:\/\/www.facebook.com\/AbogadosTributariosIUS\/\",\"https:\/\/twitter.com\/ius_asesores\",\"https:\/\/www.linkedin.com\/in\/abogadotributario\/\"]}]}<\/script>\n<!-- \/ Yoast SEO plugin. -->","yoast_head_json":{"title":"SII GASTOS NO DEL GIRO EN SUPERMERCADO","description":"SII GASTO NECESARIO CIRCULAR 53-2020 - SII GASTOS NO DEL GIRO EN SUPERMERCADO - ABOGADO TRIBUTARIO LET - Santiago - 950959243","robots":{"index":"index","follow":"follow","max-snippet":"max-snippet:-1","max-image-preview":"max-image-preview:large","max-video-preview":"max-video-preview:-1"},"canonical":"https:\/\/a-tributario.cl\/index.php\/sii-gastos-no-del-giro-en-supermercado\/","og_locale":"es_ES","og_type":"article","og_title":"SII GASTOS NO DEL GIRO EN SUPERMERCADO","og_description":"SII GASTO NECESARIO CIRCULAR 53-2020 - SII GASTOS NO DEL GIRO EN SUPERMERCADO - ABOGADO TRIBUTARIO LET - Santiago - 950959243","og_url":"https:\/\/a-tributario.cl\/index.php\/sii-gastos-no-del-giro-en-supermercado\/","og_site_name":"ABOGADO TRIBUTARIO R&amp;R","article_publisher":"https:\/\/www.facebook.com\/AbogadosTributariosIUS\/","article_modified_time":"2020-12-26T01:32:46+00:00","twitter_card":"summary_large_image","twitter_site":"@ius_asesores","twitter_misc":{"Tiempo de lectura":"1 minuto"},"schema":{"@context":"https:\/\/schema.org","@graph":[{"@type":"WebPage","@id":"https:\/\/a-tributario.cl\/index.php\/sii-gastos-no-del-giro-en-supermercado\/","url":"https:\/\/a-tributario.cl\/index.php\/sii-gastos-no-del-giro-en-supermercado\/","name":"SII GASTOS NO DEL GIRO EN SUPERMERCADO","isPartOf":{"@id":"https:\/\/a-tributario.cl\/#website"},"datePublished":"2020-12-04T11:27:21+00:00","dateModified":"2020-12-26T01:32:46+00:00","description":"SII GASTO NECESARIO CIRCULAR 53-2020 - SII GASTOS NO DEL GIRO EN SUPERMERCADO - ABOGADO TRIBUTARIO LET - Santiago - 950959243","breadcrumb":{"@id":"https:\/\/a-tributario.cl\/index.php\/sii-gastos-no-del-giro-en-supermercado\/#breadcrumb"},"inLanguage":"es","potentialAction":[{"@type":"ReadAction","target":["https:\/\/a-tributario.cl\/index.php\/sii-gastos-no-del-giro-en-supermercado\/"]}]},{"@type":"BreadcrumbList","@id":"https:\/\/a-tributario.cl\/index.php\/sii-gastos-no-del-giro-en-supermercado\/#breadcrumb","itemListElement":[{"@type":"ListItem","position":1,"name":"Portada","item":"https:\/\/a-tributario.cl\/"},{"@type":"ListItem","position":2,"name":"SII GASTOS NO DEL GIRO EN SUPERMERCADO"}]},{"@type":"WebSite","@id":"https:\/\/a-tributario.cl\/#website","url":"https:\/\/a-tributario.cl\/","name":"ABOGADO TRIBUTARIO R&amp;R","description":"ASESOR\u00cdA TRIBUTARIA, DEFENSA LIQUIDACI\u00d3N Y GIRO SII, PRESCRIPCI\u00d3N IMPUESTOS DEFENSA COBRO TESORER\u00cdA","publisher":{"@id":"https:\/\/a-tributario.cl\/#organization"},"potentialAction":[{"@type":"SearchAction","target":{"@type":"EntryPoint","urlTemplate":"https:\/\/a-tributario.cl\/?s={search_term_string}"},"query-input":"required name=search_term_string"}],"inLanguage":"es"},{"@type":"Organization","@id":"https:\/\/a-tributario.cl\/#organization","name":"Abogado Tributario Let","url":"https:\/\/a-tributario.cl\/","logo":{"@type":"ImageObject","inLanguage":"es","@id":"https:\/\/a-tributario.cl\/#\/schema\/logo\/image\/","url":"https:\/\/a-tributario.cl\/wp-content\/uploads\/2019\/04\/Image-2018-e1556290954199.jpeg","contentUrl":"https:\/\/a-tributario.cl\/wp-content\/uploads\/2019\/04\/Image-2018-e1556290954199.jpeg","width":128,"height":128,"caption":"Abogado Tributario Let"},"image":{"@id":"https:\/\/a-tributario.cl\/#\/schema\/logo\/image\/"},"sameAs":["https:\/\/www.facebook.com\/AbogadosTributariosIUS\/","https:\/\/twitter.com\/ius_asesores","https:\/\/www.linkedin.com\/in\/abogadotributario\/"]}]}},"_links":{"self":[{"href":"https:\/\/a-tributario.cl\/index.php\/wp-json\/wp\/v2\/pages\/3962"}],"collection":[{"href":"https:\/\/a-tributario.cl\/index.php\/wp-json\/wp\/v2\/pages"}],"about":[{"href":"https:\/\/a-tributario.cl\/index.php\/wp-json\/wp\/v2\/types\/page"}],"author":[{"embeddable":true,"href":"https:\/\/a-tributario.cl\/index.php\/wp-json\/wp\/v2\/users\/1"}],"replies":[{"embeddable":true,"href":"https:\/\/a-tributario.cl\/index.php\/wp-json\/wp\/v2\/comments?post=3962"}],"version-history":[{"count":6,"href":"https:\/\/a-tributario.cl\/index.php\/wp-json\/wp\/v2\/pages\/3962\/revisions"}],"predecessor-version":[{"id":4525,"href":"https:\/\/a-tributario.cl\/index.php\/wp-json\/wp\/v2\/pages\/3962\/revisions\/4525"}],"wp:attachment":[{"href":"https:\/\/a-tributario.cl\/index.php\/wp-json\/wp\/v2\/media?parent=3962"}],"curies":[{"name":"wp","href":"https:\/\/api.w.org\/{rel}","templated":true}]}}