{"id":4025,"date":"2020-12-06T11:39:23","date_gmt":"2020-12-06T11:39:23","guid":{"rendered":"https:\/\/www.a-tributario.cl\/?page_id=4025"},"modified":"2021-07-14T01:35:49","modified_gmt":"2021-07-14T01:35:49","slug":"factura-ideologicamente-falsa","status":"publish","type":"page","link":"https:\/\/a-tributario.cl\/index.php\/factura-ideologicamente-falsa\/","title":{"rendered":"FACTURA IDEOLOGICAMENTE FALSA"},"content":{"rendered":"[vc_row][vc_column width=\u00bb1\/2&#8243;][vc_column_text][vc_row][vc_column width=\u00bb1\/1&#8243;][vc_column_text]<\/p>\n<p><\/p>\n\n\n<\/p>\n<p>\n\n\n<p><\/p>\n<p><\/p>\n\n\n<\/p>\n<p>\n\n\n<p><\/p>\n<p><\/p>\n\n\n<\/p>\n<p style=\"text-align: justify;\"><strong>LAS FACTURAS IDEOL\u00d3GICAMENTE FALSAS, SON SANCIONADAS PENALMENTE CON\u00a0PRESIDIO MENOR EN SU GRADO M\u00c1XIMO A PRESIDIO MAYOR EN SU GRADO M\u00cdNIMO Y MULTAS, LO QUE IMPLICA DE 3 A\u00d1OS Y 1 D\u00cdA A 10 A\u00d1OS DE RECLUSI\u00d3N. &#8211;<\/strong><\/p>\n<p style=\"text-align: justify;\"><strong>SOLO CON UNA ASESOR\u00cdA Y DEFENSA ADECUADA ( DESDE LA FISCALIZACI\u00d3N), EL CONTRIBUYENTE PODR\u00c1 EVITAR GRAVES CONSECUENCIAS, DEFENSA RAV, RECLAMACI\u00d3N ANTE EL TTA O RAF<\/strong><\/p>\n<h3 class=\"wp-block-heading\" style=\"text-align: center;\"><strong>FISCALIZACI\u00d3N,\u00a0 CITACI\u00d3N,\u00a0 LIQUIDACI\u00d3N\u00a0 <\/strong><\/h3>\n<h3 style=\"text-align: center;\"><strong>o\u00a0\u00a0<\/strong><strong>GIRO\u00a0 DE\u00a0 SII\u00a0 por\u00a0 FACTURA\u00a0 <\/strong><\/h3>\n<h3 style=\"text-align: center;\"><strong>IDEOL\u00d3GICAMENTE\u00a0<\/strong><strong>\u00a0 FALSA<\/strong><\/h3>\n<p>&nbsp;<\/p>\n<p>\n\n\n<p><\/p>\n<p><\/p>\n\n\n<\/p>\n<p>1.- AUN CUANDO A PARTIR DE LA REFORMA TRIBUTARIA DE LA LEY 21.210, NO ES APLICABLE LA\u00a0EXCLUSI\u00d3N\u00a0PROBATORIA, ES SIEMPRE PREFERIBLE ACOMPA\u00d1AR TODA LA DOCUMENTACI\u00d3N SOLICITADA POR EL SII<\/p>\n<p>\n\n\n<p><\/p>\n<p><\/p>\n\n\n<\/p>\n<p>&nbsp;<\/p>\n<p>\n\n\n<p><\/p>\n<p><\/p>\n\n\n<\/p>\n<p><strong>2. TENER SIEMPRE PRESENTE, QUE POSTERIOR A UNA FISCALIZACI\u00d3N, POR LA PRESUNCI\u00d3N POR PARTE DEL SII DE LA EXISTENCIA DE FACTURAS IDEOL\u00d3GICAMENTE FALSAS, EL REALIZAR UNA RECTIFICATORIA DE LOS FORMULARIOS 29 CORRESPONDIENTES, EXCLUYENDO DICHAS FACTURAS, TIENE VARIAS IMPLICANCIAS:<\/strong><\/p>\n<p>\n\n\n<p><\/p>\n<p><\/p>\n\n\n<\/p>\n<p><strong>A) QUE ESTO PASA DE INMEDIATO A GIRO Y EN CONSECUENCIA A TESORER\u00cdA\u00a0PARA SU COBRANZA<\/strong><\/p>\n<p>\n\n\n<p><\/p>\n<p><\/p>\n\n\n<\/p>\n<p><strong>B) QUE LOS MONTOS DE LAS FACTURAS PASAN A CONSIDERARSE GASTO RECHAZADO, Y EN CONSECUENCIA AUN NUEVO GIRO DEL SII, POR RENTA, DE UN MONTO TAN ALTO COMO EL DE IVA<\/strong><\/p>\n<p>\n\n\n<p><\/p>\n<p><\/p>\n\n\n<\/p>\n<p><strong>C) LA TERCERA QUE DADO EL RECONOCIMIENTO QUE SE HACE AL REALIZAR LA RECTIFICATORIA, IMPLICA LA IMPOSIBILIDAD DE EJERCER UNA DEFENSA, TANTO ANTE EL MISMO SERVICIO SEA VIA RAV O RAF, Y MAS AUN DE UNA RECLAMACI\u00d3N ANTE EL TTA<\/strong><\/p>\n<p>\n\n\n<p><\/p>\n<p><\/p>\n\n\n<\/p>\n<p><strong>D) LA OPCI\u00d3N DE QUE SII INICIE DE INMEDIATO, O DENTRO DEL PLAZO DE PRESCRIPCI\u00d3N, LA QUERELLA POR DELITO TRIBUTARIO.<\/strong><\/p>\n<p>\n\n\n<p><\/p>\n<p><\/p>\n\n\n<\/p>\n<p>EN ESTE PUNTO SE DEBE TENER PRESENTE QUE EL HECHO DE REALIZAR UNA RECTIFICATORIA E INCLUSO PROCEDER A SU PAGO INMEDIATO, NO GARANTIZA EN NING\u00daN CASO QUE EL SII NO SE QUERELLE POR DELITO TRIBUTARIO \u2013 SINO TODO LO CONTRARIO,\u00a0 SON MUCHOS\u00a0 LOS CASO QUE NOS HA TOCADO DEFENDER, EN QUE SE HA PRODUCIDO ESTA SITUACI\u00d3N<\/p>\n<p>\n\n\n<p><\/p>\n<p><\/p>\n\n\n<\/p>\n<p>VER<\/p>\n<p>\n\n\n<p><\/p>\n<p><\/p>\n\n\n<\/p>\n<h3 class=\"wp-block-heading\"><a href=\"https:\/\/www.a-tributario.cl\/index.php\/delito-tributario-facturas-ideologicamente-falsas\/\" target=\"_blank\" rel=\"noreferrer noopener\"><strong>DELITO TRIBUTARIO<\/strong><\/a><\/h3>\n<h1 style=\"text-align: center;\">FACTURAS IDEOLOGICAMENTE<\/h1>\n<h1 style=\"text-align: center;\">FALSAS<\/h1>\n<p>&nbsp;<\/p>\n<p><iframe loading=\"lazy\" title=\"FACTURAS  FALSA 2\" width=\"500\" height=\"281\" src=\"https:\/\/www.youtube.com\/embed\/jFpgQJoC7cs?feature=oembed\" frameborder=\"0\" allow=\"accelerometer; autoplay; clipboard-write; encrypted-media; gyroscope; picture-in-picture\" allowfullscreen><\/iframe><\/p>\n<p>\n\n\n<p><\/p>\n<p><\/p>\n\n\n<\/p>\n<pre class=\"wp-block-code\"><code><\/code><\/pre>\n<pre class=\"wp-block-code\"><code>https:\/\/a-tributario.cl\/index.php\/contacto\/<br \/><\/code><\/pre>\n<p>&lt;a href=\u00bbhttps:\/\/www.grippo.com\/post\/976725.html\u00bb&gt;ABOGADO DEFENSA FISCALIZACI\u00d3N LIQUIDACI\u00d3N QUERELLA FACTURA FALSA &lt;\/a&gt;<\/p>\n<pre class=\"wp-block-code\"><code><\/code><\/pre>\n<p>\n\n\n<p>\u00a0<\/p>\n<p><blockquote class=\"wp-embedded-content\" data-secret=\"IyDvYcLy7N\"><a href=\"https:\/\/a-tributario.cl\/index.php\/contacto\/\">CONTACTO<\/a><\/blockquote><iframe class=\"wp-embedded-content\" sandbox=\"allow-scripts\" security=\"restricted\" style=\"position: absolute; clip: rect(1px, 1px, 1px, 1px);\" title=\"&#8220;CONTACTO&#8221; &#8212; ABOGADO TRIBUTARIO LET 950959243\" src=\"https:\/\/a-tributario.cl\/index.php\/contacto\/embed\/#?secret=IyDvYcLy7N\" data-secret=\"IyDvYcLy7N\" width=\"500\" height=\"282\" frameborder=\"0\" marginwidth=\"0\" marginheight=\"0\" scrolling=\"no\"><\/iframe><\/p>[\/vc_column_text][\/vc_column][\/vc_row]","protected":false},"excerpt":{"rendered":"<p>[vc_row][vc_column width=\u00bb1\/2&#8243;][vc_column_text][vc_row][vc_column width=\u00bb1\/1&#8243;][vc_column_text] LAS FACTURAS IDEOL\u00d3GICAMENTE FALSAS, SON SANCIONADAS PENALMENTE CON\u00a0PRESIDIO MENOR EN SU GRADO M\u00c1XIMO A PRESIDIO MAYOR EN SU GRADO M\u00cdNIMO Y MULTAS, LO QUE IMPLICA DE 3 A\u00d1OS Y 1 D\u00cdA A 10 A\u00d1OS DE RECLUSI\u00d3N. &#8211; SOLO CON UNA ASESOR\u00cdA Y DEFENSA ADECUADA ( DESDE LA FISCALIZACI\u00d3N), EL CONTRIBUYENTE PODR\u00c1 EVITAR [&hellip;]<\/p>\n","protected":false},"author":1,"featured_media":0,"parent":0,"menu_order":0,"comment_status":"closed","ping_status":"closed","template":"","meta":{"_monsterinsights_skip_tracking":false,"_monsterinsights_sitenote_active":false,"_monsterinsights_sitenote_note":"","_monsterinsights_sitenote_category":0,"footnotes":"","_joinchat":[]},"yoast_head":"<!-- This site is optimized with the Yoast SEO plugin v21.5 - https:\/\/yoast.com\/wordpress\/plugins\/seo\/ -->\n<title>FACTURA IDEOLOGICAMENTE FALSA - ABOGADO TRIBUTARIO R&amp;R<\/title>\n<meta name=\"description\" content=\"LAS FACTURAS IDEOL\u00d3GICAMENTE FALSAS, SON SANCIONADAS PENALMENTE CON PENAS QUE VAN DE 3 A\u00d1OS Y 1 D\u00cdA A 10 A\u00d1OS DE RECLUSI\u00d3N. \u2013\" \/>\n<meta name=\"robots\" content=\"index, follow, max-snippet:-1, max-image-preview:large, max-video-preview:-1\" \/>\n<link rel=\"canonical\" href=\"https:\/\/a-tributario.cl\/index.php\/factura-ideologicamente-falsa\/\" \/>\n<meta property=\"og:locale\" content=\"es_ES\" \/>\n<meta property=\"og:type\" content=\"article\" \/>\n<meta property=\"og:title\" content=\"FACTURA IDEOLOGICAMENTE FALSA - ABOGADO TRIBUTARIO R&amp;R\" \/>\n<meta property=\"og:description\" content=\"LAS FACTURAS IDEOL\u00d3GICAMENTE FALSAS, SON SANCIONADAS PENALMENTE CON PENAS QUE VAN DE 3 A\u00d1OS Y 1 D\u00cdA A 10 A\u00d1OS DE RECLUSI\u00d3N. \u2013\" \/>\n<meta property=\"og:url\" content=\"https:\/\/a-tributario.cl\/index.php\/factura-ideologicamente-falsa\/\" \/>\n<meta property=\"og:site_name\" content=\"ABOGADO TRIBUTARIO R&amp;R\" \/>\n<meta property=\"article:publisher\" content=\"https:\/\/www.facebook.com\/AbogadosTributariosIUS\/\" \/>\n<meta property=\"article:modified_time\" content=\"2021-07-14T01:35:49+00:00\" \/>\n<meta name=\"twitter:card\" content=\"summary_large_image\" \/>\n<meta name=\"twitter:site\" content=\"@ius_asesores\" \/>\n<meta name=\"twitter:label1\" content=\"Tiempo de lectura\" \/>\n\t<meta name=\"twitter:data1\" content=\"2 minutos\" \/>\n<script type=\"application\/ld+json\" class=\"yoast-schema-graph\">{\"@context\":\"https:\/\/schema.org\",\"@graph\":[{\"@type\":\"WebPage\",\"@id\":\"https:\/\/a-tributario.cl\/index.php\/factura-ideologicamente-falsa\/\",\"url\":\"https:\/\/a-tributario.cl\/index.php\/factura-ideologicamente-falsa\/\",\"name\":\"FACTURA IDEOLOGICAMENTE FALSA - ABOGADO TRIBUTARIO R&amp;R\",\"isPartOf\":{\"@id\":\"https:\/\/a-tributario.cl\/#website\"},\"datePublished\":\"2020-12-06T11:39:23+00:00\",\"dateModified\":\"2021-07-14T01:35:49+00:00\",\"description\":\"LAS FACTURAS IDEOL\u00d3GICAMENTE FALSAS, SON SANCIONADAS PENALMENTE CON PENAS QUE VAN DE 3 A\u00d1OS Y 1 D\u00cdA A 10 A\u00d1OS DE RECLUSI\u00d3N. \u2013\",\"breadcrumb\":{\"@id\":\"https:\/\/a-tributario.cl\/index.php\/factura-ideologicamente-falsa\/#breadcrumb\"},\"inLanguage\":\"es\",\"potentialAction\":[{\"@type\":\"ReadAction\",\"target\":[\"https:\/\/a-tributario.cl\/index.php\/factura-ideologicamente-falsa\/\"]}]},{\"@type\":\"BreadcrumbList\",\"@id\":\"https:\/\/a-tributario.cl\/index.php\/factura-ideologicamente-falsa\/#breadcrumb\",\"itemListElement\":[{\"@type\":\"ListItem\",\"position\":1,\"name\":\"Portada\",\"item\":\"https:\/\/a-tributario.cl\/\"},{\"@type\":\"ListItem\",\"position\":2,\"name\":\"FACTURA IDEOLOGICAMENTE FALSA\"}]},{\"@type\":\"WebSite\",\"@id\":\"https:\/\/a-tributario.cl\/#website\",\"url\":\"https:\/\/a-tributario.cl\/\",\"name\":\"ABOGADO TRIBUTARIO R&amp;R\",\"description\":\"ASESOR\u00cdA TRIBUTARIA, DEFENSA LIQUIDACI\u00d3N Y GIRO SII, PRESCRIPCI\u00d3N IMPUESTOS DEFENSA COBRO TESORER\u00cdA\",\"publisher\":{\"@id\":\"https:\/\/a-tributario.cl\/#organization\"},\"potentialAction\":[{\"@type\":\"SearchAction\",\"target\":{\"@type\":\"EntryPoint\",\"urlTemplate\":\"https:\/\/a-tributario.cl\/?s={search_term_string}\"},\"query-input\":\"required name=search_term_string\"}],\"inLanguage\":\"es\"},{\"@type\":\"Organization\",\"@id\":\"https:\/\/a-tributario.cl\/#organization\",\"name\":\"Abogado Tributario Let\",\"url\":\"https:\/\/a-tributario.cl\/\",\"logo\":{\"@type\":\"ImageObject\",\"inLanguage\":\"es\",\"@id\":\"https:\/\/a-tributario.cl\/#\/schema\/logo\/image\/\",\"url\":\"https:\/\/a-tributario.cl\/wp-content\/uploads\/2019\/04\/Image-2018-e1556290954199.jpeg\",\"contentUrl\":\"https:\/\/a-tributario.cl\/wp-content\/uploads\/2019\/04\/Image-2018-e1556290954199.jpeg\",\"width\":128,\"height\":128,\"caption\":\"Abogado Tributario Let\"},\"image\":{\"@id\":\"https:\/\/a-tributario.cl\/#\/schema\/logo\/image\/\"},\"sameAs\":[\"https:\/\/www.facebook.com\/AbogadosTributariosIUS\/\",\"https:\/\/twitter.com\/ius_asesores\",\"https:\/\/www.linkedin.com\/in\/abogadotributario\/\"]}]}<\/script>\n<!-- \/ Yoast SEO plugin. -->","yoast_head_json":{"title":"FACTURA IDEOLOGICAMENTE FALSA - ABOGADO TRIBUTARIO R&amp;R","description":"LAS FACTURAS IDEOL\u00d3GICAMENTE FALSAS, SON SANCIONADAS PENALMENTE CON PENAS QUE VAN DE 3 A\u00d1OS Y 1 D\u00cdA A 10 A\u00d1OS DE RECLUSI\u00d3N. \u2013","robots":{"index":"index","follow":"follow","max-snippet":"max-snippet:-1","max-image-preview":"max-image-preview:large","max-video-preview":"max-video-preview:-1"},"canonical":"https:\/\/a-tributario.cl\/index.php\/factura-ideologicamente-falsa\/","og_locale":"es_ES","og_type":"article","og_title":"FACTURA IDEOLOGICAMENTE FALSA - ABOGADO TRIBUTARIO R&amp;R","og_description":"LAS FACTURAS IDEOL\u00d3GICAMENTE FALSAS, SON SANCIONADAS PENALMENTE CON PENAS QUE VAN DE 3 A\u00d1OS Y 1 D\u00cdA A 10 A\u00d1OS DE RECLUSI\u00d3N. \u2013","og_url":"https:\/\/a-tributario.cl\/index.php\/factura-ideologicamente-falsa\/","og_site_name":"ABOGADO TRIBUTARIO R&amp;R","article_publisher":"https:\/\/www.facebook.com\/AbogadosTributariosIUS\/","article_modified_time":"2021-07-14T01:35:49+00:00","twitter_card":"summary_large_image","twitter_site":"@ius_asesores","twitter_misc":{"Tiempo de lectura":"2 minutos"},"schema":{"@context":"https:\/\/schema.org","@graph":[{"@type":"WebPage","@id":"https:\/\/a-tributario.cl\/index.php\/factura-ideologicamente-falsa\/","url":"https:\/\/a-tributario.cl\/index.php\/factura-ideologicamente-falsa\/","name":"FACTURA IDEOLOGICAMENTE FALSA - ABOGADO TRIBUTARIO R&amp;R","isPartOf":{"@id":"https:\/\/a-tributario.cl\/#website"},"datePublished":"2020-12-06T11:39:23+00:00","dateModified":"2021-07-14T01:35:49+00:00","description":"LAS FACTURAS IDEOL\u00d3GICAMENTE FALSAS, SON SANCIONADAS PENALMENTE CON PENAS QUE VAN DE 3 A\u00d1OS Y 1 D\u00cdA A 10 A\u00d1OS DE RECLUSI\u00d3N. \u2013","breadcrumb":{"@id":"https:\/\/a-tributario.cl\/index.php\/factura-ideologicamente-falsa\/#breadcrumb"},"inLanguage":"es","potentialAction":[{"@type":"ReadAction","target":["https:\/\/a-tributario.cl\/index.php\/factura-ideologicamente-falsa\/"]}]},{"@type":"BreadcrumbList","@id":"https:\/\/a-tributario.cl\/index.php\/factura-ideologicamente-falsa\/#breadcrumb","itemListElement":[{"@type":"ListItem","position":1,"name":"Portada","item":"https:\/\/a-tributario.cl\/"},{"@type":"ListItem","position":2,"name":"FACTURA IDEOLOGICAMENTE FALSA"}]},{"@type":"WebSite","@id":"https:\/\/a-tributario.cl\/#website","url":"https:\/\/a-tributario.cl\/","name":"ABOGADO TRIBUTARIO R&amp;R","description":"ASESOR\u00cdA TRIBUTARIA, DEFENSA LIQUIDACI\u00d3N Y GIRO SII, PRESCRIPCI\u00d3N IMPUESTOS DEFENSA COBRO TESORER\u00cdA","publisher":{"@id":"https:\/\/a-tributario.cl\/#organization"},"potentialAction":[{"@type":"SearchAction","target":{"@type":"EntryPoint","urlTemplate":"https:\/\/a-tributario.cl\/?s={search_term_string}"},"query-input":"required name=search_term_string"}],"inLanguage":"es"},{"@type":"Organization","@id":"https:\/\/a-tributario.cl\/#organization","name":"Abogado Tributario Let","url":"https:\/\/a-tributario.cl\/","logo":{"@type":"ImageObject","inLanguage":"es","@id":"https:\/\/a-tributario.cl\/#\/schema\/logo\/image\/","url":"https:\/\/a-tributario.cl\/wp-content\/uploads\/2019\/04\/Image-2018-e1556290954199.jpeg","contentUrl":"https:\/\/a-tributario.cl\/wp-content\/uploads\/2019\/04\/Image-2018-e1556290954199.jpeg","width":128,"height":128,"caption":"Abogado Tributario Let"},"image":{"@id":"https:\/\/a-tributario.cl\/#\/schema\/logo\/image\/"},"sameAs":["https:\/\/www.facebook.com\/AbogadosTributariosIUS\/","https:\/\/twitter.com\/ius_asesores","https:\/\/www.linkedin.com\/in\/abogadotributario\/"]}]}},"_links":{"self":[{"href":"https:\/\/a-tributario.cl\/index.php\/wp-json\/wp\/v2\/pages\/4025"}],"collection":[{"href":"https:\/\/a-tributario.cl\/index.php\/wp-json\/wp\/v2\/pages"}],"about":[{"href":"https:\/\/a-tributario.cl\/index.php\/wp-json\/wp\/v2\/types\/page"}],"author":[{"embeddable":true,"href":"https:\/\/a-tributario.cl\/index.php\/wp-json\/wp\/v2\/users\/1"}],"replies":[{"embeddable":true,"href":"https:\/\/a-tributario.cl\/index.php\/wp-json\/wp\/v2\/comments?post=4025"}],"version-history":[{"count":19,"href":"https:\/\/a-tributario.cl\/index.php\/wp-json\/wp\/v2\/pages\/4025\/revisions"}],"predecessor-version":[{"id":5331,"href":"https:\/\/a-tributario.cl\/index.php\/wp-json\/wp\/v2\/pages\/4025\/revisions\/5331"}],"wp:attachment":[{"href":"https:\/\/a-tributario.cl\/index.php\/wp-json\/wp\/v2\/media?parent=4025"}],"curies":[{"name":"wp","href":"https:\/\/api.w.org\/{rel}","templated":true}]}}