{"id":4033,"date":"2020-12-07T01:58:26","date_gmt":"2020-12-07T01:58:26","guid":{"rendered":"https:\/\/www.a-tributario.cl\/?page_id=4033"},"modified":"2021-03-01T01:37:22","modified_gmt":"2021-03-01T01:37:22","slug":"gasto-rechazado-aceptado-circular-53-2020-sii","status":"publish","type":"page","link":"https:\/\/a-tributario.cl\/index.php\/gasto-rechazado-aceptado-circular-53-2020-sii\/","title":{"rendered":"GASTO RECHAZADO ACEPTADO  Circular 53 2020 SII"},"content":{"rendered":"<p>[vc_row][vc_column width=\u00bb2\/3&#8243;][vc_column_text]<\/p>\n<h1><img loading=\"lazy\" decoding=\"async\" class=\"alignnone size-medium wp-image-4588 aligncenter\" src=\"https:\/\/a-tributario.cl\/wp-content\/uploads\/2020\/12\/arton56684-300x169.jpg\" alt=\"\" width=\"300\" height=\"169\" srcset=\"https:\/\/a-tributario.cl\/wp-content\/uploads\/2020\/12\/arton56684-300x169.jpg 300w, https:\/\/a-tributario.cl\/wp-content\/uploads\/2020\/12\/arton56684-768x432.jpg 768w, https:\/\/a-tributario.cl\/wp-content\/uploads\/2020\/12\/arton56684.jpg 800w\" sizes=\"(max-width: 300px) 100vw, 300px\" \/><\/h1>\n<h1 style=\"text-align: center;\">GASTO RECHAZADO ACEPTADO<\/h1>\n<h1 style=\"text-align: center;\">Circular 53 2020 SII<\/h1>\n<h4 style=\"text-align: center;\">Art\u00edculos 21 y 31 de la Ley sobre Impuesto a la Renta, contenida en el art\u00edculo 1\u00b0 del Decreto Ley N\u00b0 824, de 1974. Art\u00edculo segundo, N\u00b0 11 y 13, de la Ley N\u00b0 21.210, publicada en el Diario Oficial de 24 de febrero de 2020<\/h4>\n<h2 style=\"text-align: center;\">GASTO NECESARIO<\/h2>\n<h2 style=\"text-align: center;\">CIRCULAR 53-2020 SI<\/h2>\n<h3 style=\"text-align: center;\"><strong>I INTRODUCCI\u00d3N<\/strong><\/h3>\n<p>En el Diario Oficial de 24 de febrero de 2020 se public\u00f3 la Ley N\u00b0 21.210, que introduce diversas modificaciones a la legislaci\u00f3n tributaria, en adelante, la \u201cLey\u201d.<\/p>\n<p>La presente circular tiene por objeto impartir instrucciones sobre las modificaciones introducidas por el art\u00edculo segundo, N\u00b0s 11 y 13, de la Ley a los <strong>art\u00edculos 21 y 31 de la Ley sobre Impuesto a la Renta (LIR),<\/strong> as\u00ed como tambi\u00e9n entregar una interpretaci\u00f3n sistem\u00e1tica de las instrucciones previas sobre la materia, a la luz de las se\u00f1aladas modificaciones.<\/p>\n<p>Todas las referencias efectuadas en la presente circular se deben entender referidas a la LIR y seg\u00fan su texto vigente a partir del 1\u00b0 de enero de 2020, a menos que expresamente se indique algo distinto.<\/p>\n<h3 style=\"text-align: center;\"><strong>II\u00a0 \u00a0INSTRUCCIONES SOBRE LA MATERIA<\/strong><\/h3>\n<p>El inciso primero del art\u00edculo 31 permite deducir los gastos en que el contribuyente haya incurrido, considerando una serie de requisitos generales aplicables a todos los gastos.<\/p>\n<p>Esos requisitos generales tambi\u00e9n son aplicables a los gastos espec\u00edficamente regulados en el inciso cuarto del art\u00edculo 31, pero ajustados seg\u00fan la naturaleza espec\u00edfica de cada gasto, de suerte que, en algunos casos, no ser\u00e1n aplicables todos esos requisitos generales.<\/p>\n<p><strong>\u00a0<\/strong><\/p>\n<h3 style=\"text-align: center;\"><strong>1. <a href=\"https:\/\/www.a-tributario.cl\/index.php\/sii-requisitos-generales-de-los-gastos-necesarios\/\" target=\"_blank\" rel=\"noopener noreferrer\">REQUISITOS GENERALES DE LOS GASTOS ESTABLECIDOS EN EL INCISO PRIMERO DEL ART\u00cdCULO 31.<\/a><\/strong><\/h3>\n<h4 style=\"text-align: left;\"><a href=\"https:\/\/www.a-tributario.cl\/index.php\/gastos-c0nsiderados-improcedentes\/\" target=\"_blank\" rel=\"noopener noreferrer\"><strong>GASTOS C0NSIDERADOS IMPROCEDENTES COMO NECESARIOS<\/strong><\/a><\/h4>\n<h4><a href=\"https:\/\/www.a-tributario.cl\/index.php\/reglas-del-momento-para-rebajar-gasto-tributario\/\" target=\"_blank\" rel=\"noopener noreferrer\"><strong>REGLAS COPULATIVAS RESPECTO DEL MOMENTO PARA REBAJAR COMO GASTO TRIBUTARIO LAS CANTIDADES A LAS QUE SE REFIERE EL ART\u00cdCULO 59<\/strong><\/a><\/h4>\n<h2><\/h2>\n<h3 style=\"text-align: center;\"><strong>2. GASTOS ESPEC\u00cdFICAMENTE REGULADOS EN LOS TRES PRIMEROS INCISOS DEL ARTICULO 31.<\/strong><\/h3>\n<h4><strong><a href=\"https:\/\/www.a-tributario.cl\/index.php\/sii-gastos-no-destinados-al-giro\/\" target=\"_blank\" rel=\"noopener noreferrer\">2.1.\u00a0 \u00a0 Gastos incurridos en la adquisici\u00f3n, mantenci\u00f3n o explotaci\u00f3n de bienes no destinados al giro del negocio o empresa.<\/a><\/strong><\/h4>\n<h4 style=\"text-align: left;\"><a href=\"https:\/\/www.a-tributario.cl\/index.php\/sii-gastos-usados-para-fines-personales-por-propietarios\/\" target=\"_blank\" rel=\"noopener noreferrer\"><strong>2.2.\u00a0 \u00a0 \u00a0 Gastos incurridos en la adquisici\u00f3n, mantenci\u00f3n o explotaci\u00f3n de bienes del activo de la empresa usados para fines personales por sus propietarios, socios o accionistas cuando les aplique la presunci\u00f3n de derecho del art\u00edculo 21.<\/strong><\/a><\/h4>\n<h4 style=\"text-align: left;\"><a href=\"https:\/\/www.a-tributario.cl\/index.php\/sii-gastos-en-automoviles-fuera-del-giro-habitual\/\" target=\"_blank\" rel=\"noopener noreferrer\"><strong>2.3. Gastos correspondientes a la adquisici\u00f3n y arrendamiento de autom\u00f3viles, station wagons y similares, cuando no sea \u00e9ste el giro habitual, y en combustibles, lubricantes, reparaciones, seguros y, en general, todos los gastos para su mantenci\u00f3n y funcionamiento.<\/strong><\/a><\/h4>\n<h4 style=\"text-align: left;\"><strong>\u00a0<\/strong><a href=\"https:\/\/www.a-tributario.cl\/index.php\/sii-gastos-no-del-giro-en-supermercado\/\" target=\"_blank\" rel=\"noopener noreferrer\"><strong>2.4.\u00a0 \u00a0 \u00a0Gastos incurridos en supermercados y comercios similares, cuando no correspondan a bienes necesarios para el desarrollo del giro habitual del contribuyente.<\/strong><\/a><\/h4>\n<h3 style=\"text-align: center;\"><strong>3. <a href=\"https:\/\/www.a-tributario.cl\/index.php\/sii-gastos-regulados-en-art-31-inc-4-nros-1-al-14\/\" target=\"_blank\" rel=\"noopener noreferrer\">GASTOS ESPEC\u00cdFICAMENTE REGULADOS EN LOS N\u00daMEROS 1 AL 14 DEL INCISO CUARTO DEL ART\u00cdCULO 31.<\/a><\/strong><\/h3>\n<h3 style=\"text-align: center;\"><strong>4. <a href=\"https:\/\/www.a-tributario.cl\/index.php\/gastos-vinculados-a-rentas-exentas-o-no-gravadas\/\" target=\"_blank\" rel=\"noopener noreferrer\">GASTOS VINCULADOS A RENTAS EXENTAS O NO GRAVADAS.<\/a><\/strong><\/h3>\n<h3 style=\"text-align: center;\"><strong>5. <a href=\"https:\/\/www.a-tributario.cl\/index.php\/modificaciones-al-articulo-21\/\" target=\"_blank\" rel=\"noopener noreferrer\">MODIFICACIONES AL ART\u00cdCULO 21<\/a>.<\/strong><\/h3>\n<h3><strong>III REEMPLAZA LA CIRCULAR N\u00b0 62 DE 2014 EN LA PARTE QUE INDICA<\/strong><\/h3>\n<p>Conforme lo se\u00f1alado en el apartado 3.6.1, se reemplazan las instrucciones impartidas sobre la materia en la letra B) del n\u00famero 4) del Cap\u00edtulo II de la referida Circular, por las siguientes:<\/p>\n<p>\u201cVida \u00fatil de un d\u00e9cimo que pueden considerar ciertas empresas para deducir la cuota anual de depreciaci\u00f3n acelerada, en los casos que indica el art\u00edculo 31 N\u00b0 5 bis:<\/p>\n<ol start=\"100\">\n<li>a) Se aplica a contribuyentes que, en los 3 ejercicios anteriores a aquel en que comience la utilizaci\u00f3n del bien, registren un promedio anual de ingresos del giro igual o inferior a 100.000 UF.<\/li>\n<\/ol>\n<p>Si la empresa ejerciere sus actividades por un periodo inferior a 3 ejercicios, el promedio se calcular\u00e1 considerando los ejercicios desde realizado su inicio de actividades.<\/p>\n<p>Si se trata de contribuyentes que no registren operaciones en ninguno de los a\u00f1os anteriores, s\u00f3lo podr\u00e1n aplicar este r\u00e9gimen a partir del primer ejercicio comercial en que registren operaciones y siempre que los ingresos de dicho ejercicio no superen el l\u00edmite de 100.000 UF.<\/p>\n<ol>\n<li>b) Estos contribuyentes podr\u00e1n aplicar la depreciaci\u00f3n a que se refiere el N\u00b0 5 bis, del art\u00edculo 31 , considerando como vida \u00fatil del bien respectivo el equivalente a un d\u00e9cimo de la vida \u00fatil fijada por la Direcci\u00f3n o Direcci\u00f3n Regional del Servicio, considerando como m\u00ednimo 1 a\u00f1o. Esto es, si el d\u00e9cimo de la vida \u00fatil es una fracci\u00f3n inferior a 1, se considerar\u00e1 1 a\u00f1o. En caso que el d\u00e9cimo de la vida \u00fatil resultante de dicha operaci\u00f3n no sea un n\u00famero entero no se considerar\u00e1n los decimales correspondientes.<\/li>\n<\/ol>\n<p>Ejemplo: A\u00f1os de vida \u00fatil fijados por el Servicio:18.<\/p>\n<p>18\/10 = 1,8<\/p>\n<p>A\u00f1os de vida \u00fatil a considerar para el c\u00e1lculo de la depreciaci\u00f3n = 1 a\u00f1o.<\/p>\n<ol>\n<li>c) Este r\u00e9gimen ser\u00e1 aplicable respecto de cualquier bien del activo inmovilizado, sea que se trate de bienes nuevos o usados.<\/li>\n<\/ol>\n<p>Igual procedimiento al indicado en la letra anterior deber\u00e1 utilizarse para los fines de la depreciaci\u00f3n de bienes usados o que ya han cumplido con una parte de su depreciaci\u00f3n bajo cualquier sistema, utilizando para ello el saldo de vida \u00fatil que le reste al cierre del ejercicio anterior de aquel en que se incorporan a este sistema de depreciaci\u00f3n.<\/p>\n<p>Para los fines de la apreciaci\u00f3n del cumplimiento del l\u00edmite de 100.000 UF en el caso de la aplicaci\u00f3n del r\u00e9gimen sobre bienes usados o que ya iniciaron su depreciaci\u00f3n en cualquiera de los otros reg\u00edmenes, los ejercicios a considerar ser\u00e1n aquellos anteriores al cierre del ejercicio previo a la incorporaci\u00f3n al r\u00e9gimen en comento.<\/p>\n<ol start=\"2\">\n<li>d) Los contribuyentes referidos podr\u00e1n deducir como gasto del ejercicio, una cuota anual de depreciaci\u00f3n de los bienes f\u00edsicos del activo inmovilizado a contar de su utilizaci\u00f3n en la empresa, calculada sobre el valor neto del referido bien a la fecha del balance respectivo, una vez efectuada la revalorizaci\u00f3n obligatoria que dispone el art\u00edculo 41 N\u00b0 2.<\/li>\n<\/ol>\n<ol>\n<li>e) Forma de calcular el promedio de ingresos:<\/li>\n<\/ol>\n<p>&#8211; \u00a0\u00a0\u00a0\u00a0\u00a0\u00a0\u00a0\u00a0\u00a0\u00a0\u00a0\u00a0 Las empresas respectivas deber\u00e1n determinar el promedio de ingresos anuales de su giro en los tres \u00faltimos ejercicios comerciales consecutivos anteriores al a\u00f1o en que se utilizar\u00e1 este r\u00e9gimen de depreciaci\u00f3n. Dicho promedio se determina, por tanto, considerando la suma total de los ingresos anuales del giro obtenidos en los referidos tres \u00faltimos ejercicios comerciales consecutivos, dividi\u00e9ndolo por 3.<\/p>\n<p>En el caso del inicio de actividades se considerar\u00e1 los ingresos del ejercicio de inicio para medir el l\u00edmite de 100.000 UF, pudiendo aplicar respecto de dicho ejercicio el r\u00e9gimen en comento, siempre que tales ingresos no superan el l\u00edmite se\u00f1alado.<\/p>\n<p>&#8211; \u00a0\u00a0\u00a0\u00a0\u00a0\u00a0\u00a0\u00a0\u00a0\u00a0\u00a0\u00a0 Para determinar la suma total de los ingresos del giro de los \u00faltimos 3 a\u00f1os, los ingresos de cada mes se expresar\u00e1n en UF seg\u00fan el valor de \u00e9sta en el \u00faltimo d\u00eda del mes respectivo.<\/p>\n<p>&#8211; \u00a0\u00a0\u00a0\u00a0\u00a0\u00a0\u00a0\u00a0\u00a0\u00a0\u00a0\u00a0 Si la empresa ejerciere sus actividades por un periodo inferior a 3 ejercicios, el promedio de ingresos anuales del giro, se calcular\u00e1 considerando los ejercicios en que mantenga iniciadas las actividades, esto es, se promediar\u00e1 el total de los ingresos anuales del giro obtenidos en los ejercicios en que ejerza sus actividades dividiendo dicho total por uno o dos, seg\u00fan sea la cantidad de a\u00f1os que corresponda. El per\u00edodo que va desde la fecha de inicio de actividades del contribuyente hasta el t\u00e9rmino de ese a\u00f1o, se considerar\u00e1 como un ejercicio completo para los efectos se\u00f1alados, comput\u00e1ndose el total de los ingresos de ese per\u00edodo conforme a lo expresado en este numeral.<\/p>\n<p>&#8211; \u00a0\u00a0\u00a0\u00a0\u00a0\u00a0\u00a0\u00a0\u00a0\u00a0\u00a0\u00a0 Se deben considerar los ingresos del giro, esto es, los que provienen de la actividad habitual del contribuyente, excluyendo el IVA recargado en las operaciones afectas a dicho tributo, como tambi\u00e9n los dem\u00e1s impuestos especiales, adicionales o espec\u00edficos que se recarguen en el precio del producto o servicio que corresponda y excluy\u00e9ndose tambi\u00e9n aquellos ingresos que sean extraordinarios o espor\u00e1dicos, como ocurre en los originados en ventas de activo inmovilizado o ganancias de capital, siempre que, en este \u00faltimo caso, no se encuentre dentro de las actividades que constituyen el giro efectivo de la empresa.<\/p>\n<ol>\n<li>f) Otras reglas:<\/li>\n<\/ol>\n<p>&#8211; \u00a0\u00a0\u00a0\u00a0\u00a0\u00a0\u00a0\u00a0\u00a0\u00a0\u00a0\u00a0 Los contribuyentes que cumplan con el l\u00edmite se\u00f1alado, pueden optar por hacer uso del beneficio establecido en el N\u00b0 5 bis o por aplicar la norma general de depreciaci\u00f3n contenida en el N\u00b0 5 del art\u00edculo 31, pero una vez que hayan ejercido dicha opci\u00f3n mediante la respectiva declaraci\u00f3n de impuestos, \u00e9sta resulta irrevocable, no pudiendo modificar su opci\u00f3n aduciendo correcci\u00f3n de errores propios en virtud de lo dispuesto en el art\u00edculo 126 del C\u00f3digo Tributario, ya que no puede entenderse que existe un error en el ejercicio libre de una opci\u00f3n otorgada por la ley, sin perjuicio de que en el ejercicio siguiente pueda optar por otra alternativa.<\/p>\n<p>&#8211; \u00a0\u00a0\u00a0\u00a0\u00a0\u00a0\u00a0\u00a0\u00a0\u00a0\u00a0\u00a0 En lo no regulado espec\u00edficamente en el N\u00b0 5 bis del art\u00edculo 31, se aplicar\u00e1n las reglas sobre depreciaci\u00f3n contenidas en el N\u00b0 5, del mismo art\u00edculo. As\u00ed, por ejemplo, los contribuyentes podr\u00e1n en cualquier oportunidad abandonar el r\u00e9gimen de depreciaci\u00f3n escogido, volviendo as\u00ed definitivamente al r\u00e9gimen de depreciaci\u00f3n normal.<\/p>\n<p>&#8211; \u00a0\u00a0\u00a0\u00a0\u00a0\u00a0\u00a0\u00a0\u00a0\u00a0\u00a0\u00a0 Se hace presente que, de acuerdo a lo establecido en el p\u00e1rrafo 3\u00b0, del N\u00b0 5, del art\u00edculo 31, cuando se aplique el r\u00e9gimen de depreciaci\u00f3n acelerada, entendi\u00e9ndose por \u00e9ste al establecido en el N\u00b0 5, del referido art\u00edculo 31, o al r\u00e9gimen en comento del N\u00b0 5 bis del mismo art\u00edculo, se considerar\u00e1 solo para los efectos de lo dispuesto en el art\u00edculo 14, la depreciaci\u00f3n normal que corresponde al total de los a\u00f1os de vida \u00fatil del bien.<\/p>\n<p>De esta manera, la diferencia que resulte en el ejercicio respectivo entre la depreciaci\u00f3n acelerada que se aplique y la depreciaci\u00f3n normal, podr\u00e1 deducirse como gasto solo respecto de la determinaci\u00f3n del IDPC y no para los efectos establecidos en el art\u00edculo 14.<\/p>\n<h3><strong>IV VIGENCIA<\/strong><\/h3>\n<p>Conforme al inciso primero del art\u00edculo octavo transitorio de la Ley, las modificaciones a la LIR contenidas en el art\u00edculo 2\u00b0 de la Ley, entrar\u00e1n en vigencia a contar del 1 de enero de 2020. En consecuencia, se aplicar\u00e1n sus disposiciones a los gastos pagados o adeudados a contar de dicha fecha, salvo aquellas modificaciones que tengan una norma especial de entrada en vigencia seg\u00fan lo se\u00f1alado en el cuerpo de esta circular.<\/p>\n<p>La presente circular, si bien no deroga instrucciones contenidas en Circulares previas, deja sin efecto cualquier instrucci\u00f3n anterior que sea contraria a sus disposiciones.<\/p>\n<h3><strong>FUENTE SII : <a href=\"http:\/\/www.sii.cl\/normativa_legislacion\/circulares\/2020\/circu53.pdf\" target=\"_blank\" rel=\"noopener noreferrer\">http:\/\/www.sii.cl\/normativa_legislacion\/circulares\/2020\/circu53.pdf<\/a><\/strong><\/h3>\n<p>[\/vc_column_text][\/vc_column][vc_column width=\u00bb1\/3&#8243;][\/vc_column][\/vc_row]<\/p>\n","protected":false},"excerpt":{"rendered":"<p>[vc_row][vc_column width=\u00bb2\/3&#8243;][vc_column_text] GASTO RECHAZADO ACEPTADO Circular 53 2020 SII Art\u00edculos 21 y 31 de la Ley sobre Impuesto a la Renta, contenida en el art\u00edculo 1\u00b0 del Decreto Ley N\u00b0 824, de 1974. Art\u00edculo segundo, N\u00b0 11 y 13, de la Ley N\u00b0 21.210, publicada en el Diario Oficial de 24 de febrero de 2020 [&hellip;]<\/p>\n","protected":false},"author":1,"featured_media":0,"parent":0,"menu_order":0,"comment_status":"closed","ping_status":"closed","template":"","meta":{"_monsterinsights_skip_tracking":false,"_monsterinsights_sitenote_active":false,"_monsterinsights_sitenote_note":"","_monsterinsights_sitenote_category":0,"footnotes":"","_joinchat":[]},"yoast_head":"<!-- This site is optimized with the Yoast SEO plugin v21.5 - https:\/\/yoast.com\/wordpress\/plugins\/seo\/ -->\n<title>GASTO RECHAZADO ACEPTADO ABOGADO TRIBUTARIO LET<\/title>\n<meta name=\"description\" content=\"CIRCULAR 53-2020 SII Art\u00edculos 21 y 31 de la Ley sobre Impuesto a la Renta, art\u00edculo 1\u00b0 DL 824, de 1974. Art\u00edculo segundo, N\u00b0 11 y 13, de la Ley N\u00b0 21.210\" \/>\n<meta name=\"robots\" content=\"index, follow, max-snippet:-1, max-image-preview:large, max-video-preview:-1\" \/>\n<link rel=\"canonical\" href=\"https:\/\/a-tributario.cl\/index.php\/gasto-rechazado-aceptado-circular-53-2020-sii\/\" \/>\n<meta property=\"og:locale\" content=\"es_ES\" \/>\n<meta property=\"og:type\" content=\"article\" \/>\n<meta property=\"og:title\" content=\"GASTO RECHAZADO ACEPTADO ABOGADO TRIBUTARIO LET\" \/>\n<meta property=\"og:description\" content=\"CIRCULAR 53-2020 SII Art\u00edculos 21 y 31 de la Ley sobre Impuesto a la Renta, art\u00edculo 1\u00b0 DL 824, de 1974. Art\u00edculo segundo, N\u00b0 11 y 13, de la Ley N\u00b0 21.210\" \/>\n<meta property=\"og:url\" content=\"https:\/\/a-tributario.cl\/index.php\/gasto-rechazado-aceptado-circular-53-2020-sii\/\" \/>\n<meta property=\"og:site_name\" content=\"ABOGADO TRIBUTARIO R&amp;R\" \/>\n<meta property=\"article:publisher\" content=\"https:\/\/www.facebook.com\/AbogadosTributariosIUS\/\" \/>\n<meta property=\"article:modified_time\" content=\"2021-03-01T01:37:22+00:00\" \/>\n<meta property=\"og:image\" content=\"https:\/\/a-tributario.cl\/wp-content\/uploads\/2020\/12\/arton56684-300x169.jpg\" \/>\n<meta name=\"twitter:card\" content=\"summary_large_image\" \/>\n<meta name=\"twitter:site\" content=\"@ius_asesores\" \/>\n<meta name=\"twitter:label1\" content=\"Tiempo de lectura\" \/>\n\t<meta name=\"twitter:data1\" content=\"9 minutos\" \/>\n<script type=\"application\/ld+json\" class=\"yoast-schema-graph\">{\"@context\":\"https:\/\/schema.org\",\"@graph\":[{\"@type\":\"WebPage\",\"@id\":\"https:\/\/a-tributario.cl\/index.php\/gasto-rechazado-aceptado-circular-53-2020-sii\/\",\"url\":\"https:\/\/a-tributario.cl\/index.php\/gasto-rechazado-aceptado-circular-53-2020-sii\/\",\"name\":\"GASTO RECHAZADO ACEPTADO ABOGADO TRIBUTARIO LET\",\"isPartOf\":{\"@id\":\"https:\/\/a-tributario.cl\/#website\"},\"datePublished\":\"2020-12-07T01:58:26+00:00\",\"dateModified\":\"2021-03-01T01:37:22+00:00\",\"description\":\"CIRCULAR 53-2020 SII Art\u00edculos 21 y 31 de la Ley sobre Impuesto a la Renta, art\u00edculo 1\u00b0 DL 824, de 1974. Art\u00edculo segundo, N\u00b0 11 y 13, de la Ley N\u00b0 21.210\",\"breadcrumb\":{\"@id\":\"https:\/\/a-tributario.cl\/index.php\/gasto-rechazado-aceptado-circular-53-2020-sii\/#breadcrumb\"},\"inLanguage\":\"es\",\"potentialAction\":[{\"@type\":\"ReadAction\",\"target\":[\"https:\/\/a-tributario.cl\/index.php\/gasto-rechazado-aceptado-circular-53-2020-sii\/\"]}]},{\"@type\":\"BreadcrumbList\",\"@id\":\"https:\/\/a-tributario.cl\/index.php\/gasto-rechazado-aceptado-circular-53-2020-sii\/#breadcrumb\",\"itemListElement\":[{\"@type\":\"ListItem\",\"position\":1,\"name\":\"Portada\",\"item\":\"https:\/\/a-tributario.cl\/\"},{\"@type\":\"ListItem\",\"position\":2,\"name\":\"GASTO RECHAZADO ACEPTADO Circular 53 2020 SII\"}]},{\"@type\":\"WebSite\",\"@id\":\"https:\/\/a-tributario.cl\/#website\",\"url\":\"https:\/\/a-tributario.cl\/\",\"name\":\"ABOGADO TRIBUTARIO R&amp;R\",\"description\":\"ASESOR\u00cdA TRIBUTARIA, DEFENSA LIQUIDACI\u00d3N Y GIRO SII, PRESCRIPCI\u00d3N IMPUESTOS DEFENSA COBRO TESORER\u00cdA\",\"publisher\":{\"@id\":\"https:\/\/a-tributario.cl\/#organization\"},\"potentialAction\":[{\"@type\":\"SearchAction\",\"target\":{\"@type\":\"EntryPoint\",\"urlTemplate\":\"https:\/\/a-tributario.cl\/?s={search_term_string}\"},\"query-input\":\"required name=search_term_string\"}],\"inLanguage\":\"es\"},{\"@type\":\"Organization\",\"@id\":\"https:\/\/a-tributario.cl\/#organization\",\"name\":\"Abogado Tributario Let\",\"url\":\"https:\/\/a-tributario.cl\/\",\"logo\":{\"@type\":\"ImageObject\",\"inLanguage\":\"es\",\"@id\":\"https:\/\/a-tributario.cl\/#\/schema\/logo\/image\/\",\"url\":\"https:\/\/a-tributario.cl\/wp-content\/uploads\/2019\/04\/Image-2018-e1556290954199.jpeg\",\"contentUrl\":\"https:\/\/a-tributario.cl\/wp-content\/uploads\/2019\/04\/Image-2018-e1556290954199.jpeg\",\"width\":128,\"height\":128,\"caption\":\"Abogado Tributario Let\"},\"image\":{\"@id\":\"https:\/\/a-tributario.cl\/#\/schema\/logo\/image\/\"},\"sameAs\":[\"https:\/\/www.facebook.com\/AbogadosTributariosIUS\/\",\"https:\/\/twitter.com\/ius_asesores\",\"https:\/\/www.linkedin.com\/in\/abogadotributario\/\"]}]}<\/script>\n<!-- \/ Yoast SEO plugin. -->","yoast_head_json":{"title":"GASTO RECHAZADO ACEPTADO ABOGADO TRIBUTARIO LET","description":"CIRCULAR 53-2020 SII Art\u00edculos 21 y 31 de la Ley sobre Impuesto a la Renta, art\u00edculo 1\u00b0 DL 824, de 1974. Art\u00edculo segundo, N\u00b0 11 y 13, de la Ley N\u00b0 21.210","robots":{"index":"index","follow":"follow","max-snippet":"max-snippet:-1","max-image-preview":"max-image-preview:large","max-video-preview":"max-video-preview:-1"},"canonical":"https:\/\/a-tributario.cl\/index.php\/gasto-rechazado-aceptado-circular-53-2020-sii\/","og_locale":"es_ES","og_type":"article","og_title":"GASTO RECHAZADO ACEPTADO ABOGADO TRIBUTARIO LET","og_description":"CIRCULAR 53-2020 SII Art\u00edculos 21 y 31 de la Ley sobre Impuesto a la Renta, art\u00edculo 1\u00b0 DL 824, de 1974. Art\u00edculo segundo, N\u00b0 11 y 13, de la Ley N\u00b0 21.210","og_url":"https:\/\/a-tributario.cl\/index.php\/gasto-rechazado-aceptado-circular-53-2020-sii\/","og_site_name":"ABOGADO TRIBUTARIO R&amp;R","article_publisher":"https:\/\/www.facebook.com\/AbogadosTributariosIUS\/","article_modified_time":"2021-03-01T01:37:22+00:00","og_image":[{"url":"https:\/\/a-tributario.cl\/wp-content\/uploads\/2020\/12\/arton56684-300x169.jpg"}],"twitter_card":"summary_large_image","twitter_site":"@ius_asesores","twitter_misc":{"Tiempo de lectura":"9 minutos"},"schema":{"@context":"https:\/\/schema.org","@graph":[{"@type":"WebPage","@id":"https:\/\/a-tributario.cl\/index.php\/gasto-rechazado-aceptado-circular-53-2020-sii\/","url":"https:\/\/a-tributario.cl\/index.php\/gasto-rechazado-aceptado-circular-53-2020-sii\/","name":"GASTO RECHAZADO ACEPTADO ABOGADO TRIBUTARIO LET","isPartOf":{"@id":"https:\/\/a-tributario.cl\/#website"},"datePublished":"2020-12-07T01:58:26+00:00","dateModified":"2021-03-01T01:37:22+00:00","description":"CIRCULAR 53-2020 SII Art\u00edculos 21 y 31 de la Ley sobre Impuesto a la Renta, art\u00edculo 1\u00b0 DL 824, de 1974. Art\u00edculo segundo, N\u00b0 11 y 13, de la Ley N\u00b0 21.210","breadcrumb":{"@id":"https:\/\/a-tributario.cl\/index.php\/gasto-rechazado-aceptado-circular-53-2020-sii\/#breadcrumb"},"inLanguage":"es","potentialAction":[{"@type":"ReadAction","target":["https:\/\/a-tributario.cl\/index.php\/gasto-rechazado-aceptado-circular-53-2020-sii\/"]}]},{"@type":"BreadcrumbList","@id":"https:\/\/a-tributario.cl\/index.php\/gasto-rechazado-aceptado-circular-53-2020-sii\/#breadcrumb","itemListElement":[{"@type":"ListItem","position":1,"name":"Portada","item":"https:\/\/a-tributario.cl\/"},{"@type":"ListItem","position":2,"name":"GASTO RECHAZADO ACEPTADO Circular 53 2020 SII"}]},{"@type":"WebSite","@id":"https:\/\/a-tributario.cl\/#website","url":"https:\/\/a-tributario.cl\/","name":"ABOGADO TRIBUTARIO R&amp;R","description":"ASESOR\u00cdA TRIBUTARIA, DEFENSA LIQUIDACI\u00d3N Y GIRO SII, PRESCRIPCI\u00d3N IMPUESTOS DEFENSA COBRO TESORER\u00cdA","publisher":{"@id":"https:\/\/a-tributario.cl\/#organization"},"potentialAction":[{"@type":"SearchAction","target":{"@type":"EntryPoint","urlTemplate":"https:\/\/a-tributario.cl\/?s={search_term_string}"},"query-input":"required name=search_term_string"}],"inLanguage":"es"},{"@type":"Organization","@id":"https:\/\/a-tributario.cl\/#organization","name":"Abogado Tributario Let","url":"https:\/\/a-tributario.cl\/","logo":{"@type":"ImageObject","inLanguage":"es","@id":"https:\/\/a-tributario.cl\/#\/schema\/logo\/image\/","url":"https:\/\/a-tributario.cl\/wp-content\/uploads\/2019\/04\/Image-2018-e1556290954199.jpeg","contentUrl":"https:\/\/a-tributario.cl\/wp-content\/uploads\/2019\/04\/Image-2018-e1556290954199.jpeg","width":128,"height":128,"caption":"Abogado Tributario Let"},"image":{"@id":"https:\/\/a-tributario.cl\/#\/schema\/logo\/image\/"},"sameAs":["https:\/\/www.facebook.com\/AbogadosTributariosIUS\/","https:\/\/twitter.com\/ius_asesores","https:\/\/www.linkedin.com\/in\/abogadotributario\/"]}]}},"_links":{"self":[{"href":"https:\/\/a-tributario.cl\/index.php\/wp-json\/wp\/v2\/pages\/4033"}],"collection":[{"href":"https:\/\/a-tributario.cl\/index.php\/wp-json\/wp\/v2\/pages"}],"about":[{"href":"https:\/\/a-tributario.cl\/index.php\/wp-json\/wp\/v2\/types\/page"}],"author":[{"embeddable":true,"href":"https:\/\/a-tributario.cl\/index.php\/wp-json\/wp\/v2\/users\/1"}],"replies":[{"embeddable":true,"href":"https:\/\/a-tributario.cl\/index.php\/wp-json\/wp\/v2\/comments?post=4033"}],"version-history":[{"count":10,"href":"https:\/\/a-tributario.cl\/index.php\/wp-json\/wp\/v2\/pages\/4033\/revisions"}],"predecessor-version":[{"id":4871,"href":"https:\/\/a-tributario.cl\/index.php\/wp-json\/wp\/v2\/pages\/4033\/revisions\/4871"}],"wp:attachment":[{"href":"https:\/\/a-tributario.cl\/index.php\/wp-json\/wp\/v2\/media?parent=4033"}],"curies":[{"name":"wp","href":"https:\/\/api.w.org\/{rel}","templated":true}]}}