{"id":4048,"date":"2020-12-07T18:10:26","date_gmt":"2020-12-07T18:10:26","guid":{"rendered":"https:\/\/www.a-tributario.cl\/?page_id=4048"},"modified":"2021-07-14T01:55:00","modified_gmt":"2021-07-14T01:55:00","slug":"defensa-penal-tributaria","status":"publish","type":"page","link":"https:\/\/a-tributario.cl\/index.php\/defensa-penal-tributaria\/","title":{"rendered":"DEFENSA PENAL TRIBUTARIA"},"content":{"rendered":"<p>[vc_row][vc_column width=\u00bb1\/2&#8243;][vc_column_text]<\/p>\n<h3><span style=\"vertical-align: inherit;\">DEFENSA DELITO TRIBUTARIO PYMES, FACTURAS FALSAS, DECLARACIONES MALICIOSAMENTE FALSAS O INCOMPLETAS Y OTROS &#8211; AUMENTO DE CR\u00c9DITO FISCAL IVA.-<\/span><\/h3>\n<h3 style=\"text-align: center;\"><a href=\"https:\/\/www.a-tributario.cl\/index.php\/sancion-penal-y-pecuniaria-en-delito-factura-falsa\/\" target=\"_blank\" rel=\"noopener noreferrer\"><strong>MULTAS Y SANCIONES PENALES<\/strong><\/a><\/h3>\n<h3><span style=\"vertical-align: inherit;\">Erradas decisiones e inclusive ignorancia de las normas Tributar\u00eda pueden llevar a un contribuyente, que sin animo doloso sea investigado o imputado por Delito Tributario.-<\/span><\/h3>\n<h3><span style=\"vertical-align: inherit;\">La materia es de una alta complejidad, por cuanto implica el adecuado manejo de la normativa Tributar\u00eda y Penal.-<\/span><\/h3>\n<h3><span style=\"vertical-align: inherit;\">La penalidad es alta no solo respecto de sus multas, sino tambi\u00e9n en lo referente a las penas restrictivas de libertad que pueden alcanzar a presidio mayor en su grado m\u00ednimo ( 5 a\u00f1os y 1 d\u00eda a 10 a\u00f1os).-<\/span><\/h3>\n<h1 style=\"text-align: center;\"><strong>CONSEJOS<\/strong><\/h1>\n<h3>1.- NO SE DEBE REALIZAR<strong> RECTIFICATORIA AL F29 EN CASO DE FISCALIZACI\u00d3N<\/strong><\/h3>\n<h3>2.- SOLICITAR <span style=\"font-size: 18.72px;\">ASESOR\u00cdA<\/span> PROFESIONAL, DESDE LA FISCALIZACI\u00d3N<\/h3>\n<p>[\/vc_column_text][\/vc_column][vc_column width=\u00bb1\/2&#8243;][\/vc_column][\/vc_row][vc_row][vc_column width=\u00bb1\/2&#8243;][vc_column_text]<\/p>\n<h3 style=\"text-align: center;\"><a href=\"https:\/\/www.facebook.com\/1412163660\/videos\/10222364809055047\/?t=22\">VER EN FACEBOOK<\/a><\/h3>\n<h3><strong>PRINCIPALES DELITOS TRIBUTARIOS <\/strong><\/h3>\n<h4><span id=\"addon-section\">EL ART\u00cdCULO 97 DEL <a class=\"addon-citation addon-tooltip\" href=\"https:\/\/go.vlex.com\/vid\/238902154?fbt=webapp_preview\" target=\"_blank\" rel=\"noopener noreferrer\" data-vids=\"238902154\">C\u00d3DIGO TRIBUTARIO<span class=\"tooltiptext node-preview no-print\" style=\"left: 0px; margin-left: 0px; display: none;\"><small><img decoding=\"async\" src=\"http:\/\/static.vlex.com\/img-wide\/vlex-logo_reload.png\" \/>Enlace a\u00f1adido por la extensi\u00f3n vLex<\/small><\/span><\/a> EN LOS N\u00daMEROS 4, 5, 10, 22 y 23 , Y ARTICULO 100. SANCIONAN DIVERSAS CONDUCTAS CONSIDERADAS IL\u00cdCITAS: <\/span><\/h4>\n<h4><span id=\"addon-section\"> a) DECLARACIONES MALICIOSAMENTE FALSAS O INCOMPLETAS: El <a class=\"addon-citation addon-tooltip\" href=\"https:\/\/go.vlex.com\/vid\/238902154?fbt=webapp_preview\" target=\"_blank\" rel=\"noopener noreferrer\" data-vids=\"238902154\">C\u00f3digo Tributario<span class=\"tooltiptext node-preview no-print\" style=\"left: 0px; margin-left: 0px; display: none;\"><small><img decoding=\"async\" src=\"http:\/\/static.vlex.com\/img-wide\/vlex-logo_reload.png\" \/>Enlace a\u00f1adido por la extensi\u00f3n vLex<\/small><\/span><\/a> sanciona la presentaci\u00f3n de declaraciones maliciosamente falsas o incompletas que puedan inducir a la liquidaci\u00f3n de un impuesto inferior al que corresponde, as\u00ed como todo procedimiento doloso encaminado a ocultar o desfigurar el monto de las operaciones realizadas o a burlar el impuesto.<\/span><\/h4>\n<h4>b) AUMENTO DE CR\u00c9DITO FISCAL IVA: Asimismo se sanciona a los contribuyentes afectos al IVA u otros impuestos sujetos a retenci\u00f3n o recargo que aumenten dolosamente el monto de sus cr\u00e9ditos o imputaciones.<\/h4>\n<h4><span id=\"addon-section\">c) DEVOLUCIONES FRAUDULENTAS DE IMPUESTOS: El <a class=\"addon-citation addon-tooltip\" href=\"https:\/\/go.vlex.com\/vid\/238902154?fbt=webapp_preview\" target=\"_blank\" rel=\"noopener noreferrer\" data-vids=\"238902154\">C\u00f3digo Tributario<span class=\"tooltiptext node-preview no-print\" style=\"left: 0px; margin-left: 0px; display: none;\"><small><img decoding=\"async\" src=\"http:\/\/static.vlex.com\/img-wide\/vlex-logo_reload.png\" \/>Enlace a\u00f1adido por la extensi\u00f3n vLex<\/small><\/span><\/a> tambi\u00e9n castiga a quien simulando una operaci\u00f3n tributaria o vali\u00e9ndose de cualquier maniobra fraudulenta, obtenga una devoluci\u00f3n de impuesto improcedente.<\/span><\/h4>\n<h4>d) <a href=\"https:\/\/www.a-tributario.cl\/index.php\/facturas-ideologicamente-falsas\/\">USO DE INSTRUMENTOS TRIBUTARIOS FALSOS\u00a0 (ver):<\/a><span id=\"addon-section\"> El <a class=\"addon-citation addon-tooltip\" href=\"https:\/\/go.vlex.com\/vid\/238902154?fbt=webapp_preview\" target=\"_blank\" rel=\"noopener noreferrer\" data-vids=\"238902154\">C\u00f3digo Tributario<span class=\"tooltiptext node-preview no-print\" style=\"left: 0px; margin-left: 0px; display: none;\"><small><img decoding=\"async\" src=\"http:\/\/static.vlex.com\/img-wide\/vlex-logo_reload.png\" \/>Enlace a\u00f1adido por la extensi\u00f3n vLex<\/small><\/span><\/a> pena al que hubiere hecho uso malicioso de facturas u otros documentos falsos, fraudulentos o adulterados, con el objeto de cometer o posibilitar la comisi\u00f3n de los delitos descritos en el <a class=\"addon-citation addon-tooltip addon-preview-pending\" href=\"https:\/\/go.vlex.com\/vid\/238902154\/node\/97?fbt=webapp_preview\" target=\"_blank\" rel=\"noopener noreferrer\" data-vids=\"238902154\" data-key-node=\"97\">art\u00edculo 97<span class=\"tooltiptext\"><small>Enlace a\u00f1adido por la extensi\u00f3n vLex<\/small><\/span><\/a> N\u00b04 del <a class=\"addon-citation addon-tooltip\" href=\"https:\/\/go.vlex.com\/vid\/238902154?fbt=webapp_preview\" target=\"_blank\" rel=\"noopener noreferrer\" data-vids=\"238902154\">C\u00f3digo Tributario<span class=\"tooltiptext node-preview no-print\" style=\"left: 0px; margin-left: 0px; display: none;\"><small><img decoding=\"async\" src=\"http:\/\/static.vlex.com\/img-wide\/vlex-logo_reload.png\" \/>Enlace a\u00f1adido por la extensi\u00f3n vLex<\/small><\/span><\/a>.<\/span><\/h4>\n<h4><span id=\"addon-section\">e) FACILITACI\u00d3N DE INSTRUMENTOS TRIBUTARIOS FALSOS: El <a class=\"addon-citation addon-tooltip addon-preview-pending\" href=\"https:\/\/go.vlex.com\/vid\/238902154?fbt=webapp_preview\" target=\"_blank\" rel=\"noopener noreferrer\" data-vids=\"238902154\">C\u00f3digo Tributario<span class=\"tooltiptext\"><small>Enlace a\u00f1adido por la extensi\u00f3n vLex<\/small><\/span><\/a> pena al que maliciosamente confeccione, venda o facilite, a cualquier t\u00edtulo, gu\u00edas de despacho, facturas, notas de d\u00e9bito, notas de cr\u00e9dito o boletas, falsas, con o sin timbre del Servicio, con el objeto de cometer o posibilitar la comisi\u00f3n de los delitos descritos en el <a class=\"addon-citation addon-tooltip addon-preview-pending\" href=\"https:\/\/go.vlex.com\/vid\/238902154\/node\/97?fbt=webapp_preview\" target=\"_blank\" rel=\"noopener noreferrer\" data-vids=\"238902154\" data-key-node=\"97\">art\u00edculo 97<span class=\"tooltiptext\"><small>Enlace a\u00f1adido por la extensi\u00f3n vLex<\/small><\/span><\/a> N\u00b04 del <a class=\"addon-citation addon-tooltip addon-preview-pending\" href=\"https:\/\/go.vlex.com\/vid\/238902154?fbt=webapp_preview\" target=\"_blank\" rel=\"noopener noreferrer\" data-vids=\"238902154\">C\u00f3digo Tributario<span class=\"tooltiptext\"><small>Enlace a\u00f1adido por la extensi\u00f3n vLex<\/small><\/span><\/a>.<\/span><\/h4>\n<p>[\/vc_column_text][\/vc_column][vc_column width=\u00bb1\/2&#8243;][\/vc_column][\/vc_row][vc_row][vc_column width=\u00bb1\/2&#8243;][vc_column_text]<\/p>\n<h2>LA <span style=\"font-size: 24px;\">PRESCRIPCI\u00d3N<\/span> DEL DELITO TRIBUTARIO<\/h2>\n<p>ESTA TIENE PLAZOS QUE VAN DESDE LOS 5\u00a0 A LOS 10 A\u00d1OS, PARA UNA MAYOR CLARIDAD VER INFORME DEL\u00a0 LA BIBLIOTECA DEL CONGRESO NACIONAL<\/p>\n<p><strong>VER<\/strong><\/p>\n<h2><a href=\"https:\/\/www.a-tributario.cl\/wp-content\/uploads\/2020\/08\/Prescripcion-Accion-penal-delitos-tributarios-lavado-cohecho_v4.pdf\">Prescripcion Accion penal delitos tributarios lavado cohecho_v4<\/a><\/h2>\n<p><iframe loading=\"lazy\" title=\"Fiscalizaci\u00f3n y Citaci\u00f3n del SII,  por Facturas Ideol\u00f3gicamente Falsas? Errores que se deben evitar\" width=\"500\" height=\"281\" src=\"https:\/\/www.youtube.com\/embed\/5CgRsbAK68I?feature=oembed\" frameborder=\"0\" allow=\"accelerometer; autoplay; clipboard-write; encrypted-media; gyroscope; picture-in-picture\" allowfullscreen><\/iframe><\/p>\n<blockquote class=\"wp-embedded-content\" data-secret=\"90aeA9vt7R\"><p><a href=\"https:\/\/a-tributario.cl\/index.php\/contacto\/\">CONTACTO<\/a><\/p><\/blockquote>\n<p><iframe class=\"wp-embedded-content\" sandbox=\"allow-scripts\" security=\"restricted\" style=\"position: absolute; clip: rect(1px, 1px, 1px, 1px);\" title=\"&#8220;CONTACTO&#8221; &#8212; ABOGADO TRIBUTARIO LET 950959243\" src=\"https:\/\/a-tributario.cl\/index.php\/contacto\/embed\/#?secret=90aeA9vt7R\" data-secret=\"90aeA9vt7R\" width=\"500\" height=\"282\" frameborder=\"0\" marginwidth=\"0\" marginheight=\"0\" scrolling=\"no\"><\/iframe><\/p>\n","protected":false},"excerpt":{"rendered":"<p>[vc_row][vc_column width=\u00bb1\/2&#8243;][vc_column_text] DEFENSA DELITO TRIBUTARIO PYMES, FACTURAS FALSAS, DECLARACIONES MALICIOSAMENTE FALSAS O INCOMPLETAS Y OTROS &#8211; AUMENTO DE CR\u00c9DITO FISCAL IVA.- MULTAS Y SANCIONES PENALES Erradas decisiones e inclusive ignorancia de las normas Tributar\u00eda pueden llevar a un contribuyente, que sin animo doloso sea investigado o imputado por Delito Tributario.- La materia es de una [&hellip;]<\/p>\n","protected":false},"author":1,"featured_media":0,"parent":0,"menu_order":0,"comment_status":"closed","ping_status":"closed","template":"","meta":{"_monsterinsights_skip_tracking":false,"_monsterinsights_sitenote_active":false,"_monsterinsights_sitenote_note":"","_monsterinsights_sitenote_category":0,"footnotes":"","_joinchat":[]},"yoast_head":"<!-- This site is optimized with the Yoast SEO plugin v21.5 - https:\/\/yoast.com\/wordpress\/plugins\/seo\/ -->\n<title>DEFENSA PENAL TRIBUTARIA - ABOGADO TRIBUTARIO R&amp;R<\/title>\n<meta name=\"description\" content=\"DEFENSA DELITO TRIBUTARIO PYMES, FACTURAS FALSAS, DECLARACIONES MALICIOSAMENTE FALSAS O INCOMPLETAS Y OTROS - AUMENTO DE CR\u00c9DITO FISCAL IVA\" \/>\n<meta name=\"robots\" content=\"index, follow, max-snippet:-1, max-image-preview:large, max-video-preview:-1\" \/>\n<link rel=\"canonical\" href=\"https:\/\/a-tributario.cl\/index.php\/defensa-penal-tributaria\/\" \/>\n<meta property=\"og:locale\" content=\"es_ES\" \/>\n<meta property=\"og:type\" content=\"article\" \/>\n<meta property=\"og:title\" content=\"DEFENSA PENAL TRIBUTARIA - ABOGADO TRIBUTARIO R&amp;R\" \/>\n<meta property=\"og:description\" content=\"DEFENSA DELITO TRIBUTARIO PYMES, FACTURAS FALSAS, DECLARACIONES MALICIOSAMENTE FALSAS O INCOMPLETAS Y OTROS - AUMENTO DE CR\u00c9DITO FISCAL IVA\" \/>\n<meta property=\"og:url\" content=\"https:\/\/a-tributario.cl\/index.php\/defensa-penal-tributaria\/\" \/>\n<meta property=\"og:site_name\" content=\"ABOGADO TRIBUTARIO R&amp;R\" \/>\n<meta property=\"article:publisher\" content=\"https:\/\/www.facebook.com\/AbogadosTributariosIUS\/\" \/>\n<meta property=\"article:modified_time\" content=\"2021-07-14T01:55:00+00:00\" \/>\n<meta property=\"og:image\" content=\"http:\/\/static.vlex.com\/img-wide\/vlex-logo_reload.png\" \/>\n<meta name=\"twitter:card\" content=\"summary_large_image\" \/>\n<meta name=\"twitter:site\" content=\"@ius_asesores\" \/>\n<meta name=\"twitter:label1\" content=\"Tiempo de lectura\" \/>\n\t<meta name=\"twitter:data1\" content=\"3 minutos\" \/>\n<script type=\"application\/ld+json\" class=\"yoast-schema-graph\">{\"@context\":\"https:\/\/schema.org\",\"@graph\":[{\"@type\":\"WebPage\",\"@id\":\"https:\/\/a-tributario.cl\/index.php\/defensa-penal-tributaria\/\",\"url\":\"https:\/\/a-tributario.cl\/index.php\/defensa-penal-tributaria\/\",\"name\":\"DEFENSA PENAL TRIBUTARIA - ABOGADO TRIBUTARIO R&amp;R\",\"isPartOf\":{\"@id\":\"https:\/\/a-tributario.cl\/#website\"},\"datePublished\":\"2020-12-07T18:10:26+00:00\",\"dateModified\":\"2021-07-14T01:55:00+00:00\",\"description\":\"DEFENSA DELITO TRIBUTARIO PYMES, FACTURAS FALSAS, DECLARACIONES MALICIOSAMENTE FALSAS O INCOMPLETAS Y OTROS - AUMENTO DE CR\u00c9DITO FISCAL IVA\",\"breadcrumb\":{\"@id\":\"https:\/\/a-tributario.cl\/index.php\/defensa-penal-tributaria\/#breadcrumb\"},\"inLanguage\":\"es\",\"potentialAction\":[{\"@type\":\"ReadAction\",\"target\":[\"https:\/\/a-tributario.cl\/index.php\/defensa-penal-tributaria\/\"]}]},{\"@type\":\"BreadcrumbList\",\"@id\":\"https:\/\/a-tributario.cl\/index.php\/defensa-penal-tributaria\/#breadcrumb\",\"itemListElement\":[{\"@type\":\"ListItem\",\"position\":1,\"name\":\"Portada\",\"item\":\"https:\/\/a-tributario.cl\/\"},{\"@type\":\"ListItem\",\"position\":2,\"name\":\"DEFENSA PENAL TRIBUTARIA\"}]},{\"@type\":\"WebSite\",\"@id\":\"https:\/\/a-tributario.cl\/#website\",\"url\":\"https:\/\/a-tributario.cl\/\",\"name\":\"ABOGADO TRIBUTARIO R&amp;R\",\"description\":\"ASESOR\u00cdA TRIBUTARIA, DEFENSA LIQUIDACI\u00d3N Y GIRO SII, PRESCRIPCI\u00d3N IMPUESTOS DEFENSA COBRO TESORER\u00cdA\",\"publisher\":{\"@id\":\"https:\/\/a-tributario.cl\/#organization\"},\"potentialAction\":[{\"@type\":\"SearchAction\",\"target\":{\"@type\":\"EntryPoint\",\"urlTemplate\":\"https:\/\/a-tributario.cl\/?s={search_term_string}\"},\"query-input\":\"required name=search_term_string\"}],\"inLanguage\":\"es\"},{\"@type\":\"Organization\",\"@id\":\"https:\/\/a-tributario.cl\/#organization\",\"name\":\"Abogado Tributario Let\",\"url\":\"https:\/\/a-tributario.cl\/\",\"logo\":{\"@type\":\"ImageObject\",\"inLanguage\":\"es\",\"@id\":\"https:\/\/a-tributario.cl\/#\/schema\/logo\/image\/\",\"url\":\"https:\/\/a-tributario.cl\/wp-content\/uploads\/2019\/04\/Image-2018-e1556290954199.jpeg\",\"contentUrl\":\"https:\/\/a-tributario.cl\/wp-content\/uploads\/2019\/04\/Image-2018-e1556290954199.jpeg\",\"width\":128,\"height\":128,\"caption\":\"Abogado Tributario Let\"},\"image\":{\"@id\":\"https:\/\/a-tributario.cl\/#\/schema\/logo\/image\/\"},\"sameAs\":[\"https:\/\/www.facebook.com\/AbogadosTributariosIUS\/\",\"https:\/\/twitter.com\/ius_asesores\",\"https:\/\/www.linkedin.com\/in\/abogadotributario\/\"]}]}<\/script>\n<!-- \/ Yoast SEO plugin. -->","yoast_head_json":{"title":"DEFENSA PENAL TRIBUTARIA - ABOGADO TRIBUTARIO R&amp;R","description":"DEFENSA DELITO TRIBUTARIO PYMES, FACTURAS FALSAS, DECLARACIONES MALICIOSAMENTE FALSAS O INCOMPLETAS Y OTROS - AUMENTO DE CR\u00c9DITO FISCAL IVA","robots":{"index":"index","follow":"follow","max-snippet":"max-snippet:-1","max-image-preview":"max-image-preview:large","max-video-preview":"max-video-preview:-1"},"canonical":"https:\/\/a-tributario.cl\/index.php\/defensa-penal-tributaria\/","og_locale":"es_ES","og_type":"article","og_title":"DEFENSA PENAL TRIBUTARIA - ABOGADO TRIBUTARIO R&amp;R","og_description":"DEFENSA DELITO TRIBUTARIO PYMES, FACTURAS FALSAS, DECLARACIONES MALICIOSAMENTE FALSAS O INCOMPLETAS Y OTROS - AUMENTO DE CR\u00c9DITO FISCAL IVA","og_url":"https:\/\/a-tributario.cl\/index.php\/defensa-penal-tributaria\/","og_site_name":"ABOGADO TRIBUTARIO R&amp;R","article_publisher":"https:\/\/www.facebook.com\/AbogadosTributariosIUS\/","article_modified_time":"2021-07-14T01:55:00+00:00","og_image":[{"url":"http:\/\/static.vlex.com\/img-wide\/vlex-logo_reload.png"}],"twitter_card":"summary_large_image","twitter_site":"@ius_asesores","twitter_misc":{"Tiempo de lectura":"3 minutos"},"schema":{"@context":"https:\/\/schema.org","@graph":[{"@type":"WebPage","@id":"https:\/\/a-tributario.cl\/index.php\/defensa-penal-tributaria\/","url":"https:\/\/a-tributario.cl\/index.php\/defensa-penal-tributaria\/","name":"DEFENSA PENAL TRIBUTARIA - ABOGADO TRIBUTARIO R&amp;R","isPartOf":{"@id":"https:\/\/a-tributario.cl\/#website"},"datePublished":"2020-12-07T18:10:26+00:00","dateModified":"2021-07-14T01:55:00+00:00","description":"DEFENSA DELITO TRIBUTARIO PYMES, FACTURAS FALSAS, DECLARACIONES MALICIOSAMENTE FALSAS O INCOMPLETAS Y OTROS - AUMENTO DE CR\u00c9DITO FISCAL IVA","breadcrumb":{"@id":"https:\/\/a-tributario.cl\/index.php\/defensa-penal-tributaria\/#breadcrumb"},"inLanguage":"es","potentialAction":[{"@type":"ReadAction","target":["https:\/\/a-tributario.cl\/index.php\/defensa-penal-tributaria\/"]}]},{"@type":"BreadcrumbList","@id":"https:\/\/a-tributario.cl\/index.php\/defensa-penal-tributaria\/#breadcrumb","itemListElement":[{"@type":"ListItem","position":1,"name":"Portada","item":"https:\/\/a-tributario.cl\/"},{"@type":"ListItem","position":2,"name":"DEFENSA PENAL TRIBUTARIA"}]},{"@type":"WebSite","@id":"https:\/\/a-tributario.cl\/#website","url":"https:\/\/a-tributario.cl\/","name":"ABOGADO TRIBUTARIO R&amp;R","description":"ASESOR\u00cdA TRIBUTARIA, DEFENSA LIQUIDACI\u00d3N Y GIRO SII, PRESCRIPCI\u00d3N IMPUESTOS DEFENSA COBRO TESORER\u00cdA","publisher":{"@id":"https:\/\/a-tributario.cl\/#organization"},"potentialAction":[{"@type":"SearchAction","target":{"@type":"EntryPoint","urlTemplate":"https:\/\/a-tributario.cl\/?s={search_term_string}"},"query-input":"required name=search_term_string"}],"inLanguage":"es"},{"@type":"Organization","@id":"https:\/\/a-tributario.cl\/#organization","name":"Abogado Tributario Let","url":"https:\/\/a-tributario.cl\/","logo":{"@type":"ImageObject","inLanguage":"es","@id":"https:\/\/a-tributario.cl\/#\/schema\/logo\/image\/","url":"https:\/\/a-tributario.cl\/wp-content\/uploads\/2019\/04\/Image-2018-e1556290954199.jpeg","contentUrl":"https:\/\/a-tributario.cl\/wp-content\/uploads\/2019\/04\/Image-2018-e1556290954199.jpeg","width":128,"height":128,"caption":"Abogado Tributario Let"},"image":{"@id":"https:\/\/a-tributario.cl\/#\/schema\/logo\/image\/"},"sameAs":["https:\/\/www.facebook.com\/AbogadosTributariosIUS\/","https:\/\/twitter.com\/ius_asesores","https:\/\/www.linkedin.com\/in\/abogadotributario\/"]}]}},"_links":{"self":[{"href":"https:\/\/a-tributario.cl\/index.php\/wp-json\/wp\/v2\/pages\/4048"}],"collection":[{"href":"https:\/\/a-tributario.cl\/index.php\/wp-json\/wp\/v2\/pages"}],"about":[{"href":"https:\/\/a-tributario.cl\/index.php\/wp-json\/wp\/v2\/types\/page"}],"author":[{"embeddable":true,"href":"https:\/\/a-tributario.cl\/index.php\/wp-json\/wp\/v2\/users\/1"}],"replies":[{"embeddable":true,"href":"https:\/\/a-tributario.cl\/index.php\/wp-json\/wp\/v2\/comments?post=4048"}],"version-history":[{"count":11,"href":"https:\/\/a-tributario.cl\/index.php\/wp-json\/wp\/v2\/pages\/4048\/revisions"}],"predecessor-version":[{"id":5338,"href":"https:\/\/a-tributario.cl\/index.php\/wp-json\/wp\/v2\/pages\/4048\/revisions\/5338"}],"wp:attachment":[{"href":"https:\/\/a-tributario.cl\/index.php\/wp-json\/wp\/v2\/media?parent=4048"}],"curies":[{"name":"wp","href":"https:\/\/api.w.org\/{rel}","templated":true}]}}