{"id":4053,"date":"2020-12-07T19:15:58","date_gmt":"2020-12-07T19:15:58","guid":{"rendered":"https:\/\/www.a-tributario.cl\/?page_id=4053"},"modified":"2020-12-26T00:02:52","modified_gmt":"2020-12-26T00:02:52","slug":"sancion-penal-y-pecuniaria-en-delito-factura-falsa","status":"publish","type":"page","link":"https:\/\/a-tributario.cl\/index.php\/sancion-penal-y-pecuniaria-en-delito-factura-falsa\/","title":{"rendered":"SANCI\u00d3N PENAL Y PECUNIARIA EN DELITO FACTURA FALSA"},"content":{"rendered":"<p>[vc_row][vc_column width=\u00bb2\/3&#8243;][vc_column_text]<\/p>\n<h1 style=\"text-align: center;\"><img loading=\"lazy\" decoding=\"async\" class=\"alignnone size-medium wp-image-2745\" src=\"https:\/\/a-tributario.cl\/wp-content\/uploads\/2019\/05\/images-6-300x168.jpg\" alt=\"\" width=\"300\" height=\"168\"><\/h1>\n<h1 style=\"text-align: center;\">SANCI\u00d3N PENAL Y PECUNIARIA<\/h1>\n<h1 style=\"text-align: center;\">EN DELITO FACTURA FALSA<\/h1>\n<p>&nbsp;<\/p>\n<h2><strong>PRINCIPALES DELITOS TRIBUTARIOS <\/strong><\/h2>\n<h3><span id=\"addon-section\">EL ART\u00cdCULO 97 DEL <a class=\"addon-citation addon-tooltip\" href=\"https:\/\/go.vlex.com\/vid\/238902154?fbt=webapp_preview\" target=\"_blank\" rel=\"noopener noreferrer\" data-vids=\"238902154\">C\u00d3DIGO TRIBUTARIO<span class=\"tooltiptext node-preview no-print\" style=\"left: 0px; margin-left: 0px; display: none;\"><small><img decoding=\"async\" src=\"http:\/\/static.vlex.com\/img-wide\/vlex-logo_reload.png\">Enlace a\u00f1adido por la extensi\u00f3n vLex<\/small><\/span><\/a> EN LOS N\u00daMEROS 4, 5, 10, 22 y 23 , Y ARTICULO 100. SANCIONAN DIVERSAS CONDUCTAS CONSIDERADAS IL\u00cdCITAS: <\/span><\/h3>\n<h4><span id=\"addon-section\"> a) DECLARACIONES MALICIOSAMENTE FALSAS O INCOMPLETAS: El <a class=\"addon-citation addon-tooltip\" href=\"https:\/\/go.vlex.com\/vid\/238902154?fbt=webapp_preview\" target=\"_blank\" rel=\"noopener noreferrer\" data-vids=\"238902154\">C\u00f3digo Tributario<span class=\"tooltiptext node-preview no-print\" style=\"left: 0px; margin-left: 0px; display: none;\"><small><img decoding=\"async\" src=\"http:\/\/static.vlex.com\/img-wide\/vlex-logo_reload.png\">Enlace a\u00f1adido por la extensi\u00f3n vLex<\/small><\/span><\/a> sanciona la presentaci\u00f3n de declaraciones maliciosamente falsas o incompletas que puedan inducir a la liquidaci\u00f3n de un impuesto inferior al que corresponde, as\u00ed como todo procedimiento doloso encaminado a ocultar o desfigurar el monto de las operaciones realizadas o a burlar el impuesto.<\/span><\/h4>\n<h4>b) AUMENTO DE CR\u00c9DITO FISCAL IVA: Asimismo se sanciona a los contribuyentes afectos al IVA u otros impuestos sujetos a retenci\u00f3n o recargo que aumenten dolosamente el monto de sus cr\u00e9ditos o imputaciones.<\/h4>\n<h4><span id=\"addon-section\">c) DEVOLUCIONES FRAUDULENTAS DE IMPUESTOS: El <a class=\"addon-citation addon-tooltip\" href=\"https:\/\/go.vlex.com\/vid\/238902154?fbt=webapp_preview\" target=\"_blank\" rel=\"noopener noreferrer\" data-vids=\"238902154\">C\u00f3digo Tributario<span class=\"tooltiptext node-preview no-print\" style=\"left: 0px; margin-left: 0px; display: none;\"><small><img decoding=\"async\" src=\"http:\/\/static.vlex.com\/img-wide\/vlex-logo_reload.png\">Enlace a\u00f1adido por la extensi\u00f3n vLex<\/small><\/span><\/a> tambi\u00e9n castiga a quien simulando una operaci\u00f3n tributaria o vali\u00e9ndose de cualquier maniobra fraudulenta, obtenga una devoluci\u00f3n de impuesto improcedente.<\/span><\/h4>\n<h4>d) <a href=\"https:\/\/www.a-tributario.cl\/index.php\/facturas-ideologicamente-falsas\/\">USO DE INSTRUMENTOS TRIBUTARIOS FALSOS&nbsp; (ver):<\/a><span id=\"addon-section\"> El <a class=\"addon-citation addon-tooltip\" href=\"https:\/\/go.vlex.com\/vid\/238902154?fbt=webapp_preview\" target=\"_blank\" rel=\"noopener noreferrer\" data-vids=\"238902154\">C\u00f3digo Tributario<span class=\"tooltiptext node-preview no-print\" style=\"left: 0px; margin-left: 0px; display: none;\"><small><img decoding=\"async\" src=\"http:\/\/static.vlex.com\/img-wide\/vlex-logo_reload.png\">Enlace a\u00f1adido por la extensi\u00f3n vLex<\/small><\/span><\/a> pena al que hubiere hecho uso malicioso de facturas u otros documentos falsos, fraudulentos o adulterados, con el objeto de cometer o posibilitar la comisi\u00f3n de los delitos descritos en el <a class=\"addon-citation addon-tooltip addon-preview-pending\" href=\"https:\/\/go.vlex.com\/vid\/238902154\/node\/97?fbt=webapp_preview\" target=\"_blank\" rel=\"noopener noreferrer\" data-vids=\"238902154\" data-key-node=\"97\">art\u00edculo 97<span class=\"tooltiptext\"><small>Enlace a\u00f1adido por la extensi\u00f3n vLex<\/small><\/span><\/a> N\u00b04 del <a class=\"addon-citation addon-tooltip\" href=\"https:\/\/go.vlex.com\/vid\/238902154?fbt=webapp_preview\" target=\"_blank\" rel=\"noopener noreferrer\" data-vids=\"238902154\">C\u00f3digo Tributario<span class=\"tooltiptext node-preview no-print\" style=\"left: 0px; margin-left: 0px; display: none;\"><small><img decoding=\"async\" src=\"http:\/\/static.vlex.com\/img-wide\/vlex-logo_reload.png\">Enlace a\u00f1adido por la extensi\u00f3n vLex<\/small><\/span><\/a>.<\/span><\/h4>\n<h4><span id=\"addon-section\">e) FACILITACI\u00d3N DE INSTRUMENTOS TRIBUTARIOS FALSOS: El <a class=\"addon-citation addon-tooltip addon-preview-pending\" href=\"https:\/\/go.vlex.com\/vid\/238902154?fbt=webapp_preview\" target=\"_blank\" rel=\"noopener noreferrer\" data-vids=\"238902154\">C\u00f3digo Tributario<span class=\"tooltiptext\"><small>Enlace a\u00f1adido por la extensi\u00f3n vLex<\/small><\/span><\/a> pena al que maliciosamente confeccione, venda o facilite, a cualquier t\u00edtulo, gu\u00edas de despacho, facturas, notas de d\u00e9bito, notas de cr\u00e9dito o boletas, falsas, con o sin timbre del Servicio, con el objeto de cometer o posibilitar la comisi\u00f3n de los delitos descritos en el <a class=\"addon-citation addon-tooltip addon-preview-pending\" href=\"https:\/\/go.vlex.com\/vid\/238902154\/node\/97?fbt=webapp_preview\" target=\"_blank\" rel=\"noopener noreferrer\" data-vids=\"238902154\" data-key-node=\"97\">art\u00edculo 97<span class=\"tooltiptext\"><small>Enlace a\u00f1adido por la extensi\u00f3n vLex<\/small><\/span><\/a> N\u00b04 del <a class=\"addon-citation addon-tooltip addon-preview-pending\" href=\"https:\/\/go.vlex.com\/vid\/238902154?fbt=webapp_preview\" target=\"_blank\" rel=\"noopener noreferrer\" data-vids=\"238902154\">C\u00f3digo Tributario<span class=\"tooltiptext\"><small>Enlace a\u00f1adido por la extensi\u00f3n vLex<\/small><\/span><\/a>.<\/span><\/h4>\n<p>[\/vc_column_text][\/vc_column][vc_column width=\u00bb1\/3&#8243;][\/vc_column][\/vc_row]<\/p>\n","protected":false},"excerpt":{"rendered":"<p>[vc_row][vc_column width=\u00bb2\/3&#8243;][vc_column_text] SANCI\u00d3N PENAL Y PECUNIARIA EN DELITO FACTURA FALSA &nbsp; PRINCIPALES DELITOS TRIBUTARIOS EL ART\u00cdCULO 97 DEL C\u00d3DIGO TRIBUTARIOEnlace a\u00f1adido por la extensi\u00f3n vLex EN LOS N\u00daMEROS 4, 5, 10, 22 y 23 , Y ARTICULO 100. SANCIONAN DIVERSAS CONDUCTAS CONSIDERADAS IL\u00cdCITAS: a) DECLARACIONES MALICIOSAMENTE FALSAS O INCOMPLETAS: El C\u00f3digo TributarioEnlace a\u00f1adido por la [&hellip;]<\/p>\n","protected":false},"author":1,"featured_media":0,"parent":0,"menu_order":0,"comment_status":"closed","ping_status":"closed","template":"","meta":{"_monsterinsights_skip_tracking":false,"_monsterinsights_sitenote_active":false,"_monsterinsights_sitenote_note":"","_monsterinsights_sitenote_category":0,"footnotes":"","_joinchat":[]},"yoast_head":"<!-- This site is optimized with the Yoast SEO plugin v21.5 - https:\/\/yoast.com\/wordpress\/plugins\/seo\/ -->\n<title>SANCI\u00d3N PENAL Y PECUNIARIA EN DELITO FACTURA FALSA -<\/title>\n<meta name=\"description\" content=\"EL ART\u00cdCULO 97 DEL C\u00d3DIGO TRIBUTARIO EN LOS N\u00daMEROS 4, 5, 10, 22 y 23 , Y ARTICULO 100. SANCIONAN DIVERSAS CONDUCTAS CONSIDERADAS IL\u00cdCITAS\" \/>\n<meta name=\"robots\" content=\"index, follow, max-snippet:-1, max-image-preview:large, max-video-preview:-1\" \/>\n<link rel=\"canonical\" href=\"https:\/\/a-tributario.cl\/index.php\/sancion-penal-y-pecuniaria-en-delito-factura-falsa\/\" \/>\n<meta property=\"og:locale\" content=\"es_ES\" \/>\n<meta property=\"og:type\" content=\"article\" \/>\n<meta property=\"og:title\" content=\"SANCI\u00d3N PENAL Y PECUNIARIA EN DELITO FACTURA FALSA -\" \/>\n<meta property=\"og:description\" content=\"EL ART\u00cdCULO 97 DEL C\u00d3DIGO TRIBUTARIO EN LOS N\u00daMEROS 4, 5, 10, 22 y 23 , Y ARTICULO 100. SANCIONAN DIVERSAS CONDUCTAS CONSIDERADAS IL\u00cdCITAS\" \/>\n<meta property=\"og:url\" content=\"https:\/\/a-tributario.cl\/index.php\/sancion-penal-y-pecuniaria-en-delito-factura-falsa\/\" \/>\n<meta property=\"og:site_name\" content=\"ABOGADO TRIBUTARIO R&amp;R\" \/>\n<meta property=\"article:publisher\" content=\"https:\/\/www.facebook.com\/AbogadosTributariosIUS\/\" \/>\n<meta property=\"article:modified_time\" content=\"2020-12-26T00:02:52+00:00\" \/>\n<meta property=\"og:image\" content=\"https:\/\/a-tributario.cl\/wp-content\/uploads\/2019\/05\/images-6-300x168.jpg\" \/>\n<meta name=\"twitter:card\" content=\"summary_large_image\" \/>\n<meta name=\"twitter:site\" content=\"@ius_asesores\" \/>\n<meta name=\"twitter:label1\" content=\"Tiempo de lectura\" \/>\n\t<meta name=\"twitter:data1\" content=\"2 minutos\" \/>\n<script type=\"application\/ld+json\" class=\"yoast-schema-graph\">{\"@context\":\"https:\/\/schema.org\",\"@graph\":[{\"@type\":\"WebPage\",\"@id\":\"https:\/\/a-tributario.cl\/index.php\/sancion-penal-y-pecuniaria-en-delito-factura-falsa\/\",\"url\":\"https:\/\/a-tributario.cl\/index.php\/sancion-penal-y-pecuniaria-en-delito-factura-falsa\/\",\"name\":\"SANCI\u00d3N PENAL Y PECUNIARIA EN DELITO FACTURA FALSA -\",\"isPartOf\":{\"@id\":\"https:\/\/a-tributario.cl\/#website\"},\"datePublished\":\"2020-12-07T19:15:58+00:00\",\"dateModified\":\"2020-12-26T00:02:52+00:00\",\"description\":\"EL ART\u00cdCULO 97 DEL C\u00d3DIGO TRIBUTARIO EN LOS N\u00daMEROS 4, 5, 10, 22 y 23 , Y ARTICULO 100. SANCIONAN DIVERSAS CONDUCTAS CONSIDERADAS IL\u00cdCITAS\",\"breadcrumb\":{\"@id\":\"https:\/\/a-tributario.cl\/index.php\/sancion-penal-y-pecuniaria-en-delito-factura-falsa\/#breadcrumb\"},\"inLanguage\":\"es\",\"potentialAction\":[{\"@type\":\"ReadAction\",\"target\":[\"https:\/\/a-tributario.cl\/index.php\/sancion-penal-y-pecuniaria-en-delito-factura-falsa\/\"]}]},{\"@type\":\"BreadcrumbList\",\"@id\":\"https:\/\/a-tributario.cl\/index.php\/sancion-penal-y-pecuniaria-en-delito-factura-falsa\/#breadcrumb\",\"itemListElement\":[{\"@type\":\"ListItem\",\"position\":1,\"name\":\"Portada\",\"item\":\"https:\/\/a-tributario.cl\/\"},{\"@type\":\"ListItem\",\"position\":2,\"name\":\"SANCI\u00d3N PENAL Y PECUNIARIA EN DELITO FACTURA FALSA\"}]},{\"@type\":\"WebSite\",\"@id\":\"https:\/\/a-tributario.cl\/#website\",\"url\":\"https:\/\/a-tributario.cl\/\",\"name\":\"ABOGADO TRIBUTARIO R&amp;R\",\"description\":\"ASESOR\u00cdA TRIBUTARIA, DEFENSA LIQUIDACI\u00d3N Y GIRO SII, PRESCRIPCI\u00d3N IMPUESTOS DEFENSA COBRO TESORER\u00cdA\",\"publisher\":{\"@id\":\"https:\/\/a-tributario.cl\/#organization\"},\"potentialAction\":[{\"@type\":\"SearchAction\",\"target\":{\"@type\":\"EntryPoint\",\"urlTemplate\":\"https:\/\/a-tributario.cl\/?s={search_term_string}\"},\"query-input\":\"required name=search_term_string\"}],\"inLanguage\":\"es\"},{\"@type\":\"Organization\",\"@id\":\"https:\/\/a-tributario.cl\/#organization\",\"name\":\"Abogado Tributario Let\",\"url\":\"https:\/\/a-tributario.cl\/\",\"logo\":{\"@type\":\"ImageObject\",\"inLanguage\":\"es\",\"@id\":\"https:\/\/a-tributario.cl\/#\/schema\/logo\/image\/\",\"url\":\"https:\/\/a-tributario.cl\/wp-content\/uploads\/2019\/04\/Image-2018-e1556290954199.jpeg\",\"contentUrl\":\"https:\/\/a-tributario.cl\/wp-content\/uploads\/2019\/04\/Image-2018-e1556290954199.jpeg\",\"width\":128,\"height\":128,\"caption\":\"Abogado Tributario Let\"},\"image\":{\"@id\":\"https:\/\/a-tributario.cl\/#\/schema\/logo\/image\/\"},\"sameAs\":[\"https:\/\/www.facebook.com\/AbogadosTributariosIUS\/\",\"https:\/\/twitter.com\/ius_asesores\",\"https:\/\/www.linkedin.com\/in\/abogadotributario\/\"]}]}<\/script>\n<!-- \/ Yoast SEO plugin. -->","yoast_head_json":{"title":"SANCI\u00d3N PENAL Y PECUNIARIA EN DELITO FACTURA FALSA -","description":"EL ART\u00cdCULO 97 DEL C\u00d3DIGO TRIBUTARIO EN LOS N\u00daMEROS 4, 5, 10, 22 y 23 , Y ARTICULO 100. SANCIONAN DIVERSAS CONDUCTAS CONSIDERADAS IL\u00cdCITAS","robots":{"index":"index","follow":"follow","max-snippet":"max-snippet:-1","max-image-preview":"max-image-preview:large","max-video-preview":"max-video-preview:-1"},"canonical":"https:\/\/a-tributario.cl\/index.php\/sancion-penal-y-pecuniaria-en-delito-factura-falsa\/","og_locale":"es_ES","og_type":"article","og_title":"SANCI\u00d3N PENAL Y PECUNIARIA EN DELITO FACTURA FALSA -","og_description":"EL ART\u00cdCULO 97 DEL C\u00d3DIGO TRIBUTARIO EN LOS N\u00daMEROS 4, 5, 10, 22 y 23 , Y ARTICULO 100. SANCIONAN DIVERSAS CONDUCTAS CONSIDERADAS IL\u00cdCITAS","og_url":"https:\/\/a-tributario.cl\/index.php\/sancion-penal-y-pecuniaria-en-delito-factura-falsa\/","og_site_name":"ABOGADO TRIBUTARIO R&amp;R","article_publisher":"https:\/\/www.facebook.com\/AbogadosTributariosIUS\/","article_modified_time":"2020-12-26T00:02:52+00:00","og_image":[{"url":"https:\/\/a-tributario.cl\/wp-content\/uploads\/2019\/05\/images-6-300x168.jpg"}],"twitter_card":"summary_large_image","twitter_site":"@ius_asesores","twitter_misc":{"Tiempo de lectura":"2 minutos"},"schema":{"@context":"https:\/\/schema.org","@graph":[{"@type":"WebPage","@id":"https:\/\/a-tributario.cl\/index.php\/sancion-penal-y-pecuniaria-en-delito-factura-falsa\/","url":"https:\/\/a-tributario.cl\/index.php\/sancion-penal-y-pecuniaria-en-delito-factura-falsa\/","name":"SANCI\u00d3N PENAL Y PECUNIARIA EN DELITO FACTURA FALSA -","isPartOf":{"@id":"https:\/\/a-tributario.cl\/#website"},"datePublished":"2020-12-07T19:15:58+00:00","dateModified":"2020-12-26T00:02:52+00:00","description":"EL ART\u00cdCULO 97 DEL C\u00d3DIGO TRIBUTARIO EN LOS N\u00daMEROS 4, 5, 10, 22 y 23 , Y ARTICULO 100. SANCIONAN DIVERSAS CONDUCTAS CONSIDERADAS IL\u00cdCITAS","breadcrumb":{"@id":"https:\/\/a-tributario.cl\/index.php\/sancion-penal-y-pecuniaria-en-delito-factura-falsa\/#breadcrumb"},"inLanguage":"es","potentialAction":[{"@type":"ReadAction","target":["https:\/\/a-tributario.cl\/index.php\/sancion-penal-y-pecuniaria-en-delito-factura-falsa\/"]}]},{"@type":"BreadcrumbList","@id":"https:\/\/a-tributario.cl\/index.php\/sancion-penal-y-pecuniaria-en-delito-factura-falsa\/#breadcrumb","itemListElement":[{"@type":"ListItem","position":1,"name":"Portada","item":"https:\/\/a-tributario.cl\/"},{"@type":"ListItem","position":2,"name":"SANCI\u00d3N PENAL Y PECUNIARIA EN DELITO FACTURA FALSA"}]},{"@type":"WebSite","@id":"https:\/\/a-tributario.cl\/#website","url":"https:\/\/a-tributario.cl\/","name":"ABOGADO TRIBUTARIO R&amp;R","description":"ASESOR\u00cdA TRIBUTARIA, DEFENSA LIQUIDACI\u00d3N Y GIRO SII, PRESCRIPCI\u00d3N IMPUESTOS DEFENSA COBRO TESORER\u00cdA","publisher":{"@id":"https:\/\/a-tributario.cl\/#organization"},"potentialAction":[{"@type":"SearchAction","target":{"@type":"EntryPoint","urlTemplate":"https:\/\/a-tributario.cl\/?s={search_term_string}"},"query-input":"required name=search_term_string"}],"inLanguage":"es"},{"@type":"Organization","@id":"https:\/\/a-tributario.cl\/#organization","name":"Abogado Tributario Let","url":"https:\/\/a-tributario.cl\/","logo":{"@type":"ImageObject","inLanguage":"es","@id":"https:\/\/a-tributario.cl\/#\/schema\/logo\/image\/","url":"https:\/\/a-tributario.cl\/wp-content\/uploads\/2019\/04\/Image-2018-e1556290954199.jpeg","contentUrl":"https:\/\/a-tributario.cl\/wp-content\/uploads\/2019\/04\/Image-2018-e1556290954199.jpeg","width":128,"height":128,"caption":"Abogado Tributario Let"},"image":{"@id":"https:\/\/a-tributario.cl\/#\/schema\/logo\/image\/"},"sameAs":["https:\/\/www.facebook.com\/AbogadosTributariosIUS\/","https:\/\/twitter.com\/ius_asesores","https:\/\/www.linkedin.com\/in\/abogadotributario\/"]}]}},"_links":{"self":[{"href":"https:\/\/a-tributario.cl\/index.php\/wp-json\/wp\/v2\/pages\/4053"}],"collection":[{"href":"https:\/\/a-tributario.cl\/index.php\/wp-json\/wp\/v2\/pages"}],"about":[{"href":"https:\/\/a-tributario.cl\/index.php\/wp-json\/wp\/v2\/types\/page"}],"author":[{"embeddable":true,"href":"https:\/\/a-tributario.cl\/index.php\/wp-json\/wp\/v2\/users\/1"}],"replies":[{"embeddable":true,"href":"https:\/\/a-tributario.cl\/index.php\/wp-json\/wp\/v2\/comments?post=4053"}],"version-history":[{"count":7,"href":"https:\/\/a-tributario.cl\/index.php\/wp-json\/wp\/v2\/pages\/4053\/revisions"}],"predecessor-version":[{"id":4502,"href":"https:\/\/a-tributario.cl\/index.php\/wp-json\/wp\/v2\/pages\/4053\/revisions\/4502"}],"wp:attachment":[{"href":"https:\/\/a-tributario.cl\/index.php\/wp-json\/wp\/v2\/media?parent=4053"}],"curies":[{"name":"wp","href":"https:\/\/api.w.org\/{rel}","templated":true}]}}