{"id":4084,"date":"2020-12-07T20:46:17","date_gmt":"2020-12-07T20:46:17","guid":{"rendered":"https:\/\/www.a-tributario.cl\/?page_id=4084"},"modified":"2021-08-02T23:49:25","modified_gmt":"2021-08-02T23:49:25","slug":"gastos-vinculados-a-rentas-exentas-o-no-gravadas","status":"publish","type":"page","link":"https:\/\/a-tributario.cl\/index.php\/gastos-vinculados-a-rentas-exentas-o-no-gravadas\/","title":{"rendered":"GASTOS VINCULADOS A RENTAS EXENTAS O NO GRAVADAS"},"content":{"rendered":"[vc_row][vc_column width=\u00bb1\/3&#8243;][vc_column_text]<p>4.<\/p>\n<h1 style=\"text-align: left;\"><img loading=\"lazy\" decoding=\"async\" class=\"alignnone size-medium wp-image-1873 aligncenter\" src=\"https:\/\/a-tributario.cl\/wp-content\/uploads\/2017\/08\/7-300x168.jpg\" alt=\"\" width=\"300\" height=\"168\" srcset=\"https:\/\/a-tributario.cl\/wp-content\/uploads\/2017\/08\/7-300x168.jpg 300w, https:\/\/a-tributario.cl\/wp-content\/uploads\/2017\/08\/7-768x431.jpg 768w, https:\/\/a-tributario.cl\/wp-content\/uploads\/2017\/08\/7-1024x575.jpg 1024w, https:\/\/a-tributario.cl\/wp-content\/uploads\/2017\/08\/7.jpg 1119w\" sizes=\"(max-width: 300px) 100vw, 300px\" \/><\/h1>\n<p>&nbsp;<\/p>\n<h1 style=\"text-align: center;\">GASTOS VINCULADOS A<\/h1>\n<h1 style=\"text-align: center;\">RENTAS EXENTAS O<\/h1>\n<h1 style=\"text-align: center;\">NO GRAVADAS<\/h1>\n<h2>\u00a0<\/h2>\n<h2 style=\"text-align: center;\"><strong>GASTOS VINCULADOS A RENTAS EXENTAS O NO GRAVADAS.<\/strong><\/h2>\n<p><!-- \/wp:list --><\/p>\n<p><!-- wp:paragraph --><\/p>\n<p>Se mantienen al respecto las instrucciones contenidas en la Circular N\u00b0 68 de 2010, en lo que procede, considerando que los criterios contenidos en dicha Circular deben aplicarse al nuevo r\u00e9gimen general de tributaci\u00f3n vigente.<\/p>\n<h3>LA PROPORCIONALIDAD<\/h3>\n<p><!-- \/wp:paragraph --><\/p>\n<p><!-- wp:paragraph --><\/p>\n<p>Sin perjuicio de lo anterior, se debe tener presente que la Ley estableci\u00f3 nuevas reglas en la letra e) del N\u00b0 1 del art\u00edculo 33 para determinar la proporcionalidad de los gastos en aquellos casos en que los gastos y desembolsos sean imputables tanto a rentas gravadas como ingresos no renta y\/o rentas exentas de los impuestos finales.<\/p>\n<p><!-- \/wp:paragraph --><\/p>\n<p><!-- wp:paragraph --><\/p>\n<p>Para determinar la referida proporcionalidad, el contribuyente deber\u00e1 optar por una de las dos siguientes alternativas y la elegida se deber\u00e1 mantener por al menos 3 a\u00f1os comerciales consecutivos:<\/p>\n<p><!-- \/wp:paragraph --><\/p>\n<p><!-- wp:list --><\/p>\n<ul>\n<li>Aplicar al total de gastos de utilizaci\u00f3n com\u00fan, pagados o adeudados en el ejercicio, el porcentaje que resulte de dividir el total de ingresos no constitutivos de rentas y rentas exentas de los impuestos finales, sobre el total de ingresos brutos del ejercicio, incluyendo dentro de estos \u00faltimos los ingresos no renta y rentas exentas.<\/li>\n<\/ul>\n<ul>\n<li>Aplicar al total de gastos de utilizaci\u00f3n com\u00fan, pagados o adeudados en el ejercicio, el factor que resulte de multiplicar el resultado individual de las operaciones se\u00f1aladas en las letras a) y b) siguientes:<\/li>\n<\/ul>\n<p><!-- \/wp:list --><\/p>\n<p><!-- wp:list {\"ordered\":true} --><\/p>\n<ol>\n<li>\n<h4>a) La proporci\u00f3n entre el monto de los activos que generan rentas no gravadas y exentas de los impuestos finales sobre el monto total de activos asociados a la generaci\u00f3n de tales rentas. Los valores aludidos se determinar\u00e1n al cierre del ejercicio considerando lo dispuesto en el art\u00edculo 41, seg\u00fan proceda. Si dichos activos no existieren al t\u00e9rmino del ejercicio, se atender\u00e1 a su valor al inicio del ejercicio o en su defecto, al valor de adquisici\u00f3n.<\/h4>\n<\/li>\n<li>\n<h4>b) La proporci\u00f3n entre los ingresos no constitutivos de rentas y rentas exentas de los impuestos finales, sobre el total de ingresos brutos, incluidos en estos \u00faltimos los ingresos no renta y rentas exentas, al t\u00e9rmino del ejercicio respectivo, relacionadas con los activos y gastos de este inciso.<\/h4>\n<\/li>\n<\/ol>\n<p><!-- \/wp:list --><\/p>\n<p><!-- wp:paragraph --><\/p>\n<p>Para las operaciones descritas en las letras a) y b) anteriores deber\u00e1 considerarse la permanencia en d\u00edas de dichos activos e ingresos brutos durante el ejercicio respectivo, tomando como base 365 d\u00edas o la cantidad que corresponda al a\u00f1o comercial respectivo.<\/p>\n<p><!-- \/wp:paragraph --><\/p>\n<p><!-- wp:paragraph --><\/p>\n<p>Con todo, cuando las metodolog\u00edas se\u00f1aladas anteriormente no reflejen adecuadamente la situaci\u00f3n del modelo de negocios del contribuyente, \u00e9ste podr\u00e1 proponer al Servicio un m\u00e9todo alternativo que podr\u00e1 considerar factores de proporcionalidad, fijos o m\u00f3viles, en base al valor presente de los flujos futuros de los respectivos bienes o funciones, u otra metodolog\u00eda basada en t\u00e9cnicas de general aceptaci\u00f3n. Para este efecto, se aplicar\u00e1 el procedimiento previsto en el art\u00edculo 26 bis del C\u00f3digo Tributario, en la forma y con los requisitos que el Servicio regular\u00e1 mediante resoluci\u00f3n.<\/p>\n<p><!-- \/wp:paragraph --><\/p>\n<p><!-- wp:paragraph --><\/p>\n<p>El m\u00e9todo propuesto por el contribuyente deber\u00e1 considerar una f\u00f3rmula que permita verificar objetivamente la debida correlaci\u00f3n entre los ingresos afectos a IDPC y los gastos asociados a dichas rentas y podr\u00e1 ser rechazado por el Servicio si no se acredita que su aplicaci\u00f3n permite obtener el resultado buscado por la ley.<\/p>\n<p>CONSULTAS A\u00a0<\/p>\n<p><blockquote class=\"wp-embedded-content\" data-secret=\"AKL1k87cob\"><a href=\"https:\/\/a-tributario.cl\/index.php\/contacto\/\">CONTACTO<\/a><\/blockquote><iframe class=\"wp-embedded-content\" sandbox=\"allow-scripts\" security=\"restricted\" style=\"position: absolute; clip: rect(1px, 1px, 1px, 1px);\" title=\"&#8220;CONTACTO&#8221; &#8212; ABOGADO TRIBUTARIO LET 950959243\" src=\"https:\/\/a-tributario.cl\/index.php\/contacto\/embed\/#?secret=AKL1k87cob\" data-secret=\"AKL1k87cob\" width=\"500\" height=\"282\" frameborder=\"0\" marginwidth=\"0\" marginheight=\"0\" scrolling=\"no\"><\/iframe><\/p>[\/vc_column_text][\/vc_column][vc_column width=\u00bb1\/3&#8243;][\/vc_column][vc_column width=\u00bb1\/3&#8243;][\/vc_column][\/vc_row]","protected":false},"excerpt":{"rendered":"<p>[vc_row][vc_column width=\u00bb1\/3&#8243;][vc_column_text] 4. &nbsp; GASTOS VINCULADOS A RENTAS EXENTAS O NO GRAVADAS \u00a0 GASTOS VINCULADOS A RENTAS EXENTAS O NO GRAVADAS. Se mantienen al respecto las instrucciones contenidas en la Circular N\u00b0 68 de 2010, en lo que procede, considerando que los criterios contenidos en dicha Circular deben aplicarse al nuevo r\u00e9gimen general de tributaci\u00f3n [&hellip;]<\/p>\n","protected":false},"author":1,"featured_media":0,"parent":0,"menu_order":0,"comment_status":"closed","ping_status":"closed","template":"","meta":{"_monsterinsights_skip_tracking":false,"_monsterinsights_sitenote_active":false,"_monsterinsights_sitenote_note":"","_monsterinsights_sitenote_category":0,"footnotes":"","_joinchat":[]},"yoast_head":"<!-- This site is optimized with the Yoast SEO plugin v21.5 - https:\/\/yoast.com\/wordpress\/plugins\/seo\/ -->\n<title>GASTOS VINCULADOS A RENTAS EXENTAS O NO GRAVADAS -<\/title>\n<meta name=\"description\" content=\"Se mantienen las instrucciones contenidas en Circular N\u00b0 68 -2010, considerando que criterios contenidos en dicha Circular deben aplicarse al nuevo r\u00e9gimen\" \/>\n<meta name=\"robots\" content=\"index, follow, max-snippet:-1, max-image-preview:large, max-video-preview:-1\" \/>\n<link rel=\"canonical\" href=\"https:\/\/a-tributario.cl\/index.php\/gastos-vinculados-a-rentas-exentas-o-no-gravadas\/\" \/>\n<meta property=\"og:locale\" content=\"es_ES\" \/>\n<meta property=\"og:type\" content=\"article\" \/>\n<meta property=\"og:title\" content=\"GASTOS VINCULADOS A RENTAS EXENTAS O NO GRAVADAS -\" \/>\n<meta property=\"og:description\" content=\"Se mantienen las instrucciones contenidas en Circular N\u00b0 68 -2010, considerando que criterios contenidos en dicha Circular deben aplicarse al nuevo r\u00e9gimen\" \/>\n<meta property=\"og:url\" content=\"https:\/\/a-tributario.cl\/index.php\/gastos-vinculados-a-rentas-exentas-o-no-gravadas\/\" \/>\n<meta property=\"og:site_name\" content=\"ABOGADO TRIBUTARIO R&amp;R\" \/>\n<meta property=\"article:publisher\" content=\"https:\/\/www.facebook.com\/AbogadosTributariosIUS\/\" \/>\n<meta property=\"article:modified_time\" content=\"2021-08-02T23:49:25+00:00\" \/>\n<meta property=\"og:image\" content=\"https:\/\/a-tributario.cl\/wp-content\/uploads\/2017\/08\/7-300x168.jpg\" \/>\n<meta name=\"twitter:card\" content=\"summary_large_image\" \/>\n<meta name=\"twitter:site\" content=\"@ius_asesores\" \/>\n<meta name=\"twitter:label1\" content=\"Tiempo de lectura\" \/>\n\t<meta name=\"twitter:data1\" content=\"3 minutos\" \/>\n<script type=\"application\/ld+json\" class=\"yoast-schema-graph\">{\"@context\":\"https:\/\/schema.org\",\"@graph\":[{\"@type\":\"WebPage\",\"@id\":\"https:\/\/a-tributario.cl\/index.php\/gastos-vinculados-a-rentas-exentas-o-no-gravadas\/\",\"url\":\"https:\/\/a-tributario.cl\/index.php\/gastos-vinculados-a-rentas-exentas-o-no-gravadas\/\",\"name\":\"GASTOS VINCULADOS A RENTAS EXENTAS O NO GRAVADAS -\",\"isPartOf\":{\"@id\":\"https:\/\/a-tributario.cl\/#website\"},\"datePublished\":\"2020-12-07T20:46:17+00:00\",\"dateModified\":\"2021-08-02T23:49:25+00:00\",\"description\":\"Se mantienen las instrucciones contenidas en Circular N\u00b0 68 -2010, considerando que criterios contenidos en dicha Circular deben aplicarse al nuevo r\u00e9gimen\",\"breadcrumb\":{\"@id\":\"https:\/\/a-tributario.cl\/index.php\/gastos-vinculados-a-rentas-exentas-o-no-gravadas\/#breadcrumb\"},\"inLanguage\":\"es\",\"potentialAction\":[{\"@type\":\"ReadAction\",\"target\":[\"https:\/\/a-tributario.cl\/index.php\/gastos-vinculados-a-rentas-exentas-o-no-gravadas\/\"]}]},{\"@type\":\"BreadcrumbList\",\"@id\":\"https:\/\/a-tributario.cl\/index.php\/gastos-vinculados-a-rentas-exentas-o-no-gravadas\/#breadcrumb\",\"itemListElement\":[{\"@type\":\"ListItem\",\"position\":1,\"name\":\"Portada\",\"item\":\"https:\/\/a-tributario.cl\/\"},{\"@type\":\"ListItem\",\"position\":2,\"name\":\"GASTOS VINCULADOS A RENTAS EXENTAS O NO GRAVADAS\"}]},{\"@type\":\"WebSite\",\"@id\":\"https:\/\/a-tributario.cl\/#website\",\"url\":\"https:\/\/a-tributario.cl\/\",\"name\":\"ABOGADO TRIBUTARIO R&amp;R\",\"description\":\"ASESOR\u00cdA TRIBUTARIA, DEFENSA LIQUIDACI\u00d3N Y GIRO SII, PRESCRIPCI\u00d3N IMPUESTOS DEFENSA COBRO TESORER\u00cdA\",\"publisher\":{\"@id\":\"https:\/\/a-tributario.cl\/#organization\"},\"potentialAction\":[{\"@type\":\"SearchAction\",\"target\":{\"@type\":\"EntryPoint\",\"urlTemplate\":\"https:\/\/a-tributario.cl\/?s={search_term_string}\"},\"query-input\":\"required name=search_term_string\"}],\"inLanguage\":\"es\"},{\"@type\":\"Organization\",\"@id\":\"https:\/\/a-tributario.cl\/#organization\",\"name\":\"Abogado Tributario Let\",\"url\":\"https:\/\/a-tributario.cl\/\",\"logo\":{\"@type\":\"ImageObject\",\"inLanguage\":\"es\",\"@id\":\"https:\/\/a-tributario.cl\/#\/schema\/logo\/image\/\",\"url\":\"https:\/\/a-tributario.cl\/wp-content\/uploads\/2019\/04\/Image-2018-e1556290954199.jpeg\",\"contentUrl\":\"https:\/\/a-tributario.cl\/wp-content\/uploads\/2019\/04\/Image-2018-e1556290954199.jpeg\",\"width\":128,\"height\":128,\"caption\":\"Abogado Tributario Let\"},\"image\":{\"@id\":\"https:\/\/a-tributario.cl\/#\/schema\/logo\/image\/\"},\"sameAs\":[\"https:\/\/www.facebook.com\/AbogadosTributariosIUS\/\",\"https:\/\/twitter.com\/ius_asesores\",\"https:\/\/www.linkedin.com\/in\/abogadotributario\/\"]}]}<\/script>\n<!-- \/ Yoast SEO plugin. -->","yoast_head_json":{"title":"GASTOS VINCULADOS A RENTAS EXENTAS O NO GRAVADAS -","description":"Se mantienen las instrucciones contenidas en Circular N\u00b0 68 -2010, considerando que criterios contenidos en dicha Circular deben aplicarse al nuevo r\u00e9gimen","robots":{"index":"index","follow":"follow","max-snippet":"max-snippet:-1","max-image-preview":"max-image-preview:large","max-video-preview":"max-video-preview:-1"},"canonical":"https:\/\/a-tributario.cl\/index.php\/gastos-vinculados-a-rentas-exentas-o-no-gravadas\/","og_locale":"es_ES","og_type":"article","og_title":"GASTOS VINCULADOS A RENTAS EXENTAS O NO GRAVADAS -","og_description":"Se mantienen las instrucciones contenidas en Circular N\u00b0 68 -2010, considerando que criterios contenidos en dicha Circular deben aplicarse al nuevo r\u00e9gimen","og_url":"https:\/\/a-tributario.cl\/index.php\/gastos-vinculados-a-rentas-exentas-o-no-gravadas\/","og_site_name":"ABOGADO TRIBUTARIO R&amp;R","article_publisher":"https:\/\/www.facebook.com\/AbogadosTributariosIUS\/","article_modified_time":"2021-08-02T23:49:25+00:00","og_image":[{"url":"https:\/\/a-tributario.cl\/wp-content\/uploads\/2017\/08\/7-300x168.jpg"}],"twitter_card":"summary_large_image","twitter_site":"@ius_asesores","twitter_misc":{"Tiempo de lectura":"3 minutos"},"schema":{"@context":"https:\/\/schema.org","@graph":[{"@type":"WebPage","@id":"https:\/\/a-tributario.cl\/index.php\/gastos-vinculados-a-rentas-exentas-o-no-gravadas\/","url":"https:\/\/a-tributario.cl\/index.php\/gastos-vinculados-a-rentas-exentas-o-no-gravadas\/","name":"GASTOS VINCULADOS A RENTAS EXENTAS O NO GRAVADAS -","isPartOf":{"@id":"https:\/\/a-tributario.cl\/#website"},"datePublished":"2020-12-07T20:46:17+00:00","dateModified":"2021-08-02T23:49:25+00:00","description":"Se mantienen las instrucciones contenidas en Circular N\u00b0 68 -2010, considerando que criterios contenidos en dicha Circular deben aplicarse al nuevo r\u00e9gimen","breadcrumb":{"@id":"https:\/\/a-tributario.cl\/index.php\/gastos-vinculados-a-rentas-exentas-o-no-gravadas\/#breadcrumb"},"inLanguage":"es","potentialAction":[{"@type":"ReadAction","target":["https:\/\/a-tributario.cl\/index.php\/gastos-vinculados-a-rentas-exentas-o-no-gravadas\/"]}]},{"@type":"BreadcrumbList","@id":"https:\/\/a-tributario.cl\/index.php\/gastos-vinculados-a-rentas-exentas-o-no-gravadas\/#breadcrumb","itemListElement":[{"@type":"ListItem","position":1,"name":"Portada","item":"https:\/\/a-tributario.cl\/"},{"@type":"ListItem","position":2,"name":"GASTOS VINCULADOS A RENTAS EXENTAS O NO GRAVADAS"}]},{"@type":"WebSite","@id":"https:\/\/a-tributario.cl\/#website","url":"https:\/\/a-tributario.cl\/","name":"ABOGADO TRIBUTARIO R&amp;R","description":"ASESOR\u00cdA TRIBUTARIA, DEFENSA LIQUIDACI\u00d3N Y GIRO SII, PRESCRIPCI\u00d3N IMPUESTOS DEFENSA COBRO TESORER\u00cdA","publisher":{"@id":"https:\/\/a-tributario.cl\/#organization"},"potentialAction":[{"@type":"SearchAction","target":{"@type":"EntryPoint","urlTemplate":"https:\/\/a-tributario.cl\/?s={search_term_string}"},"query-input":"required name=search_term_string"}],"inLanguage":"es"},{"@type":"Organization","@id":"https:\/\/a-tributario.cl\/#organization","name":"Abogado Tributario Let","url":"https:\/\/a-tributario.cl\/","logo":{"@type":"ImageObject","inLanguage":"es","@id":"https:\/\/a-tributario.cl\/#\/schema\/logo\/image\/","url":"https:\/\/a-tributario.cl\/wp-content\/uploads\/2019\/04\/Image-2018-e1556290954199.jpeg","contentUrl":"https:\/\/a-tributario.cl\/wp-content\/uploads\/2019\/04\/Image-2018-e1556290954199.jpeg","width":128,"height":128,"caption":"Abogado Tributario Let"},"image":{"@id":"https:\/\/a-tributario.cl\/#\/schema\/logo\/image\/"},"sameAs":["https:\/\/www.facebook.com\/AbogadosTributariosIUS\/","https:\/\/twitter.com\/ius_asesores","https:\/\/www.linkedin.com\/in\/abogadotributario\/"]}]}},"_links":{"self":[{"href":"https:\/\/a-tributario.cl\/index.php\/wp-json\/wp\/v2\/pages\/4084"}],"collection":[{"href":"https:\/\/a-tributario.cl\/index.php\/wp-json\/wp\/v2\/pages"}],"about":[{"href":"https:\/\/a-tributario.cl\/index.php\/wp-json\/wp\/v2\/types\/page"}],"author":[{"embeddable":true,"href":"https:\/\/a-tributario.cl\/index.php\/wp-json\/wp\/v2\/users\/1"}],"replies":[{"embeddable":true,"href":"https:\/\/a-tributario.cl\/index.php\/wp-json\/wp\/v2\/comments?post=4084"}],"version-history":[{"count":10,"href":"https:\/\/a-tributario.cl\/index.php\/wp-json\/wp\/v2\/pages\/4084\/revisions"}],"predecessor-version":[{"id":5381,"href":"https:\/\/a-tributario.cl\/index.php\/wp-json\/wp\/v2\/pages\/4084\/revisions\/5381"}],"wp:attachment":[{"href":"https:\/\/a-tributario.cl\/index.php\/wp-json\/wp\/v2\/media?parent=4084"}],"curies":[{"name":"wp","href":"https:\/\/api.w.org\/{rel}","templated":true}]}}