{"id":4703,"date":"2021-01-23T23:43:22","date_gmt":"2021-01-23T23:43:22","guid":{"rendered":"http:\/\/www.a-tributario.cl\/?page_id=4703"},"modified":"2021-01-27T02:14:10","modified_gmt":"2021-01-27T02:14:10","slug":"contact-us","status":"publish","type":"page","link":"https:\/\/a-tributario.cl\/index.php\/contact-us\/","title":{"rendered":"contact-us"},"content":{"rendered":"<p>[vc_row][vc_column width=\u00bb1\/3&#8243;][vc_column_text]<\/p>\n<p><\/p>\n\n\n<\/p>\n<h2 style=\"text-align: center;\"><strong><a href=\"https:\/\/www.a-tributario.cl\/index.php\/contacto\/\">VER CONTACTO<\/a><\/strong><\/h2>\n<h2 style=\"text-align: center;\"><a href=\"https:\/\/www.a-tributario.cl\/index.php\/abogado\/\" target=\"_blank\" rel=\"noopener noreferrer\">ABOGADO<\/a> TRIBUTARIO LET<\/h2>\n<h1 style=\"text-align: center;\"><strong>SERVICIOS DE <\/strong><\/h1>\n<h1 style=\"text-align: center;\"><strong>ASESOR\u00cdA Y DEFENSA, <\/strong><\/h1>\n<h1 style=\"text-align: center;\"><strong>JUR\u00cdDICA TRIBUTARIA<\/strong><\/h1>\n<p style=\"text-align: center;\"><strong>PARA PYMES Y MICROEMPRESAS<\/strong><\/p>\n<p><strong>Realizamos Planificaci\u00f3n y Constituci\u00f3n de la organizaci\u00f3n Societaria, conducente a resguarde los derechos de los socios y a evitar errores de tributaci\u00f3n, que impliquen actos que puedan calificarse por el SII como elusivos de impuestos y en consecuencia generar costos no deseados.-<\/strong><\/p>\n<p><strong>Defensa frente a FISCALIZACIONES DEL SII que determinen liquidaciones o giros errados, desproporcionados o injustos.<\/strong><\/p>\n<p><strong>Defensa\u00a0 ante el TRIBUNAL TRIBUTARIO Y ADUANERO (TTA), contra de liquidaciones\u00a0 de impuestos;\u00a0<\/strong><\/p>\n<p><strong>Defensa integral ante los Juzgados de Garant\u00eda y de Juicio Oral en lo Penal, frente a DELITOS TRIBUTARIOS.<\/strong><\/p>\n<p><strong>Defensa y Prescripci\u00f3n ante el cobro de impuestos, de la TESORER\u00cdA GENERAL DE LA REP\u00daBLICA.<\/strong><\/p>\n<p>\n\n\n<p><\/p>\n<p>[\/vc_column_text][\/vc_column][vc_column width=\u00bb1\/3&#8243;][vc_column_text]<\/p>\n<h3>Consulta y Evaluaci\u00f3n Gratuita por:<\/h3>\n<p>&nbsp;<\/p>\n<p><strong>1.-&nbsp;<a href=\"https:\/\/www.a-tributario.cl\/index.php\/tesoreria-defensa-tributaria-embargo\/\" target=\"_blank\" rel=\"noopener noreferrer\">DEUDA DE IMPUESTOS ( iva \u2013 renta )&nbsp; Tesorer\u00eda<\/a><\/strong><\/p>\n<p><strong>2.-&nbsp;<a href=\"https:\/\/www.a-tributario.cl\/index.php\/defensa-giro-impuestos-iva-renta-sii\/\" target=\"_blank\" rel=\"noopener noreferrer\">FISCALIZACI\u00d3N, LIQUIDACI\u00d3N, GIRO, QUERELLA SII<\/a><\/strong><\/p>\n<p><strong>3.-<a href=\"https:\/\/www.a-tributario.cl\/index.php\/vulneracion-de-derechos-del-contribuyente\/\" target=\"_blank\" rel=\"noopener noreferrer\">&nbsp;VULNERACI\u00d3N DE DERECHOS SII<\/a><\/strong><\/p>\n<p><strong>4.- TASACI\u00d3N SII<\/strong><\/p>\n<p>&nbsp;<\/p>\n<h2 style=\"text-align: center;\"><strong>VER<\/strong><\/h2>\n<p>&nbsp;<\/p>\n<ul>\n<li><strong><a href=\"https:\/\/www.a-tributario.cl\/index.php\/beneficios-tributarios-a-la-exportacion\/\" target=\"_blank\" rel=\"noopener noreferrer\">BENEFICIOS TRIBUTARIOS A EXPORTADORES<\/a><\/strong><\/li>\n<li><strong><a href=\"https:\/\/www.a-tributario.cl\/index.php\/planificacion-tributaria-no-elusiva\/\" target=\"_blank\" rel=\"noopener noreferrer\">PLANIFICACI\u00d3N TRIBUTARIA NO ELUSIVA<\/a><\/strong><\/li>\n<li><strong><a href=\"https:\/\/www.a-tributario.cl\/index.php\/gasto-rechazado-aceptado-circular-53-2020-sii\/\" target=\"_blank\" rel=\"noopener noreferrer\">GASTOS RECHAZADOS<\/a><\/strong><strong>&nbsp;<\/strong>\n<ul>\n<li><strong><a href=\"https:\/\/www.a-tributario.cl\/index.php\/credito-incobrable\/\" target=\"_blank\" rel=\"noopener noreferrer\">CR\u00c9DITO INCOBRABLE<\/a><\/strong><\/li>\n<li><strong><a href=\"https:\/\/www.a-tributario.cl\/index.php\/depreciacion-de-bienes-fisicos-del-activo-inmovilizado\/\" target=\"_blank\" rel=\"noopener noreferrer\">DEPRECIACI\u00d3N DE BIENES<\/a><\/strong><\/li>\n<\/ul>\n<\/li>\n<\/ul>\n<ul>\n<li style=\"list-style-type: none;\">&nbsp;<\/li>\n<\/ul>\n<ul>\n<li><strong><a href=\"https:\/\/www.a-tributario.cl\/wp-admin\/post.php?post=2689&amp;action=edit\" target=\"_blank\" rel=\"noopener noreferrer\">PERDIDA DE ARRASTRE<\/a><\/strong><\/li>\n<li><strong><a href=\"https:\/\/www.a-tributario.cl\/index.php\/defensa-giro-impuestos-iva-renta-sii\/\" target=\"_blank\" rel=\"noopener noreferrer\">JUSTIFICACI\u00d3N DE INVERSI\u00d3N<\/a><\/strong><\/li>\n<li><strong><a href=\"https:\/\/www.a-tributario.cl\/index.php\/prescripcion-impuestos-chile-2\/\" target=\"_blank\" rel=\"noopener noreferrer\">PRESCRIPCI\u00d3N IMPUESTOS<\/a><\/strong><\/li>\n<li><a href=\"https:\/\/www.a-tributario.cl\/index.php\/giro-o-liquidacion-sii-defensa-ante-el-tta\/\" target=\"_blank\" rel=\"noopener noreferrer\"><strong>DEFENSA EN FISCALIZACI\u00d3N, CITACI\u00d3N, LIQUIDACI\u00d3N y GIRO SII<\/strong><\/a><\/li>\n<li><a href=\"https:\/\/www.a-tributario.cl\/index.php\/delito-tributario-2\/\" target=\"_blank\" rel=\"noopener noreferrer\"><strong>DEFENSA QUERELLA DELITO TRIBUTARIO<\/strong><\/a><\/li>\n<li><a href=\"https:\/\/www.a-tributario.cl\/index.php\/facturas-ideologicamente-falsas\/\" target=\"_blank\" rel=\"noopener noreferrer\"><strong>FACTURA IDEOL\u00d3GICAMENTE FALSA<\/strong><\/a><\/li>\n<\/ul>\n<p>[\/vc_column_text][\/vc_column][vc_column width=\u00bb1\/3&#8243;][\/vc_column][\/vc_row]<\/p>","protected":false},"excerpt":{"rendered":"<p>[vc_row][vc_column width=\u00bb1\/3&#8243;][vc_column_text] VER CONTACTO ABOGADO TRIBUTARIO LET SERVICIOS DE ASESOR\u00cdA Y DEFENSA, JUR\u00cdDICA TRIBUTARIA PARA PYMES Y MICROEMPRESAS Realizamos Planificaci\u00f3n y Constituci\u00f3n de la organizaci\u00f3n Societaria, conducente a resguarde los derechos de los socios y a evitar errores de tributaci\u00f3n, que impliquen actos que puedan calificarse por el SII como elusivos de impuestos y en [&hellip;]<\/p>\n","protected":false},"author":1,"featured_media":0,"parent":0,"menu_order":0,"comment_status":"closed","ping_status":"closed","template":"","meta":{"_monsterinsights_skip_tracking":false,"_monsterinsights_sitenote_active":false,"_monsterinsights_sitenote_note":"","_monsterinsights_sitenote_category":0,"footnotes":"","_joinchat":[]},"yoast_head":"<!-- This site is optimized with the Yoast SEO plugin v21.5 - https:\/\/yoast.com\/wordpress\/plugins\/seo\/ -->\n<title>contact-us - ABOGADO TRIBUTARIO R&amp;R<\/title>\n<meta name=\"description\" content=\"ASESOR\u00cdA Y DEFENSA, JUR\u00cdDICA TRIBUTARIA - Realizamos Planificaci\u00f3n y Constituci\u00f3n de organizaci\u00f3n Societaria-- Defensa frente a FISCALIZACIONES DEL SII\" \/>\n<meta name=\"robots\" content=\"index, follow, max-snippet:-1, max-image-preview:large, max-video-preview:-1\" \/>\n<link rel=\"canonical\" href=\"https:\/\/a-tributario.cl\/index.php\/contact-us\/\" \/>\n<meta property=\"og:locale\" content=\"es_ES\" \/>\n<meta property=\"og:type\" content=\"article\" \/>\n<meta property=\"og:title\" content=\"contact-us - ABOGADO TRIBUTARIO R&amp;R\" \/>\n<meta property=\"og:description\" content=\"ASESOR\u00cdA Y DEFENSA, JUR\u00cdDICA TRIBUTARIA - Realizamos Planificaci\u00f3n y Constituci\u00f3n de organizaci\u00f3n Societaria-- Defensa frente a FISCALIZACIONES DEL SII\" \/>\n<meta property=\"og:url\" content=\"https:\/\/a-tributario.cl\/index.php\/contact-us\/\" \/>\n<meta property=\"og:site_name\" content=\"ABOGADO TRIBUTARIO R&amp;R\" \/>\n<meta property=\"article:publisher\" content=\"https:\/\/www.facebook.com\/AbogadosTributariosIUS\/\" \/>\n<meta property=\"article:modified_time\" content=\"2021-01-27T02:14:10+00:00\" \/>\n<meta name=\"twitter:card\" content=\"summary_large_image\" \/>\n<meta name=\"twitter:site\" content=\"@ius_asesores\" \/>\n<meta name=\"twitter:label1\" content=\"Tiempo de lectura\" \/>\n\t<meta name=\"twitter:data1\" content=\"1 minuto\" \/>\n<script type=\"application\/ld+json\" class=\"yoast-schema-graph\">{\"@context\":\"https:\/\/schema.org\",\"@graph\":[{\"@type\":\"WebPage\",\"@id\":\"https:\/\/a-tributario.cl\/index.php\/contact-us\/\",\"url\":\"https:\/\/a-tributario.cl\/index.php\/contact-us\/\",\"name\":\"contact-us - ABOGADO TRIBUTARIO R&amp;R\",\"isPartOf\":{\"@id\":\"https:\/\/a-tributario.cl\/#website\"},\"datePublished\":\"2021-01-23T23:43:22+00:00\",\"dateModified\":\"2021-01-27T02:14:10+00:00\",\"description\":\"ASESOR\u00cdA Y DEFENSA, JUR\u00cdDICA TRIBUTARIA - Realizamos Planificaci\u00f3n y Constituci\u00f3n de organizaci\u00f3n Societaria-- Defensa frente a FISCALIZACIONES DEL SII\",\"breadcrumb\":{\"@id\":\"https:\/\/a-tributario.cl\/index.php\/contact-us\/#breadcrumb\"},\"inLanguage\":\"es\",\"potentialAction\":[{\"@type\":\"ReadAction\",\"target\":[\"https:\/\/a-tributario.cl\/index.php\/contact-us\/\"]}]},{\"@type\":\"BreadcrumbList\",\"@id\":\"https:\/\/a-tributario.cl\/index.php\/contact-us\/#breadcrumb\",\"itemListElement\":[{\"@type\":\"ListItem\",\"position\":1,\"name\":\"Portada\",\"item\":\"https:\/\/a-tributario.cl\/\"},{\"@type\":\"ListItem\",\"position\":2,\"name\":\"contact-us\"}]},{\"@type\":\"WebSite\",\"@id\":\"https:\/\/a-tributario.cl\/#website\",\"url\":\"https:\/\/a-tributario.cl\/\",\"name\":\"ABOGADO TRIBUTARIO R&amp;R\",\"description\":\"ASESOR\u00cdA TRIBUTARIA, DEFENSA LIQUIDACI\u00d3N Y GIRO SII, PRESCRIPCI\u00d3N IMPUESTOS DEFENSA COBRO TESORER\u00cdA\",\"publisher\":{\"@id\":\"https:\/\/a-tributario.cl\/#organization\"},\"potentialAction\":[{\"@type\":\"SearchAction\",\"target\":{\"@type\":\"EntryPoint\",\"urlTemplate\":\"https:\/\/a-tributario.cl\/?s={search_term_string}\"},\"query-input\":\"required name=search_term_string\"}],\"inLanguage\":\"es\"},{\"@type\":\"Organization\",\"@id\":\"https:\/\/a-tributario.cl\/#organization\",\"name\":\"Abogado Tributario Let\",\"url\":\"https:\/\/a-tributario.cl\/\",\"logo\":{\"@type\":\"ImageObject\",\"inLanguage\":\"es\",\"@id\":\"https:\/\/a-tributario.cl\/#\/schema\/logo\/image\/\",\"url\":\"https:\/\/a-tributario.cl\/wp-content\/uploads\/2019\/04\/Image-2018-e1556290954199.jpeg\",\"contentUrl\":\"https:\/\/a-tributario.cl\/wp-content\/uploads\/2019\/04\/Image-2018-e1556290954199.jpeg\",\"width\":128,\"height\":128,\"caption\":\"Abogado Tributario Let\"},\"image\":{\"@id\":\"https:\/\/a-tributario.cl\/#\/schema\/logo\/image\/\"},\"sameAs\":[\"https:\/\/www.facebook.com\/AbogadosTributariosIUS\/\",\"https:\/\/twitter.com\/ius_asesores\",\"https:\/\/www.linkedin.com\/in\/abogadotributario\/\"]}]}<\/script>\n<!-- \/ Yoast SEO plugin. -->","yoast_head_json":{"title":"contact-us - ABOGADO TRIBUTARIO R&amp;R","description":"ASESOR\u00cdA Y DEFENSA, JUR\u00cdDICA TRIBUTARIA - Realizamos Planificaci\u00f3n y Constituci\u00f3n de organizaci\u00f3n Societaria-- Defensa frente a FISCALIZACIONES DEL SII","robots":{"index":"index","follow":"follow","max-snippet":"max-snippet:-1","max-image-preview":"max-image-preview:large","max-video-preview":"max-video-preview:-1"},"canonical":"https:\/\/a-tributario.cl\/index.php\/contact-us\/","og_locale":"es_ES","og_type":"article","og_title":"contact-us - ABOGADO TRIBUTARIO R&amp;R","og_description":"ASESOR\u00cdA Y DEFENSA, JUR\u00cdDICA TRIBUTARIA - Realizamos Planificaci\u00f3n y Constituci\u00f3n de organizaci\u00f3n Societaria-- Defensa frente a FISCALIZACIONES DEL SII","og_url":"https:\/\/a-tributario.cl\/index.php\/contact-us\/","og_site_name":"ABOGADO TRIBUTARIO R&amp;R","article_publisher":"https:\/\/www.facebook.com\/AbogadosTributariosIUS\/","article_modified_time":"2021-01-27T02:14:10+00:00","twitter_card":"summary_large_image","twitter_site":"@ius_asesores","twitter_misc":{"Tiempo de lectura":"1 minuto"},"schema":{"@context":"https:\/\/schema.org","@graph":[{"@type":"WebPage","@id":"https:\/\/a-tributario.cl\/index.php\/contact-us\/","url":"https:\/\/a-tributario.cl\/index.php\/contact-us\/","name":"contact-us - ABOGADO TRIBUTARIO R&amp;R","isPartOf":{"@id":"https:\/\/a-tributario.cl\/#website"},"datePublished":"2021-01-23T23:43:22+00:00","dateModified":"2021-01-27T02:14:10+00:00","description":"ASESOR\u00cdA Y DEFENSA, JUR\u00cdDICA TRIBUTARIA - Realizamos Planificaci\u00f3n y Constituci\u00f3n de organizaci\u00f3n Societaria-- Defensa frente a FISCALIZACIONES DEL SII","breadcrumb":{"@id":"https:\/\/a-tributario.cl\/index.php\/contact-us\/#breadcrumb"},"inLanguage":"es","potentialAction":[{"@type":"ReadAction","target":["https:\/\/a-tributario.cl\/index.php\/contact-us\/"]}]},{"@type":"BreadcrumbList","@id":"https:\/\/a-tributario.cl\/index.php\/contact-us\/#breadcrumb","itemListElement":[{"@type":"ListItem","position":1,"name":"Portada","item":"https:\/\/a-tributario.cl\/"},{"@type":"ListItem","position":2,"name":"contact-us"}]},{"@type":"WebSite","@id":"https:\/\/a-tributario.cl\/#website","url":"https:\/\/a-tributario.cl\/","name":"ABOGADO TRIBUTARIO R&amp;R","description":"ASESOR\u00cdA TRIBUTARIA, DEFENSA LIQUIDACI\u00d3N Y GIRO SII, PRESCRIPCI\u00d3N IMPUESTOS DEFENSA COBRO TESORER\u00cdA","publisher":{"@id":"https:\/\/a-tributario.cl\/#organization"},"potentialAction":[{"@type":"SearchAction","target":{"@type":"EntryPoint","urlTemplate":"https:\/\/a-tributario.cl\/?s={search_term_string}"},"query-input":"required name=search_term_string"}],"inLanguage":"es"},{"@type":"Organization","@id":"https:\/\/a-tributario.cl\/#organization","name":"Abogado Tributario Let","url":"https:\/\/a-tributario.cl\/","logo":{"@type":"ImageObject","inLanguage":"es","@id":"https:\/\/a-tributario.cl\/#\/schema\/logo\/image\/","url":"https:\/\/a-tributario.cl\/wp-content\/uploads\/2019\/04\/Image-2018-e1556290954199.jpeg","contentUrl":"https:\/\/a-tributario.cl\/wp-content\/uploads\/2019\/04\/Image-2018-e1556290954199.jpeg","width":128,"height":128,"caption":"Abogado Tributario Let"},"image":{"@id":"https:\/\/a-tributario.cl\/#\/schema\/logo\/image\/"},"sameAs":["https:\/\/www.facebook.com\/AbogadosTributariosIUS\/","https:\/\/twitter.com\/ius_asesores","https:\/\/www.linkedin.com\/in\/abogadotributario\/"]}]}},"_links":{"self":[{"href":"https:\/\/a-tributario.cl\/index.php\/wp-json\/wp\/v2\/pages\/4703"}],"collection":[{"href":"https:\/\/a-tributario.cl\/index.php\/wp-json\/wp\/v2\/pages"}],"about":[{"href":"https:\/\/a-tributario.cl\/index.php\/wp-json\/wp\/v2\/types\/page"}],"author":[{"embeddable":true,"href":"https:\/\/a-tributario.cl\/index.php\/wp-json\/wp\/v2\/users\/1"}],"replies":[{"embeddable":true,"href":"https:\/\/a-tributario.cl\/index.php\/wp-json\/wp\/v2\/comments?post=4703"}],"version-history":[{"count":8,"href":"https:\/\/a-tributario.cl\/index.php\/wp-json\/wp\/v2\/pages\/4703\/revisions"}],"predecessor-version":[{"id":4791,"href":"https:\/\/a-tributario.cl\/index.php\/wp-json\/wp\/v2\/pages\/4703\/revisions\/4791"}],"wp:attachment":[{"href":"https:\/\/a-tributario.cl\/index.php\/wp-json\/wp\/v2\/media?parent=4703"}],"curies":[{"name":"wp","href":"https:\/\/api.w.org\/{rel}","templated":true}]}}