{"id":4832,"date":"2021-02-28T21:13:19","date_gmt":"2021-02-28T21:13:19","guid":{"rendered":"https:\/\/a-tributario.cl\/?page_id=4832"},"modified":"2021-02-28T21:13:20","modified_gmt":"2021-02-28T21:13:20","slug":"gastos-c0nsiderados-improcedentes","status":"publish","type":"page","link":"https:\/\/a-tributario.cl\/index.php\/gastos-c0nsiderados-improcedentes\/","title":{"rendered":"GASTOS C0NSIDERADOS IMPROCEDENTES"},"content":{"rendered":"\n<h1 class=\"wp-block-heading\"><br><\/h1>\n\n\n\n<h1 class=\"wp-block-heading\"><strong>GASTOS CONSIDERADOS<\/strong><\/h1>\n\n\n\n<h1 class=\"wp-block-heading\"><strong>IMPROCEDENTES COMO NECESARIOS<\/strong><\/h1>\n\n\n\n<p><strong>Cabe se\u00f1alar que no procede considerar como gastos necesarios para producir la renta aquellos que tengan como causa la culpa leve o grave<\/strong><strong>&nbsp;del contribuyente<\/strong>&nbsp;(se excluyen los casos de culpa lev\u00edsima). Al respecto, amparados en la presunci\u00f3n de buena fe que contempla el N\u00b0 19 del art\u00edculo 8 bis del C\u00f3digo Tributario, y para fines pr\u00e1cticos en materia de gastos, se presume que los contribuyentes se comportan en sus negocios conforme al est\u00e1ndar de cuidado exigido a una persona mediana \u2013 ni la especialmente cuidadosa ni la groseramente descuidada. Lo anterior, en cuanto constituye el est\u00e1ndar de comportamiento general que cabe suponer de los contribuyentes y, por la misma raz\u00f3n, este Servicio en principio debe abstenerse de cuestionar dicho comportamiento salvo que cuente con antecedentes suficientes y fundados para estimar que los hechos que sustentan el gasto configuran una actuaci\u00f3n con culpa leve o grave.<\/p>\n\n\n\n<p>Finalmente, no procede considerar como gastos necesarios para producir la renta las d\u00e1divas de cohecho o soborno que puedan otorgarse a un funcionario p\u00fablico, y en general, a cualquier persona, pues cualquiera fueren las circunstancias en que se efect\u00faan tales pagos, es inconcebible e improcedente estimarlos jur\u00eddicamente necesarios para producir la renta, pues ninguna actividad econ\u00f3mica requiere para su desarrollo de exacciones ileg\u00edtimas o il\u00edcitas. Asimismo, tampoco constituyen gastos necesarios para producir la renta los desembolsos relacionados con cualquier actividad il\u00edcita.<\/p>\n\n\n\n<h2 class=\"wp-block-heading\"><strong>1.2. QUE NO HAYAN SIDO REBAJADOS EN VIRTUD DEL ART\u00cdCULO 30.<\/strong><\/h2>\n\n\n\n<p>Este requisito supone que el desembolso efectuado no se encuentre formando parte integrante del costo directo de los bienes y servicios requeridos para la obtenci\u00f3n de la renta. Como se puede apreciar, no procede efectuar una doble rebaja de la renta l\u00edquida v\u00eda costo del art\u00edculo 30 y v\u00eda gasto del art\u00edculo 31.<\/p>\n\n\n\n<h2 class=\"wp-block-heading\"><strong>1.3. QUE SE ENCUENTREN PAGADOS O ADEUDADOS EN EL EJERCICIO COMERCIAL CORRESPONDIENTE.<\/strong><\/h2>\n\n\n\n<p>Los gastos podr\u00e1n ser rebajados en la determinaci\u00f3n de la renta l\u00edquida del ejercicio en que se encuentren pagados o adeudados.<\/p>\n\n\n\n<p>Este requisito es la contrapartida de la forma en que se reconocen los ingresos conforme al art\u00edculo 29, esto es, tal como los ingresos deben reconocerse percibidos o devengados, los gastos deben reconocerse pagados o adeudados.<\/p>\n\n\n\n<p>Un gasto se encuentra pagado no s\u00f3lo cuando se ha efectuado el pago efectivo, esto es, la prestaci\u00f3n de lo que se debe al estricto tenor de lo pactado, sino tambi\u00e9n cuando se ha extinguido la obligaci\u00f3n pactada de alguna forma equivalente al pago, como son los modos de extinguir las obligaciones establecidos en el art\u00edculo 1567 del C\u00f3digo Civil, salvo aquellos que no satisfacen al acreedor con la ejecuci\u00f3n de la prestaci\u00f3n debida u otra equivalente, como la prescripci\u00f3n o la condonaci\u00f3n de una deuda. Lo anterior, independiente del efecto tributario que puedan provocar para el deudor estos distintos modos de extinguir su obligaci\u00f3n.<\/p>\n\n\n\n<p>Por otra parte, un gasto se encuentra adeudado cuando ha nacido el derecho correlativo a exigir su pago.<\/p>\n\n\n\n<p>La exigencia de que el gasto se encuentre pagado o adeudado para que el desembolso pueda deducirse como gasto es una condici\u00f3n que establece la ley que implica que desde el punto de vista tributario no son aceptadas como un gasto las provisiones o estimaciones de gastos.<\/p>\n\n\n\n<p>Respecto del momento de la deducibilidad del gasto, el inciso tercero del art\u00edculo 31, que no fue modificado por la Ley, aborda la situaci\u00f3n de las cantidades, rentas y remuneraciones indicadas en el art\u00edculo 59, que se originen en actos o contratos celebrados con partes directa o indirectamente relacionadas con la entidad local respectiva, en los t\u00e9rminos del art\u00edculo 41 E3.<\/p>\n","protected":false},"excerpt":{"rendered":"<p>GASTOS CONSIDERADOS IMPROCEDENTES COMO NECESARIOS Cabe se\u00f1alar que no procede considerar como gastos necesarios para producir la renta aquellos que tengan como causa la culpa leve o grave&nbsp;del contribuyente&nbsp;(se excluyen los casos de culpa lev\u00edsima). Al respecto, amparados en la presunci\u00f3n de buena fe que contempla el N\u00b0 19 del art\u00edculo 8 bis del C\u00f3digo [&hellip;]<\/p>\n","protected":false},"author":1,"featured_media":0,"parent":0,"menu_order":0,"comment_status":"closed","ping_status":"closed","template":"","meta":{"_monsterinsights_skip_tracking":false,"_monsterinsights_sitenote_active":false,"_monsterinsights_sitenote_note":"","_monsterinsights_sitenote_category":0,"footnotes":"","_joinchat":[]},"yoast_head":"<!-- This site is optimized with the Yoast SEO plugin v21.5 - https:\/\/yoast.com\/wordpress\/plugins\/seo\/ -->\n<title>GASTOS C0NSIDERADOS IMPROCEDENTES A TRIBUTARIO LET<\/title>\n<meta name=\"description\" content=\"SII - CIRCULAR 53-2020 - Gasto Necesario - Gastos Considerados Improcedentes Como Necesarios- CONSULTAS VIA WHATSAPP 950959243\" \/>\n<meta name=\"robots\" content=\"index, follow, max-snippet:-1, max-image-preview:large, max-video-preview:-1\" \/>\n<link rel=\"canonical\" href=\"https:\/\/a-tributario.cl\/index.php\/gastos-c0nsiderados-improcedentes\/\" \/>\n<meta property=\"og:locale\" content=\"es_ES\" \/>\n<meta property=\"og:type\" content=\"article\" \/>\n<meta property=\"og:title\" content=\"GASTOS C0NSIDERADOS IMPROCEDENTES A TRIBUTARIO LET\" \/>\n<meta property=\"og:description\" content=\"SII - CIRCULAR 53-2020 - Gasto Necesario - Gastos Considerados Improcedentes Como Necesarios- CONSULTAS VIA WHATSAPP 950959243\" \/>\n<meta property=\"og:url\" content=\"https:\/\/a-tributario.cl\/index.php\/gastos-c0nsiderados-improcedentes\/\" \/>\n<meta property=\"og:site_name\" content=\"ABOGADO TRIBUTARIO R&amp;R\" \/>\n<meta property=\"article:publisher\" content=\"https:\/\/www.facebook.com\/AbogadosTributariosIUS\/\" \/>\n<meta property=\"article:modified_time\" content=\"2021-02-28T21:13:20+00:00\" \/>\n<meta name=\"twitter:card\" content=\"summary_large_image\" \/>\n<meta name=\"twitter:site\" content=\"@ius_asesores\" \/>\n<meta name=\"twitter:label1\" content=\"Tiempo de lectura\" \/>\n\t<meta name=\"twitter:data1\" content=\"3 minutos\" \/>\n<script type=\"application\/ld+json\" class=\"yoast-schema-graph\">{\"@context\":\"https:\/\/schema.org\",\"@graph\":[{\"@type\":\"WebPage\",\"@id\":\"https:\/\/a-tributario.cl\/index.php\/gastos-c0nsiderados-improcedentes\/\",\"url\":\"https:\/\/a-tributario.cl\/index.php\/gastos-c0nsiderados-improcedentes\/\",\"name\":\"GASTOS C0NSIDERADOS IMPROCEDENTES A TRIBUTARIO LET\",\"isPartOf\":{\"@id\":\"https:\/\/a-tributario.cl\/#website\"},\"datePublished\":\"2021-02-28T21:13:19+00:00\",\"dateModified\":\"2021-02-28T21:13:20+00:00\",\"description\":\"SII - CIRCULAR 53-2020 - Gasto Necesario - Gastos Considerados Improcedentes Como Necesarios- CONSULTAS VIA WHATSAPP 950959243\",\"breadcrumb\":{\"@id\":\"https:\/\/a-tributario.cl\/index.php\/gastos-c0nsiderados-improcedentes\/#breadcrumb\"},\"inLanguage\":\"es\",\"potentialAction\":[{\"@type\":\"ReadAction\",\"target\":[\"https:\/\/a-tributario.cl\/index.php\/gastos-c0nsiderados-improcedentes\/\"]}]},{\"@type\":\"BreadcrumbList\",\"@id\":\"https:\/\/a-tributario.cl\/index.php\/gastos-c0nsiderados-improcedentes\/#breadcrumb\",\"itemListElement\":[{\"@type\":\"ListItem\",\"position\":1,\"name\":\"Portada\",\"item\":\"https:\/\/a-tributario.cl\/\"},{\"@type\":\"ListItem\",\"position\":2,\"name\":\"GASTOS C0NSIDERADOS IMPROCEDENTES\"}]},{\"@type\":\"WebSite\",\"@id\":\"https:\/\/a-tributario.cl\/#website\",\"url\":\"https:\/\/a-tributario.cl\/\",\"name\":\"ABOGADO TRIBUTARIO R&amp;R\",\"description\":\"ASESOR\u00cdA TRIBUTARIA, DEFENSA LIQUIDACI\u00d3N Y GIRO SII, PRESCRIPCI\u00d3N IMPUESTOS DEFENSA COBRO TESORER\u00cdA\",\"publisher\":{\"@id\":\"https:\/\/a-tributario.cl\/#organization\"},\"potentialAction\":[{\"@type\":\"SearchAction\",\"target\":{\"@type\":\"EntryPoint\",\"urlTemplate\":\"https:\/\/a-tributario.cl\/?s={search_term_string}\"},\"query-input\":\"required name=search_term_string\"}],\"inLanguage\":\"es\"},{\"@type\":\"Organization\",\"@id\":\"https:\/\/a-tributario.cl\/#organization\",\"name\":\"Abogado Tributario Let\",\"url\":\"https:\/\/a-tributario.cl\/\",\"logo\":{\"@type\":\"ImageObject\",\"inLanguage\":\"es\",\"@id\":\"https:\/\/a-tributario.cl\/#\/schema\/logo\/image\/\",\"url\":\"https:\/\/a-tributario.cl\/wp-content\/uploads\/2019\/04\/Image-2018-e1556290954199.jpeg\",\"contentUrl\":\"https:\/\/a-tributario.cl\/wp-content\/uploads\/2019\/04\/Image-2018-e1556290954199.jpeg\",\"width\":128,\"height\":128,\"caption\":\"Abogado Tributario Let\"},\"image\":{\"@id\":\"https:\/\/a-tributario.cl\/#\/schema\/logo\/image\/\"},\"sameAs\":[\"https:\/\/www.facebook.com\/AbogadosTributariosIUS\/\",\"https:\/\/twitter.com\/ius_asesores\",\"https:\/\/www.linkedin.com\/in\/abogadotributario\/\"]}]}<\/script>\n<!-- \/ Yoast SEO plugin. -->","yoast_head_json":{"title":"GASTOS C0NSIDERADOS IMPROCEDENTES A TRIBUTARIO LET","description":"SII - CIRCULAR 53-2020 - Gasto Necesario - Gastos Considerados Improcedentes Como Necesarios- CONSULTAS VIA WHATSAPP 950959243","robots":{"index":"index","follow":"follow","max-snippet":"max-snippet:-1","max-image-preview":"max-image-preview:large","max-video-preview":"max-video-preview:-1"},"canonical":"https:\/\/a-tributario.cl\/index.php\/gastos-c0nsiderados-improcedentes\/","og_locale":"es_ES","og_type":"article","og_title":"GASTOS C0NSIDERADOS IMPROCEDENTES A TRIBUTARIO LET","og_description":"SII - CIRCULAR 53-2020 - Gasto Necesario - Gastos Considerados Improcedentes Como Necesarios- CONSULTAS VIA WHATSAPP 950959243","og_url":"https:\/\/a-tributario.cl\/index.php\/gastos-c0nsiderados-improcedentes\/","og_site_name":"ABOGADO TRIBUTARIO R&amp;R","article_publisher":"https:\/\/www.facebook.com\/AbogadosTributariosIUS\/","article_modified_time":"2021-02-28T21:13:20+00:00","twitter_card":"summary_large_image","twitter_site":"@ius_asesores","twitter_misc":{"Tiempo de lectura":"3 minutos"},"schema":{"@context":"https:\/\/schema.org","@graph":[{"@type":"WebPage","@id":"https:\/\/a-tributario.cl\/index.php\/gastos-c0nsiderados-improcedentes\/","url":"https:\/\/a-tributario.cl\/index.php\/gastos-c0nsiderados-improcedentes\/","name":"GASTOS C0NSIDERADOS IMPROCEDENTES A TRIBUTARIO LET","isPartOf":{"@id":"https:\/\/a-tributario.cl\/#website"},"datePublished":"2021-02-28T21:13:19+00:00","dateModified":"2021-02-28T21:13:20+00:00","description":"SII - CIRCULAR 53-2020 - Gasto Necesario - Gastos Considerados Improcedentes Como Necesarios- CONSULTAS VIA WHATSAPP 950959243","breadcrumb":{"@id":"https:\/\/a-tributario.cl\/index.php\/gastos-c0nsiderados-improcedentes\/#breadcrumb"},"inLanguage":"es","potentialAction":[{"@type":"ReadAction","target":["https:\/\/a-tributario.cl\/index.php\/gastos-c0nsiderados-improcedentes\/"]}]},{"@type":"BreadcrumbList","@id":"https:\/\/a-tributario.cl\/index.php\/gastos-c0nsiderados-improcedentes\/#breadcrumb","itemListElement":[{"@type":"ListItem","position":1,"name":"Portada","item":"https:\/\/a-tributario.cl\/"},{"@type":"ListItem","position":2,"name":"GASTOS C0NSIDERADOS IMPROCEDENTES"}]},{"@type":"WebSite","@id":"https:\/\/a-tributario.cl\/#website","url":"https:\/\/a-tributario.cl\/","name":"ABOGADO TRIBUTARIO R&amp;R","description":"ASESOR\u00cdA TRIBUTARIA, DEFENSA LIQUIDACI\u00d3N Y GIRO SII, PRESCRIPCI\u00d3N IMPUESTOS DEFENSA COBRO TESORER\u00cdA","publisher":{"@id":"https:\/\/a-tributario.cl\/#organization"},"potentialAction":[{"@type":"SearchAction","target":{"@type":"EntryPoint","urlTemplate":"https:\/\/a-tributario.cl\/?s={search_term_string}"},"query-input":"required name=search_term_string"}],"inLanguage":"es"},{"@type":"Organization","@id":"https:\/\/a-tributario.cl\/#organization","name":"Abogado Tributario Let","url":"https:\/\/a-tributario.cl\/","logo":{"@type":"ImageObject","inLanguage":"es","@id":"https:\/\/a-tributario.cl\/#\/schema\/logo\/image\/","url":"https:\/\/a-tributario.cl\/wp-content\/uploads\/2019\/04\/Image-2018-e1556290954199.jpeg","contentUrl":"https:\/\/a-tributario.cl\/wp-content\/uploads\/2019\/04\/Image-2018-e1556290954199.jpeg","width":128,"height":128,"caption":"Abogado Tributario Let"},"image":{"@id":"https:\/\/a-tributario.cl\/#\/schema\/logo\/image\/"},"sameAs":["https:\/\/www.facebook.com\/AbogadosTributariosIUS\/","https:\/\/twitter.com\/ius_asesores","https:\/\/www.linkedin.com\/in\/abogadotributario\/"]}]}},"_links":{"self":[{"href":"https:\/\/a-tributario.cl\/index.php\/wp-json\/wp\/v2\/pages\/4832"}],"collection":[{"href":"https:\/\/a-tributario.cl\/index.php\/wp-json\/wp\/v2\/pages"}],"about":[{"href":"https:\/\/a-tributario.cl\/index.php\/wp-json\/wp\/v2\/types\/page"}],"author":[{"embeddable":true,"href":"https:\/\/a-tributario.cl\/index.php\/wp-json\/wp\/v2\/users\/1"}],"replies":[{"embeddable":true,"href":"https:\/\/a-tributario.cl\/index.php\/wp-json\/wp\/v2\/comments?post=4832"}],"version-history":[{"count":1,"href":"https:\/\/a-tributario.cl\/index.php\/wp-json\/wp\/v2\/pages\/4832\/revisions"}],"predecessor-version":[{"id":4833,"href":"https:\/\/a-tributario.cl\/index.php\/wp-json\/wp\/v2\/pages\/4832\/revisions\/4833"}],"wp:attachment":[{"href":"https:\/\/a-tributario.cl\/index.php\/wp-json\/wp\/v2\/media?parent=4832"}],"curies":[{"name":"wp","href":"https:\/\/api.w.org\/{rel}","templated":true}]}}