{"id":4897,"date":"2021-04-04T00:21:53","date_gmt":"2021-04-04T00:21:53","guid":{"rendered":"https:\/\/a-tributario.cl\/?page_id=4897"},"modified":"2021-06-13T17:13:20","modified_gmt":"2021-06-13T17:13:20","slug":"gasto-aceptado-honorarios-a-socios","status":"publish","type":"page","link":"https:\/\/a-tributario.cl\/index.php\/gasto-aceptado-honorarios-a-socios\/","title":{"rendered":"GASTO ACEPTADO &#8211; HONORARIOS A SOCIOS"},"content":{"rendered":"<p>[vc_row][vc_column width=\u00bb2\/3&#8243;][vc_column_text]<\/p>\n<p><\/p>\n\n\n<\/p>\n<h2 style=\"text-align: center;\"><strong>ORD. N\u00b0 691 DE 12.03.2021<\/strong><\/h2>\n<h2 style=\"text-align: center;\"><strong><img loading=\"lazy\" decoding=\"async\" class=\"wp-image-4899 alignleft\" src=\"https:\/\/a-tributario.cl\/wp-content\/uploads\/2021\/04\/images.jpg\" alt=\"\" width=\"227\" height=\"171\" \/><\/strong><\/h2>\n<p>\n\n\n<p><\/p>\n<p><\/p>\n\n\n<\/p>\n<p style=\"text-align: center;\"><strong>ART. 31 INCISO PRIMERO E INCISO CUARTO N\u00b0 6<\/strong><\/p>\n<h1 style=\"text-align: center;\">GASTO ACEPTADO<\/h1>\n<h1 style=\"text-align: center;\">\u2013 HONORARIOS A SOCIOS<\/h1>\n<p>\n\n\n<p><\/p>\n<p><\/p>\n\n\n<\/p>\n<p>Cualquiera sea la modalidad contractual bajo la cual la sociedad decida pagar a su socio los servicios personales que le preste, cuesti\u00f3n sobre la cual este Servicio carece de competencia, corresponder\u00e1 verificar el cumplimiento de las exigencias que el art\u00edculo 31 de la Ley sobre Impuesto a la Renta (LIR) define para calificar la procedencia del gasto.<\/p>\n<p>\n\n\n<p><\/p>\n<p><\/p>\n\n\n<\/p>\n<p>Espec\u00edficamente, y tras las modificaciones introducidas a la LIR por la Ley N\u00ba 21.210, los requisitos generales de los gastos establecidos en el inciso primero del art\u00edculo 31 de la LIR son los siguientes:<\/p>\n<p>\n\n\n<p><\/p>\n<p><\/p>\n\n\n<\/p>\n<p>1) Que se trate de gastos necesarios para producir la renta, es decir, que tengan aptitud para producir la renta de la empresa;<\/p>\n<p>\n\n\n<p><\/p>\n<p><\/p>\n\n\n<\/p>\n<p>2) Que no hayan sido rebajados en virtud del art\u00edculo 30;<\/p>\n<p>\n\n\n<p><\/p>\n<p><\/p>\n\n\n<\/p>\n<p>3) Que se encuentren pagados o adeudados en el ejercicio comercial correspondiente, y<\/p>\n<p>\n\n\n<p><\/p>\n<p><\/p>\n\n\n<\/p>\n<p>4) Que se acrediten o justifiquen en forma fehaciente ante el Servicio.<\/p>\n<p>\n\n\n<p><\/p>\n<p><\/p>\n\n\n<\/p>\n<p>En caso que los servicios se paguen al socio mediante honorarios, este Servicio ha reconocido la posibilidad de rebajarlos como gasto en la determinaci\u00f3n del impuesto de primera categor\u00eda, siempre que el contribuyente d\u00e9 cumplimiento a los requisitos generales del inciso primero del art\u00edculo 31 de la LIR <strong>(1).<\/strong><\/p>\n<p>\n\n\n<p><\/p>\n<p><\/p>\n\n\n<\/p>\n<p>Por su parte, en caso que los servicios se paguen al socio mediante la modalidad de \u201csueldo empresarial\u201d, el N\u00b0 6 del inciso cuarto del art\u00edculo 31 de la LIR tambi\u00e9n reconoce la posibilidad de rebajarlos como gasto, siempre que la remuneraci\u00f3n sea razonablemente proporcionada, en los t\u00e9rminos se\u00f1alados en el p\u00e1rrafo cuarto de dicho numeral <strong>(2).<\/strong><\/p>\n<p>\n\n\n<p><\/p>\n<p><\/p>\n\n\n<\/p>\n<h2><strong>CONCLUSI\u00d3N<\/strong><\/h2>\n<p>\n\n\n<p><\/p>\n<p><\/p>\n\n\n<\/p>\n<p>Conforme lo expuesto precedentemente se informa que, si bien este Servicio carece de competencia para establecer la modalidad contractual bajo la cual la sociedad decida pagar a su socio los servicios personales que le preste, puede se\u00f1alarse que, cualquiera sea la modalidad adoptada, corresponder\u00e1<\/p>\n<p>\n\n\n<p><\/p>\n<p><\/p>\n\n\n<\/p>\n<p>1 Circular N\u00ba 53 de 2020 y Oficio N\u00ba 2939 de 2020.<\/p>\n<p>\n\n\n<p><\/p>\n<p><\/p>\n\n\n<\/p>\n<p>2 P\u00e1rrafo cuarto modificado por el art\u00edculo segundo, N\u00b0 13, letra d), de la Ley N\u00ba 21.210.<\/p>\n<p>\n\n\n<p><\/p>\n<p>[\/vc_column_text][\/vc_column][vc_column width=\u00bb1\/3&#8243;][\/vc_column][\/vc_row]<\/p>","protected":false},"excerpt":{"rendered":"<p>[vc_row][vc_column width=\u00bb2\/3&#8243;][vc_column_text] ORD. N\u00b0 691 DE 12.03.2021 ART. 31 INCISO PRIMERO E INCISO CUARTO N\u00b0 6 GASTO ACEPTADO \u2013 HONORARIOS A SOCIOS Cualquiera sea la modalidad contractual bajo la cual la sociedad decida pagar a su socio los servicios personales que le preste, cuesti\u00f3n sobre la cual este Servicio carece de competencia, corresponder\u00e1 verificar el [&hellip;]<\/p>\n","protected":false},"author":1,"featured_media":0,"parent":0,"menu_order":0,"comment_status":"closed","ping_status":"closed","template":"","meta":{"_monsterinsights_skip_tracking":false,"_monsterinsights_sitenote_active":false,"_monsterinsights_sitenote_note":"","_monsterinsights_sitenote_category":0,"footnotes":"","_joinchat":[]},"yoast_head":"<!-- This site is optimized with the Yoast SEO plugin v21.5 - https:\/\/yoast.com\/wordpress\/plugins\/seo\/ -->\n<title>GASTO ACEPTADO - HONORARIOS A SOCIOS ABOGADO LET<\/title>\n<meta name=\"description\" content=\"Cualquiera sea la modalidad contractual bajo la cual la sociedad decida pagar a su socio los servicios personales que le preste CONSULTAS A 950959243\" \/>\n<meta name=\"robots\" content=\"index, follow, max-snippet:-1, max-image-preview:large, max-video-preview:-1\" \/>\n<link rel=\"canonical\" href=\"https:\/\/a-tributario.cl\/index.php\/gasto-aceptado-honorarios-a-socios\/\" \/>\n<meta property=\"og:locale\" content=\"es_ES\" \/>\n<meta property=\"og:type\" content=\"article\" \/>\n<meta property=\"og:title\" content=\"GASTO ACEPTADO - HONORARIOS A SOCIOS ABOGADO LET\" \/>\n<meta property=\"og:description\" content=\"Cualquiera sea la modalidad contractual bajo la cual la sociedad decida pagar a su socio los servicios personales que le preste CONSULTAS A 950959243\" \/>\n<meta property=\"og:url\" content=\"https:\/\/a-tributario.cl\/index.php\/gasto-aceptado-honorarios-a-socios\/\" \/>\n<meta property=\"og:site_name\" content=\"ABOGADO TRIBUTARIO R&amp;R\" \/>\n<meta property=\"article:publisher\" content=\"https:\/\/www.facebook.com\/AbogadosTributariosIUS\/\" \/>\n<meta property=\"article:modified_time\" content=\"2021-06-13T17:13:20+00:00\" \/>\n<meta property=\"og:image\" content=\"https:\/\/a-tributario.cl\/wp-content\/uploads\/2021\/04\/images.jpg\" \/>\n<meta name=\"twitter:card\" content=\"summary_large_image\" \/>\n<meta name=\"twitter:site\" content=\"@ius_asesores\" \/>\n<meta name=\"twitter:label1\" content=\"Tiempo de lectura\" \/>\n\t<meta name=\"twitter:data1\" content=\"2 minutos\" \/>\n<script type=\"application\/ld+json\" class=\"yoast-schema-graph\">{\"@context\":\"https:\/\/schema.org\",\"@graph\":[{\"@type\":\"WebPage\",\"@id\":\"https:\/\/a-tributario.cl\/index.php\/gasto-aceptado-honorarios-a-socios\/\",\"url\":\"https:\/\/a-tributario.cl\/index.php\/gasto-aceptado-honorarios-a-socios\/\",\"name\":\"GASTO ACEPTADO - HONORARIOS A SOCIOS ABOGADO LET\",\"isPartOf\":{\"@id\":\"https:\/\/a-tributario.cl\/#website\"},\"datePublished\":\"2021-04-04T00:21:53+00:00\",\"dateModified\":\"2021-06-13T17:13:20+00:00\",\"description\":\"Cualquiera sea la modalidad contractual bajo la cual la sociedad decida pagar a su socio los servicios personales que le preste CONSULTAS A 950959243\",\"breadcrumb\":{\"@id\":\"https:\/\/a-tributario.cl\/index.php\/gasto-aceptado-honorarios-a-socios\/#breadcrumb\"},\"inLanguage\":\"es\",\"potentialAction\":[{\"@type\":\"ReadAction\",\"target\":[\"https:\/\/a-tributario.cl\/index.php\/gasto-aceptado-honorarios-a-socios\/\"]}]},{\"@type\":\"BreadcrumbList\",\"@id\":\"https:\/\/a-tributario.cl\/index.php\/gasto-aceptado-honorarios-a-socios\/#breadcrumb\",\"itemListElement\":[{\"@type\":\"ListItem\",\"position\":1,\"name\":\"Portada\",\"item\":\"https:\/\/a-tributario.cl\/\"},{\"@type\":\"ListItem\",\"position\":2,\"name\":\"GASTO ACEPTADO &#8211; HONORARIOS A SOCIOS\"}]},{\"@type\":\"WebSite\",\"@id\":\"https:\/\/a-tributario.cl\/#website\",\"url\":\"https:\/\/a-tributario.cl\/\",\"name\":\"ABOGADO TRIBUTARIO R&amp;R\",\"description\":\"ASESOR\u00cdA TRIBUTARIA, DEFENSA LIQUIDACI\u00d3N Y GIRO SII, PRESCRIPCI\u00d3N IMPUESTOS DEFENSA COBRO TESORER\u00cdA\",\"publisher\":{\"@id\":\"https:\/\/a-tributario.cl\/#organization\"},\"potentialAction\":[{\"@type\":\"SearchAction\",\"target\":{\"@type\":\"EntryPoint\",\"urlTemplate\":\"https:\/\/a-tributario.cl\/?s={search_term_string}\"},\"query-input\":\"required name=search_term_string\"}],\"inLanguage\":\"es\"},{\"@type\":\"Organization\",\"@id\":\"https:\/\/a-tributario.cl\/#organization\",\"name\":\"Abogado Tributario Let\",\"url\":\"https:\/\/a-tributario.cl\/\",\"logo\":{\"@type\":\"ImageObject\",\"inLanguage\":\"es\",\"@id\":\"https:\/\/a-tributario.cl\/#\/schema\/logo\/image\/\",\"url\":\"https:\/\/a-tributario.cl\/wp-content\/uploads\/2019\/04\/Image-2018-e1556290954199.jpeg\",\"contentUrl\":\"https:\/\/a-tributario.cl\/wp-content\/uploads\/2019\/04\/Image-2018-e1556290954199.jpeg\",\"width\":128,\"height\":128,\"caption\":\"Abogado Tributario Let\"},\"image\":{\"@id\":\"https:\/\/a-tributario.cl\/#\/schema\/logo\/image\/\"},\"sameAs\":[\"https:\/\/www.facebook.com\/AbogadosTributariosIUS\/\",\"https:\/\/twitter.com\/ius_asesores\",\"https:\/\/www.linkedin.com\/in\/abogadotributario\/\"]}]}<\/script>\n<!-- \/ Yoast SEO plugin. -->","yoast_head_json":{"title":"GASTO ACEPTADO - HONORARIOS A SOCIOS ABOGADO LET","description":"Cualquiera sea la modalidad contractual bajo la cual la sociedad decida pagar a su socio los servicios personales que le preste CONSULTAS A 950959243","robots":{"index":"index","follow":"follow","max-snippet":"max-snippet:-1","max-image-preview":"max-image-preview:large","max-video-preview":"max-video-preview:-1"},"canonical":"https:\/\/a-tributario.cl\/index.php\/gasto-aceptado-honorarios-a-socios\/","og_locale":"es_ES","og_type":"article","og_title":"GASTO ACEPTADO - HONORARIOS A SOCIOS ABOGADO LET","og_description":"Cualquiera sea la modalidad contractual bajo la cual la sociedad decida pagar a su socio los servicios personales que le preste CONSULTAS A 950959243","og_url":"https:\/\/a-tributario.cl\/index.php\/gasto-aceptado-honorarios-a-socios\/","og_site_name":"ABOGADO TRIBUTARIO R&amp;R","article_publisher":"https:\/\/www.facebook.com\/AbogadosTributariosIUS\/","article_modified_time":"2021-06-13T17:13:20+00:00","og_image":[{"url":"https:\/\/a-tributario.cl\/wp-content\/uploads\/2021\/04\/images.jpg"}],"twitter_card":"summary_large_image","twitter_site":"@ius_asesores","twitter_misc":{"Tiempo de lectura":"2 minutos"},"schema":{"@context":"https:\/\/schema.org","@graph":[{"@type":"WebPage","@id":"https:\/\/a-tributario.cl\/index.php\/gasto-aceptado-honorarios-a-socios\/","url":"https:\/\/a-tributario.cl\/index.php\/gasto-aceptado-honorarios-a-socios\/","name":"GASTO ACEPTADO - HONORARIOS A SOCIOS ABOGADO LET","isPartOf":{"@id":"https:\/\/a-tributario.cl\/#website"},"datePublished":"2021-04-04T00:21:53+00:00","dateModified":"2021-06-13T17:13:20+00:00","description":"Cualquiera sea la modalidad contractual bajo la cual la sociedad decida pagar a su socio los servicios personales que le preste CONSULTAS A 950959243","breadcrumb":{"@id":"https:\/\/a-tributario.cl\/index.php\/gasto-aceptado-honorarios-a-socios\/#breadcrumb"},"inLanguage":"es","potentialAction":[{"@type":"ReadAction","target":["https:\/\/a-tributario.cl\/index.php\/gasto-aceptado-honorarios-a-socios\/"]}]},{"@type":"BreadcrumbList","@id":"https:\/\/a-tributario.cl\/index.php\/gasto-aceptado-honorarios-a-socios\/#breadcrumb","itemListElement":[{"@type":"ListItem","position":1,"name":"Portada","item":"https:\/\/a-tributario.cl\/"},{"@type":"ListItem","position":2,"name":"GASTO ACEPTADO &#8211; HONORARIOS A SOCIOS"}]},{"@type":"WebSite","@id":"https:\/\/a-tributario.cl\/#website","url":"https:\/\/a-tributario.cl\/","name":"ABOGADO TRIBUTARIO R&amp;R","description":"ASESOR\u00cdA TRIBUTARIA, DEFENSA LIQUIDACI\u00d3N Y GIRO SII, PRESCRIPCI\u00d3N IMPUESTOS DEFENSA COBRO TESORER\u00cdA","publisher":{"@id":"https:\/\/a-tributario.cl\/#organization"},"potentialAction":[{"@type":"SearchAction","target":{"@type":"EntryPoint","urlTemplate":"https:\/\/a-tributario.cl\/?s={search_term_string}"},"query-input":"required name=search_term_string"}],"inLanguage":"es"},{"@type":"Organization","@id":"https:\/\/a-tributario.cl\/#organization","name":"Abogado Tributario Let","url":"https:\/\/a-tributario.cl\/","logo":{"@type":"ImageObject","inLanguage":"es","@id":"https:\/\/a-tributario.cl\/#\/schema\/logo\/image\/","url":"https:\/\/a-tributario.cl\/wp-content\/uploads\/2019\/04\/Image-2018-e1556290954199.jpeg","contentUrl":"https:\/\/a-tributario.cl\/wp-content\/uploads\/2019\/04\/Image-2018-e1556290954199.jpeg","width":128,"height":128,"caption":"Abogado Tributario Let"},"image":{"@id":"https:\/\/a-tributario.cl\/#\/schema\/logo\/image\/"},"sameAs":["https:\/\/www.facebook.com\/AbogadosTributariosIUS\/","https:\/\/twitter.com\/ius_asesores","https:\/\/www.linkedin.com\/in\/abogadotributario\/"]}]}},"_links":{"self":[{"href":"https:\/\/a-tributario.cl\/index.php\/wp-json\/wp\/v2\/pages\/4897"}],"collection":[{"href":"https:\/\/a-tributario.cl\/index.php\/wp-json\/wp\/v2\/pages"}],"about":[{"href":"https:\/\/a-tributario.cl\/index.php\/wp-json\/wp\/v2\/types\/page"}],"author":[{"embeddable":true,"href":"https:\/\/a-tributario.cl\/index.php\/wp-json\/wp\/v2\/users\/1"}],"replies":[{"embeddable":true,"href":"https:\/\/a-tributario.cl\/index.php\/wp-json\/wp\/v2\/comments?post=4897"}],"version-history":[{"count":6,"href":"https:\/\/a-tributario.cl\/index.php\/wp-json\/wp\/v2\/pages\/4897\/revisions"}],"predecessor-version":[{"id":5041,"href":"https:\/\/a-tributario.cl\/index.php\/wp-json\/wp\/v2\/pages\/4897\/revisions\/5041"}],"wp:attachment":[{"href":"https:\/\/a-tributario.cl\/index.php\/wp-json\/wp\/v2\/media?parent=4897"}],"curies":[{"name":"wp","href":"https:\/\/api.w.org\/{rel}","templated":true}]}}