{"id":4975,"date":"2021-04-24T13:55:22","date_gmt":"2021-04-24T13:55:22","guid":{"rendered":"https:\/\/a-tributario.cl\/?page_id=4975"},"modified":"2021-06-23T02:35:34","modified_gmt":"2021-06-23T02:35:34","slug":"prorroga-en-pago-de-impuestos-y-patentes-2021","status":"publish","type":"page","link":"https:\/\/a-tributario.cl\/index.php\/prorroga-en-pago-de-impuestos-y-patentes-2021\/","title":{"rendered":"PRORROGA EN PAGO DE IMPUESTOS Y PATENTES 2021"},"content":{"rendered":"<p>[vc_row][vc_column width=\u00bb2\/3&#8243;][vc_column_text]<\/p>\n<p><\/p>\n\n\n<\/p>\n<p><img loading=\"lazy\" decoding=\"async\" class=\" wp-image-4980 alignright\" src=\"https:\/\/a-tributario.cl\/wp-content\/uploads\/2021\/04\/IMAGEN-DEL-M-HACIENDA.jpg\" alt=\"\" width=\"168\" height=\"112\" \/><\/p>\n<p><strong>1.-<\/strong> <strong>RESPECTO DEL IMPUESTO TERRITORIAL<\/strong>:<\/p>\n<ul>\n<li>a) Prorrogar cuotas 1, 2, 3 y 4 del a\u00f1o 2021 para Abril, Junio, Septiembre y Noviembre de 2022, solo con reajuste. Requisitos: Bien ra\u00edz con destino Habitacional, de personas naturales, con aval\u00fao fiscal inferior a 5.000 uf al 1-01-21, si contribuyente tiene + de 1 bien ra\u00edz con que cumpla con los requisitos, beneficio aplicar\u00e1 s\u00f3lo al de mayor valor.<\/li>\n<li>\u00a0<\/li>\n<li>b) Prorrogar cuotas 1 y 2 del 2021, para Abril y Junio 2022, solo con reajuste. Requisitos: Propietario empresa con ventas a\u00f1o comercial 2020 inferior a 100.000 UF y con disminuci\u00f3n de al menos 30% del promedio mensual de sus ventas de los meses de Enero y Febrero de 2021, respecto del promedio mensual del mismo periodo 2020, debidamente reajustadas.<\/li>\n<\/ul>\n<p>&nbsp;<\/p>\n<p><strong>2.- CONDONACI\u00d3N DE INTERESES Y MULTAS RESPECTO DE IMPUESTOS FISCALES, TERRITORIALES Y ADUANEROS<\/strong> vencidos al 1 de Marzo de 2021, por plazo de 90 d\u00edas\u00a0 desde publicaci\u00f3n en D.O.:<\/p>\n<ul>\n<li>a) 90% para pago total.<\/li>\n<li>b) 70% para convenio de pago.<\/li>\n<\/ul>\n<p>Se detalla lista de exclusiones: Infracci\u00f3n tributaria sancionada con multa y pena privativa de libertad. Que entraban la fiscalizaci\u00f3n del SII. Querellados por delito tributario. Procesados\u00a0 o acusados conforme al C\u00f3digo Procesal Penal, o condenados o sancionados por delito tributario hasta el cumplimiento total de la pena. Que injustificadamente no hayan concurrido a citaci\u00f3n del SII. Sometidos a procesos de recopilaci\u00f3n de antecedentes art. 160 N 10 C.T.<\/p>\n<p>&nbsp;<\/p>\n<p><strong>3.-<\/strong> <strong>CONVENIOS DE PAGO ESPECIALES,<\/strong> por plazo de 90 d\u00edas\u00a0 desde publicaci\u00f3n en D.O.::<\/p>\n<p>a) Personas naturales cuyas rentas afectas a impuestos en declaraci\u00f3n a\u00f1o tributario 2020, no exceda de 50 UTA.<\/p>\n<p>b) Empresas con ventas a\u00f1o comercial 2020 no excedan 350.000 UF, con disminuci\u00f3n de al menos 30% del promedio mensual de ventas del giro en meses de Enero y Febrero de 2021, respecto de iguales meses 2020, reajustadas:<\/p>\n<p>&nbsp;<\/p>\n<ul>\n<li><strong>\u00a0i)<\/strong> Respecto de las empresas letra b), con disminuci\u00f3n entre un 30% y un 50%, de ventas: 24 cuotas, pie minimo de 1 UTM. Primeras 6 cuotas 1% del total adeudado, siguientes 6 cuotas, 2% total deuda, 6 cuotas siguientes, 2,5% total deuda y 6 cuotas finales, 3% total deuda. Finalizado el convenio se puede suscribir uno nuevo seg\u00fan las normas de esa \u00e9poca. Pueden vencer 2 cuotas m\u00e1ximo sin pago que pasan al final. Se aplica condonaci\u00f3n del 70% de intereses y multas.<\/li>\n<\/ul>\n<p>&nbsp;<\/p>\n<ul>\n<li><strong>ii)<\/strong> Empresas con disminuci\u00f3n de + del 50% y personas naturales letra a): 24 cuotas, pie de 0,5 UTM, Primeras 6 cuotas 0,5% del total adeudado, siguientes 13 cuotas, 1% total deuda, 5 cuotas siguientes, 1,5% total deuda. Finalizado el convenio se puede suscribir uno nuevo seg\u00fan las normas de esa \u00e9poca. Pueden vencer 2 cuotas m\u00e1ximo sin pago que pasan al final. Se aplica condonaci\u00f3n del 70% de intereses y multas. Pueden vencer 2 cuotas m\u00e1ximo sin pago que pasan al final. Se aplica condonaci\u00f3n del 70% de intereses y multas.<\/li>\n<\/ul>\n<p>c) contribuyentes no incluidos en a) y b), convenio 24 cuotas con pie 3%.<\/p>\n<p><strong>4.- PRORROGA DE PATENTE MUNICIPAL<\/strong><\/p>\n<ul>\n<li>a) Empresas cuyas ventas del giro en el a\u00f1o\u00a0 comercial 2020 no excedan 100.000 UF, hasta en 3 meses y sin multas ni intereses<\/li>\n<\/ul>\n<p>&nbsp;<\/p>\n<ul>\n<li>b) Empresas cuyas ventas del giro en el a\u00f1o\u00a0 comercial 2020 no excedan 100.000 UF, el pago de las cuotas anuales o semestrales, hasta 6 cuotas mensuales<\/li>\n<\/ul>\n<p>&nbsp;<\/p>\n<h1 style=\"text-align: center;\">PRORROGA EN PAGO DE IMPUESTOS Y PATENTES 2021<\/h1>\n<h2 style=\"text-align: center;\"><strong><a href=\"https:\/\/a-tributario.cl\/wp-content\/uploads\/2021\/04\/DECRETO-611-2021-Ministerio-de-Hacienda-Diario-Oficial.pdf\">DECRETO 611-2021 Ministerio de Hacienda -Diario Oficial<\/a><\/strong><\/h2>\n<h1 style=\"text-align: center;\">\u00a0<\/h1>\n<p>\n\n\n<p><\/p>\n<p>[\/vc_column_text][\/vc_column][vc_column width=\u00bb1\/3&#8243;][\/vc_column][\/vc_row]<\/p>","protected":false},"excerpt":{"rendered":"<p>[vc_row][vc_column width=\u00bb2\/3&#8243;][vc_column_text] 1.- RESPECTO DEL IMPUESTO TERRITORIAL: a) Prorrogar cuotas 1, 2, 3 y 4 del a\u00f1o 2021 para Abril, Junio, Septiembre y Noviembre de 2022, solo con reajuste. Requisitos: Bien ra\u00edz con destino Habitacional, de personas naturales, con aval\u00fao fiscal inferior a 5.000 uf al 1-01-21, si contribuyente tiene + de 1 bien ra\u00edz [&hellip;]<\/p>\n","protected":false},"author":1,"featured_media":0,"parent":0,"menu_order":0,"comment_status":"closed","ping_status":"closed","template":"","meta":{"_monsterinsights_skip_tracking":false,"_monsterinsights_sitenote_active":false,"_monsterinsights_sitenote_note":"","_monsterinsights_sitenote_category":0,"footnotes":"","_joinchat":[]},"yoast_head":"<!-- This site is optimized with the Yoast SEO plugin v21.5 - https:\/\/yoast.com\/wordpress\/plugins\/seo\/ -->\n<title>PRORROGA EN PAGO DE IMPUESTOS Y PATENTES 2021<\/title>\n<meta name=\"description\" content=\"Decreto 611 - 9-4-21 Otorga facultades a Municipalidades y Tesoreria, CONDONACION y PRORROGA DE IMPUESTOS, a micro, peque\u00f1as y medianas empresas\" \/>\n<meta name=\"robots\" content=\"index, follow, max-snippet:-1, max-image-preview:large, max-video-preview:-1\" \/>\n<link rel=\"canonical\" href=\"https:\/\/a-tributario.cl\/index.php\/prorroga-en-pago-de-impuestos-y-patentes-2021\/\" \/>\n<meta property=\"og:locale\" content=\"es_ES\" \/>\n<meta property=\"og:type\" content=\"article\" \/>\n<meta property=\"og:title\" content=\"PRORROGA EN PAGO DE IMPUESTOS Y PATENTES 2021\" \/>\n<meta property=\"og:description\" content=\"Decreto 611 - 9-4-21 Otorga facultades a Municipalidades y Tesoreria, CONDONACION y PRORROGA DE IMPUESTOS, a micro, peque\u00f1as y medianas empresas\" \/>\n<meta property=\"og:url\" content=\"https:\/\/a-tributario.cl\/index.php\/prorroga-en-pago-de-impuestos-y-patentes-2021\/\" \/>\n<meta property=\"og:site_name\" content=\"ABOGADO TRIBUTARIO R&amp;R\" \/>\n<meta property=\"article:publisher\" content=\"https:\/\/www.facebook.com\/AbogadosTributariosIUS\/\" \/>\n<meta property=\"article:modified_time\" content=\"2021-06-23T02:35:34+00:00\" \/>\n<meta property=\"og:image\" content=\"https:\/\/a-tributario.cl\/wp-content\/uploads\/2021\/04\/IMAGEN-DEL-M-HACIENDA.jpg\" \/>\n<meta name=\"twitter:card\" content=\"summary_large_image\" \/>\n<meta name=\"twitter:site\" content=\"@ius_asesores\" \/>\n<meta name=\"twitter:label1\" content=\"Tiempo de lectura\" \/>\n\t<meta name=\"twitter:data1\" content=\"3 minutos\" \/>\n<script type=\"application\/ld+json\" class=\"yoast-schema-graph\">{\"@context\":\"https:\/\/schema.org\",\"@graph\":[{\"@type\":\"WebPage\",\"@id\":\"https:\/\/a-tributario.cl\/index.php\/prorroga-en-pago-de-impuestos-y-patentes-2021\/\",\"url\":\"https:\/\/a-tributario.cl\/index.php\/prorroga-en-pago-de-impuestos-y-patentes-2021\/\",\"name\":\"PRORROGA EN PAGO DE IMPUESTOS Y PATENTES 2021\",\"isPartOf\":{\"@id\":\"https:\/\/a-tributario.cl\/#website\"},\"datePublished\":\"2021-04-24T13:55:22+00:00\",\"dateModified\":\"2021-06-23T02:35:34+00:00\",\"description\":\"Decreto 611 - 9-4-21 Otorga facultades a Municipalidades y Tesoreria, CONDONACION y PRORROGA DE IMPUESTOS, a micro, peque\u00f1as y medianas empresas\",\"breadcrumb\":{\"@id\":\"https:\/\/a-tributario.cl\/index.php\/prorroga-en-pago-de-impuestos-y-patentes-2021\/#breadcrumb\"},\"inLanguage\":\"es\",\"potentialAction\":[{\"@type\":\"ReadAction\",\"target\":[\"https:\/\/a-tributario.cl\/index.php\/prorroga-en-pago-de-impuestos-y-patentes-2021\/\"]}]},{\"@type\":\"BreadcrumbList\",\"@id\":\"https:\/\/a-tributario.cl\/index.php\/prorroga-en-pago-de-impuestos-y-patentes-2021\/#breadcrumb\",\"itemListElement\":[{\"@type\":\"ListItem\",\"position\":1,\"name\":\"Portada\",\"item\":\"https:\/\/a-tributario.cl\/\"},{\"@type\":\"ListItem\",\"position\":2,\"name\":\"PRORROGA EN PAGO DE IMPUESTOS Y PATENTES 2021\"}]},{\"@type\":\"WebSite\",\"@id\":\"https:\/\/a-tributario.cl\/#website\",\"url\":\"https:\/\/a-tributario.cl\/\",\"name\":\"ABOGADO TRIBUTARIO R&amp;R\",\"description\":\"ASESOR\u00cdA TRIBUTARIA, DEFENSA LIQUIDACI\u00d3N Y GIRO SII, PRESCRIPCI\u00d3N IMPUESTOS DEFENSA COBRO TESORER\u00cdA\",\"publisher\":{\"@id\":\"https:\/\/a-tributario.cl\/#organization\"},\"potentialAction\":[{\"@type\":\"SearchAction\",\"target\":{\"@type\":\"EntryPoint\",\"urlTemplate\":\"https:\/\/a-tributario.cl\/?s={search_term_string}\"},\"query-input\":\"required name=search_term_string\"}],\"inLanguage\":\"es\"},{\"@type\":\"Organization\",\"@id\":\"https:\/\/a-tributario.cl\/#organization\",\"name\":\"Abogado Tributario Let\",\"url\":\"https:\/\/a-tributario.cl\/\",\"logo\":{\"@type\":\"ImageObject\",\"inLanguage\":\"es\",\"@id\":\"https:\/\/a-tributario.cl\/#\/schema\/logo\/image\/\",\"url\":\"https:\/\/a-tributario.cl\/wp-content\/uploads\/2019\/04\/Image-2018-e1556290954199.jpeg\",\"contentUrl\":\"https:\/\/a-tributario.cl\/wp-content\/uploads\/2019\/04\/Image-2018-e1556290954199.jpeg\",\"width\":128,\"height\":128,\"caption\":\"Abogado Tributario Let\"},\"image\":{\"@id\":\"https:\/\/a-tributario.cl\/#\/schema\/logo\/image\/\"},\"sameAs\":[\"https:\/\/www.facebook.com\/AbogadosTributariosIUS\/\",\"https:\/\/twitter.com\/ius_asesores\",\"https:\/\/www.linkedin.com\/in\/abogadotributario\/\"]}]}<\/script>\n<!-- \/ Yoast SEO plugin. -->","yoast_head_json":{"title":"PRORROGA EN PAGO DE IMPUESTOS Y PATENTES 2021","description":"Decreto 611 - 9-4-21 Otorga facultades a Municipalidades y Tesoreria, CONDONACION y PRORROGA DE IMPUESTOS, a micro, peque\u00f1as y medianas empresas","robots":{"index":"index","follow":"follow","max-snippet":"max-snippet:-1","max-image-preview":"max-image-preview:large","max-video-preview":"max-video-preview:-1"},"canonical":"https:\/\/a-tributario.cl\/index.php\/prorroga-en-pago-de-impuestos-y-patentes-2021\/","og_locale":"es_ES","og_type":"article","og_title":"PRORROGA EN PAGO DE IMPUESTOS Y PATENTES 2021","og_description":"Decreto 611 - 9-4-21 Otorga facultades a Municipalidades y Tesoreria, CONDONACION y PRORROGA DE IMPUESTOS, a micro, peque\u00f1as y medianas empresas","og_url":"https:\/\/a-tributario.cl\/index.php\/prorroga-en-pago-de-impuestos-y-patentes-2021\/","og_site_name":"ABOGADO TRIBUTARIO R&amp;R","article_publisher":"https:\/\/www.facebook.com\/AbogadosTributariosIUS\/","article_modified_time":"2021-06-23T02:35:34+00:00","og_image":[{"url":"https:\/\/a-tributario.cl\/wp-content\/uploads\/2021\/04\/IMAGEN-DEL-M-HACIENDA.jpg"}],"twitter_card":"summary_large_image","twitter_site":"@ius_asesores","twitter_misc":{"Tiempo de lectura":"3 minutos"},"schema":{"@context":"https:\/\/schema.org","@graph":[{"@type":"WebPage","@id":"https:\/\/a-tributario.cl\/index.php\/prorroga-en-pago-de-impuestos-y-patentes-2021\/","url":"https:\/\/a-tributario.cl\/index.php\/prorroga-en-pago-de-impuestos-y-patentes-2021\/","name":"PRORROGA EN PAGO DE IMPUESTOS Y PATENTES 2021","isPartOf":{"@id":"https:\/\/a-tributario.cl\/#website"},"datePublished":"2021-04-24T13:55:22+00:00","dateModified":"2021-06-23T02:35:34+00:00","description":"Decreto 611 - 9-4-21 Otorga facultades a Municipalidades y Tesoreria, CONDONACION y PRORROGA DE IMPUESTOS, a micro, peque\u00f1as y medianas empresas","breadcrumb":{"@id":"https:\/\/a-tributario.cl\/index.php\/prorroga-en-pago-de-impuestos-y-patentes-2021\/#breadcrumb"},"inLanguage":"es","potentialAction":[{"@type":"ReadAction","target":["https:\/\/a-tributario.cl\/index.php\/prorroga-en-pago-de-impuestos-y-patentes-2021\/"]}]},{"@type":"BreadcrumbList","@id":"https:\/\/a-tributario.cl\/index.php\/prorroga-en-pago-de-impuestos-y-patentes-2021\/#breadcrumb","itemListElement":[{"@type":"ListItem","position":1,"name":"Portada","item":"https:\/\/a-tributario.cl\/"},{"@type":"ListItem","position":2,"name":"PRORROGA EN PAGO DE IMPUESTOS Y PATENTES 2021"}]},{"@type":"WebSite","@id":"https:\/\/a-tributario.cl\/#website","url":"https:\/\/a-tributario.cl\/","name":"ABOGADO TRIBUTARIO R&amp;R","description":"ASESOR\u00cdA TRIBUTARIA, DEFENSA LIQUIDACI\u00d3N Y GIRO SII, PRESCRIPCI\u00d3N IMPUESTOS DEFENSA COBRO TESORER\u00cdA","publisher":{"@id":"https:\/\/a-tributario.cl\/#organization"},"potentialAction":[{"@type":"SearchAction","target":{"@type":"EntryPoint","urlTemplate":"https:\/\/a-tributario.cl\/?s={search_term_string}"},"query-input":"required name=search_term_string"}],"inLanguage":"es"},{"@type":"Organization","@id":"https:\/\/a-tributario.cl\/#organization","name":"Abogado Tributario Let","url":"https:\/\/a-tributario.cl\/","logo":{"@type":"ImageObject","inLanguage":"es","@id":"https:\/\/a-tributario.cl\/#\/schema\/logo\/image\/","url":"https:\/\/a-tributario.cl\/wp-content\/uploads\/2019\/04\/Image-2018-e1556290954199.jpeg","contentUrl":"https:\/\/a-tributario.cl\/wp-content\/uploads\/2019\/04\/Image-2018-e1556290954199.jpeg","width":128,"height":128,"caption":"Abogado Tributario Let"},"image":{"@id":"https:\/\/a-tributario.cl\/#\/schema\/logo\/image\/"},"sameAs":["https:\/\/www.facebook.com\/AbogadosTributariosIUS\/","https:\/\/twitter.com\/ius_asesores","https:\/\/www.linkedin.com\/in\/abogadotributario\/"]}]}},"_links":{"self":[{"href":"https:\/\/a-tributario.cl\/index.php\/wp-json\/wp\/v2\/pages\/4975"}],"collection":[{"href":"https:\/\/a-tributario.cl\/index.php\/wp-json\/wp\/v2\/pages"}],"about":[{"href":"https:\/\/a-tributario.cl\/index.php\/wp-json\/wp\/v2\/types\/page"}],"author":[{"embeddable":true,"href":"https:\/\/a-tributario.cl\/index.php\/wp-json\/wp\/v2\/users\/1"}],"replies":[{"embeddable":true,"href":"https:\/\/a-tributario.cl\/index.php\/wp-json\/wp\/v2\/comments?post=4975"}],"version-history":[{"count":8,"href":"https:\/\/a-tributario.cl\/index.php\/wp-json\/wp\/v2\/pages\/4975\/revisions"}],"predecessor-version":[{"id":5118,"href":"https:\/\/a-tributario.cl\/index.php\/wp-json\/wp\/v2\/pages\/4975\/revisions\/5118"}],"wp:attachment":[{"href":"https:\/\/a-tributario.cl\/index.php\/wp-json\/wp\/v2\/media?parent=4975"}],"curies":[{"name":"wp","href":"https:\/\/api.w.org\/{rel}","templated":true}]}}