{"id":4996,"date":"2021-06-06T01:50:39","date_gmt":"2021-06-06T01:50:39","guid":{"rendered":"https:\/\/a-tributario.cl\/?page_id=4996"},"modified":"2023-12-15T02:51:36","modified_gmt":"2023-12-15T02:51:36","slug":"plazos-que-debe-cumplir-el-sii","status":"publish","type":"page","link":"https:\/\/a-tributario.cl\/index.php\/plazos-que-debe-cumplir-el-sii\/","title":{"rendered":"PLAZOS QUE DEBE CUMPLIR EL SII"},"content":{"rendered":"[vc_row][vc_column][vc_cta h2=\u00bbI.- NORMA QUE GARANTIZA EL DEBIDO CUMPLIMIENTO DE LOS PLAZOS QUE TIENE EL SII\u00bb]<h2><!-- \/wp:paragraph --><\/h2>\n<h2><!-- wp:paragraph --><\/h2>\n<h4 style=\"text-align: left;\"><strong>ART 8 BIS DEL\u00a0<\/strong><strong>C\u00d3DIGO\u00a0<\/strong><strong>TRIBUTARIO<\/strong><\/h4>\n<p><!-- \/wp:paragraph --><\/p>\n<p><!-- wp:paragraph --><\/p>\n<p><strong>10\u00b0.<\/strong> <strong>Que las actuaciones del Servicio se lleven a cabo sin dilaciones,<\/strong> requerimientos <strong>o esperas innecesarias,<\/strong> y en la forma menos costosa para el contribuyente, certificada que sea, por parte del\u00a0 funcionario a cargo, la recepci\u00f3n de todos los antecedentes solicitados y en cuanto no signifique el incumplimiento de las disposiciones tributarias. Lo anterior es sin perjuicio del derecho que asiste al Servicio de solicitar nuevos antecedentes si as\u00ed resulta necesario en un procedimiento de fiscalizaci\u00f3n.<\/p>\n<p><!-- \/wp:paragraph --><\/p>\n<p><!-- wp:paragraph --><\/p>\n<p><strong>2\u00b0.<\/strong> El <strong>ser atendido en forma<\/strong> <strong>cort\u00e9s,<\/strong> <strong>diligente y oportuna,<\/strong> con el debido respeto y consideraci\u00f3n.<\/p>[\/vc_cta][vc_cta h2=\u00bbII.- PLAZOS QUE DEBE CUMPLIR EL SII\u00bb]<h4><!-- \/wp:paragraph --><\/h4>\n<h4><!-- wp:paragraph {\"align\":\"center\"} --><\/h4>\n<h4 style=\"text-align: left;\"><strong>PLAZOS QUE ESTABLECEN LOS NORMAS DE DERECHO ADMINISTRATIVO<\/strong><\/h4>\n<p><!-- \/wp:paragraph --><\/p>\n<p><!-- wp:paragraph --><\/p>\n<p style=\"text-align: left;\">LEY 19.880 (29-MAY-2003) Bases De Procedimientos Administrativos De Actos De Los \u00d3rganos De La Administraci\u00f3n<\/p>\n<p><!-- \/wp:paragraph --><\/p>\n<p><!-- wp:list {\"ordered\":true} --><\/p>\n<p><strong>Art\u00edculo 2\u00ba.<\/strong> \u00c1mbito de aplicaci\u00f3n. Las disposiciones de la presente ley ser\u00e1n aplicables a los ministerios, las intendencias, las gobernaciones <strong>y los servicios p\u00fablicos creados para el cumplimiento de la funci\u00f3n administrativa.<\/strong><!-- wp:paragraph --><\/p>\n<p><!-- \/wp:list --><\/p>\n<p>Tambi\u00e9n se aplicar\u00e1n a la Contralor\u00eda General de la Rep\u00fablica, a las Fuerzas Armadas y a las Fuerzas de Orden y Seguridad P\u00fablica, a los gobiernos regionales y a las municipalidades.<\/p>\n<p><!-- \/wp:paragraph --><\/p>\n<p><!-- wp:paragraph --><\/p>\n<p>Las referencias que esta ley haga a la Administraci\u00f3n o a la Administraci\u00f3n del Estado, se entender\u00e1n efectuadas a los \u00f3rganos y organismos se\u00f1alados en el inciso precedente.<!-- wp:paragraph --><\/p>\n<p><!-- \/wp:paragraph --><\/p>\n<p><strong>Art\u00edculo 10. Principio de contradictoriedad<\/strong>. Los interesados podr\u00e1n, en cualquier momento del procedimiento, aducir alegaciones y aportar documentos u otros elementos de juicio.<\/p>\n<p><!-- \/wp:paragraph --><\/p>\n<p><strong>Los interesados podr\u00e1n, en todo momento, alegar defectos de tramitaci\u00f3n,<\/strong> especialmente los que supongan paralizaci\u00f3n, infracci\u00f3n de los plazos se\u00f1alados <strong>o la omisi\u00f3n de tr\u00e1mites que pueden ser subsanados antes de la resoluci\u00f3n definitiva del asunto.<\/strong> Dichas alegaciones podr\u00e1n dar lugar, si hubiere razones para ello, <strong>a la exigencia de la correspondiente responsabilidad disciplinaria.<\/strong><!-- wp:paragraph --><\/p>\n<p><!-- \/wp:paragraph --><\/p>\n<p>Los interesados podr\u00e1n, en todo caso, actuar asistidos de asesor cuando lo consideren conveniente en defensa de sus intereses.<!-- wp:paragraph --><\/p>\n<p><!-- \/wp:paragraph --><\/p>\n<p>En cualquier caso, <strong>el \u00f3rgano instructor adoptar\u00e1 las medidas necesarias para lograr el pleno respeto a los principios de contradicci\u00f3n y de igualdad de los interesados en el procedimiento.<\/strong><!-- wp:paragraph --><\/p>\n<p><!-- \/wp:paragraph --><\/p>\n<p><strong>Art\u00edculo 23<\/strong><strong>.<\/strong> Obligaci\u00f3n de cumplimiento de los plazos. Los t\u00e9rminos y plazos establecidos en \u00e9sta u otras leyes obligan a las autoridades y personal al servicio de la Administraci\u00f3n en la tramitaci\u00f3n de los asuntos, as\u00ed como los interesados en los mismos.<!-- wp:paragraph --><\/p>\n<p><!-- \/wp:paragraph --><\/p>\n<p><strong>Art\u00edculo 24<\/strong>. El funcionario del organismo al que corresponda resolver, que reciba una solicitud, documento o expediente, deber\u00e1 hacerlo llegar a la oficina correspondiente a m\u00e1s tardar dentro de las 24 horas siguientes a su recepci\u00f3n.<!-- wp:paragraph --><\/p>\n<p><!-- \/wp:paragraph --><\/p>\n<p>Las providencias de mero tr\u00e1mite deber\u00e1n dictarse por quien deba hacerlo, dentro del plazo de 48 horas contado desde la recepci\u00f3n de la solicitud, documento o expediente.<!-- wp:paragraph --><\/p>\n<p><!-- \/wp:paragraph --><\/p>\n<p>Los informes, dict\u00e1menes u otras actuaciones\u00a0\u00a0 similares, deber\u00e1n evacuarse dentro del plazo de 10 d\u00edas,\u00a0 contado desde la petici\u00f3n de la diligencia.<!-- wp:paragraph --><\/p>\n<p><!-- \/wp:paragraph --><\/p>\n<p>Las decisiones definitivas deber\u00e1n expedirse dentro de los 20 d\u00edas siguientes, contados desde que, a petici\u00f3n del interesado, se certifique que el acto se encuentra en estado de resolverse. La prolongaci\u00f3n injustificada de la certificaci\u00f3n dar\u00e1 origen a responsabilidad administrativa.<!-- wp:paragraph --><\/p>\n<p><!-- \/wp:paragraph --><\/p>\n<p><strong>Art\u00edculo 25.<\/strong> C\u00f3mputo de los plazos del procedimiento administrativo. Los plazos de d\u00edas establecidos en esta ley son de d\u00edas h\u00e1biles, entendi\u00e9ndose que son inh\u00e1biles los d\u00edas s\u00e1bados, los domingos y los festivos.<\/p>\n<p><!-- \/wp:paragraph --><\/p>\n<p>Los plazos se computar\u00e1n desde el d\u00eda siguiente a aqu\u00e9l en que se notifique o publique el acto de que se trate o se produzca su estimaci\u00f3n o su desestimaci\u00f3n en virtud del silencio administrativo. Si en el mes de vencimiento no hubiere equivalente al d\u00eda del mes en que comienza el c\u00f3mputo, se entender\u00e1 que el plazo expira el \u00faltimo d\u00eda de aquel mes.<!-- wp:paragraph --><\/p>\n<p><!-- \/wp:paragraph --><\/p>\n<p>Cuando el \u00faltimo d\u00eda del plazo sea inh\u00e1bil, \u00e9ste se entender\u00e1 prorrogado al primer d\u00eda h\u00e1bil siguiente.<\/p>[\/vc_cta][vc_cta h2=\u00bbCONCLUSI\u00d3N\u00bb]<h4><!-- \/wp:paragraph --><\/h4>\n<h4><!-- wp:paragraph --><\/h4>\n<h4 style=\"text-align: left;\">PLAZOS QUE DEBE CUMPLIR EL SII<\/h4>\n<p><!-- \/wp:paragraph --><\/p>\n<p><!-- wp:list {\"ordered\":true} --><\/p>\n<ol>\n<li>\n<p>Resolver, que reciba una solicitud, documento o expediente, deber\u00e1 hacerlo llegar a la oficina correspondiente a\u00a0m\u00e1s tardar dentro de las 24 horas siguientes a su recepci\u00f3n.<\/p>\n<\/li>\n<li>\n<p>Las <strong>providencias de mero tr\u00e1mite <\/strong>deber\u00e1n dictarse por quien deba hacerlo, dentro del plazo de <strong>48 horas contado desde la recepci\u00f3n de la solicitud,<\/strong> documento o expediente.<\/p>\n<\/li>\n<li>\n<p>Los <strong>informes, dict\u00e1menes u otras actuaciones similares<\/strong>, deber\u00e1n evacuarse dentro del plazo de <strong>10 d\u00edas,<\/strong> contado\u00a0desde la petici\u00f3n de la diligencia.<\/p>\n<\/li>\n<li>\n<p>Las <strong>decisiones definitivas <\/strong>deber\u00e1n expedirse <strong>dentro de los 20 d\u00edas<\/strong> siguientes, contados desde que, a petici\u00f3n del interesado, se certifique que el acto se encuentra en estado de resolverse.<\/p>\n<\/li>\n<\/ol>\n<h4><span style=\"color: #003300;\"><a style=\"color: #003300;\" href=\"https:\/\/www.google.com\/search?q=ABOGADO+ALEJANDRO+RAMIREZ+VALDIVIA&amp;newwindow=1&amp;sxsrf=ALiCzsbtKAnHOvZvFJq8DL_zSujCZtuQzg:1652901606391&amp;ei=5kaFYpGnF-681sQP-oyvyAc&amp;start=0&amp;sa=N&amp;ved=2ahUKEwiRsuOo4un3AhVunpUCHXrGC3k4ChDy0wN6BAgBED0&amp;biw=1517&amp;bih=694&amp;dpr=0.9\"><strong>ALEJANDRO RAMIREZ VALDIVIA &#8211; ABOGADO TRIBUTARISTA<\/strong><\/a><\/span><\/h4>[\/vc_cta][\/vc_column][\/vc_row]","protected":false},"excerpt":{"rendered":"<p>[vc_row][vc_column][vc_cta h2=\u00bbI.- NORMA QUE GARANTIZA EL DEBIDO CUMPLIMIENTO DE LOS PLAZOS QUE TIENE EL SII\u00bb] ART 8 BIS DEL\u00a0C\u00d3DIGO\u00a0TRIBUTARIO 10\u00b0. Que las actuaciones del Servicio se lleven a cabo sin dilaciones, requerimientos o esperas innecesarias, y en la forma menos costosa para el contribuyente, certificada que sea, por parte del\u00a0 funcionario a cargo, la recepci\u00f3n [&hellip;]<\/p>\n","protected":false},"author":1,"featured_media":0,"parent":0,"menu_order":0,"comment_status":"closed","ping_status":"closed","template":"","meta":{"_monsterinsights_skip_tracking":false,"_monsterinsights_sitenote_active":false,"_monsterinsights_sitenote_note":"","_monsterinsights_sitenote_category":0,"footnotes":"","_joinchat":[]},"yoast_head":"<!-- This site is optimized with the Yoast SEO plugin v21.5 - https:\/\/yoast.com\/wordpress\/plugins\/seo\/ -->\n<title>PLAZOS QUE DEBE CUMPLIR EL SII - ABOGADO TRIBUTARIO R&amp;R<\/title>\n<meta name=\"description\" content=\"PLAZOS QUE ESTABLECEN LOS NORMAS DE DERECHO ADMINISTRATIVO Y NORMAS DE DERECHO TRIBUTARIO QUE GARANTIZAN EL CUMPLIMIENTO DE ESTOS PLAZOS\" \/>\n<meta name=\"robots\" content=\"index, follow, max-snippet:-1, max-image-preview:large, max-video-preview:-1\" \/>\n<link rel=\"canonical\" href=\"https:\/\/a-tributario.cl\/index.php\/plazos-que-debe-cumplir-el-sii\/\" \/>\n<meta property=\"og:locale\" content=\"es_ES\" \/>\n<meta property=\"og:type\" content=\"article\" \/>\n<meta property=\"og:title\" content=\"PLAZOS QUE DEBE CUMPLIR EL SII - ABOGADO TRIBUTARIO R&amp;R\" \/>\n<meta property=\"og:description\" content=\"PLAZOS QUE ESTABLECEN LOS NORMAS DE DERECHO ADMINISTRATIVO Y NORMAS DE DERECHO TRIBUTARIO QUE GARANTIZAN EL CUMPLIMIENTO DE ESTOS PLAZOS\" \/>\n<meta property=\"og:url\" content=\"https:\/\/a-tributario.cl\/index.php\/plazos-que-debe-cumplir-el-sii\/\" \/>\n<meta property=\"og:site_name\" content=\"ABOGADO TRIBUTARIO R&amp;R\" \/>\n<meta property=\"article:publisher\" content=\"https:\/\/www.facebook.com\/AbogadosTributariosIUS\/\" \/>\n<meta property=\"article:modified_time\" content=\"2023-12-15T02:51:36+00:00\" \/>\n<meta name=\"twitter:card\" content=\"summary_large_image\" \/>\n<meta name=\"twitter:site\" content=\"@ius_asesores\" \/>\n<meta name=\"twitter:label1\" content=\"Tiempo de lectura\" \/>\n\t<meta name=\"twitter:data1\" content=\"6 minutos\" \/>\n<script type=\"application\/ld+json\" class=\"yoast-schema-graph\">{\"@context\":\"https:\/\/schema.org\",\"@graph\":[{\"@type\":\"WebPage\",\"@id\":\"https:\/\/a-tributario.cl\/index.php\/plazos-que-debe-cumplir-el-sii\/\",\"url\":\"https:\/\/a-tributario.cl\/index.php\/plazos-que-debe-cumplir-el-sii\/\",\"name\":\"PLAZOS QUE DEBE CUMPLIR EL SII - ABOGADO TRIBUTARIO R&amp;R\",\"isPartOf\":{\"@id\":\"https:\/\/a-tributario.cl\/#website\"},\"datePublished\":\"2021-06-06T01:50:39+00:00\",\"dateModified\":\"2023-12-15T02:51:36+00:00\",\"description\":\"PLAZOS QUE ESTABLECEN LOS NORMAS DE DERECHO ADMINISTRATIVO Y NORMAS DE DERECHO TRIBUTARIO QUE GARANTIZAN EL CUMPLIMIENTO DE ESTOS PLAZOS\",\"breadcrumb\":{\"@id\":\"https:\/\/a-tributario.cl\/index.php\/plazos-que-debe-cumplir-el-sii\/#breadcrumb\"},\"inLanguage\":\"es\",\"potentialAction\":[{\"@type\":\"ReadAction\",\"target\":[\"https:\/\/a-tributario.cl\/index.php\/plazos-que-debe-cumplir-el-sii\/\"]}]},{\"@type\":\"BreadcrumbList\",\"@id\":\"https:\/\/a-tributario.cl\/index.php\/plazos-que-debe-cumplir-el-sii\/#breadcrumb\",\"itemListElement\":[{\"@type\":\"ListItem\",\"position\":1,\"name\":\"Portada\",\"item\":\"https:\/\/a-tributario.cl\/\"},{\"@type\":\"ListItem\",\"position\":2,\"name\":\"PLAZOS QUE DEBE CUMPLIR EL SII\"}]},{\"@type\":\"WebSite\",\"@id\":\"https:\/\/a-tributario.cl\/#website\",\"url\":\"https:\/\/a-tributario.cl\/\",\"name\":\"ABOGADO TRIBUTARIO R&amp;R\",\"description\":\"ASESOR\u00cdA TRIBUTARIA, DEFENSA LIQUIDACI\u00d3N Y GIRO SII, PRESCRIPCI\u00d3N IMPUESTOS DEFENSA COBRO TESORER\u00cdA\",\"publisher\":{\"@id\":\"https:\/\/a-tributario.cl\/#organization\"},\"potentialAction\":[{\"@type\":\"SearchAction\",\"target\":{\"@type\":\"EntryPoint\",\"urlTemplate\":\"https:\/\/a-tributario.cl\/?s={search_term_string}\"},\"query-input\":\"required name=search_term_string\"}],\"inLanguage\":\"es\"},{\"@type\":\"Organization\",\"@id\":\"https:\/\/a-tributario.cl\/#organization\",\"name\":\"Abogado Tributario Let\",\"url\":\"https:\/\/a-tributario.cl\/\",\"logo\":{\"@type\":\"ImageObject\",\"inLanguage\":\"es\",\"@id\":\"https:\/\/a-tributario.cl\/#\/schema\/logo\/image\/\",\"url\":\"https:\/\/a-tributario.cl\/wp-content\/uploads\/2019\/04\/Image-2018-e1556290954199.jpeg\",\"contentUrl\":\"https:\/\/a-tributario.cl\/wp-content\/uploads\/2019\/04\/Image-2018-e1556290954199.jpeg\",\"width\":128,\"height\":128,\"caption\":\"Abogado Tributario Let\"},\"image\":{\"@id\":\"https:\/\/a-tributario.cl\/#\/schema\/logo\/image\/\"},\"sameAs\":[\"https:\/\/www.facebook.com\/AbogadosTributariosIUS\/\",\"https:\/\/twitter.com\/ius_asesores\",\"https:\/\/www.linkedin.com\/in\/abogadotributario\/\"]}]}<\/script>\n<!-- \/ Yoast SEO plugin. -->","yoast_head_json":{"title":"PLAZOS QUE DEBE CUMPLIR EL SII - ABOGADO TRIBUTARIO R&amp;R","description":"PLAZOS QUE ESTABLECEN LOS NORMAS DE DERECHO ADMINISTRATIVO Y NORMAS DE DERECHO TRIBUTARIO QUE GARANTIZAN EL CUMPLIMIENTO DE ESTOS PLAZOS","robots":{"index":"index","follow":"follow","max-snippet":"max-snippet:-1","max-image-preview":"max-image-preview:large","max-video-preview":"max-video-preview:-1"},"canonical":"https:\/\/a-tributario.cl\/index.php\/plazos-que-debe-cumplir-el-sii\/","og_locale":"es_ES","og_type":"article","og_title":"PLAZOS QUE DEBE CUMPLIR EL SII - ABOGADO TRIBUTARIO R&amp;R","og_description":"PLAZOS QUE ESTABLECEN LOS NORMAS DE DERECHO ADMINISTRATIVO Y NORMAS DE DERECHO TRIBUTARIO QUE GARANTIZAN EL CUMPLIMIENTO DE ESTOS PLAZOS","og_url":"https:\/\/a-tributario.cl\/index.php\/plazos-que-debe-cumplir-el-sii\/","og_site_name":"ABOGADO TRIBUTARIO R&amp;R","article_publisher":"https:\/\/www.facebook.com\/AbogadosTributariosIUS\/","article_modified_time":"2023-12-15T02:51:36+00:00","twitter_card":"summary_large_image","twitter_site":"@ius_asesores","twitter_misc":{"Tiempo de lectura":"6 minutos"},"schema":{"@context":"https:\/\/schema.org","@graph":[{"@type":"WebPage","@id":"https:\/\/a-tributario.cl\/index.php\/plazos-que-debe-cumplir-el-sii\/","url":"https:\/\/a-tributario.cl\/index.php\/plazos-que-debe-cumplir-el-sii\/","name":"PLAZOS QUE DEBE CUMPLIR EL SII - ABOGADO TRIBUTARIO R&amp;R","isPartOf":{"@id":"https:\/\/a-tributario.cl\/#website"},"datePublished":"2021-06-06T01:50:39+00:00","dateModified":"2023-12-15T02:51:36+00:00","description":"PLAZOS QUE ESTABLECEN LOS NORMAS DE DERECHO ADMINISTRATIVO Y NORMAS DE DERECHO TRIBUTARIO QUE GARANTIZAN EL CUMPLIMIENTO DE ESTOS PLAZOS","breadcrumb":{"@id":"https:\/\/a-tributario.cl\/index.php\/plazos-que-debe-cumplir-el-sii\/#breadcrumb"},"inLanguage":"es","potentialAction":[{"@type":"ReadAction","target":["https:\/\/a-tributario.cl\/index.php\/plazos-que-debe-cumplir-el-sii\/"]}]},{"@type":"BreadcrumbList","@id":"https:\/\/a-tributario.cl\/index.php\/plazos-que-debe-cumplir-el-sii\/#breadcrumb","itemListElement":[{"@type":"ListItem","position":1,"name":"Portada","item":"https:\/\/a-tributario.cl\/"},{"@type":"ListItem","position":2,"name":"PLAZOS QUE DEBE CUMPLIR EL SII"}]},{"@type":"WebSite","@id":"https:\/\/a-tributario.cl\/#website","url":"https:\/\/a-tributario.cl\/","name":"ABOGADO TRIBUTARIO R&amp;R","description":"ASESOR\u00cdA TRIBUTARIA, DEFENSA LIQUIDACI\u00d3N Y GIRO SII, PRESCRIPCI\u00d3N IMPUESTOS DEFENSA COBRO TESORER\u00cdA","publisher":{"@id":"https:\/\/a-tributario.cl\/#organization"},"potentialAction":[{"@type":"SearchAction","target":{"@type":"EntryPoint","urlTemplate":"https:\/\/a-tributario.cl\/?s={search_term_string}"},"query-input":"required name=search_term_string"}],"inLanguage":"es"},{"@type":"Organization","@id":"https:\/\/a-tributario.cl\/#organization","name":"Abogado Tributario Let","url":"https:\/\/a-tributario.cl\/","logo":{"@type":"ImageObject","inLanguage":"es","@id":"https:\/\/a-tributario.cl\/#\/schema\/logo\/image\/","url":"https:\/\/a-tributario.cl\/wp-content\/uploads\/2019\/04\/Image-2018-e1556290954199.jpeg","contentUrl":"https:\/\/a-tributario.cl\/wp-content\/uploads\/2019\/04\/Image-2018-e1556290954199.jpeg","width":128,"height":128,"caption":"Abogado Tributario Let"},"image":{"@id":"https:\/\/a-tributario.cl\/#\/schema\/logo\/image\/"},"sameAs":["https:\/\/www.facebook.com\/AbogadosTributariosIUS\/","https:\/\/twitter.com\/ius_asesores","https:\/\/www.linkedin.com\/in\/abogadotributario\/"]}]}},"_links":{"self":[{"href":"https:\/\/a-tributario.cl\/index.php\/wp-json\/wp\/v2\/pages\/4996"}],"collection":[{"href":"https:\/\/a-tributario.cl\/index.php\/wp-json\/wp\/v2\/pages"}],"about":[{"href":"https:\/\/a-tributario.cl\/index.php\/wp-json\/wp\/v2\/types\/page"}],"author":[{"embeddable":true,"href":"https:\/\/a-tributario.cl\/index.php\/wp-json\/wp\/v2\/users\/1"}],"replies":[{"embeddable":true,"href":"https:\/\/a-tributario.cl\/index.php\/wp-json\/wp\/v2\/comments?post=4996"}],"version-history":[{"count":24,"href":"https:\/\/a-tributario.cl\/index.php\/wp-json\/wp\/v2\/pages\/4996\/revisions"}],"predecessor-version":[{"id":5805,"href":"https:\/\/a-tributario.cl\/index.php\/wp-json\/wp\/v2\/pages\/4996\/revisions\/5805"}],"wp:attachment":[{"href":"https:\/\/a-tributario.cl\/index.php\/wp-json\/wp\/v2\/media?parent=4996"}],"curies":[{"name":"wp","href":"https:\/\/api.w.org\/{rel}","templated":true}]}}