{"id":5006,"date":"2021-06-08T03:16:32","date_gmt":"2021-06-08T03:16:32","guid":{"rendered":"https:\/\/a-tributario.cl\/?page_id=5006"},"modified":"2021-06-21T00:30:54","modified_gmt":"2021-06-21T00:30:54","slug":"sentencias-prescripcion-tributaria","status":"publish","type":"page","link":"https:\/\/a-tributario.cl\/index.php\/sentencias-prescripcion-tributaria\/","title":{"rendered":"SENTENCIAS  PRESCRIPCION TRIBUTARIA"},"content":{"rendered":"<p>[vc_row][vc_column width=\u00bb1\/2&#8243;][vc_column_text]<\/p>\n<h1 style=\"text-align: center;\"><\/h1>\n<p><img loading=\"lazy\" decoding=\"async\" class=\"size-medium wp-image-2743 aligncenter\" src=\"https:\/\/a-tributario.cl\/wp-content\/uploads\/2019\/05\/justicia-600x400-300x200.jpg\" alt=\"\" width=\"300\" height=\"200\" srcset=\"https:\/\/a-tributario.cl\/wp-content\/uploads\/2019\/05\/justicia-600x400-300x200.jpg 300w, https:\/\/a-tributario.cl\/wp-content\/uploads\/2019\/05\/justicia-600x400.jpg 600w\" sizes=\"(max-width: 300px) 100vw, 300px\" \/><\/p>\n<h2 style=\"text-align: center;\"><span style=\"vertical-align: inherit;\">SENTENCIA 07-12-2020 <\/span><\/h2>\n<h2 style=\"text-align: center;\"><span style=\"vertical-align: inherit;\">TRIBUNAL CIVIL DE SANTIAGO<\/span><\/h2>\n<h3 style=\"text-align: center;\"><span style=\"vertical-align: inherit;\">ACOGE PRESCRIPCION DE DEUDA TRIBUTARIA DE IMPUESTOS<\/span><\/h3>\n<h5 style=\"text-align: center;\"><span style=\"color: #008080;\">SOLICITADA POR ABOGADO ALEJANDRO RAMIREZ VALDIVIA DE ABOGADO TRIBUTARIO LET<\/span><\/h5>\n<h3 style=\"text-align: center;\"><span style=\"vertical-align: inherit;\">SENTENCIA DE PRIMERA INSTANCIA<\/span><\/h3>\n<h1 style=\"text-align: center;\"><strong>SENTENCIAS <\/strong><\/h1>\n<h1 style=\"text-align: center;\"><strong>PRESCRIPCION TRIBUTARIA<\/strong><\/h1>\n<h2><a href=\"https:\/\/a-tributario.cl\/wp-content\/uploads\/2020\/12\/SENTENCIA-PRESCRIPCI\u00d3N.pdf\"><span style=\"vertical-align: inherit;\">VER SENTENCIA\u00a0<\/span><\/a><\/h2>\n<h3><strong><span style=\"vertical-align: inherit;\">SEGUNDO.-<\/span><\/strong><span style=\"vertical-align: inherit;\">\u00a0 Que <\/span><strong><em><span style=\"vertical-align: inherit;\">la prescripci<\/span><\/em><\/strong><strong><em><span style=\"vertical-align: inherit;\">\u00f3<\/span><\/em><\/strong><strong><em><span style=\"vertical-align: inherit;\">n es un modo de adquirir las cosas ajenas, o de extinguir las acciones y derechos ajenos, por haberse pose<\/span><\/em><\/strong><strong><em><span style=\"vertical-align: inherit;\">\u00ed<\/span><\/em><\/strong><strong><em><span style=\"vertical-align: inherit;\">do las cosas o no haberse ejercido dichas acciones y derechos durante cierto lapso de tiempo, y concurriendo los dem<\/span><\/em><\/strong><strong><em><span style=\"vertical-align: inherit;\">\u00e1<\/span><\/em><\/strong><strong><em><span style=\"vertical-align: inherit;\">s requisitos legales, y se encuentra tratada en el C<\/span><\/em><\/strong><strong><em><span style=\"vertical-align: inherit;\">\u00f3<\/span><\/em><\/strong><strong><em><span style=\"vertical-align: inherit;\">digo Civil, en los art<\/span><\/em><\/strong><strong><em><span style=\"vertical-align: inherit;\">\u00ed<\/span><\/em><\/strong><strong><em><span style=\"vertical-align: inherit;\">culos 2492 y siguientes<\/span><\/em><\/strong><span style=\"vertical-align: inherit;\">.<\/span><\/h3>\n<h3><strong>TERCERO.-<\/strong> Que la prescripci\u00f3n se inserta en un sistema jur\u00eddico que tiene como objetivo principal el otorgar certeza y seguridad a las relaciones jur\u00eddicas que ligan a los sujetos de derecho y la debida tutela o protecci\u00f3n de los mismos, instando en definitiva a que los part\u00edcipes de dichas relaciones no se hallen vinculadas en forma indefinida, provocando con ello incertidumbre y falta de consolidaci\u00f3n de las diversas situaciones jur\u00eddicas. Si bien el ordenamiento, por una parte otorga la protecci\u00f3n al acreedor, facultando al sujeto activo para exigir de aquel que le garantice el ejercicio pac\u00edfico y en definitiva la eficacia de su derecho; protege a su vez al sujeto pasivo de la relaci\u00f3n estableciendo con normas de orden p\u00fablico el real alcance y permanencia del deber que de esta relaci\u00f3n emana. <strong>La prescripci<\/strong><strong>\u00f3<\/strong><strong>n extintiva o liberatoria, permite la estabilidad de los derechos dando seguridad jur<\/strong><strong>\u00ed<\/strong><strong>dica y, en definitiva se constituye en un castigo para el actor negligente que no hace valer sus derechos en el tiempo que fija la ley.<\/strong> Tr\u00e1tese de una instituci\u00f3n universal de orden p\u00fablico, puesto que cuando la ley estima que determinada relaci\u00f3n jur\u00eddica amerita no extinguirse a trav\u00e9s de la prescripci\u00f3n liberatoria, lo se\u00f1ala expresamente, como en la acci\u00f3n de reclamaci\u00f3n de estado civil, la acci\u00f3n de partici\u00f3n, etc.<\/h3>\n<h3><strong>CUARTO.-\u00a0<\/strong> Que <strong><em>de acuerdo a lo prescrito en el art<\/em><\/strong><strong><em>\u00ed<\/em><\/strong><strong><em>culo 2514 del C<\/em><\/strong><strong><em>\u00f3<\/em><\/strong><strong><em>digo Civil, la prescripci<\/em><\/strong><strong><em>\u00f3<\/em><\/strong><strong><em>n que extingue las acciones y derechos ajenos, exige solamente cierto lapso de tiempo durante el cual no se hayan ejercido dichas acciones, agregando el inciso segundo del mismo art<\/em><\/strong><strong><em>\u00ed<\/em><\/strong><strong><em>culo que dicho tiempo se cuenta desde que la obligaci<\/em><\/strong><strong><em>\u00f3<\/em><\/strong><strong><em>n se haya hecho exigible<\/em><\/strong>.<\/h3>\n<h3><strong>QUINTO.-<\/strong>\u00a0 Que a su turno, el art\u00edculo 2.493 de nuestro c\u00f3digo sustantivo, prescribe que \u201c<strong>El que quiera aprovecharse de la prescripci<\/strong><strong><em>\u00f3<\/em><\/strong><strong>n debe alegarla; el juez no puede declararla de oficio<\/strong><strong>.<\/strong><strong>\u201d<\/strong><\/h3>\n<h3><strong>SEXTO.-\u00a0<\/strong> Que al contabilizar el plazo desde la exigibilidad para el cobro de los montos adeudados comprendidos en la demanda, y teniendo en \u00a0consideraci\u00f3n la fecha de notificaci\u00f3n del expediente administrativo, ocurri\u00f3 el d\u00eda 6 de enero de 2020, sin que desde dicha fecha se hubiese llevado a cabo por el Fisco acci\u00f3n \u00fatil alguna tendiente a ejecutar el cobro que pretende, y a mayor abundamiento, consta en autos que el procedimiento de cobro iniciado ante el 21\u00b0 Juzgado Civil de Santiago fue declarado abandonado, por lo que no se puede entender interrumpida la prescripci\u00f3n. Se puede constatar que respecto a \u00f3 lo adeudado ha transcurrido en exceso el plazo de prescripci\u00f3n, tal como lo establece el art\u00edculo 2521 del C\u00f3digo Civil. Adem\u00e1s, consta que la propia demandada alz\u00f3 embargo respecto de los bienes embargados atendido el abandono antes citado.<\/h3>\n<h3><strong>S<\/strong><strong>\u00c9<\/strong><strong>PTIMO.-<\/strong> Que como primera consideraci\u00f3n, cabe se\u00f1alar que <strong><em>el hecho de hab<\/em><\/strong><strong><em>\u00e9<\/em><\/strong><strong><em>rsele requerido de pago al actor, en sede administrativa, no configura una exigibilidad <\/em><\/strong><strong><em>ad eternum <\/em><\/strong><strong><em>en favor del fisco, sino que dicha actuaci<\/em><\/strong><strong><em>\u00f3<\/em><\/strong><strong><em>n es el punto de partida de dicho procedimiento, a partir del cual, podr<\/em><\/strong><strong><em>\u00ed<\/em><\/strong><strong><em>a derivar una eventual declaraci<\/em><\/strong><strong><em>\u00f3<\/em><\/strong><strong><em>n de prescripci<\/em><\/strong><strong><em>\u00f3<\/em><\/strong><strong><em>n,<\/em><\/strong> de darse los presupuestos legales para ello.<\/h3>\n<h3><strong>OCTAVO.-<\/strong> Que <strong><em>consta del proceso que el actor fue requerido de pago, en sede administrativa, hace m<\/em><\/strong><strong><em>\u00e1<\/em><\/strong><strong><em>s de 10 a<\/em><\/strong><strong><em>\u00f1<\/em><\/strong><strong><em>os. Por su parte, y de acuerdo a lo dispuesto en los art<\/em><\/strong><strong><em>\u00ed<\/em><\/strong><strong><em>culos 200 y 201 del C<\/em><\/strong><strong><em>\u00f3<\/em><\/strong><strong><em>digo Tributario, el t<\/em><\/strong><strong><em>\u00e9<\/em><\/strong><strong><em>rmino m<\/em><\/strong><strong><em>\u00e1<\/em><\/strong><strong><em>ximo de prescripci<\/em><\/strong><strong><em>\u00f3<\/em><\/strong><strong><em>n, en esta materia, es el de 6 a<\/em><\/strong><strong><em>\u00f1<\/em><\/strong><strong><em>os y corresponde en ciertos casos especiales y determinados, siendo el plazo general el de 3 a<\/em><\/strong><strong><em>\u00f1<\/em><\/strong><strong><em>os.<\/em><\/strong><\/h3>\n<h3><strong>NOVENO.-<\/strong> Que de acuerdo a lo antes razonado, el plazo de prescripci\u00f3n ha transcurrido holgadamente, incluso el especial contenido en el inciso 2\u00b0 del art\u00edculo 200 del C\u00f3digo Tributario.<\/h3>\n<p><span style=\"vertical-align: inherit;\">Sin perjuicio de aquello, la demandada ha alegado la interrupci\u00f3n del plazo de prescripci\u00f3n, atendido la notificaci\u00f3n realizada el a\u00f1o 2010.<\/span><\/p>\n<h2><strong><span style=\"vertical-align: inherit;\">D<\/span><\/strong><strong><span style=\"vertical-align: inherit;\">\u00c9<\/span><\/strong><strong><span style=\"vertical-align: inherit;\">CIMO.-<\/span><\/strong><span style=\"vertical-align: inherit;\"> Que asentado lo anterior, corresponde declarar que se encuentra prescrita la deuda atendido el tiempo transcurrido, por concepto del pago de formulario 21<\/span><\/h2>\n<h3 style=\"text-align: center;\">VER<\/h3>\n<p style=\"text-align: center;\"><a href=\"https:\/\/a-tributario.cl\/index.php\/prescripcion-impuestos-chile-2\/\" target=\"_blank\" rel=\"noopener noreferrer\">https:\/\/a-tributario.cl\/index.php\/prescripcion-impuestos-chile-2\/<\/a><\/p>\n<p>&nbsp;<\/p>\n<p>&nbsp;<\/p>\n<p>&nbsp;<\/p>\n<p>&nbsp;<\/p>\n<p style=\"text-align: center;\">**********************************<\/p>\n<h2 style=\"text-align: center;\"><strong>CONSULTAS A\u00a0<\/strong><\/h2>\n<h2 style=\"text-align: center;\"><strong><a href=\"https:\/\/www.a-tributario.cl\/index.php\/contacto\/\" target=\"_blank\" rel=\"noopener noreferrer\">CONTACTO<\/a><\/strong><\/h2>\n<p style=\"text-align: center;\">*********************************<\/p>\n<p>[\/vc_column_text][\/vc_column][vc_column width=\u00bb1\/2&#8243;][\/vc_column][\/vc_row]<\/p>\n","protected":false},"excerpt":{"rendered":"<p>[vc_row][vc_column width=\u00bb1\/2&#8243;][vc_column_text] SENTENCIA 07-12-2020 TRIBUNAL CIVIL DE SANTIAGO ACOGE PRESCRIPCION DE DEUDA TRIBUTARIA DE IMPUESTOS SOLICITADA POR ABOGADO ALEJANDRO RAMIREZ VALDIVIA DE ABOGADO TRIBUTARIO LET SENTENCIA DE PRIMERA INSTANCIA SENTENCIAS PRESCRIPCION TRIBUTARIA VER SENTENCIA\u00a0 SEGUNDO.-\u00a0 Que la prescripci\u00f3n es un modo de adquirir las cosas ajenas, o de extinguir las acciones y derechos ajenos, por [&hellip;]<\/p>\n","protected":false},"author":1,"featured_media":0,"parent":0,"menu_order":0,"comment_status":"closed","ping_status":"closed","template":"","meta":{"_monsterinsights_skip_tracking":false,"_monsterinsights_sitenote_active":false,"_monsterinsights_sitenote_note":"","_monsterinsights_sitenote_category":0,"footnotes":"","_joinchat":[]},"yoast_head":"<!-- This site is optimized with the Yoast SEO plugin v21.5 - https:\/\/yoast.com\/wordpress\/plugins\/seo\/ -->\n<title>SENTENCIAS PRESCRIPCION TRIBUTARIA ABOGADO LET 950959243<\/title>\n<meta name=\"description\" content=\"Prescripci\u00f3n de Deuda Impuestos - IVA \/ RENTA - Declarada por un Tribunal Civil de Santiago a\u00f1o 2020 - CONSULTE ESTADO DE SU DEUDA DE IMPUESTOS\" \/>\n<meta name=\"robots\" content=\"index, follow, max-snippet:-1, max-image-preview:large, max-video-preview:-1\" \/>\n<link rel=\"canonical\" href=\"https:\/\/a-tributario.cl\/index.php\/sentencias-prescripcion-tributaria\/\" \/>\n<meta property=\"og:locale\" content=\"es_ES\" \/>\n<meta property=\"og:type\" content=\"article\" \/>\n<meta property=\"og:title\" content=\"SENTENCIAS PRESCRIPCION TRIBUTARIA ABOGADO LET 950959243\" \/>\n<meta property=\"og:description\" content=\"Prescripci\u00f3n de Deuda Impuestos - IVA \/ RENTA - Declarada por un Tribunal Civil de Santiago a\u00f1o 2020 - CONSULTE ESTADO DE SU DEUDA DE IMPUESTOS\" \/>\n<meta property=\"og:url\" content=\"https:\/\/a-tributario.cl\/index.php\/sentencias-prescripcion-tributaria\/\" \/>\n<meta property=\"og:site_name\" content=\"ABOGADO TRIBUTARIO R&amp;R\" \/>\n<meta property=\"article:publisher\" content=\"https:\/\/www.facebook.com\/AbogadosTributariosIUS\/\" \/>\n<meta property=\"article:modified_time\" content=\"2021-06-21T00:30:54+00:00\" \/>\n<meta property=\"og:image\" content=\"https:\/\/a-tributario.cl\/wp-content\/uploads\/2019\/05\/justicia-600x400-300x200.jpg\" \/>\n<meta name=\"twitter:card\" content=\"summary_large_image\" \/>\n<meta name=\"twitter:site\" content=\"@ius_asesores\" \/>\n<meta name=\"twitter:label1\" content=\"Tiempo de lectura\" \/>\n\t<meta name=\"twitter:data1\" content=\"4 minutos\" \/>\n<script type=\"application\/ld+json\" class=\"yoast-schema-graph\">{\"@context\":\"https:\/\/schema.org\",\"@graph\":[{\"@type\":\"WebPage\",\"@id\":\"https:\/\/a-tributario.cl\/index.php\/sentencias-prescripcion-tributaria\/\",\"url\":\"https:\/\/a-tributario.cl\/index.php\/sentencias-prescripcion-tributaria\/\",\"name\":\"SENTENCIAS PRESCRIPCION TRIBUTARIA ABOGADO LET 950959243\",\"isPartOf\":{\"@id\":\"https:\/\/a-tributario.cl\/#website\"},\"datePublished\":\"2021-06-08T03:16:32+00:00\",\"dateModified\":\"2021-06-21T00:30:54+00:00\",\"description\":\"Prescripci\u00f3n de Deuda Impuestos - IVA \/ RENTA - Declarada por un Tribunal Civil de Santiago a\u00f1o 2020 - CONSULTE ESTADO DE SU DEUDA DE IMPUESTOS\",\"breadcrumb\":{\"@id\":\"https:\/\/a-tributario.cl\/index.php\/sentencias-prescripcion-tributaria\/#breadcrumb\"},\"inLanguage\":\"es\",\"potentialAction\":[{\"@type\":\"ReadAction\",\"target\":[\"https:\/\/a-tributario.cl\/index.php\/sentencias-prescripcion-tributaria\/\"]}]},{\"@type\":\"BreadcrumbList\",\"@id\":\"https:\/\/a-tributario.cl\/index.php\/sentencias-prescripcion-tributaria\/#breadcrumb\",\"itemListElement\":[{\"@type\":\"ListItem\",\"position\":1,\"name\":\"Portada\",\"item\":\"https:\/\/a-tributario.cl\/\"},{\"@type\":\"ListItem\",\"position\":2,\"name\":\"SENTENCIAS PRESCRIPCION TRIBUTARIA\"}]},{\"@type\":\"WebSite\",\"@id\":\"https:\/\/a-tributario.cl\/#website\",\"url\":\"https:\/\/a-tributario.cl\/\",\"name\":\"ABOGADO TRIBUTARIO R&amp;R\",\"description\":\"ASESOR\u00cdA TRIBUTARIA, DEFENSA LIQUIDACI\u00d3N Y GIRO SII, PRESCRIPCI\u00d3N IMPUESTOS DEFENSA COBRO TESORER\u00cdA\",\"publisher\":{\"@id\":\"https:\/\/a-tributario.cl\/#organization\"},\"potentialAction\":[{\"@type\":\"SearchAction\",\"target\":{\"@type\":\"EntryPoint\",\"urlTemplate\":\"https:\/\/a-tributario.cl\/?s={search_term_string}\"},\"query-input\":\"required name=search_term_string\"}],\"inLanguage\":\"es\"},{\"@type\":\"Organization\",\"@id\":\"https:\/\/a-tributario.cl\/#organization\",\"name\":\"Abogado Tributario Let\",\"url\":\"https:\/\/a-tributario.cl\/\",\"logo\":{\"@type\":\"ImageObject\",\"inLanguage\":\"es\",\"@id\":\"https:\/\/a-tributario.cl\/#\/schema\/logo\/image\/\",\"url\":\"https:\/\/a-tributario.cl\/wp-content\/uploads\/2019\/04\/Image-2018-e1556290954199.jpeg\",\"contentUrl\":\"https:\/\/a-tributario.cl\/wp-content\/uploads\/2019\/04\/Image-2018-e1556290954199.jpeg\",\"width\":128,\"height\":128,\"caption\":\"Abogado Tributario Let\"},\"image\":{\"@id\":\"https:\/\/a-tributario.cl\/#\/schema\/logo\/image\/\"},\"sameAs\":[\"https:\/\/www.facebook.com\/AbogadosTributariosIUS\/\",\"https:\/\/twitter.com\/ius_asesores\",\"https:\/\/www.linkedin.com\/in\/abogadotributario\/\"]}]}<\/script>\n<!-- \/ Yoast SEO plugin. -->","yoast_head_json":{"title":"SENTENCIAS PRESCRIPCION TRIBUTARIA ABOGADO LET 950959243","description":"Prescripci\u00f3n de Deuda Impuestos - IVA \/ RENTA - Declarada por un Tribunal Civil de Santiago a\u00f1o 2020 - CONSULTE ESTADO DE SU DEUDA DE IMPUESTOS","robots":{"index":"index","follow":"follow","max-snippet":"max-snippet:-1","max-image-preview":"max-image-preview:large","max-video-preview":"max-video-preview:-1"},"canonical":"https:\/\/a-tributario.cl\/index.php\/sentencias-prescripcion-tributaria\/","og_locale":"es_ES","og_type":"article","og_title":"SENTENCIAS PRESCRIPCION TRIBUTARIA ABOGADO LET 950959243","og_description":"Prescripci\u00f3n de Deuda Impuestos - IVA \/ RENTA - Declarada por un Tribunal Civil de Santiago a\u00f1o 2020 - CONSULTE ESTADO DE SU DEUDA DE IMPUESTOS","og_url":"https:\/\/a-tributario.cl\/index.php\/sentencias-prescripcion-tributaria\/","og_site_name":"ABOGADO TRIBUTARIO R&amp;R","article_publisher":"https:\/\/www.facebook.com\/AbogadosTributariosIUS\/","article_modified_time":"2021-06-21T00:30:54+00:00","og_image":[{"url":"https:\/\/a-tributario.cl\/wp-content\/uploads\/2019\/05\/justicia-600x400-300x200.jpg"}],"twitter_card":"summary_large_image","twitter_site":"@ius_asesores","twitter_misc":{"Tiempo de lectura":"4 minutos"},"schema":{"@context":"https:\/\/schema.org","@graph":[{"@type":"WebPage","@id":"https:\/\/a-tributario.cl\/index.php\/sentencias-prescripcion-tributaria\/","url":"https:\/\/a-tributario.cl\/index.php\/sentencias-prescripcion-tributaria\/","name":"SENTENCIAS PRESCRIPCION TRIBUTARIA ABOGADO LET 950959243","isPartOf":{"@id":"https:\/\/a-tributario.cl\/#website"},"datePublished":"2021-06-08T03:16:32+00:00","dateModified":"2021-06-21T00:30:54+00:00","description":"Prescripci\u00f3n de Deuda Impuestos - IVA \/ RENTA - Declarada por un Tribunal Civil de Santiago a\u00f1o 2020 - CONSULTE ESTADO DE SU DEUDA DE IMPUESTOS","breadcrumb":{"@id":"https:\/\/a-tributario.cl\/index.php\/sentencias-prescripcion-tributaria\/#breadcrumb"},"inLanguage":"es","potentialAction":[{"@type":"ReadAction","target":["https:\/\/a-tributario.cl\/index.php\/sentencias-prescripcion-tributaria\/"]}]},{"@type":"BreadcrumbList","@id":"https:\/\/a-tributario.cl\/index.php\/sentencias-prescripcion-tributaria\/#breadcrumb","itemListElement":[{"@type":"ListItem","position":1,"name":"Portada","item":"https:\/\/a-tributario.cl\/"},{"@type":"ListItem","position":2,"name":"SENTENCIAS PRESCRIPCION TRIBUTARIA"}]},{"@type":"WebSite","@id":"https:\/\/a-tributario.cl\/#website","url":"https:\/\/a-tributario.cl\/","name":"ABOGADO TRIBUTARIO R&amp;R","description":"ASESOR\u00cdA TRIBUTARIA, DEFENSA LIQUIDACI\u00d3N Y GIRO SII, PRESCRIPCI\u00d3N IMPUESTOS DEFENSA COBRO TESORER\u00cdA","publisher":{"@id":"https:\/\/a-tributario.cl\/#organization"},"potentialAction":[{"@type":"SearchAction","target":{"@type":"EntryPoint","urlTemplate":"https:\/\/a-tributario.cl\/?s={search_term_string}"},"query-input":"required name=search_term_string"}],"inLanguage":"es"},{"@type":"Organization","@id":"https:\/\/a-tributario.cl\/#organization","name":"Abogado Tributario Let","url":"https:\/\/a-tributario.cl\/","logo":{"@type":"ImageObject","inLanguage":"es","@id":"https:\/\/a-tributario.cl\/#\/schema\/logo\/image\/","url":"https:\/\/a-tributario.cl\/wp-content\/uploads\/2019\/04\/Image-2018-e1556290954199.jpeg","contentUrl":"https:\/\/a-tributario.cl\/wp-content\/uploads\/2019\/04\/Image-2018-e1556290954199.jpeg","width":128,"height":128,"caption":"Abogado Tributario Let"},"image":{"@id":"https:\/\/a-tributario.cl\/#\/schema\/logo\/image\/"},"sameAs":["https:\/\/www.facebook.com\/AbogadosTributariosIUS\/","https:\/\/twitter.com\/ius_asesores","https:\/\/www.linkedin.com\/in\/abogadotributario\/"]}]}},"_links":{"self":[{"href":"https:\/\/a-tributario.cl\/index.php\/wp-json\/wp\/v2\/pages\/5006"}],"collection":[{"href":"https:\/\/a-tributario.cl\/index.php\/wp-json\/wp\/v2\/pages"}],"about":[{"href":"https:\/\/a-tributario.cl\/index.php\/wp-json\/wp\/v2\/types\/page"}],"author":[{"embeddable":true,"href":"https:\/\/a-tributario.cl\/index.php\/wp-json\/wp\/v2\/users\/1"}],"replies":[{"embeddable":true,"href":"https:\/\/a-tributario.cl\/index.php\/wp-json\/wp\/v2\/comments?post=5006"}],"version-history":[{"count":13,"href":"https:\/\/a-tributario.cl\/index.php\/wp-json\/wp\/v2\/pages\/5006\/revisions"}],"predecessor-version":[{"id":5100,"href":"https:\/\/a-tributario.cl\/index.php\/wp-json\/wp\/v2\/pages\/5006\/revisions\/5100"}],"wp:attachment":[{"href":"https:\/\/a-tributario.cl\/index.php\/wp-json\/wp\/v2\/media?parent=5006"}],"curies":[{"name":"wp","href":"https:\/\/api.w.org\/{rel}","templated":true}]}}