{"id":5246,"date":"2021-07-11T04:23:53","date_gmt":"2021-07-11T04:23:53","guid":{"rendered":"https:\/\/a-tributario.cl\/?page_id=5246"},"modified":"2022-05-19T00:19:18","modified_gmt":"2022-05-19T00:19:18","slug":"abogado-santiago","status":"publish","type":"page","link":"https:\/\/a-tributario.cl\/index.php\/abogado-santiago\/","title":{"rendered":"ABOGADO SANTIAGO"},"content":{"rendered":"[vc_row][vc_column width=\u00bb2\/3&#8243;][vc_column_text]<p><\/p>\n<p><\/p>\n<h2 style=\"text-align: center;\"><strong><img loading=\"lazy\" decoding=\"async\" class=\" wp-image-3519 alignleft\" src=\"https:\/\/a-tributario.cl\/wp-content\/uploads\/2020\/07\/WhatsApp-Image-2018-12-11-at-15.48.28-300x225.jpeg\" alt=\"\" width=\"366\" height=\"274\" srcset=\"https:\/\/a-tributario.cl\/wp-content\/uploads\/2020\/07\/WhatsApp-Image-2018-12-11-at-15.48.28-300x225.jpeg 300w, https:\/\/a-tributario.cl\/wp-content\/uploads\/2020\/07\/WhatsApp-Image-2018-12-11-at-15.48.28-768x576.jpeg 768w, https:\/\/a-tributario.cl\/wp-content\/uploads\/2020\/07\/WhatsApp-Image-2018-12-11-at-15.48.28-1024x768.jpeg 1024w, https:\/\/a-tributario.cl\/wp-content\/uploads\/2020\/07\/WhatsApp-Image-2018-12-11-at-15.48.28.jpeg 1080w\" sizes=\"(max-width: 366px) 100vw, 366px\" \/><\/strong><\/h2>\n<h2>\u00a0<\/h2>\n<h2 style=\"text-align: center;\"><a href=\"https:\/\/www.google.com\/search?q=ABOGADO+ALEJANDRO+RAMIREZ+VALDIVIA&amp;newwindow=1&amp;sxsrf=ALiCzsbtKAnHOvZvFJq8DL_zSujCZtuQzg:1652901606391&amp;ei=5kaFYpGnF-681sQP-oyvyAc&amp;start=0&amp;sa=N&amp;ved=2ahUKEwiRsuOo4un3AhVunpUCHXrGC3k4ChDy0wN6BAgBED0&amp;biw=1517&amp;bih=694&amp;dpr=0.9\" target=\"_blank\" rel=\"noopener\"><strong>ALEJANDRO ENRIQUE <\/strong><strong>RAMIREZ\u00a0 VALDIVIA<\/strong><\/a><\/h2>\n<h3 style=\"text-align: center;\"><strong>ABOGADO<\/strong><\/h3>\n<h3 style=\"text-align: center;\">Director<\/h3>\n<h3 style=\"text-align: center;\">Abogado Tributario Let<\/h3>\n<h1 style=\"text-align: center;\">\u00a0<\/h1>\n<h2 style=\"text-align: center;\"><span style=\"vertical-align: inherit;\"><span style=\"vertical-align: inherit;\"><span style=\"vertical-align: inherit;\"><span style=\"vertical-align: inherit;\"><span style=\"vertical-align: inherit;\"><span style=\"vertical-align: inherit;\"><span style=\"vertical-align: inherit;\"><span style=\"vertical-align: inherit;\">ASESOR\u00cdA y DEFENSA <\/span><\/span><\/span><\/span><\/span><\/span><\/span><\/span><\/h2>\n<h2 style=\"text-align: center;\"><span style=\"vertical-align: inherit;\"><span style=\"vertical-align: inherit;\"><span style=\"vertical-align: inherit;\"><span style=\"vertical-align: inherit;\"><span style=\"vertical-align: inherit;\"><span style=\"vertical-align: inherit;\"><span style=\"vertical-align: inherit;\"><span style=\"vertical-align: inherit;\">JUR\u00cdDICA\u00a0<\/span><\/span><\/span><\/span><\/span><\/span><\/span><\/span><span style=\"vertical-align: inherit;\"><span style=\"vertical-align: inherit;\"><span style=\"vertical-align: inherit;\"><span style=\"vertical-align: inherit;\"><span style=\"vertical-align: inherit;\"><span style=\"vertical-align: inherit;\"><span style=\"vertical-align: inherit;\"><span style=\"vertical-align: inherit;\">y TRIBUTARIA\u00a0<\/span><\/span><\/span><\/span><\/span><\/span><\/span><\/span><\/h2>\n<p style=\"text-align: center;\"><strong>SERVICIOS DE ASESOR\u00cdA JUR\u00cdDICA Y TRIBUTARIA A LAS PYMES MICROEMPRESAS<\/strong><\/p>\n<h3 style=\"text-align: left;\"><strong>Planificaci\u00f3n y Constituci\u00f3n de la organizaci\u00f3n societaria, conducente a resguardar los derechos de los socios y a evitar errores de tributaci\u00f3n, que impliquen actos que puedan calificarse por SII como elusivos de impuestos<\/strong><\/h3>\n<h2 style=\"text-align: center;\">DEFENSA TRIBUTARIA<\/h2>\n<h3 style=\"text-align: left;\"><strong>Prestamos asesor\u00eda y defensa frente a FISCALIZACIONES DEL SII que determinen liquidaciones o giros errados, desproporcionados o injustos<\/strong><\/h3>\n<h3 style=\"text-align: left;\"><strong>Defendemos al Contribuyente ante el TRIBUNAL TRIBUTARIO Y ADUANERO (TTA), de liquidaciones\u00a0 y giros de impuestos; de la aplicaci\u00f3n de sanciones y multas del SII<\/strong><\/h3>\n<h3 style=\"text-align: left;\"><strong>Defensa integral ante los Juzgados de Garant\u00eda y de Juicio Oral en lo Penal, frente a DELITOS TRIBUTARIOS<\/strong><\/h3>\n<h3 style=\"text-align: left;\"><strong>Defendemos a los deudores de impuestos en del cobro de la TESORER\u00cdA GENERAL DE LA REP\u00daBLICA<\/strong><\/h3>\n<p>&nbsp;<\/p>\n<p>&nbsp;<\/p>\n<h2 style=\"text-align: center;\"><a href=\"https:\/\/www.a-tributario.cl\/index.php\/sentencias-tributarias\/\" target=\"_blank\" rel=\"noopener noreferrer\">VER SENTENCIAS FAVORABLES A LOS CONTRIBUYENTES<\/a><\/h2>\n<h3 style=\"text-align: center;\"><strong>VER<\/strong><\/h3>\n<p><blockquote class=\"wp-embedded-content\" data-secret=\"n1psYuc05m\"><a href=\"https:\/\/a-tributario.cl\/index.php\/vulneracion-de-derechos-del-contribuyente\/\">VULNERACI\u00d3N DE LOS DERECHOS DEL CONTRIBUYENTE<\/a><\/blockquote><iframe class=\"wp-embedded-content\" sandbox=\"allow-scripts\" security=\"restricted\" style=\"position: absolute; clip: rect(1px, 1px, 1px, 1px);\" title=\"&#8220;VULNERACI\u00d3N DE LOS DERECHOS DEL CONTRIBUYENTE&#8221; &#8212; ABOGADO TRIBUTARIO LET 950959243\" src=\"https:\/\/a-tributario.cl\/index.php\/vulneracion-de-derechos-del-contribuyente\/embed\/#?secret=n1psYuc05m\" data-secret=\"n1psYuc05m\" width=\"500\" height=\"282\" frameborder=\"0\" marginwidth=\"0\" marginheight=\"0\" scrolling=\"no\"><\/iframe><\/p>\n<h1>\u00a0<\/h1>\n<h1 style=\"text-align: center;\"><strong>ABOGADO SANTIAGO<\/strong><\/h1>\n<h2 style=\"text-align: center;\">SERVICIOS TRIBUTARIOS<\/h2>\n<ul>\n<li>\n<h3 style=\"text-align: left;\"><strong><a href=\"https:\/\/www.a-tributario.cl\/index.php\/prescripcion-impuestos-chile-2\/\" target=\"_blank\" rel=\"noopener noreferrer\">PRESCRIPCI\u00d3N IMPUESTOS<\/a><\/strong><\/h3>\n<\/li>\n<\/ul>\n<ul>\n<li>\n<h3 style=\"text-align: left;\"><a href=\"https:\/\/www.a-tributario.cl\/index.php\/giro-o-liquidacion-sii-defensa-ante-el-tta\/\" target=\"_blank\" rel=\"noopener noreferrer\"><strong><span style=\"vertical-align: inherit;\">DEFENSA EN FISCALIZACI\u00d3N, CITACI\u00d3N, LIQUIDACI\u00d3N y GIRO SII<\/span><\/strong><\/a><\/h3>\n<\/li>\n<\/ul>\n<ul>\n<li>\n<h3 style=\"text-align: left;\"><a href=\"https:\/\/www.a-tributario.cl\/index.php\/delito-tributario-2\/\" target=\"_blank\" rel=\"noopener noreferrer\"><strong><span style=\"vertical-align: inherit;\">DEFENSA FISCALIZACI\u00d3N Y QUERELLA DELITO TRIBUTARIO<\/span><\/strong><\/a><\/h3>\n<ul>\n<li style=\"list-style-type: none;\">\n<ul>\n<li style=\"text-align: left;\"><a href=\"https:\/\/www.a-tributario.cl\/index.php\/facturas-ideologicamente-falsas\/\" target=\"_blank\" rel=\"noopener noreferrer\"><strong><span style=\"vertical-align: inherit;\">FACTURA IDEOL\u00d3GICAMENTE FALSA<\/span><\/strong><\/a><\/li>\n<\/ul>\n<\/li>\n<\/ul>\n<\/li>\n<\/ul>\n<ul>\n<li>\n<h3 style=\"text-align: left;\"><strong><a href=\"https:\/\/www.a-tributario.cl\/index.php\/defensa-giro-impuestos-iva-renta-sii\/\" target=\"_blank\" rel=\"noopener noreferrer\"><span style=\"vertical-align: inherit;\">JUSTIFICACI\u00d3N DE INVERSI\u00d3N<\/span><\/a><\/strong><\/h3>\n<\/li>\n<\/ul>\n<ul>\n<li>\n<h3 style=\"text-align: left;\"><strong><strong><strong><a href=\"https:\/\/www.a-tributario.cl\/index.php\/gasto-rechazado-aceptado-circular-53-2020-sii\/\" target=\"_blank\" rel=\"noopener noreferrer\"><span style=\"vertical-align: inherit;\">GAST<\/span><\/a><\/strong><a href=\"https:\/\/www.a-tributario.cl\/index.php\/gasto-rechazado-aceptado-circular-53-2020-sii\/\" target=\"_blank\" rel=\"noopener noreferrer\"><span style=\"vertical-align: inherit;\">OS RECHAZADOS<\/span><\/a><\/strong><strong>\u00a0<\/strong><\/strong><\/h3>\n<\/li>\n<\/ul>\n<ul>\n<li style=\"list-style-type: none;\">\n<ul>\n<li style=\"list-style-type: none;\">\n<ul>\n<li style=\"text-align: left;\"><strong><a href=\"https:\/\/www.a-tributario.cl\/index.php\/credito-incobrable\/\" target=\"_blank\" rel=\"noopener noreferrer\">CR\u00c9DITO INCOBRABLE<\/a><\/strong><\/li>\n<li style=\"text-align: left;\"><strong><a href=\"https:\/\/www.a-tributario.cl\/index.php\/depreciacion-de-bienes-fisicos-del-activo-inmovilizado\/\" target=\"_blank\" rel=\"noopener noreferrer\">DEPRECIACI\u00d3N DE BIENES<\/a><\/strong><\/li>\n<\/ul>\n<\/li>\n<\/ul>\n<\/li>\n<\/ul>\n<ul>\n<li>\n<h3 style=\"text-align: left;\"><strong><span style=\"vertical-align: inherit;\"><a href=\"https:\/\/www.a-tributario.cl\/wp-admin\/post.php?post=2689&amp;action=edit\" target=\"_blank\" rel=\"noopener noreferrer\">PERDIDA DE ARRASTRE<\/a> <\/span><\/strong><\/h3>\n<\/li>\n<li>\n<h3 style=\"text-align: left;\"><strong><a href=\"https:\/\/www.a-tributario.cl\/index.php\/beneficios-tributarios-a-la-exportacion\/\" target=\"_blank\" rel=\"noopener noreferrer\">BENEFICIOS TRIBUTARIOS A EXPORTADORES<\/a><\/strong><\/h3>\n<\/li>\n<li>\n<h3 style=\"text-align: left;\"><strong><a href=\"https:\/\/www.a-tributario.cl\/index.php\/planificacion-tributaria-no-elusiva\/\" target=\"_blank\" rel=\"noopener noreferrer\"><span style=\"vertical-align: inherit;\">PLANIFICACI\u00d3N TRIBUTARIA NO ELUSIVA<\/span><\/a><\/strong><\/h3>\n<\/li>\n<\/ul>\n<ul>\n<li style=\"text-align: left;\"><strong><span style=\"vertical-align: inherit;\">ESTUDIO DE ESTRUCTURA Y CARGA TRIBUTARIA\u00a0<\/span><\/strong><\/li>\n<\/ul>\n<ul>\n<li style=\"text-align: left;\"><strong><span style=\"vertical-align: inherit;\">REORGANIZACIONES EMPRESARIALES, FUSIONES, DIVISIONES, ABSORCIONES<\/span><\/strong><\/li>\n<\/ul>\n<ul>\n<li style=\"text-align: left;\"><strong><span style=\"vertical-align: inherit;\">NUEVOS REG\u00cdMENES TRIBUTARIOS<\/span><\/strong><\/li>\n<li>\u00a0<\/li>\n<\/ul>\n<ul>\n<li style=\"text-align: left;\"><strong><span style=\"vertical-align: inherit;\">IMPUESTOS A ENAJENACI\u00d3N DE BIENES RA\u00cdCES<\/span><\/strong><\/li>\n<li>\u00a0<\/li>\n<li style=\"text-align: left;\"><strong><span style=\"vertical-align: inherit;\">BENEFICIOS TRIBUTARIOS A PYMES<\/span><\/strong><\/li>\n<\/ul>\n<p><iframe loading=\"lazy\" title=\"ABOGADO TRIBUTARIO LET 2020 \/ ASESOR\u00cdA TRIBUTARIA Y DEFENSA\" width=\"500\" height=\"281\" src=\"https:\/\/www.youtube.com\/embed\/b3Zcvtbnx-E?feature=oembed\" frameborder=\"0\" allow=\"accelerometer; autoplay; clipboard-write; encrypted-media; gyroscope; picture-in-picture\" allowfullscreen><\/iframe><\/p>[\/vc_column_text][\/vc_column][vc_column width=\u00bb1\/3&#8243;][\/vc_column][\/vc_row][vc_row][vc_column_text][\/vc_column_text][\/vc_row][vc_row][vc_column][vc_column_text]<\/p>\n\n\n<pre class=\"wp-block-code\"><code>&lt;a href=\"https:\/\/www.grippo.com\/post\/976724.html\">ABOGADO TRIBUTARIO&lt;\/a><\/code><\/pre>\n\n\n<p>[\/vc_column_text][\/vc_column][\/vc_row]","protected":false},"excerpt":{"rendered":"<p>[vc_row][vc_column width=\u00bb2\/3&#8243;][vc_column_text] \u00a0 ALEJANDRO ENRIQUE RAMIREZ\u00a0 VALDIVIA ABOGADO Director Abogado Tributario Let \u00a0 ASESOR\u00cdA y DEFENSA JUR\u00cdDICA\u00a0y TRIBUTARIA\u00a0 SERVICIOS DE ASESOR\u00cdA JUR\u00cdDICA Y TRIBUTARIA A LAS PYMES MICROEMPRESAS Planificaci\u00f3n y Constituci\u00f3n de la organizaci\u00f3n societaria, conducente a resguardar los derechos de los socios y a evitar errores de tributaci\u00f3n, que impliquen actos que puedan calificarse [&hellip;]<\/p>\n","protected":false},"author":1,"featured_media":0,"parent":0,"menu_order":0,"comment_status":"closed","ping_status":"closed","template":"","meta":{"_monsterinsights_skip_tracking":false,"_monsterinsights_sitenote_active":false,"_monsterinsights_sitenote_note":"","_monsterinsights_sitenote_category":0,"footnotes":"","_joinchat":{"telephone":"+56950959243","message_send":"CONSULTAS"}},"yoast_head":"<!-- This site is optimized with the Yoast SEO plugin v21.5 - https:\/\/yoast.com\/wordpress\/plugins\/seo\/ -->\n<title>ABOGADO SANTIAGO - ASESOR\u00cdA y DEFENSA JUR\u00cdDICA TRIBUTARIA<\/title>\n<meta name=\"description\" content=\"ASESOR\u00cdA y DEFENSA JUR\u00cdDICA TRIBUTARIA a PYMES - CONSULTE GRATIS POR EVALUCION DE DEUDA TRIBUTARIA AL WHATSAPP - 950959243\" \/>\n<meta name=\"robots\" content=\"index, follow, max-snippet:-1, max-image-preview:large, max-video-preview:-1\" \/>\n<link rel=\"canonical\" href=\"https:\/\/a-tributario.cl\/index.php\/abogado-santiago\/\" \/>\n<meta property=\"og:locale\" content=\"es_ES\" \/>\n<meta property=\"og:type\" content=\"article\" \/>\n<meta property=\"og:title\" content=\"ABOGADO SANTIAGO - ASESOR\u00cdA y DEFENSA JUR\u00cdDICA TRIBUTARIA\" \/>\n<meta property=\"og:description\" content=\"ASESOR\u00cdA y DEFENSA JUR\u00cdDICA TRIBUTARIA a PYMES - CONSULTE GRATIS POR EVALUCION DE DEUDA TRIBUTARIA AL WHATSAPP - 950959243\" \/>\n<meta property=\"og:url\" content=\"https:\/\/a-tributario.cl\/index.php\/abogado-santiago\/\" \/>\n<meta property=\"og:site_name\" content=\"ABOGADO TRIBUTARIO R&amp;R\" \/>\n<meta property=\"article:publisher\" content=\"https:\/\/www.facebook.com\/AbogadosTributariosIUS\/\" \/>\n<meta property=\"article:modified_time\" content=\"2022-05-19T00:19:18+00:00\" \/>\n<meta property=\"og:image\" content=\"https:\/\/a-tributario.cl\/wp-content\/uploads\/2020\/07\/WhatsApp-Image-2018-12-11-at-15.48.28-300x225.jpeg\" \/>\n<meta name=\"twitter:card\" content=\"summary_large_image\" \/>\n<meta name=\"twitter:site\" content=\"@ius_asesores\" \/>\n<meta name=\"twitter:label1\" content=\"Tiempo de lectura\" \/>\n\t<meta name=\"twitter:data1\" content=\"2 minutos\" \/>\n<script type=\"application\/ld+json\" class=\"yoast-schema-graph\">{\"@context\":\"https:\/\/schema.org\",\"@graph\":[{\"@type\":\"WebPage\",\"@id\":\"https:\/\/a-tributario.cl\/index.php\/abogado-santiago\/\",\"url\":\"https:\/\/a-tributario.cl\/index.php\/abogado-santiago\/\",\"name\":\"ABOGADO SANTIAGO - ASESOR\u00cdA y DEFENSA JUR\u00cdDICA TRIBUTARIA\",\"isPartOf\":{\"@id\":\"https:\/\/a-tributario.cl\/#website\"},\"datePublished\":\"2021-07-11T04:23:53+00:00\",\"dateModified\":\"2022-05-19T00:19:18+00:00\",\"description\":\"ASESOR\u00cdA y DEFENSA JUR\u00cdDICA TRIBUTARIA a PYMES - CONSULTE GRATIS POR EVALUCION DE DEUDA TRIBUTARIA AL WHATSAPP - 950959243\",\"breadcrumb\":{\"@id\":\"https:\/\/a-tributario.cl\/index.php\/abogado-santiago\/#breadcrumb\"},\"inLanguage\":\"es\",\"potentialAction\":[{\"@type\":\"ReadAction\",\"target\":[\"https:\/\/a-tributario.cl\/index.php\/abogado-santiago\/\"]}]},{\"@type\":\"BreadcrumbList\",\"@id\":\"https:\/\/a-tributario.cl\/index.php\/abogado-santiago\/#breadcrumb\",\"itemListElement\":[{\"@type\":\"ListItem\",\"position\":1,\"name\":\"Portada\",\"item\":\"https:\/\/a-tributario.cl\/\"},{\"@type\":\"ListItem\",\"position\":2,\"name\":\"ASESOR\u00cdA TRIBUTARIA - ABOGADOS ASESORES TRIBUTARIAS\"}]},{\"@type\":\"WebSite\",\"@id\":\"https:\/\/a-tributario.cl\/#website\",\"url\":\"https:\/\/a-tributario.cl\/\",\"name\":\"ABOGADO TRIBUTARIO R&amp;R\",\"description\":\"ASESOR\u00cdA TRIBUTARIA, DEFENSA LIQUIDACI\u00d3N Y GIRO SII, PRESCRIPCI\u00d3N IMPUESTOS DEFENSA COBRO TESORER\u00cdA\",\"publisher\":{\"@id\":\"https:\/\/a-tributario.cl\/#organization\"},\"potentialAction\":[{\"@type\":\"SearchAction\",\"target\":{\"@type\":\"EntryPoint\",\"urlTemplate\":\"https:\/\/a-tributario.cl\/?s={search_term_string}\"},\"query-input\":\"required name=search_term_string\"}],\"inLanguage\":\"es\"},{\"@type\":\"Organization\",\"@id\":\"https:\/\/a-tributario.cl\/#organization\",\"name\":\"Abogado Tributario Let\",\"url\":\"https:\/\/a-tributario.cl\/\",\"logo\":{\"@type\":\"ImageObject\",\"inLanguage\":\"es\",\"@id\":\"https:\/\/a-tributario.cl\/#\/schema\/logo\/image\/\",\"url\":\"https:\/\/a-tributario.cl\/wp-content\/uploads\/2019\/04\/Image-2018-e1556290954199.jpeg\",\"contentUrl\":\"https:\/\/a-tributario.cl\/wp-content\/uploads\/2019\/04\/Image-2018-e1556290954199.jpeg\",\"width\":128,\"height\":128,\"caption\":\"Abogado Tributario Let\"},\"image\":{\"@id\":\"https:\/\/a-tributario.cl\/#\/schema\/logo\/image\/\"},\"sameAs\":[\"https:\/\/www.facebook.com\/AbogadosTributariosIUS\/\",\"https:\/\/twitter.com\/ius_asesores\",\"https:\/\/www.linkedin.com\/in\/abogadotributario\/\"]}]}<\/script>\n<!-- \/ Yoast SEO plugin. -->","yoast_head_json":{"title":"ABOGADO SANTIAGO - ASESOR\u00cdA y DEFENSA JUR\u00cdDICA TRIBUTARIA","description":"ASESOR\u00cdA y DEFENSA JUR\u00cdDICA TRIBUTARIA a PYMES - CONSULTE GRATIS POR EVALUCION DE DEUDA TRIBUTARIA AL WHATSAPP - 950959243","robots":{"index":"index","follow":"follow","max-snippet":"max-snippet:-1","max-image-preview":"max-image-preview:large","max-video-preview":"max-video-preview:-1"},"canonical":"https:\/\/a-tributario.cl\/index.php\/abogado-santiago\/","og_locale":"es_ES","og_type":"article","og_title":"ABOGADO SANTIAGO - ASESOR\u00cdA y DEFENSA JUR\u00cdDICA TRIBUTARIA","og_description":"ASESOR\u00cdA y DEFENSA JUR\u00cdDICA TRIBUTARIA a PYMES - CONSULTE GRATIS POR EVALUCION DE DEUDA TRIBUTARIA AL WHATSAPP - 950959243","og_url":"https:\/\/a-tributario.cl\/index.php\/abogado-santiago\/","og_site_name":"ABOGADO TRIBUTARIO R&amp;R","article_publisher":"https:\/\/www.facebook.com\/AbogadosTributariosIUS\/","article_modified_time":"2022-05-19T00:19:18+00:00","og_image":[{"url":"https:\/\/a-tributario.cl\/wp-content\/uploads\/2020\/07\/WhatsApp-Image-2018-12-11-at-15.48.28-300x225.jpeg"}],"twitter_card":"summary_large_image","twitter_site":"@ius_asesores","twitter_misc":{"Tiempo de lectura":"2 minutos"},"schema":{"@context":"https:\/\/schema.org","@graph":[{"@type":"WebPage","@id":"https:\/\/a-tributario.cl\/index.php\/abogado-santiago\/","url":"https:\/\/a-tributario.cl\/index.php\/abogado-santiago\/","name":"ABOGADO SANTIAGO - ASESOR\u00cdA y DEFENSA JUR\u00cdDICA TRIBUTARIA","isPartOf":{"@id":"https:\/\/a-tributario.cl\/#website"},"datePublished":"2021-07-11T04:23:53+00:00","dateModified":"2022-05-19T00:19:18+00:00","description":"ASESOR\u00cdA y DEFENSA JUR\u00cdDICA TRIBUTARIA a PYMES - CONSULTE GRATIS POR EVALUCION DE DEUDA TRIBUTARIA AL WHATSAPP - 950959243","breadcrumb":{"@id":"https:\/\/a-tributario.cl\/index.php\/abogado-santiago\/#breadcrumb"},"inLanguage":"es","potentialAction":[{"@type":"ReadAction","target":["https:\/\/a-tributario.cl\/index.php\/abogado-santiago\/"]}]},{"@type":"BreadcrumbList","@id":"https:\/\/a-tributario.cl\/index.php\/abogado-santiago\/#breadcrumb","itemListElement":[{"@type":"ListItem","position":1,"name":"Portada","item":"https:\/\/a-tributario.cl\/"},{"@type":"ListItem","position":2,"name":"ASESOR\u00cdA TRIBUTARIA - ABOGADOS ASESORES TRIBUTARIAS"}]},{"@type":"WebSite","@id":"https:\/\/a-tributario.cl\/#website","url":"https:\/\/a-tributario.cl\/","name":"ABOGADO TRIBUTARIO R&amp;R","description":"ASESOR\u00cdA TRIBUTARIA, DEFENSA LIQUIDACI\u00d3N Y GIRO SII, PRESCRIPCI\u00d3N IMPUESTOS DEFENSA COBRO TESORER\u00cdA","publisher":{"@id":"https:\/\/a-tributario.cl\/#organization"},"potentialAction":[{"@type":"SearchAction","target":{"@type":"EntryPoint","urlTemplate":"https:\/\/a-tributario.cl\/?s={search_term_string}"},"query-input":"required name=search_term_string"}],"inLanguage":"es"},{"@type":"Organization","@id":"https:\/\/a-tributario.cl\/#organization","name":"Abogado Tributario Let","url":"https:\/\/a-tributario.cl\/","logo":{"@type":"ImageObject","inLanguage":"es","@id":"https:\/\/a-tributario.cl\/#\/schema\/logo\/image\/","url":"https:\/\/a-tributario.cl\/wp-content\/uploads\/2019\/04\/Image-2018-e1556290954199.jpeg","contentUrl":"https:\/\/a-tributario.cl\/wp-content\/uploads\/2019\/04\/Image-2018-e1556290954199.jpeg","width":128,"height":128,"caption":"Abogado Tributario Let"},"image":{"@id":"https:\/\/a-tributario.cl\/#\/schema\/logo\/image\/"},"sameAs":["https:\/\/www.facebook.com\/AbogadosTributariosIUS\/","https:\/\/twitter.com\/ius_asesores","https:\/\/www.linkedin.com\/in\/abogadotributario\/"]}]}},"_links":{"self":[{"href":"https:\/\/a-tributario.cl\/index.php\/wp-json\/wp\/v2\/pages\/5246"}],"collection":[{"href":"https:\/\/a-tributario.cl\/index.php\/wp-json\/wp\/v2\/pages"}],"about":[{"href":"https:\/\/a-tributario.cl\/index.php\/wp-json\/wp\/v2\/types\/page"}],"author":[{"embeddable":true,"href":"https:\/\/a-tributario.cl\/index.php\/wp-json\/wp\/v2\/users\/1"}],"replies":[{"embeddable":true,"href":"https:\/\/a-tributario.cl\/index.php\/wp-json\/wp\/v2\/comments?post=5246"}],"version-history":[{"count":5,"href":"https:\/\/a-tributario.cl\/index.php\/wp-json\/wp\/v2\/pages\/5246\/revisions"}],"predecessor-version":[{"id":5635,"href":"https:\/\/a-tributario.cl\/index.php\/wp-json\/wp\/v2\/pages\/5246\/revisions\/5635"}],"wp:attachment":[{"href":"https:\/\/a-tributario.cl\/index.php\/wp-json\/wp\/v2\/media?parent=5246"}],"curies":[{"name":"wp","href":"https:\/\/api.w.org\/{rel}","templated":true}]}}