{"id":5309,"date":"2021-07-12T01:16:48","date_gmt":"2021-07-12T01:16:48","guid":{"rendered":"https:\/\/a-tributario.cl\/?page_id=5309"},"modified":"2022-01-02T19:52:16","modified_gmt":"2022-01-02T19:52:16","slug":"defensa-en-cobro-de-tesoreria","status":"publish","type":"page","link":"https:\/\/a-tributario.cl\/index.php\/defensa-en-cobro-de-tesoreria\/","title":{"rendered":"DEFENSA EN COBRO DE TESORERIA"},"content":{"rendered":"<p>[vc_row][vc_column width=\u00bb1\/3&#8243;][vc_column_text]<\/p>\n<h2><\/h2>\n<h2 style=\"text-align: center;\">DEFENSA DEUDA DE IMPUESTOS<\/h2>\n<h2 style=\"text-align: center;\">IVA &#8211; RENTA &#8211;\u00a0 (SII &#8211; TESORER\u00cdA)<\/h2>\n<h2 style=\"text-align: center;\">SOLUCI\u00d3N\u00a0 A PROBLEMA IMPUESTO<\/h2>\n<h2 style=\"text-align: center;\">Eliminaci\u00f3n deuda impuestos<\/h2>\n<h2 style=\"text-align: center;\">v\u00eda Prescripci\u00f3n<\/h2>\n<h2 style=\"text-align: center;\">Damos Soluci\u00f3n:<\/h2>\n<ul>\n<li><strong>SUSPENSI\u00d3N DE REMATE<\/strong><\/li>\n<\/ul>\n<ul>\n<li><strong>ALZAMIENTO DE EMBARGO<\/strong><\/li>\n<\/ul>\n<ul>\n<li><strong>PROTECCI\u00d3N CONTRA ARRESTO<\/strong><\/li>\n<\/ul>\n<ul>\n<li><a href=\"https:\/\/www.a-tributario.cl\/index.php\/prescripcion-impuestos\/\" target=\"_blank\" rel=\"noopener noreferrer\"><strong>ELIMINACI\u00d3N DEUDA IMPUESTO V\u00cdA PRESCRIPCI\u00d3N<\/strong><\/a><\/li>\n<\/ul>\n<ul>\n<li><strong>LIBERACI\u00d3N DEL COBRO POR MEDIO DE RECURSOS JUDICIALES<\/strong><\/li>\n<\/ul>\n<p><strong>\u00bfCOMO ES EL JUICIO TRIBUTARIO DE COBRO DE TESORER\u00cdA?<\/strong><\/p>\n<p>Los juicios de cobro tributario tienen dos fases o etapas la primera administrativa y la segunda judicial:<\/p>\n<h2 style=\"text-align: center;\"><strong>A.- ETAPA ADMINISTRATIVA<\/strong><\/h2>\n<p><span id=\"addon-section\"> En esta fase lo representamos interponiendo las excepciones o incidentes que corresponda, entre otras la de prescripci\u00f3n. Tesorer\u00eda da inicio al juicio ejecutivo de cobro de impuestos y multas adeudadas, conforme lo dispone el <a class=\"addon-citation addon-tooltip addon-preview-pending\" href=\"https:\/\/go.vlex.com\/vid\/238902154?fbt=webapp_preview\" target=\"_blank\" rel=\"noopener noreferrer\" data-vids=\"238902154\">c\u00f3digo tributario<\/a>. <\/span><\/p>\n<h3><strong>La notificaci\u00f3n, requerimiento y embargo<\/strong><\/h3>\n<p>Practicado el requerimiento en alguna de las formas pertinentes, sin que se obtenga el pago, el recaudador fiscal, personalmente, proceder\u00e1 a la traba del embargo; pero, trat\u00e1ndose de bienes ra\u00edces, el embargo no surtir\u00e1 efecto respecto de terceros, sino una vez que se haya inscrito en el conservador de bienes ra\u00edces correspondiente.<\/p>\n<h3><strong>Del plazo para oponer excepciones<\/strong><\/h3>\n<p>El ejecutado podr\u00e1 oponerse a la ejecuci\u00f3n ante la tesorer\u00eda comunal respectiva, dentro del plazo de 10 d\u00edas h\u00e1biles contados desde la fecha del requerimiento de pago practicado conforme al art\u00edculo 171\u00b0.<\/p>\n<h3><strong>De las excepciones admisibles<\/strong><\/h3>\n<p>La oposici\u00f3n del ejecutado s\u00f3lo ser\u00e1 admisible cuando se funde en alguna de las siguientes excepciones: 1\u00b0.- pago de la deuda. <a href=\"https:\/\/www.a-tributario.cl\/index.php\/prescripcion-impuestos\/\" target=\"_blank\" rel=\"noopener noreferrer\">2\u00b0.- prescripci\u00f3n.<\/a> 3\u00b0.- no empecer el t\u00edtulo al ejecutado.<\/p>\n<h2 style=\"text-align: center;\"><strong>B.- ETAPA JUDICIAL<\/strong><\/h2>\n<p>En esta fase no es posible interponer excepciones, sin embargo, nuestra experiencia en esta materia nos permite interponer los recursos legales necesarios, tendientes a paralizar el procedimiento y suspender los remates. Consulte por una Asesor\u00eda Tributaria para evitar el remate de sus bienes<\/p>\n<h1 style=\"text-align: center;\">Defensa en Juicio Ejecutivo<\/h1>\n<h1 style=\"text-align: center;\">de cobro de impuestos de Tesorer\u00eda<\/h1>\n<h2 style=\"text-align: center;\"><a href=\"https:\/\/www.a-tributario.cl\/index.php\/sentencias-judiciales\/\" target=\"_blank\" rel=\"noopener noreferrer\">VER <\/a><\/h2>\n<h2 style=\"text-align: center;\"><a href=\"https:\/\/www.a-tributario.cl\/index.php\/sentencias-judiciales\/\" target=\"_blank\" rel=\"noopener noreferrer\">SENTENCIA JUDICIAL<\/a><\/h2>\n<p>[\/vc_column_text][\/vc_column][vc_column width=\u00bb1\/3&#8243;][\/vc_column][vc_column width=\u00bb1\/3&#8243;][\/vc_column][\/vc_row]<\/p>\n","protected":false},"excerpt":{"rendered":"<p>[vc_row][vc_column width=\u00bb1\/3&#8243;][vc_column_text] DEFENSA DEUDA DE IMPUESTOS IVA &#8211; RENTA &#8211;\u00a0 (SII &#8211; TESORER\u00cdA) SOLUCI\u00d3N\u00a0 A PROBLEMA IMPUESTO Eliminaci\u00f3n deuda impuestos v\u00eda Prescripci\u00f3n Damos Soluci\u00f3n: SUSPENSI\u00d3N DE REMATE ALZAMIENTO DE EMBARGO PROTECCI\u00d3N CONTRA ARRESTO ELIMINACI\u00d3N DEUDA IMPUESTO V\u00cdA PRESCRIPCI\u00d3N LIBERACI\u00d3N DEL COBRO POR MEDIO DE RECURSOS JUDICIALES \u00bfCOMO ES EL JUICIO TRIBUTARIO DE COBRO DE TESORER\u00cdA? [&hellip;]<\/p>\n","protected":false},"author":1,"featured_media":0,"parent":0,"menu_order":0,"comment_status":"closed","ping_status":"closed","template":"","meta":{"_monsterinsights_skip_tracking":false,"_monsterinsights_sitenote_active":false,"_monsterinsights_sitenote_note":"","_monsterinsights_sitenote_category":0,"footnotes":"","_joinchat":[]},"yoast_head":"<!-- This site is optimized with the Yoast SEO plugin v21.5 - https:\/\/yoast.com\/wordpress\/plugins\/seo\/ -->\n<title>DEFENSA EN COBRO TESORERIA - ABOGADO TRIBUTARIO LET<\/title>\n<meta name=\"description\" content=\"DEFENSA EN DEUDA IMPUESTOS IVA RENTA -\u00a0 (SII - TESORER\u00cdA) SOLUCI\u00d3N\u00a0 A PROBLEMA. Eliminaci\u00f3n deuda impuestos v\u00eda Prescripci\u00f3n\" \/>\n<meta name=\"robots\" content=\"index, follow, max-snippet:-1, max-image-preview:large, max-video-preview:-1\" \/>\n<link rel=\"canonical\" href=\"https:\/\/a-tributario.cl\/index.php\/defensa-en-cobro-de-tesoreria\/\" \/>\n<meta property=\"og:locale\" content=\"es_ES\" \/>\n<meta property=\"og:type\" content=\"article\" \/>\n<meta property=\"og:title\" content=\"DEFENSA EN COBRO TESORERIA - ABOGADO TRIBUTARIO LET\" \/>\n<meta property=\"og:description\" content=\"DEFENSA EN DEUDA IMPUESTOS IVA RENTA -\u00a0 (SII - TESORER\u00cdA) SOLUCI\u00d3N\u00a0 A PROBLEMA. Eliminaci\u00f3n deuda impuestos v\u00eda Prescripci\u00f3n\" \/>\n<meta property=\"og:url\" content=\"https:\/\/a-tributario.cl\/index.php\/defensa-en-cobro-de-tesoreria\/\" \/>\n<meta property=\"og:site_name\" content=\"ABOGADO TRIBUTARIO R&amp;R\" \/>\n<meta property=\"article:publisher\" content=\"https:\/\/www.facebook.com\/AbogadosTributariosIUS\/\" \/>\n<meta property=\"article:modified_time\" content=\"2022-01-02T19:52:16+00:00\" \/>\n<meta name=\"twitter:card\" content=\"summary_large_image\" \/>\n<meta name=\"twitter:site\" content=\"@ius_asesores\" \/>\n<meta name=\"twitter:label1\" content=\"Tiempo de lectura\" \/>\n\t<meta name=\"twitter:data1\" content=\"2 minutos\" \/>\n<script type=\"application\/ld+json\" class=\"yoast-schema-graph\">{\"@context\":\"https:\/\/schema.org\",\"@graph\":[{\"@type\":\"WebPage\",\"@id\":\"https:\/\/a-tributario.cl\/index.php\/defensa-en-cobro-de-tesoreria\/\",\"url\":\"https:\/\/a-tributario.cl\/index.php\/defensa-en-cobro-de-tesoreria\/\",\"name\":\"DEFENSA EN COBRO TESORERIA - ABOGADO TRIBUTARIO LET\",\"isPartOf\":{\"@id\":\"https:\/\/a-tributario.cl\/#website\"},\"datePublished\":\"2021-07-12T01:16:48+00:00\",\"dateModified\":\"2022-01-02T19:52:16+00:00\",\"description\":\"DEFENSA EN DEUDA IMPUESTOS IVA RENTA -\u00a0 (SII - TESORER\u00cdA) SOLUCI\u00d3N\u00a0 A PROBLEMA. Eliminaci\u00f3n deuda impuestos v\u00eda Prescripci\u00f3n\",\"breadcrumb\":{\"@id\":\"https:\/\/a-tributario.cl\/index.php\/defensa-en-cobro-de-tesoreria\/#breadcrumb\"},\"inLanguage\":\"es\",\"potentialAction\":[{\"@type\":\"ReadAction\",\"target\":[\"https:\/\/a-tributario.cl\/index.php\/defensa-en-cobro-de-tesoreria\/\"]}]},{\"@type\":\"BreadcrumbList\",\"@id\":\"https:\/\/a-tributario.cl\/index.php\/defensa-en-cobro-de-tesoreria\/#breadcrumb\",\"itemListElement\":[{\"@type\":\"ListItem\",\"position\":1,\"name\":\"Portada\",\"item\":\"https:\/\/a-tributario.cl\/\"},{\"@type\":\"ListItem\",\"position\":2,\"name\":\"DEFENSA EN COBRO DE TESORERIA\"}]},{\"@type\":\"WebSite\",\"@id\":\"https:\/\/a-tributario.cl\/#website\",\"url\":\"https:\/\/a-tributario.cl\/\",\"name\":\"ABOGADO TRIBUTARIO R&amp;R\",\"description\":\"ASESOR\u00cdA TRIBUTARIA, DEFENSA LIQUIDACI\u00d3N Y GIRO SII, PRESCRIPCI\u00d3N IMPUESTOS DEFENSA COBRO TESORER\u00cdA\",\"publisher\":{\"@id\":\"https:\/\/a-tributario.cl\/#organization\"},\"potentialAction\":[{\"@type\":\"SearchAction\",\"target\":{\"@type\":\"EntryPoint\",\"urlTemplate\":\"https:\/\/a-tributario.cl\/?s={search_term_string}\"},\"query-input\":\"required name=search_term_string\"}],\"inLanguage\":\"es\"},{\"@type\":\"Organization\",\"@id\":\"https:\/\/a-tributario.cl\/#organization\",\"name\":\"Abogado Tributario Let\",\"url\":\"https:\/\/a-tributario.cl\/\",\"logo\":{\"@type\":\"ImageObject\",\"inLanguage\":\"es\",\"@id\":\"https:\/\/a-tributario.cl\/#\/schema\/logo\/image\/\",\"url\":\"https:\/\/a-tributario.cl\/wp-content\/uploads\/2019\/04\/Image-2018-e1556290954199.jpeg\",\"contentUrl\":\"https:\/\/a-tributario.cl\/wp-content\/uploads\/2019\/04\/Image-2018-e1556290954199.jpeg\",\"width\":128,\"height\":128,\"caption\":\"Abogado Tributario Let\"},\"image\":{\"@id\":\"https:\/\/a-tributario.cl\/#\/schema\/logo\/image\/\"},\"sameAs\":[\"https:\/\/www.facebook.com\/AbogadosTributariosIUS\/\",\"https:\/\/twitter.com\/ius_asesores\",\"https:\/\/www.linkedin.com\/in\/abogadotributario\/\"]}]}<\/script>\n<!-- \/ Yoast SEO plugin. -->","yoast_head_json":{"title":"DEFENSA EN COBRO TESORERIA - ABOGADO TRIBUTARIO LET","description":"DEFENSA EN DEUDA IMPUESTOS IVA RENTA -\u00a0 (SII - TESORER\u00cdA) SOLUCI\u00d3N\u00a0 A PROBLEMA. Eliminaci\u00f3n deuda impuestos v\u00eda Prescripci\u00f3n","robots":{"index":"index","follow":"follow","max-snippet":"max-snippet:-1","max-image-preview":"max-image-preview:large","max-video-preview":"max-video-preview:-1"},"canonical":"https:\/\/a-tributario.cl\/index.php\/defensa-en-cobro-de-tesoreria\/","og_locale":"es_ES","og_type":"article","og_title":"DEFENSA EN COBRO TESORERIA - ABOGADO TRIBUTARIO LET","og_description":"DEFENSA EN DEUDA IMPUESTOS IVA RENTA -\u00a0 (SII - TESORER\u00cdA) SOLUCI\u00d3N\u00a0 A PROBLEMA. Eliminaci\u00f3n deuda impuestos v\u00eda Prescripci\u00f3n","og_url":"https:\/\/a-tributario.cl\/index.php\/defensa-en-cobro-de-tesoreria\/","og_site_name":"ABOGADO TRIBUTARIO R&amp;R","article_publisher":"https:\/\/www.facebook.com\/AbogadosTributariosIUS\/","article_modified_time":"2022-01-02T19:52:16+00:00","twitter_card":"summary_large_image","twitter_site":"@ius_asesores","twitter_misc":{"Tiempo de lectura":"2 minutos"},"schema":{"@context":"https:\/\/schema.org","@graph":[{"@type":"WebPage","@id":"https:\/\/a-tributario.cl\/index.php\/defensa-en-cobro-de-tesoreria\/","url":"https:\/\/a-tributario.cl\/index.php\/defensa-en-cobro-de-tesoreria\/","name":"DEFENSA EN COBRO TESORERIA - ABOGADO TRIBUTARIO LET","isPartOf":{"@id":"https:\/\/a-tributario.cl\/#website"},"datePublished":"2021-07-12T01:16:48+00:00","dateModified":"2022-01-02T19:52:16+00:00","description":"DEFENSA EN DEUDA IMPUESTOS IVA RENTA -\u00a0 (SII - TESORER\u00cdA) SOLUCI\u00d3N\u00a0 A PROBLEMA. Eliminaci\u00f3n deuda impuestos v\u00eda Prescripci\u00f3n","breadcrumb":{"@id":"https:\/\/a-tributario.cl\/index.php\/defensa-en-cobro-de-tesoreria\/#breadcrumb"},"inLanguage":"es","potentialAction":[{"@type":"ReadAction","target":["https:\/\/a-tributario.cl\/index.php\/defensa-en-cobro-de-tesoreria\/"]}]},{"@type":"BreadcrumbList","@id":"https:\/\/a-tributario.cl\/index.php\/defensa-en-cobro-de-tesoreria\/#breadcrumb","itemListElement":[{"@type":"ListItem","position":1,"name":"Portada","item":"https:\/\/a-tributario.cl\/"},{"@type":"ListItem","position":2,"name":"DEFENSA EN COBRO DE TESORERIA"}]},{"@type":"WebSite","@id":"https:\/\/a-tributario.cl\/#website","url":"https:\/\/a-tributario.cl\/","name":"ABOGADO TRIBUTARIO R&amp;R","description":"ASESOR\u00cdA TRIBUTARIA, DEFENSA LIQUIDACI\u00d3N Y GIRO SII, PRESCRIPCI\u00d3N IMPUESTOS DEFENSA COBRO TESORER\u00cdA","publisher":{"@id":"https:\/\/a-tributario.cl\/#organization"},"potentialAction":[{"@type":"SearchAction","target":{"@type":"EntryPoint","urlTemplate":"https:\/\/a-tributario.cl\/?s={search_term_string}"},"query-input":"required name=search_term_string"}],"inLanguage":"es"},{"@type":"Organization","@id":"https:\/\/a-tributario.cl\/#organization","name":"Abogado Tributario Let","url":"https:\/\/a-tributario.cl\/","logo":{"@type":"ImageObject","inLanguage":"es","@id":"https:\/\/a-tributario.cl\/#\/schema\/logo\/image\/","url":"https:\/\/a-tributario.cl\/wp-content\/uploads\/2019\/04\/Image-2018-e1556290954199.jpeg","contentUrl":"https:\/\/a-tributario.cl\/wp-content\/uploads\/2019\/04\/Image-2018-e1556290954199.jpeg","width":128,"height":128,"caption":"Abogado Tributario Let"},"image":{"@id":"https:\/\/a-tributario.cl\/#\/schema\/logo\/image\/"},"sameAs":["https:\/\/www.facebook.com\/AbogadosTributariosIUS\/","https:\/\/twitter.com\/ius_asesores","https:\/\/www.linkedin.com\/in\/abogadotributario\/"]}]}},"_links":{"self":[{"href":"https:\/\/a-tributario.cl\/index.php\/wp-json\/wp\/v2\/pages\/5309"}],"collection":[{"href":"https:\/\/a-tributario.cl\/index.php\/wp-json\/wp\/v2\/pages"}],"about":[{"href":"https:\/\/a-tributario.cl\/index.php\/wp-json\/wp\/v2\/types\/page"}],"author":[{"embeddable":true,"href":"https:\/\/a-tributario.cl\/index.php\/wp-json\/wp\/v2\/users\/1"}],"replies":[{"embeddable":true,"href":"https:\/\/a-tributario.cl\/index.php\/wp-json\/wp\/v2\/comments?post=5309"}],"version-history":[{"count":4,"href":"https:\/\/a-tributario.cl\/index.php\/wp-json\/wp\/v2\/pages\/5309\/revisions"}],"predecessor-version":[{"id":5537,"href":"https:\/\/a-tributario.cl\/index.php\/wp-json\/wp\/v2\/pages\/5309\/revisions\/5537"}],"wp:attachment":[{"href":"https:\/\/a-tributario.cl\/index.php\/wp-json\/wp\/v2\/media?parent=5309"}],"curies":[{"name":"wp","href":"https:\/\/api.w.org\/{rel}","templated":true}]}}