{"id":5373,"date":"2021-07-19T22:41:02","date_gmt":"2021-07-19T22:41:02","guid":{"rendered":"https:\/\/a-tributario.cl\/?page_id=5373"},"modified":"2021-12-27T01:04:44","modified_gmt":"2021-12-27T01:04:44","slug":"asesoria-tributaria-abogado-santiago-chile","status":"publish","type":"page","link":"https:\/\/a-tributario.cl\/index.php\/asesoria-tributaria-abogado-santiago-chile\/","title":{"rendered":"ASESORIA TRIBUTARIA  ABOGADO SANTIAGO CHILE"},"content":{"rendered":"<p><span style=\"vertical-align: inherit;\"><span style=\"vertical-align: inherit;\">[vc_row] [vc_column width = \u00ab1\/2\u00bb] [vc_column_text]<\/span><\/span><\/p>\n<h1><strong>\u00a0<\/strong><\/h1>\n<h2><strong>SERVICIOS DE ASESOR\u00cdA JUR\u00cdDICA Y <\/strong><\/h2>\n<h2><strong>TRIBUTARIA A LAS PYMES<\/strong><\/h2>\n<p><strong><img loading=\"lazy\" decoding=\"async\" class=\"size-medium wp-image-2046 alignleft\" src=\"https:\/\/a-tributario.cl\/wp-content\/uploads\/2018\/04\/DUQeteeWsAI9tSH-e1524868559353-300x168.jpg\" alt=\"\" width=\"300\" height=\"168\" srcset=\"https:\/\/a-tributario.cl\/wp-content\/uploads\/2018\/04\/DUQeteeWsAI9tSH-e1524868559353-300x168.jpg 300w, https:\/\/a-tributario.cl\/wp-content\/uploads\/2018\/04\/DUQeteeWsAI9tSH-e1524868559353-768x430.jpg 768w, https:\/\/a-tributario.cl\/wp-content\/uploads\/2018\/04\/DUQeteeWsAI9tSH-e1524868559353.jpg 825w\" sizes=\"(max-width: 300px) 100vw, 300px\" \/>Planificaci\u00f3n y Constituci\u00f3n de la organizaci\u00f3n societaria, conducente a resguarde los derechos de los socios y a evitar errores de tributaci\u00f3n, que impliquen actos que puedan calificarse por la autoridad como elusivos de impuestos y en consecuencia generar costos no deseados, en los t\u00e9rminos y teniendo presente las circunstancias de las actividades que realizaran dichas empresas en relaci\u00f3n a sus socios el giro de estas y las circunstancias e inter\u00e9s personales de los socios implicados.-<\/strong><\/p>\n<h1 style=\"text-align: center;\"><strong>ASESORIA TRIBUTARIA ABOGADO<\/strong><\/h1>\n<h1 style=\"text-align: center;\"><strong> SANTIAGO CHILE<\/strong><\/h1>\n<ul>\n<li>\n<h3><strong><a href=\"https:\/\/www.a-tributario.cl\/index.php\/beneficios-tributarios-a-la-exportacion\/\">BENEFICIOS TRIBUTARIOS A EXPORTADORES<\/a><\/strong><\/h3>\n<\/li>\n<li>\n<h3><strong>ESTUDIO DE ESTRUCTURA Y CARGA TRIBUTARIA\u00a0<\/strong><\/h3>\n<\/li>\n<li>\n<h3><strong><a href=\"https:\/\/www.a-tributario.cl\/index.php\/planificacion-tributaria-no-elusiva\/\" target=\"_blank\" rel=\"noopener noreferrer\">PLANIFICACI\u00d3N TRIBUTARIA NO ELUSIVA<\/a><\/strong><\/h3>\n<\/li>\n<li>\n<h3><strong>NUEVOS REG\u00cdMENES TRIBUTARIOS<\/strong><\/h3>\n<\/li>\n<li>\n<h3><strong>IMPUESTOS A ENAJENACI\u00d3N DE BIENES RA\u00cdCES<\/strong><\/h3>\n<\/li>\n<li>\n<h3><strong>BENEFICIOS TRIBUTARIOS A PYMES<\/strong><\/h3>\n<\/li>\n<li>\n<h3><strong><a href=\"https:\/\/www.a-tributario.cl\/index.php\/gasto-rechazado-aceptado-circular-53-2020-sii\/\" target=\"_blank\" rel=\"noopener noreferrer\">GASTOS\u00a0 \u00a0(ACEPTADOS \/ RECHAZADOS)<\/a><\/strong><\/h3>\n<\/li>\n<\/ul>\n<h4><\/h4>\n<ul>\n<li style=\"list-style-type: none;\">\n<ul>\n<li>\n<h4><strong><a href=\"https:\/\/www.a-tributario.cl\/index.php\/credito-incobrable\/\" target=\"_blank\" rel=\"noopener noreferrer\">CREDITO INCOBRABLE<\/a><\/strong><\/h4>\n<\/li>\n<li>\n<h4><strong><a href=\"https:\/\/www.a-tributario.cl\/index.php\/depreciacion-tributaria-de-bienes-fisicos-del-activo-inmovilizado\/\" target=\"_blank\" rel=\"noopener noreferrer\">DEPRECIACION TRIBUTARIA DE BIENES<\/a><\/strong><\/h4>\n<\/li>\n<li>\n<h4><a href=\"https:\/\/www.a-tributario.cl\/index.php\/gastos-de-organizacion-y-puesta-en-marcha-sin-modificaciones\/\" target=\"_blank\" rel=\"noopener noreferrer\"><strong>GASTOS DE ORGANIZACI\u00d3N Y PUESTA EN MARCHA (SIN MODIFICACIONES).<\/strong><\/a><\/h4>\n<ul>\n<li>\n<h4><strong>REORGANIZACIONES EMPRESARIALES, FUSIONES, DIVISIONES, ABSORCIONES<\/strong><\/h4>\n<\/li>\n<\/ul>\n<\/li>\n<\/ul>\n<\/li>\n<li>\n<h3><strong><a href=\"https:\/\/www.a-tributario.cl\/index.php\/defensa-giro-impuestos-iva-renta-sii\/\">JUSTIFICACI\u00d3N DE INVERSI\u00d3N<\/a><\/strong><\/h3>\n<\/li>\n<li>\n<h3><strong><a href=\"https:\/\/www.a-tributario.cl\/wp-admin\/post.php?post=2689&amp;action=edit\" target=\"_blank\" rel=\"noopener noreferrer\">PERDIDA DE ARRASTRE<\/a><\/strong><\/h3>\n<\/li>\n<li>\n<h3><strong><a href=\"https:\/\/www.a-tributario.cl\/index.php\/giro-o-liquidacion-sii-defensa-ante-el-tta\/\">DEFENSA EN FISCALIZACI\u00d3N, CITACI\u00d3N, LIQUIDACI\u00d3N y GIRO SII<\/a><\/strong><\/h3>\n<\/li>\n<li>\n<h3><strong><a href=\"https:\/\/www.a-tributario.cl\/index.php\/delito-tributario-2\/\">DEFENSA FISCALIZACI\u00d3N Y QUERELLA DELITO TRIBUTARIO<\/a><\/strong><\/h3>\n<\/li>\n<li>\n<h3><strong><a href=\"https:\/\/www.a-tributario.cl\/index.php\/facturas-ideologicamente-falsas\/\" target=\"_blank\" rel=\"noopener noreferrer\">FACTURA IDEOL\u00d3GICAMENTE FALSA<\/a><\/strong><\/h3>\n<\/li>\n<li>\n<h3><strong><a href=\"https:\/\/www.a-tributario.cl\/index.php\/prescripcion-impuestos-chile-2\/\">PRESCRIPCI\u00d3N IMPUESTOS<\/a><\/strong><\/h3>\n<\/li>\n<li>\n<h3><strong>OTROS<\/strong><\/h3>\n<\/li>\n<\/ul>\n<h3><strong>SERVICIOS TRIBUTARIOS PARA PYMES<\/strong><\/h3>\n<blockquote class=\"wp-embedded-content\" data-secret=\"BzNzENGTXD\"><p><a href=\"https:\/\/a-tributario.cl\/index.php\/contacto\/\">CONTACTO<\/a><\/p><\/blockquote>\n<p><iframe class=\"wp-embedded-content\" sandbox=\"allow-scripts\" security=\"restricted\" style=\"position: absolute; clip: rect(1px, 1px, 1px, 1px);\" title=\"&#8220;CONTACTO&#8221; &#8212; ABOGADO TRIBUTARIO LET 950959243\" src=\"https:\/\/a-tributario.cl\/index.php\/contacto\/embed\/#?secret=BzNzENGTXD\" data-secret=\"BzNzENGTXD\" width=\"500\" height=\"282\" frameborder=\"0\" marginwidth=\"0\" marginheight=\"0\" scrolling=\"no\"><\/iframe><\/p>\n<div class=\"wp-video\">\n<p><span class=\"mejs-offscreen\">Reproductor de Video<\/span><\/p>\n<div id=\"mep_0\" class=\"mejs-container mejs-container-keyboard-inactive wp-video-shortcode mejs-video\" tabindex=\"0\" role=\"application\" aria-label=\"Reproductor de Video\">\n<div class=\"mejs-inner\">\n<div class=\"mejs-mediaelement\"><\/div>\n<div class=\"mejs-layers\">\n<div class=\"mejs-overlay mejs-layer mejs-overlay-play\"><\/div>\n<\/div>\n<\/div>\n<\/div>\n<\/div>\n<p><span style=\"vertical-align: inherit;\"><span style=\"vertical-align: inherit;\">[\/ vc_column_text] [\/ vc_column] [vc_column width = \u00ab1\/2\u00bb] [\/ vc_column] [\/ vc_row]<\/span><\/span><\/p>\n","protected":false},"excerpt":{"rendered":"<p>[vc_row] [vc_column width = \u00ab1\/2\u00bb] [vc_column_text] \u00a0 SERVICIOS DE ASESOR\u00cdA JUR\u00cdDICA Y TRIBUTARIA A LAS PYMES Planificaci\u00f3n y Constituci\u00f3n de la organizaci\u00f3n societaria, conducente a resguarde los derechos de los socios y a evitar errores de tributaci\u00f3n, que impliquen actos que puedan calificarse por la autoridad como elusivos de impuestos y en consecuencia generar costos [&hellip;]<\/p>\n","protected":false},"author":1,"featured_media":0,"parent":0,"menu_order":0,"comment_status":"closed","ping_status":"closed","template":"","meta":{"_monsterinsights_skip_tracking":false,"_monsterinsights_sitenote_active":false,"_monsterinsights_sitenote_note":"","_monsterinsights_sitenote_category":0,"footnotes":"","_joinchat":{"telephone":"+56950959243"}},"yoast_head":"<!-- This site is optimized with the Yoast SEO plugin v21.5 - https:\/\/yoast.com\/wordpress\/plugins\/seo\/ -->\n<title>ASESORIA TRIBUTARIA ABOGADO SANTIAGO CHILE<\/title>\n<meta name=\"description\" content=\"SOLUCION TRIBUTARIA A PYMES y MICROEMPRESAS - Consulta gratuita via correo electronico o WhatsApp al 950959243, para evaluci\u00f3n de deudas tributarias\" \/>\n<meta name=\"robots\" content=\"index, follow, max-snippet:-1, max-image-preview:large, max-video-preview:-1\" \/>\n<link rel=\"canonical\" href=\"https:\/\/a-tributario.cl\/index.php\/asesoria-tributaria-abogado-santiago-chile\/\" \/>\n<meta property=\"og:locale\" content=\"es_ES\" \/>\n<meta property=\"og:type\" content=\"article\" \/>\n<meta property=\"og:title\" content=\"ASESORIA TRIBUTARIA ABOGADO SANTIAGO CHILE\" \/>\n<meta property=\"og:description\" content=\"SOLUCION TRIBUTARIA A PYMES y MICROEMPRESAS - Consulta gratuita via correo electronico o WhatsApp al 950959243, para evaluci\u00f3n de deudas tributarias\" \/>\n<meta property=\"og:url\" content=\"https:\/\/a-tributario.cl\/index.php\/asesoria-tributaria-abogado-santiago-chile\/\" \/>\n<meta property=\"og:site_name\" content=\"ABOGADO TRIBUTARIO R&amp;R\" \/>\n<meta property=\"article:publisher\" content=\"https:\/\/www.facebook.com\/AbogadosTributariosIUS\/\" \/>\n<meta property=\"article:modified_time\" content=\"2021-12-27T01:04:44+00:00\" \/>\n<meta property=\"og:image\" content=\"https:\/\/a-tributario.cl\/wp-content\/uploads\/2018\/04\/DUQeteeWsAI9tSH-e1524868559353-300x168.jpg\" \/>\n<meta name=\"twitter:card\" content=\"summary_large_image\" \/>\n<meta name=\"twitter:site\" content=\"@ius_asesores\" \/>\n<meta name=\"twitter:label1\" content=\"Tiempo de lectura\" \/>\n\t<meta name=\"twitter:data1\" content=\"1 minuto\" \/>\n<script type=\"application\/ld+json\" class=\"yoast-schema-graph\">{\"@context\":\"https:\/\/schema.org\",\"@graph\":[{\"@type\":\"WebPage\",\"@id\":\"https:\/\/a-tributario.cl\/index.php\/asesoria-tributaria-abogado-santiago-chile\/\",\"url\":\"https:\/\/a-tributario.cl\/index.php\/asesoria-tributaria-abogado-santiago-chile\/\",\"name\":\"ASESORIA TRIBUTARIA ABOGADO SANTIAGO CHILE\",\"isPartOf\":{\"@id\":\"https:\/\/a-tributario.cl\/#website\"},\"datePublished\":\"2021-07-19T22:41:02+00:00\",\"dateModified\":\"2021-12-27T01:04:44+00:00\",\"description\":\"SOLUCION TRIBUTARIA A PYMES y MICROEMPRESAS - Consulta gratuita via correo electronico o WhatsApp al 950959243, para evaluci\u00f3n de deudas tributarias\",\"breadcrumb\":{\"@id\":\"https:\/\/a-tributario.cl\/index.php\/asesoria-tributaria-abogado-santiago-chile\/#breadcrumb\"},\"inLanguage\":\"es\",\"potentialAction\":[{\"@type\":\"ReadAction\",\"target\":[\"https:\/\/a-tributario.cl\/index.php\/asesoria-tributaria-abogado-santiago-chile\/\"]}]},{\"@type\":\"BreadcrumbList\",\"@id\":\"https:\/\/a-tributario.cl\/index.php\/asesoria-tributaria-abogado-santiago-chile\/#breadcrumb\",\"itemListElement\":[{\"@type\":\"ListItem\",\"position\":1,\"name\":\"Portada\",\"item\":\"https:\/\/a-tributario.cl\/\"},{\"@type\":\"ListItem\",\"position\":2,\"name\":\"ASESOR\u00cdA TRIBUTARIA - ABOGADOS ASESORES TRIBUTARIOS\"}]},{\"@type\":\"WebSite\",\"@id\":\"https:\/\/a-tributario.cl\/#website\",\"url\":\"https:\/\/a-tributario.cl\/\",\"name\":\"ABOGADO TRIBUTARIO R&amp;R\",\"description\":\"ASESOR\u00cdA TRIBUTARIA, DEFENSA LIQUIDACI\u00d3N Y GIRO SII, PRESCRIPCI\u00d3N IMPUESTOS DEFENSA COBRO TESORER\u00cdA\",\"publisher\":{\"@id\":\"https:\/\/a-tributario.cl\/#organization\"},\"potentialAction\":[{\"@type\":\"SearchAction\",\"target\":{\"@type\":\"EntryPoint\",\"urlTemplate\":\"https:\/\/a-tributario.cl\/?s={search_term_string}\"},\"query-input\":\"required name=search_term_string\"}],\"inLanguage\":\"es\"},{\"@type\":\"Organization\",\"@id\":\"https:\/\/a-tributario.cl\/#organization\",\"name\":\"Abogado Tributario Let\",\"url\":\"https:\/\/a-tributario.cl\/\",\"logo\":{\"@type\":\"ImageObject\",\"inLanguage\":\"es\",\"@id\":\"https:\/\/a-tributario.cl\/#\/schema\/logo\/image\/\",\"url\":\"https:\/\/a-tributario.cl\/wp-content\/uploads\/2019\/04\/Image-2018-e1556290954199.jpeg\",\"contentUrl\":\"https:\/\/a-tributario.cl\/wp-content\/uploads\/2019\/04\/Image-2018-e1556290954199.jpeg\",\"width\":128,\"height\":128,\"caption\":\"Abogado Tributario Let\"},\"image\":{\"@id\":\"https:\/\/a-tributario.cl\/#\/schema\/logo\/image\/\"},\"sameAs\":[\"https:\/\/www.facebook.com\/AbogadosTributariosIUS\/\",\"https:\/\/twitter.com\/ius_asesores\",\"https:\/\/www.linkedin.com\/in\/abogadotributario\/\"]}]}<\/script>\n<!-- \/ Yoast SEO plugin. -->","yoast_head_json":{"title":"ASESORIA TRIBUTARIA ABOGADO SANTIAGO CHILE","description":"SOLUCION TRIBUTARIA A PYMES y MICROEMPRESAS - Consulta gratuita via correo electronico o WhatsApp al 950959243, para evaluci\u00f3n de deudas tributarias","robots":{"index":"index","follow":"follow","max-snippet":"max-snippet:-1","max-image-preview":"max-image-preview:large","max-video-preview":"max-video-preview:-1"},"canonical":"https:\/\/a-tributario.cl\/index.php\/asesoria-tributaria-abogado-santiago-chile\/","og_locale":"es_ES","og_type":"article","og_title":"ASESORIA TRIBUTARIA ABOGADO SANTIAGO CHILE","og_description":"SOLUCION TRIBUTARIA A PYMES y MICROEMPRESAS - Consulta gratuita via correo electronico o WhatsApp al 950959243, para evaluci\u00f3n de deudas tributarias","og_url":"https:\/\/a-tributario.cl\/index.php\/asesoria-tributaria-abogado-santiago-chile\/","og_site_name":"ABOGADO TRIBUTARIO R&amp;R","article_publisher":"https:\/\/www.facebook.com\/AbogadosTributariosIUS\/","article_modified_time":"2021-12-27T01:04:44+00:00","og_image":[{"url":"https:\/\/a-tributario.cl\/wp-content\/uploads\/2018\/04\/DUQeteeWsAI9tSH-e1524868559353-300x168.jpg"}],"twitter_card":"summary_large_image","twitter_site":"@ius_asesores","twitter_misc":{"Tiempo de lectura":"1 minuto"},"schema":{"@context":"https:\/\/schema.org","@graph":[{"@type":"WebPage","@id":"https:\/\/a-tributario.cl\/index.php\/asesoria-tributaria-abogado-santiago-chile\/","url":"https:\/\/a-tributario.cl\/index.php\/asesoria-tributaria-abogado-santiago-chile\/","name":"ASESORIA TRIBUTARIA ABOGADO SANTIAGO CHILE","isPartOf":{"@id":"https:\/\/a-tributario.cl\/#website"},"datePublished":"2021-07-19T22:41:02+00:00","dateModified":"2021-12-27T01:04:44+00:00","description":"SOLUCION TRIBUTARIA A PYMES y MICROEMPRESAS - Consulta gratuita via correo electronico o WhatsApp al 950959243, para evaluci\u00f3n de deudas tributarias","breadcrumb":{"@id":"https:\/\/a-tributario.cl\/index.php\/asesoria-tributaria-abogado-santiago-chile\/#breadcrumb"},"inLanguage":"es","potentialAction":[{"@type":"ReadAction","target":["https:\/\/a-tributario.cl\/index.php\/asesoria-tributaria-abogado-santiago-chile\/"]}]},{"@type":"BreadcrumbList","@id":"https:\/\/a-tributario.cl\/index.php\/asesoria-tributaria-abogado-santiago-chile\/#breadcrumb","itemListElement":[{"@type":"ListItem","position":1,"name":"Portada","item":"https:\/\/a-tributario.cl\/"},{"@type":"ListItem","position":2,"name":"ASESOR\u00cdA TRIBUTARIA - ABOGADOS ASESORES TRIBUTARIOS"}]},{"@type":"WebSite","@id":"https:\/\/a-tributario.cl\/#website","url":"https:\/\/a-tributario.cl\/","name":"ABOGADO TRIBUTARIO R&amp;R","description":"ASESOR\u00cdA TRIBUTARIA, DEFENSA LIQUIDACI\u00d3N Y GIRO SII, PRESCRIPCI\u00d3N IMPUESTOS DEFENSA COBRO TESORER\u00cdA","publisher":{"@id":"https:\/\/a-tributario.cl\/#organization"},"potentialAction":[{"@type":"SearchAction","target":{"@type":"EntryPoint","urlTemplate":"https:\/\/a-tributario.cl\/?s={search_term_string}"},"query-input":"required name=search_term_string"}],"inLanguage":"es"},{"@type":"Organization","@id":"https:\/\/a-tributario.cl\/#organization","name":"Abogado Tributario Let","url":"https:\/\/a-tributario.cl\/","logo":{"@type":"ImageObject","inLanguage":"es","@id":"https:\/\/a-tributario.cl\/#\/schema\/logo\/image\/","url":"https:\/\/a-tributario.cl\/wp-content\/uploads\/2019\/04\/Image-2018-e1556290954199.jpeg","contentUrl":"https:\/\/a-tributario.cl\/wp-content\/uploads\/2019\/04\/Image-2018-e1556290954199.jpeg","width":128,"height":128,"caption":"Abogado Tributario Let"},"image":{"@id":"https:\/\/a-tributario.cl\/#\/schema\/logo\/image\/"},"sameAs":["https:\/\/www.facebook.com\/AbogadosTributariosIUS\/","https:\/\/twitter.com\/ius_asesores","https:\/\/www.linkedin.com\/in\/abogadotributario\/"]}]}},"_links":{"self":[{"href":"https:\/\/a-tributario.cl\/index.php\/wp-json\/wp\/v2\/pages\/5373"}],"collection":[{"href":"https:\/\/a-tributario.cl\/index.php\/wp-json\/wp\/v2\/pages"}],"about":[{"href":"https:\/\/a-tributario.cl\/index.php\/wp-json\/wp\/v2\/types\/page"}],"author":[{"embeddable":true,"href":"https:\/\/a-tributario.cl\/index.php\/wp-json\/wp\/v2\/users\/1"}],"replies":[{"embeddable":true,"href":"https:\/\/a-tributario.cl\/index.php\/wp-json\/wp\/v2\/comments?post=5373"}],"version-history":[{"count":6,"href":"https:\/\/a-tributario.cl\/index.php\/wp-json\/wp\/v2\/pages\/5373\/revisions"}],"predecessor-version":[{"id":5528,"href":"https:\/\/a-tributario.cl\/index.php\/wp-json\/wp\/v2\/pages\/5373\/revisions\/5528"}],"wp:attachment":[{"href":"https:\/\/a-tributario.cl\/index.php\/wp-json\/wp\/v2\/media?parent=5373"}],"curies":[{"name":"wp","href":"https:\/\/api.w.org\/{rel}","templated":true}]}}